{"id":6402,"date":"2025-12-24T11:23:25","date_gmt":"2025-12-24T10:23:25","guid":{"rendered":"https:\/\/farmaciabetlemgracia.com\/?post_type=product&#038;p=6402"},"modified":"2025-12-24T11:23:25","modified_gmt":"2025-12-24T10:23:25","slug":"nutrinat-mag3-90-capsulas","status":"publish","type":"product","link":"https:\/\/farmaciabetlemgracia.com\/ca\/product\/nutrinat-mag3-90-capsulas\/","title":{"rendered":"Nutrinat MAG3 90 c\u00e1psulas"},"content":{"rendered":"<p data-start=\"0\" data-end=\"28\"><strong data-start=\"563\" data-end=\"593\">C<\/strong><strong style=\"font-size: 16px;\" data-start=\"563\" data-end=\"593\">omposici\u00f3n:<\/strong><\/p>\n<p data-start=\"563\" data-end=\"640\">Por dosis diaria recomendada (2 c\u00e1psulas):<\/p>\n<ul data-start=\"641\" data-end=\"911\">\n<li data-start=\"641\" data-end=\"800\">\n<p data-start=\"643\" data-end=\"800\">Magnesio (como <strong data-start=\"658\" data-end=\"732\">bisglicinato de magnesio, malato de magnesio y L-ascorbato de magnesio<\/strong>) \u2014 <strong data-start=\"736\" data-end=\"746\">250 mg<\/strong> (\u2248 67 % VRN*)<\/p>\n<\/li>\n<li data-start=\"801\" data-end=\"911\">\n<p data-start=\"803\" data-end=\"911\"><strong data-start=\"803\" data-end=\"843\">Vitamina C (L-ascorbato de magnesio)<\/strong> \u2014 <strong data-start=\"846\" data-end=\"856\">203 mg<\/strong> (\u2248 254 % VRN*)<\/p>\n<\/li>\n<\/ul>\n<p data-start=\"913\" data-end=\"1186\">Otros ingredientes: c\u00e1psula vegetal (<strong data-start=\"950\" data-end=\"987\">hidroxipropilmetilcelulosa [HPMC]<\/strong>), agente de carga (<strong data-start=\"1007\" data-end=\"1035\">celulosa microcristalina<\/strong>), antiaglomerantes (<strong data-start=\"1056\" data-end=\"1078\">di\u00f3xido de silicio<\/strong>, <strong data-start=\"1080\" data-end=\"1117\">sales magn\u00e9sicas de \u00e1cidos grasos<\/strong>) que facilitan la formulaci\u00f3n.<\/p>\n<p data-start=\"1188\" data-end=\"1416\">El magnesio en tres formas distintas favorece una <strong data-start=\"1238\" data-end=\"1283\">absorci\u00f3n m\u00e1s elevada y tolerancia \u00f3ptima<\/strong>, reduciendo el riesgo de efectos laxantes que pueden asociarse con algunas formas de magnesio.<\/p>\n<p data-start=\"1418\" data-end=\"1451\"><strong data-start=\"1418\" data-end=\"1449\">Modo de uso y advertencias:<\/strong><\/p>\n<ul data-start=\"1452\" data-end=\"2034\">\n<li data-start=\"1452\" data-end=\"1575\">\n<p data-start=\"1454\" data-end=\"1575\"><strong data-start=\"1454\" data-end=\"1473\">Modo de empleo:<\/strong> tomar <strong data-start=\"1480\" data-end=\"1501\">2 c\u00e1psulas al d\u00eda<\/strong>, preferiblemente con las comidas.<\/p>\n<\/li>\n<li data-start=\"1576\" data-end=\"2034\">\n<p data-start=\"1578\" data-end=\"1597\"><strong data-start=\"1578\" data-end=\"1595\">Advertencias:<\/strong><\/p>\n<ul data-start=\"1600\" data-end=\"2034\">\n<li data-start=\"1600\" data-end=\"1685\">\n<p data-start=\"1602\" data-end=\"1685\">No superar la <strong data-start=\"1616\" data-end=\"1644\">dosis diaria recomendada<\/strong>.<\/p>\n<\/li>\n<li data-start=\"1688\" data-end=\"1827\">\n<p data-start=\"1690\" data-end=\"1827\">Los complementos alimenticios <strong data-start=\"1720\" data-end=\"1786\">no sustituyen una dieta variada ni un estilo de vida saludable<\/strong>.<\/p>\n<\/li>\n<li data-start=\"1830\" data-end=\"1925\">\n<p data-start=\"1832\" data-end=\"1925\">Mantener fuera del alcance de los ni\u00f1os m\u00e1s peque\u00f1os.<\/p>\n<\/li>\n<li data-start=\"1928\" data-end=\"2034\">\n<p data-start=\"1930\" data-end=\"2034\">Conservar en lugar <strong data-start=\"1949\" data-end=\"1966\">fresco y seco<\/strong>, protegido de la luz directa.<\/p>\n<\/li>\n<\/ul>\n<\/li>\n<\/ul>\n<h5><em>VRN hace referencia a los <strong data-start=\"113\" data-end=\"152\">Valores de Referencia de Nutrientes<\/strong>, que indican la cantidad diaria recomendada de un nutriente para un adulto medio.<\/em><\/h5>\n","protected":false},"excerpt":{"rendered":"<p>Complemento alimenticio compuesto de <strong data-start=\"92\" data-end=\"134\">magnesio en tres formas biodisponibles<\/strong> (bisglicinato, malato y ascorbato) junto con <strong data-start=\"180\" data-end=\"194\">vitamina C<\/strong>, formulado para <strong data-start=\"211\" data-end=\"282\">contribuir al funcionamiento normal del sistema nervioso y muscular<\/strong>, apoyar la <strong data-start=\"294\" data-end=\"324\">funci\u00f3n psicol\u00f3gica normal<\/strong> y ayudar a <strong data-start=\"336\" data-end=\"372\">reducir el cansancio y la fatiga<\/strong>.<\/p>","protected":false},"featured_media":6404,"comment_status":"open","ping_status":"closed","template":"","meta":{"site-sidebar-layout":"default","site-content-layout":"","ast-site-content-layout":"default","site-content-style":"default","site-sidebar-style":"default","ast-global-header-display":"","ast-banner-title-visibility":"","ast-main-header-display":"","ast-hfb-above-header-display":"","ast-hfb-below-header-display":"","ast-hfb-mobile-header-display":"","site-post-title":"","ast-breadcrumbs-content":"","ast-featured-img":"","footer-sml-layout":"","ast-disable-related-posts":"","theme-transparent-header-meta":"","adv-header-id-meta":"","stick-header-meta":"","header-above-stick-meta":"","header-main-stick-meta":"","header-below-stick-meta":"","astra-migrate-meta-layouts":"default","ast-page-background-enabled":"default","ast-page-background-meta":{"desktop":{"background-color":"var(--ast-global-color-5)","background-image":"","background-repeat":"repeat","background-position":"center center","background-size":"auto","background-attachment":"scroll","background-type":"","background-media":"","overlay-type":"","overlay-color":"","overlay-opacity":"","overlay-gradient":""},"tablet":{"background-color":"","background-image":"","background-repeat":"repeat","background-position":"center center","background-size":"auto","background-attachment":"scroll","background-type":"","background-media":"","overlay-type":"","overlay-color":"","overlay-opacity":"","overlay-gradient":""},"mobile":{"background-color":"","background-image":"","background-repeat":"repeat","background-position":"center center","background-size":"auto","background-attachment":"scroll","background-type":"","background-media":"","overlay-type":"","overlay-color":"","overlay-opacity":"","overlay-gradient":""}},"ast-content-background-meta":{"desktop":{"background-color":"var(--ast-global-color-4)","background-image":"","background-repeat":"repeat","background-position":"center center","background-size":"auto","background-attachment":"scroll","background-type":"","background-media":"","overlay-type":"","overlay-color":"","overlay-opacity":"","overlay-gradient":""},"tablet":{"background-color":"var(--ast-global-color-4)","background-image":"","background-repeat":"repeat","background-position":"center center","background-size":"auto","background-attachment":"scroll","background-type":"","background-media":"","overlay-type":"","overlay-color":"","overlay-opacity":"","overlay-gradient":""},"mobile":{"background-color":"var(--ast-global-color-4)","background-image":"","background-repeat":"repeat","background-position":"center center","background-size":"auto","background-attachment":"scroll","background-type":"","background-media":"","overlay-type":"","overlay-color":"","overlay-opacity":"","overlay-gradient":""}}},"product_brand":[520],"product_cat":[71,1874],"product_tag":[1563,1893,1034,495,1880,1110,1894,417],"class_list":{"0":"post-6402","1":"product","2":"type-product","3":"status-publish","4":"has-post-thumbnail","6":"product_brand-nutrinat","7":"product_cat-energia-y-vitalidad","8":"product_cat-magnesio","9":"product_tag-90-capsulas","10":"product_tag-bienestar-muscular","11":"product_tag-complemento-alimenticio","12":"product_tag-magnesio","13":"product_tag-reduccion-fatiga","14":"product_tag-sistema-nervioso","15":"product_tag-vegetariano-y-vegano","16":"product_tag-vitamina-c","17":"desktop-align-center","18":"tablet-align-left","19":"mobile-align-left","21":"first","22":"instock","23":"sale","24":"shipping-taxable","25":"purchasable","26":"product-type-simple"},"yoast_head":"<!-- This site is optimized with the Yoast SEO plugin v27.3 - https:\/\/yoast.com\/product\/yoast-seo-wordpress\/ -->\n<title>Nutrinat MAG3 90 c\u00e1psulas - Farmacia Betlem Gracia<\/title>\n<meta name=\"robots\" content=\"index, follow, max-snippet:-1, max-image-preview:large, max-video-preview:-1\" \/>\n<link rel=\"canonical\" href=\"https:\/\/farmaciabetlemgracia.com\/ca\/product\/nutrinat-mag3-90-capsulas\/\" \/>\n<meta property=\"og:locale\" content=\"ca_ES\" \/>\n<meta property=\"og:type\" content=\"article\" \/>\n<meta property=\"og:title\" content=\"Nutrinat MAG3 90 c\u00e1psulas - Farmacia Betlem Gracia\" \/>\n<meta property=\"og:description\" content=\"Complemento alimenticio compuesto de magnesio en tres formas biodisponibles (bisglicinato, malato y ascorbato) junto con vitamina C, formulado para contribuir al funcionamiento normal del sistema nervioso y muscular, apoyar la funci\u00f3n psicol\u00f3gica normal y ayudar a reducir el cansancio y la fatiga.\" \/>\n<meta property=\"og:url\" content=\"https:\/\/farmaciabetlemgracia.com\/ca\/product\/nutrinat-mag3-90-capsulas\/\" \/>\n<meta property=\"og:site_name\" content=\"Farmacia Betlem Gracia\" \/>\n<meta property=\"og:image\" content=\"https:\/\/farmaciabetlemgracia.com\/wp-content\/uploads\/2025\/12\/nutrinat-evolution-mag3-magnesio-y-vitamina-c-90-capsulas.jpg\" \/>\n\t<meta property=\"og:image:width\" content=\"505\" \/>\n\t<meta property=\"og:image:height\" content=\"587\" \/>\n\t<meta property=\"og:image:type\" content=\"image\/jpeg\" \/>\n<meta name=\"twitter:card\" content=\"summary_large_image\" \/>\n<meta name=\"twitter:label1\" content=\"Temps estimat de lectura\" \/>\n\t<meta name=\"twitter:data1\" content=\"1 minut\" \/>\n<script type=\"application\/ld+json\" class=\"yoast-schema-graph\">{\"@context\":\"https:\\\/\\\/schema.org\",\"@graph\":[{\"@type\":\"WebPage\",\"@id\":\"https:\\\/\\\/farmaciabetlemgracia.com\\\/product\\\/nutrinat-mag3-90-capsulas\\\/\",\"url\":\"https:\\\/\\\/farmaciabetlemgracia.com\\\/product\\\/nutrinat-mag3-90-capsulas\\\/\",\"name\":\"Nutrinat MAG3 90 c\u00e1psulas - Farmacia Betlem Gracia\",\"isPartOf\":{\"@id\":\"https:\\\/\\\/farmaciabetlemgracia.com\\\/#website\"},\"primaryImageOfPage\":{\"@id\":\"https:\\\/\\\/farmaciabetlemgracia.com\\\/product\\\/nutrinat-mag3-90-capsulas\\\/#primaryimage\"},\"image\":{\"@id\":\"https:\\\/\\\/farmaciabetlemgracia.com\\\/product\\\/nutrinat-mag3-90-capsulas\\\/#primaryimage\"},\"thumbnailUrl\":\"https:\\\/\\\/farmaciabetlemgracia.com\\\/wp-content\\\/uploads\\\/2025\\\/12\\\/nutrinat-evolution-mag3-magnesio-y-vitamina-c-90-capsulas.jpg\",\"datePublished\":\"2025-12-24T10:23:25+00:00\",\"breadcrumb\":{\"@id\":\"https:\\\/\\\/farmaciabetlemgracia.com\\\/product\\\/nutrinat-mag3-90-capsulas\\\/#breadcrumb\"},\"inLanguage\":\"ca\",\"potentialAction\":[{\"@type\":\"ReadAction\",\"target\":[\"https:\\\/\\\/farmaciabetlemgracia.com\\\/product\\\/nutrinat-mag3-90-capsulas\\\/\"]}]},{\"@type\":\"ImageObject\",\"inLanguage\":\"ca\",\"@id\":\"https:\\\/\\\/farmaciabetlemgracia.com\\\/product\\\/nutrinat-mag3-90-capsulas\\\/#primaryimage\",\"url\":\"https:\\\/\\\/farmaciabetlemgracia.com\\\/wp-content\\\/uploads\\\/2025\\\/12\\\/nutrinat-evolution-mag3-magnesio-y-vitamina-c-90-capsulas.jpg\",\"contentUrl\":\"https:\\\/\\\/farmaciabetlemgracia.com\\\/wp-content\\\/uploads\\\/2025\\\/12\\\/nutrinat-evolution-mag3-magnesio-y-vitamina-c-90-capsulas.jpg\",\"width\":505,\"height\":587},{\"@type\":\"BreadcrumbList\",\"@id\":\"https:\\\/\\\/farmaciabetlemgracia.com\\\/product\\\/nutrinat-mag3-90-capsulas\\\/#breadcrumb\",\"itemListElement\":[{\"@type\":\"ListItem\",\"position\":1,\"name\":\"Portada\",\"item\":\"https:\\\/\\\/farmaciabetlemgracia.com\\\/\"},{\"@type\":\"ListItem\",\"position\":2,\"name\":\"Shop\",\"item\":\"https:\\\/\\\/farmaciabetlemgracia.com\\\/?page_id=5\"},{\"@type\":\"ListItem\",\"position\":3,\"name\":\"Nutrinat MAG3 90 c\u00e1psulas\"}]},{\"@type\":\"WebSite\",\"@id\":\"https:\\\/\\\/farmaciabetlemgracia.com\\\/#website\",\"url\":\"https:\\\/\\\/farmaciabetlemgracia.com\\\/\",\"name\":\"Farmacia Betlem Gracia\",\"description\":\"\",\"publisher\":{\"@id\":\"https:\\\/\\\/farmaciabetlemgracia.com\\\/#organization\"},\"potentialAction\":[{\"@type\":\"SearchAction\",\"target\":{\"@type\":\"EntryPoint\",\"urlTemplate\":\"https:\\\/\\\/farmaciabetlemgracia.com\\\/?s={search_term_string}\"},\"query-input\":{\"@type\":\"PropertyValueSpecification\",\"valueRequired\":true,\"valueName\":\"search_term_string\"}}],\"inLanguage\":\"ca\"},{\"@type\":\"Organization\",\"@id\":\"https:\\\/\\\/farmaciabetlemgracia.com\\\/#organization\",\"name\":\"Farmacia Betlem Gracia\",\"url\":\"https:\\\/\\\/farmaciabetlemgracia.com\\\/\",\"logo\":{\"@type\":\"ImageObject\",\"inLanguage\":\"ca\",\"@id\":\"https:\\\/\\\/farmaciabetlemgracia.com\\\/#\\\/schema\\\/logo\\\/image\\\/\",\"url\":\"https:\\\/\\\/farmaciabetlemgracia.com\\\/wp-content\\\/uploads\\\/2025\\\/08\\\/cropped-cropped-logotransparent.png\",\"contentUrl\":\"https:\\\/\\\/farmaciabetlemgracia.com\\\/wp-content\\\/uploads\\\/2025\\\/08\\\/cropped-cropped-logotransparent.png\",\"width\":512,\"height\":512,\"caption\":\"Farmacia Betlem Gracia\"},\"image\":{\"@id\":\"https:\\\/\\\/farmaciabetlemgracia.com\\\/#\\\/schema\\\/logo\\\/image\\\/\"}}]}<\/script>\n<!-- \/ Yoast SEO plugin. -->","yoast_head_json":{"title":"Nutrinat MAG3 90 c\u00e1psulas - Farmacia Betlem Gracia","robots":{"index":"index","follow":"follow","max-snippet":"max-snippet:-1","max-image-preview":"max-image-preview:large","max-video-preview":"max-video-preview:-1"},"canonical":"https:\/\/farmaciabetlemgracia.com\/ca\/product\/nutrinat-mag3-90-capsulas\/","og_locale":"ca_ES","og_type":"article","og_title":"Nutrinat MAG3 90 c\u00e1psulas - Farmacia Betlem Gracia","og_description":"Complemento alimenticio compuesto de magnesio en tres formas biodisponibles (bisglicinato, malato y ascorbato) junto con vitamina C, formulado para contribuir al funcionamiento normal del sistema nervioso y muscular, apoyar la funci\u00f3n psicol\u00f3gica normal y ayudar a reducir el cansancio y la fatiga.","og_url":"https:\/\/farmaciabetlemgracia.com\/ca\/product\/nutrinat-mag3-90-capsulas\/","og_site_name":"Farmacia Betlem Gracia","og_image":[{"width":505,"height":587,"url":"https:\/\/farmaciabetlemgracia.com\/wp-content\/uploads\/2025\/12\/nutrinat-evolution-mag3-magnesio-y-vitamina-c-90-capsulas.jpg","type":"image\/jpeg"}],"twitter_card":"summary_large_image","twitter_misc":{"Temps estimat de lectura":"1 minut"},"schema":{"@context":"https:\/\/schema.org","@graph":[{"@type":"WebPage","@id":"https:\/\/farmaciabetlemgracia.com\/product\/nutrinat-mag3-90-capsulas\/","url":"https:\/\/farmaciabetlemgracia.com\/product\/nutrinat-mag3-90-capsulas\/","name":"Nutrinat MAG3 90 c\u00e1psulas - Farmacia Betlem Gracia","isPartOf":{"@id":"https:\/\/farmaciabetlemgracia.com\/#website"},"primaryImageOfPage":{"@id":"https:\/\/farmaciabetlemgracia.com\/product\/nutrinat-mag3-90-capsulas\/#primaryimage"},"image":{"@id":"https:\/\/farmaciabetlemgracia.com\/product\/nutrinat-mag3-90-capsulas\/#primaryimage"},"thumbnailUrl":"https:\/\/farmaciabetlemgracia.com\/wp-content\/uploads\/2025\/12\/nutrinat-evolution-mag3-magnesio-y-vitamina-c-90-capsulas.jpg","datePublished":"2025-12-24T10:23:25+00:00","breadcrumb":{"@id":"https:\/\/farmaciabetlemgracia.com\/product\/nutrinat-mag3-90-capsulas\/#breadcrumb"},"inLanguage":"ca","potentialAction":[{"@type":"ReadAction","target":["https:\/\/farmaciabetlemgracia.com\/product\/nutrinat-mag3-90-capsulas\/"]}]},{"@type":"ImageObject","inLanguage":"ca","@id":"https:\/\/farmaciabetlemgracia.com\/product\/nutrinat-mag3-90-capsulas\/#primaryimage","url":"https:\/\/farmaciabetlemgracia.com\/wp-content\/uploads\/2025\/12\/nutrinat-evolution-mag3-magnesio-y-vitamina-c-90-capsulas.jpg","contentUrl":"https:\/\/farmaciabetlemgracia.com\/wp-content\/uploads\/2025\/12\/nutrinat-evolution-mag3-magnesio-y-vitamina-c-90-capsulas.jpg","width":505,"height":587},{"@type":"BreadcrumbList","@id":"https:\/\/farmaciabetlemgracia.com\/product\/nutrinat-mag3-90-capsulas\/#breadcrumb","itemListElement":[{"@type":"ListItem","position":1,"name":"Portada","item":"https:\/\/farmaciabetlemgracia.com\/"},{"@type":"ListItem","position":2,"name":"Shop","item":"https:\/\/farmaciabetlemgracia.com\/?page_id=5"},{"@type":"ListItem","position":3,"name":"Nutrinat MAG3 90 c\u00e1psulas"}]},{"@type":"WebSite","@id":"https:\/\/farmaciabetlemgracia.com\/#website","url":"https:\/\/farmaciabetlemgracia.com\/","name":"Farm\u00e0cia Betlem Gr\u00e0cia","description":"","publisher":{"@id":"https:\/\/farmaciabetlemgracia.com\/#organization"},"potentialAction":[{"@type":"SearchAction","target":{"@type":"EntryPoint","urlTemplate":"https:\/\/farmaciabetlemgracia.com\/?s={search_term_string}"},"query-input":{"@type":"PropertyValueSpecification","valueRequired":true,"valueName":"search_term_string"}}],"inLanguage":"ca"},{"@type":"Organization","@id":"https:\/\/farmaciabetlemgracia.com\/#organization","name":"Farm\u00e0cia Betlem Gr\u00e0cia","url":"https:\/\/farmaciabetlemgracia.com\/","logo":{"@type":"ImageObject","inLanguage":"ca","@id":"https:\/\/farmaciabetlemgracia.com\/#\/schema\/logo\/image\/","url":"https:\/\/farmaciabetlemgracia.com\/wp-content\/uploads\/2025\/08\/cropped-cropped-logotransparent.png","contentUrl":"https:\/\/farmaciabetlemgracia.com\/wp-content\/uploads\/2025\/08\/cropped-cropped-logotransparent.png","width":512,"height":512,"caption":"Farmacia Betlem Gracia"},"image":{"@id":"https:\/\/farmaciabetlemgracia.com\/#\/schema\/logo\/image\/"}}]}},"_links":{"self":[{"href":"https:\/\/farmaciabetlemgracia.com\/ca\/wp-json\/wp\/v2\/product\/6402","targetHints":{"allow":["GET"]}}],"collection":[{"href":"https:\/\/farmaciabetlemgracia.com\/ca\/wp-json\/wp\/v2\/product"}],"about":[{"href":"https:\/\/farmaciabetlemgracia.com\/ca\/wp-json\/wp\/v2\/types\/product"}],"replies":[{"embeddable":true,"href":"https:\/\/farmaciabetlemgracia.com\/ca\/wp-json\/wp\/v2\/comments?post=6402"}],"version-history":[{"count":0,"href":"https:\/\/farmaciabetlemgracia.com\/ca\/wp-json\/wp\/v2\/product\/6402\/revisions"}],"wp:featuredmedia":[{"embeddable":true,"href":"https:\/\/farmaciabetlemgracia.com\/ca\/wp-json\/wp\/v2\/media\/6404"}],"wp:attachment":[{"href":"https:\/\/farmaciabetlemgracia.com\/ca\/wp-json\/wp\/v2\/media?parent=6402"}],"wp:term":[{"taxonomy":"product_brand","embeddable":true,"href":"https:\/\/farmaciabetlemgracia.com\/ca\/wp-json\/wp\/v2\/product_brand?post=6402"},{"taxonomy":"product_cat","embeddable":true,"href":"https:\/\/farmaciabetlemgracia.com\/ca\/wp-json\/wp\/v2\/product_cat?post=6402"},{"taxonomy":"product_tag","embeddable":true,"href":"https:\/\/farmaciabetlemgracia.com\/ca\/wp-json\/wp\/v2\/product_tag?post=6402"}],"curies":[{"name":"wp","href":"https:\/\/api.w.org\/{rel}","templated":true}]}}