{"id":6392,"date":"2025-12-23T12:00:53","date_gmt":"2025-12-23T11:00:53","guid":{"rendered":"https:\/\/farmaciabetlemgracia.com\/?post_type=product&#038;p=6392"},"modified":"2025-12-23T12:00:54","modified_gmt":"2025-12-23T11:00:54","slug":"eubiotics-neuramag-60-capsulas","status":"publish","type":"product","link":"https:\/\/farmaciabetlemgracia.com\/ca\/product\/eubiotics-neuramag-60-capsulas\/","title":{"rendered":"Eubiotics NeuraMag 60 c\u00e1psulas"},"content":{"rendered":"<p data-start=\"675\" data-end=\"752\"><strong data-start=\"675\" data-end=\"705\">Composici\u00f3n:<\/strong><br data-start=\"705\" data-end=\"708\" \/>Por dosis diaria recomendada (2 c\u00e1psulas):<\/p>\n<ul data-start=\"753\" data-end=\"1238\">\n<li data-start=\"753\" data-end=\"790\">\n<p data-start=\"755\" data-end=\"790\">Bisglicinato de magnesio \u2014 715 mg<\/p>\n<\/li>\n<li data-start=\"791\" data-end=\"842\">\n<p data-start=\"793\" data-end=\"842\">Acetil taurinato de magnesio (ATA Mg\u00ae) \u2014 450 mg<\/p>\n<\/li>\n<li data-start=\"843\" data-end=\"874\">\n<p data-start=\"845\" data-end=\"874\">Malato de magnesio \u2014 363 mg<\/p>\n<\/li>\n<li data-start=\"875\" data-end=\"928\">\n<p data-start=\"877\" data-end=\"928\"><strong data-start=\"877\" data-end=\"895\">Magnesio total<\/strong> aportado \u2014 150 mg (\u2248 40 % VRN)<\/p>\n<\/li>\n<li data-start=\"929\" data-end=\"1238\">\n<p data-start=\"931\" data-end=\"1238\"><strong data-start=\"931\" data-end=\"969\">Vitamina B6 (piridoxal-5\u2019-fosfato)<\/strong> \u2014 1,4 mg (100 % VRN)<br data-start=\"990\" data-end=\"993\" \/>Otros ingredientes: agente de carga (celulosa), antiaglomerante (sales magn\u00e9sicas de \u00e1cidos grasos), agente de recubrimiento de la c\u00e1psula (hidroxipropilmetilcelulosa). Producto <strong data-start=\"1171\" data-end=\"1199\">sin gluten y sin lactosa<\/strong>.<\/p>\n<\/li>\n<\/ul>\n<p data-start=\"1240\" data-end=\"1834\"><strong data-start=\"1240\" data-end=\"1271\">Modo de uso y advertencias:<\/strong><br data-start=\"1271\" data-end=\"1274\" \/>Tomar <strong data-start=\"1280\" data-end=\"1317\">2 c\u00e1psulas al d\u00eda tras una comida<\/strong> con un vaso de agua, o <strong data-start=\"1341\" data-end=\"1389\">seg\u00fan indicaci\u00f3n de un profesional sanitario<\/strong>.<br data-start=\"1390\" data-end=\"1393\" \/>No superar la dosis diaria recomendada.<br data-start=\"1432\" data-end=\"1435\" \/>Los complementos alimenticios <strong data-start=\"1465\" data-end=\"1573\">no deben utilizarse como sustitutos de una dieta variada y equilibrada ni de un estilo de vida saludable<\/strong>.<br data-start=\"1574\" data-end=\"1577\" data-is-only-node=\"\" \/>Mantener fuera del alcance de los ni\u00f1os peque\u00f1os.<br data-start=\"1626\" data-end=\"1629\" \/>Consultar con un profesional sanitario antes de usar si se tienen condiciones m\u00e9dicas, se est\u00e1 <strong data-start=\"1724\" data-end=\"1764\">embarazada o en periodo de lactancia<\/strong>, o se toman otros medicamentos<\/p>","protected":false},"excerpt":{"rendered":"<p>Complemento alimenticio que combina <strong data-start=\"96\" data-end=\"224\">tres formas biodisponibles de magnesio (bisglicinato de magnesio, acetil taurinato de magnesio ATA Mg\u00ae y malato de magnesio)<\/strong> junto con <strong data-start=\"235\" data-end=\"280\">vitamina B6 activa (piridoxal-5\u2019-fosfato)<\/strong>, formulado para <strong data-start=\"297\" data-end=\"342\">apoyar el equilibrio del sistema nervioso<\/strong>, mejorar la <strong data-start=\"355\" data-end=\"378\">respuesta al estr\u00e9s<\/strong>, favorecer el <strong data-start=\"393\" data-end=\"425\">bienestar emocional y mental<\/strong> y contribuir a funciones como el descanso y la concentraci\u00f3n.<\/p>","protected":false},"featured_media":6394,"comment_status":"open","ping_status":"closed","template":"","meta":[],"product_brand":[],"product_cat":[347,1874],"product_tag":[961,1599,1883,195,1882,1881,1110,1083],"class_list":{"0":"post-6392","1":"product","2":"type-product","3":"status-publish","4":"has-post-thumbnail","6":"product_cat-estres-ansiedad-y-sueno","7":"product_cat-magnesio","8":"product_tag-60-capsulas","9":"product_tag-bienestar-emocional","10":"product_tag-equilibrio-mental","11":"product_tag-estres","12":"product_tag-eubiotics-neuramag","13":"product_tag-magnesio-biodisponible","14":"product_tag-sistema-nervioso","15":"product_tag-vitamina-b6","17":"first","18":"instock","19":"sale","20":"shipping-taxable","21":"purchasable","22":"product-type-simple"},"yoast_head":"<!-- This site is optimized with the Yoast SEO plugin v27.3 - https:\/\/yoast.com\/product\/yoast-seo-wordpress\/ -->\n<title>Eubiotics NeuraMag 60 c\u00e1psulas - Farmacia Betlem Gracia<\/title>\n<meta name=\"robots\" content=\"index, follow, max-snippet:-1, max-image-preview:large, max-video-preview:-1\" \/>\n<link rel=\"canonical\" href=\"https:\/\/farmaciabetlemgracia.com\/ca\/product\/eubiotics-neuramag-60-capsulas\/\" \/>\n<meta property=\"og:locale\" content=\"ca_ES\" \/>\n<meta property=\"og:type\" content=\"article\" \/>\n<meta property=\"og:title\" content=\"Eubiotics NeuraMag 60 c\u00e1psulas - Farmacia Betlem Gracia\" \/>\n<meta property=\"og:description\" content=\"Complemento alimenticio que combina tres formas biodisponibles de magnesio (bisglicinato de magnesio, acetil taurinato de magnesio ATA Mg\u00ae y malato de magnesio) junto con vitamina B6 activa (piridoxal-5\u2019-fosfato), formulado para apoyar el equilibrio del sistema nervioso, mejorar la respuesta al estr\u00e9s, favorecer el bienestar emocional y mental y contribuir a funciones como el descanso y la concentraci\u00f3n.\" \/>\n<meta property=\"og:url\" content=\"https:\/\/farmaciabetlemgracia.com\/ca\/product\/eubiotics-neuramag-60-capsulas\/\" \/>\n<meta property=\"og:site_name\" content=\"Farmacia Betlem Gracia\" \/>\n<meta property=\"article:modified_time\" content=\"2025-12-23T11:00:54+00:00\" \/>\n<meta property=\"og:image\" content=\"https:\/\/farmaciabetlemgracia.com\/wp-content\/uploads\/2025\/12\/NeuraMag_01.webp\" \/>\n\t<meta property=\"og:image:width\" content=\"713\" \/>\n\t<meta property=\"og:image:height\" content=\"1200\" \/>\n\t<meta property=\"og:image:type\" content=\"image\/webp\" \/>\n<meta name=\"twitter:card\" content=\"summary_large_image\" \/>\n<meta name=\"twitter:label1\" content=\"Temps estimat de lectura\" \/>\n\t<meta name=\"twitter:data1\" content=\"1 minut\" \/>\n<script type=\"application\/ld+json\" class=\"yoast-schema-graph\">{\"@context\":\"https:\\\/\\\/schema.org\",\"@graph\":[{\"@type\":\"WebPage\",\"@id\":\"https:\\\/\\\/farmaciabetlemgracia.com\\\/product\\\/eubiotics-neuramag-60-capsulas\\\/\",\"url\":\"https:\\\/\\\/farmaciabetlemgracia.com\\\/product\\\/eubiotics-neuramag-60-capsulas\\\/\",\"name\":\"Eubiotics NeuraMag 60 c\u00e1psulas - Farmacia Betlem Gracia\",\"isPartOf\":{\"@id\":\"https:\\\/\\\/farmaciabetlemgracia.com\\\/#website\"},\"primaryImageOfPage\":{\"@id\":\"https:\\\/\\\/farmaciabetlemgracia.com\\\/product\\\/eubiotics-neuramag-60-capsulas\\\/#primaryimage\"},\"image\":{\"@id\":\"https:\\\/\\\/farmaciabetlemgracia.com\\\/product\\\/eubiotics-neuramag-60-capsulas\\\/#primaryimage\"},\"thumbnailUrl\":\"https:\\\/\\\/i0.wp.com\\\/farmaciabetlemgracia.com\\\/wp-content\\\/uploads\\\/2025\\\/12\\\/NeuraMag_01.webp?fit=713%2C1200&ssl=1\",\"datePublished\":\"2025-12-23T11:00:53+00:00\",\"dateModified\":\"2025-12-23T11:00:54+00:00\",\"breadcrumb\":{\"@id\":\"https:\\\/\\\/farmaciabetlemgracia.com\\\/product\\\/eubiotics-neuramag-60-capsulas\\\/#breadcrumb\"},\"inLanguage\":\"ca\",\"potentialAction\":[{\"@type\":\"ReadAction\",\"target\":[\"https:\\\/\\\/farmaciabetlemgracia.com\\\/product\\\/eubiotics-neuramag-60-capsulas\\\/\"]}]},{\"@type\":\"ImageObject\",\"inLanguage\":\"ca\",\"@id\":\"https:\\\/\\\/farmaciabetlemgracia.com\\\/product\\\/eubiotics-neuramag-60-capsulas\\\/#primaryimage\",\"url\":\"https:\\\/\\\/i0.wp.com\\\/farmaciabetlemgracia.com\\\/wp-content\\\/uploads\\\/2025\\\/12\\\/NeuraMag_01.webp?fit=713%2C1200&ssl=1\",\"contentUrl\":\"https:\\\/\\\/i0.wp.com\\\/farmaciabetlemgracia.com\\\/wp-content\\\/uploads\\\/2025\\\/12\\\/NeuraMag_01.webp?fit=713%2C1200&ssl=1\",\"width\":713,\"height\":1200},{\"@type\":\"BreadcrumbList\",\"@id\":\"https:\\\/\\\/farmaciabetlemgracia.com\\\/product\\\/eubiotics-neuramag-60-capsulas\\\/#breadcrumb\",\"itemListElement\":[{\"@type\":\"ListItem\",\"position\":1,\"name\":\"Portada\",\"item\":\"https:\\\/\\\/farmaciabetlemgracia.com\\\/\"},{\"@type\":\"ListItem\",\"position\":2,\"name\":\"Shop\",\"item\":\"https:\\\/\\\/farmaciabetlemgracia.com\\\/shop\\\/\"},{\"@type\":\"ListItem\",\"position\":3,\"name\":\"Eubiotics NeuraMag 60 c\u00e1psulas\"}]},{\"@type\":\"WebSite\",\"@id\":\"https:\\\/\\\/farmaciabetlemgracia.com\\\/#website\",\"url\":\"https:\\\/\\\/farmaciabetlemgracia.com\\\/\",\"name\":\"Farmacia Betlem Gracia\",\"description\":\"\",\"publisher\":{\"@id\":\"https:\\\/\\\/farmaciabetlemgracia.com\\\/#organization\"},\"potentialAction\":[{\"@type\":\"SearchAction\",\"target\":{\"@type\":\"EntryPoint\",\"urlTemplate\":\"https:\\\/\\\/farmaciabetlemgracia.com\\\/?s={search_term_string}\"},\"query-input\":{\"@type\":\"PropertyValueSpecification\",\"valueRequired\":true,\"valueName\":\"search_term_string\"}}],\"inLanguage\":\"ca\"},{\"@type\":\"Organization\",\"@id\":\"https:\\\/\\\/farmaciabetlemgracia.com\\\/#organization\",\"name\":\"Farmacia Betlem Gracia\",\"url\":\"https:\\\/\\\/farmaciabetlemgracia.com\\\/\",\"logo\":{\"@type\":\"ImageObject\",\"inLanguage\":\"ca\",\"@id\":\"https:\\\/\\\/farmaciabetlemgracia.com\\\/#\\\/schema\\\/logo\\\/image\\\/\",\"url\":\"https:\\\/\\\/i0.wp.com\\\/farmaciabetlemgracia.com\\\/wp-content\\\/uploads\\\/2025\\\/08\\\/f7447ce2-2a06-476d-bc28-50879675ac04-copy.webp?fit=1024%2C1024&ssl=1\",\"contentUrl\":\"https:\\\/\\\/i0.wp.com\\\/farmaciabetlemgracia.com\\\/wp-content\\\/uploads\\\/2025\\\/08\\\/f7447ce2-2a06-476d-bc28-50879675ac04-copy.webp?fit=1024%2C1024&ssl=1\",\"width\":1024,\"height\":1024,\"caption\":\"Farmacia Betlem Gracia\"},\"image\":{\"@id\":\"https:\\\/\\\/farmaciabetlemgracia.com\\\/#\\\/schema\\\/logo\\\/image\\\/\"}}]}<\/script>\n<!-- \/ Yoast SEO plugin. -->","yoast_head_json":{"title":"Eubiotics NeuraMag 60 c\u00e1psulas - Farmacia Betlem Gracia","robots":{"index":"index","follow":"follow","max-snippet":"max-snippet:-1","max-image-preview":"max-image-preview:large","max-video-preview":"max-video-preview:-1"},"canonical":"https:\/\/farmaciabetlemgracia.com\/ca\/product\/eubiotics-neuramag-60-capsulas\/","og_locale":"ca_ES","og_type":"article","og_title":"Eubiotics NeuraMag 60 c\u00e1psulas - Farmacia Betlem Gracia","og_description":"Complemento alimenticio que combina tres formas biodisponibles de magnesio (bisglicinato de magnesio, acetil taurinato de magnesio ATA Mg\u00ae y malato de magnesio) junto con vitamina B6 activa (piridoxal-5\u2019-fosfato), formulado para apoyar el equilibrio del sistema nervioso, mejorar la respuesta al estr\u00e9s, favorecer el bienestar emocional y mental y contribuir a funciones como el descanso y la concentraci\u00f3n.","og_url":"https:\/\/farmaciabetlemgracia.com\/ca\/product\/eubiotics-neuramag-60-capsulas\/","og_site_name":"Farmacia Betlem Gracia","article_modified_time":"2025-12-23T11:00:54+00:00","og_image":[{"width":713,"height":1200,"url":"https:\/\/farmaciabetlemgracia.com\/wp-content\/uploads\/2025\/12\/NeuraMag_01.webp","type":"image\/webp"}],"twitter_card":"summary_large_image","twitter_misc":{"Temps estimat de lectura":"1 minut"},"schema":{"@context":"https:\/\/schema.org","@graph":[{"@type":"WebPage","@id":"https:\/\/farmaciabetlemgracia.com\/product\/eubiotics-neuramag-60-capsulas\/","url":"https:\/\/farmaciabetlemgracia.com\/product\/eubiotics-neuramag-60-capsulas\/","name":"Eubiotics NeuraMag 60 c\u00e1psulas - Farmacia Betlem Gracia","isPartOf":{"@id":"https:\/\/farmaciabetlemgracia.com\/#website"},"primaryImageOfPage":{"@id":"https:\/\/farmaciabetlemgracia.com\/product\/eubiotics-neuramag-60-capsulas\/#primaryimage"},"image":{"@id":"https:\/\/farmaciabetlemgracia.com\/product\/eubiotics-neuramag-60-capsulas\/#primaryimage"},"thumbnailUrl":"https:\/\/i0.wp.com\/farmaciabetlemgracia.com\/wp-content\/uploads\/2025\/12\/NeuraMag_01.webp?fit=713%2C1200&ssl=1","datePublished":"2025-12-23T11:00:53+00:00","dateModified":"2025-12-23T11:00:54+00:00","breadcrumb":{"@id":"https:\/\/farmaciabetlemgracia.com\/product\/eubiotics-neuramag-60-capsulas\/#breadcrumb"},"inLanguage":"ca","potentialAction":[{"@type":"ReadAction","target":["https:\/\/farmaciabetlemgracia.com\/product\/eubiotics-neuramag-60-capsulas\/"]}]},{"@type":"ImageObject","inLanguage":"ca","@id":"https:\/\/farmaciabetlemgracia.com\/product\/eubiotics-neuramag-60-capsulas\/#primaryimage","url":"https:\/\/i0.wp.com\/farmaciabetlemgracia.com\/wp-content\/uploads\/2025\/12\/NeuraMag_01.webp?fit=713%2C1200&ssl=1","contentUrl":"https:\/\/i0.wp.com\/farmaciabetlemgracia.com\/wp-content\/uploads\/2025\/12\/NeuraMag_01.webp?fit=713%2C1200&ssl=1","width":713,"height":1200},{"@type":"BreadcrumbList","@id":"https:\/\/farmaciabetlemgracia.com\/product\/eubiotics-neuramag-60-capsulas\/#breadcrumb","itemListElement":[{"@type":"ListItem","position":1,"name":"Portada","item":"https:\/\/farmaciabetlemgracia.com\/"},{"@type":"ListItem","position":2,"name":"Shop","item":"https:\/\/farmaciabetlemgracia.com\/shop\/"},{"@type":"ListItem","position":3,"name":"Eubiotics NeuraMag 60 c\u00e1psulas"}]},{"@type":"WebSite","@id":"https:\/\/farmaciabetlemgracia.com\/#website","url":"https:\/\/farmaciabetlemgracia.com\/","name":"Farm\u00e0cia Betlem Gr\u00e0cia","description":"","publisher":{"@id":"https:\/\/farmaciabetlemgracia.com\/#organization"},"potentialAction":[{"@type":"SearchAction","target":{"@type":"EntryPoint","urlTemplate":"https:\/\/farmaciabetlemgracia.com\/?s={search_term_string}"},"query-input":{"@type":"PropertyValueSpecification","valueRequired":true,"valueName":"search_term_string"}}],"inLanguage":"ca"},{"@type":"Organization","@id":"https:\/\/farmaciabetlemgracia.com\/#organization","name":"Farm\u00e0cia Betlem Gr\u00e0cia","url":"https:\/\/farmaciabetlemgracia.com\/","logo":{"@type":"ImageObject","inLanguage":"ca","@id":"https:\/\/farmaciabetlemgracia.com\/#\/schema\/logo\/image\/","url":"https:\/\/i0.wp.com\/farmaciabetlemgracia.com\/wp-content\/uploads\/2025\/08\/f7447ce2-2a06-476d-bc28-50879675ac04-copy.webp?fit=1024%2C1024&ssl=1","contentUrl":"https:\/\/i0.wp.com\/farmaciabetlemgracia.com\/wp-content\/uploads\/2025\/08\/f7447ce2-2a06-476d-bc28-50879675ac04-copy.webp?fit=1024%2C1024&ssl=1","width":1024,"height":1024,"caption":"Farmacia Betlem Gracia"},"image":{"@id":"https:\/\/farmaciabetlemgracia.com\/#\/schema\/logo\/image\/"}}]}},"jetpack_sharing_enabled":true,"_links":{"self":[{"href":"https:\/\/farmaciabetlemgracia.com\/ca\/wp-json\/wp\/v2\/product\/6392","targetHints":{"allow":["GET"]}}],"collection":[{"href":"https:\/\/farmaciabetlemgracia.com\/ca\/wp-json\/wp\/v2\/product"}],"about":[{"href":"https:\/\/farmaciabetlemgracia.com\/ca\/wp-json\/wp\/v2\/types\/product"}],"replies":[{"embeddable":true,"href":"https:\/\/farmaciabetlemgracia.com\/ca\/wp-json\/wp\/v2\/comments?post=6392"}],"version-history":[{"count":0,"href":"https:\/\/farmaciabetlemgracia.com\/ca\/wp-json\/wp\/v2\/product\/6392\/revisions"}],"wp:featuredmedia":[{"embeddable":true,"href":"https:\/\/farmaciabetlemgracia.com\/ca\/wp-json\/wp\/v2\/media\/6394"}],"wp:attachment":[{"href":"https:\/\/farmaciabetlemgracia.com\/ca\/wp-json\/wp\/v2\/media?parent=6392"}],"wp:term":[{"taxonomy":"product_brand","embeddable":true,"href":"https:\/\/farmaciabetlemgracia.com\/ca\/wp-json\/wp\/v2\/product_brand?post=6392"},{"taxonomy":"product_cat","embeddable":true,"href":"https:\/\/farmaciabetlemgracia.com\/ca\/wp-json\/wp\/v2\/product_cat?post=6392"},{"taxonomy":"product_tag","embeddable":true,"href":"https:\/\/farmaciabetlemgracia.com\/ca\/wp-json\/wp\/v2\/product_tag?post=6392"}],"curies":[{"name":"wp","href":"https:\/\/api.w.org\/{rel}","templated":true}]}}