{"id":6289,"date":"2025-12-30T12:37:10","date_gmt":"2025-12-30T11:37:10","guid":{"rendered":"https:\/\/farmaciabetlemgracia.com\/?post_type=product&#038;p=6289"},"modified":"2025-12-30T12:37:10","modified_gmt":"2025-12-30T11:37:10","slug":"norsan-omega-3-vegan-epa-100-ml","status":"publish","type":"product","link":"https:\/\/farmaciabetlemgracia.com\/ca\/product\/norsan-omega-3-vegan-epa-100-ml\/","title":{"rendered":"NORSAN Omega-3 Vegan EPA 100 ml"},"content":{"rendered":"<p data-start=\"899\" data-end=\"934\"><strong data-start=\"899\" data-end=\"932\">Componentes:<\/strong><\/p>\n<ul data-start=\"935\" data-end=\"1617\">\n<li data-start=\"935\" data-end=\"1047\">\n<p data-start=\"937\" data-end=\"1047\"><strong data-start=\"937\" data-end=\"997\">Aceite rico en EPA y DHA de microalga Schizochytrium sp.<\/strong> (\u2248 80 %).<\/p>\n<\/li>\n<li data-start=\"1048\" data-end=\"1170\">\n<p data-start=\"1050\" data-end=\"1170\"><strong data-start=\"1050\" data-end=\"1092\">Aceite de oliva virgen extra ecol\u00f3gico<\/strong> \u2013 como antioxidante natural (\u2248 19 %).<\/p>\n<\/li>\n<li data-start=\"1171\" data-end=\"1245\">\n<p data-start=\"1173\" data-end=\"1245\"><strong data-start=\"1173\" data-end=\"1194\">Aceite de girasol<\/strong> (\u2248 0,5 %).<\/p>\n<\/li>\n<li data-start=\"1246\" data-end=\"1395\">\n<p data-start=\"1248\" data-end=\"1395\"><strong data-start=\"1248\" data-end=\"1266\">Antioxidantes:<\/strong> extracto de romero, extractos con alto contenido en tocoferoles, palmitato de ascorbilo.<\/p>\n<\/li>\n<li data-start=\"1396\" data-end=\"1473\">\n<p data-start=\"1398\" data-end=\"1473\"><strong data-start=\"1398\" data-end=\"1419\">Aceite de naranja<\/strong> (para sabor).<\/p>\n<\/li>\n<li data-start=\"1474\" data-end=\"1536\">\n<p data-start=\"1476\" data-end=\"1536\"><strong data-start=\"1476\" data-end=\"1495\">d-\u03b1-tocoferoles<\/strong>.<\/p>\n<\/li>\n<li data-start=\"1537\" data-end=\"1617\">\n<p data-start=\"1539\" data-end=\"1617\"><strong data-start=\"1539\" data-end=\"1578\">Colecalciferol (vitamina D3 vegana)<\/strong>.<\/p>\n<\/li>\n<\/ul>\n<blockquote data-start=\"1619\" data-end=\"1826\">\n<p data-start=\"1621\" data-end=\"1826\"><strong data-start=\"1624\" data-end=\"1653\">Dosis diaria recomendada:<\/strong> 5 ml (aprox. 1 cucharadita), aportando <strong data-start=\"1693\" data-end=\"1718\">\u2248 2 000 mg de omega-3<\/strong> totales, con un <strong data-start=\"1735\" data-end=\"1760\">alto contenido de EPA<\/strong>, m\u00e1s DHA de origen vegetal.<\/p>\n<\/blockquote>\n<p data-start=\"1833\" data-end=\"1888\"><br data-start=\"1867\" data-end=\"1870\" \/><strong data-start=\"1870\" data-end=\"1886\">Modo de uso:<\/strong><\/p>\n<ul data-start=\"1889\" data-end=\"2034\">\n<li data-start=\"1889\" data-end=\"2034\">\n<p data-start=\"1891\" data-end=\"2034\">Tomar <strong data-start=\"1897\" data-end=\"1912\">5 ml al d\u00eda<\/strong> (aproximadamente 1 cucharadita), preferiblemente durante o despu\u00e9s de una comida.<\/p>\n<\/li>\n<\/ul>\n<p data-start=\"2036\" data-end=\"2070\"><strong data-start=\"2036\" data-end=\"2068\">Advertencias:<\/strong><\/p>\n<ul data-start=\"2071\" data-end=\"2725\">\n<li data-start=\"2071\" data-end=\"2154\">\n<p data-start=\"2073\" data-end=\"2154\">No exceder la dosis diaria recomendada.<\/p>\n<\/li>\n<li data-start=\"2155\" data-end=\"2300\">\n<p data-start=\"2157\" data-end=\"2300\">Los complementos alimenticios <strong data-start=\"2187\" data-end=\"2258\">no sustituyen una dieta equilibrada ni un estilo de vida saludable.<\/strong><\/p>\n<\/li>\n<li data-start=\"2301\" data-end=\"2385\">\n<p data-start=\"2303\" data-end=\"2385\">Mantener fuera del alcance de los ni\u00f1os.<\/p>\n<\/li>\n<li data-start=\"2386\" data-end=\"2634\">\n<p data-start=\"2388\" data-end=\"2634\">Conservar el producto en un lugar fresco y seco, protegido de la luz directa. Una vez abierto, mantener refrigerado y consumir en el plazo recomendado por el fabricante (normalmente alrededor de 40 d\u00edas).<\/p>\n<\/li>\n<li data-start=\"2635\" data-end=\"2725\">\n<p data-start=\"2637\" data-end=\"2725\">Producto <strong data-start=\"2646\" data-end=\"2684\">apto para ni\u00f1os a partir de 4 a\u00f1os<\/strong>.<\/p>\n<\/li>\n<\/ul>\n<p data-start=\"2732\" data-end=\"2781\"><strong data-start=\"2732\" data-end=\"2779\">Beneficios asociados:<\/strong><\/p>\n<ul data-start=\"2782\" data-end=\"3198\">\n<li data-start=\"2782\" data-end=\"2938\">\n<p data-start=\"2784\" data-end=\"2938\"><strong data-start=\"2784\" data-end=\"2846\">EPA y DHA contribuyen al funcionamiento normal del coraz\u00f3n<\/strong> cuando se consumen en la ingesta diaria adecuada.<\/p>\n<\/li>\n<li data-start=\"2939\" data-end=\"3070\">\n<p data-start=\"2941\" data-end=\"3070\"><strong data-start=\"2941\" data-end=\"3028\">DHA contribuye a la funci\u00f3n cerebral normal y al mantenimiento de la visi\u00f3n normal.<\/strong>Fuente vegetal sostenible de omega-3 adecuada para dietas <strong data-start=\"3131\" data-end=\"3157\">veganas o vegetarianas<\/strong>.<\/p>\n<\/li>\n<\/ul>","protected":false},"excerpt":{"rendered":"<p>Aceite <strong data-start=\"292\" data-end=\"319\">100 % vegano de omega-3<\/strong> obtenido de <strong data-start=\"332\" data-end=\"367\">microalgas (Schizochytrium sp.)<\/strong> con especial <strong data-start=\"381\" data-end=\"432\">alto contenido en EPA (\u00e1cido eicosapentaenoico)<\/strong> junto a DHA, complementado con aceite de oliva virgen extra ecol\u00f3gico y antioxidantes naturales. Dise\u00f1ado para aportar una fuente vegetal de omega-3 que contribuye al bienestar general y al mantenimiento de funciones fisiol\u00f3gicas clave como salud cardiovascular, cerebral y visual.<\/p>","protected":false},"featured_media":6290,"comment_status":"open","ping_status":"closed","template":"","meta":{"site-sidebar-layout":"default","site-content-layout":"","ast-site-content-layout":"default","site-content-style":"default","site-sidebar-style":"default","ast-global-header-display":"","ast-banner-title-visibility":"","ast-main-header-display":"","ast-hfb-above-header-display":"","ast-hfb-below-header-display":"","ast-hfb-mobile-header-display":"","site-post-title":"","ast-breadcrumbs-content":"","ast-featured-img":"","footer-sml-layout":"","ast-disable-related-posts":"","theme-transparent-header-meta":"","adv-header-id-meta":"","stick-header-meta":"","header-above-stick-meta":"","header-main-stick-meta":"","header-below-stick-meta":"","astra-migrate-meta-layouts":"default","ast-page-background-enabled":"default","ast-page-background-meta":{"desktop":{"background-color":"var(--ast-global-color-5)","background-image":"","background-repeat":"repeat","background-position":"center center","background-size":"auto","background-attachment":"scroll","background-type":"","background-media":"","overlay-type":"","overlay-color":"","overlay-opacity":"","overlay-gradient":""},"tablet":{"background-color":"","background-image":"","background-repeat":"repeat","background-position":"center center","background-size":"auto","background-attachment":"scroll","background-type":"","background-media":"","overlay-type":"","overlay-color":"","overlay-opacity":"","overlay-gradient":""},"mobile":{"background-color":"","background-image":"","background-repeat":"repeat","background-position":"center center","background-size":"auto","background-attachment":"scroll","background-type":"","background-media":"","overlay-type":"","overlay-color":"","overlay-opacity":"","overlay-gradient":""}},"ast-content-background-meta":{"desktop":{"background-color":"var(--ast-global-color-4)","background-image":"","background-repeat":"repeat","background-position":"center center","background-size":"auto","background-attachment":"scroll","background-type":"","background-media":"","overlay-type":"","overlay-color":"","overlay-opacity":"","overlay-gradient":""},"tablet":{"background-color":"var(--ast-global-color-4)","background-image":"","background-repeat":"repeat","background-position":"center center","background-size":"auto","background-attachment":"scroll","background-type":"","background-media":"","overlay-type":"","overlay-color":"","overlay-opacity":"","overlay-gradient":""},"mobile":{"background-color":"var(--ast-global-color-4)","background-image":"","background-repeat":"repeat","background-position":"center center","background-size":"auto","background-attachment":"scroll","background-type":"","background-media":"","overlay-type":"","overlay-color":"","overlay-opacity":"","overlay-gradient":""}}},"product_brand":[],"product_cat":[15,1877],"product_tag":[1850,1859,1713,1712,1858,1831,1849,1708,1857],"class_list":{"0":"post-6289","1":"product","2":"type-product","3":"status-publish","4":"has-post-thumbnail","6":"product_cat-metabolismo-cardiovascula","7":"product_cat-omega-3","8":"product_tag-aceite-de-algas","9":"product_tag-aceite-vegetal","10":"product_tag-dha","11":"product_tag-epa","12":"product_tag-microalgas","13":"product_tag-norsan","14":"product_tag-omega-3-vegano","15":"product_tag-salud-cardiovascular","16":"product_tag-vitamina-d-vegana","17":"desktop-align-center","18":"tablet-align-left","19":"mobile-align-left","21":"first","22":"instock","23":"sale","24":"shipping-taxable","25":"purchasable","26":"product-type-simple"},"yoast_head":"<!-- This site is optimized with the Yoast SEO plugin v27.3 - https:\/\/yoast.com\/product\/yoast-seo-wordpress\/ -->\n<title>NORSAN Omega-3 Vegan EPA 100 ml - Farmacia Betlem Gracia<\/title>\n<meta name=\"robots\" content=\"index, follow, max-snippet:-1, max-image-preview:large, max-video-preview:-1\" \/>\n<link rel=\"canonical\" href=\"https:\/\/farmaciabetlemgracia.com\/ca\/product\/norsan-omega-3-vegan-epa-100-ml\/\" \/>\n<meta property=\"og:locale\" content=\"ca_ES\" \/>\n<meta property=\"og:type\" content=\"article\" \/>\n<meta property=\"og:title\" content=\"NORSAN Omega-3 Vegan EPA 100 ml - Farmacia Betlem Gracia\" \/>\n<meta property=\"og:description\" content=\"Aceite 100 % vegano de omega-3 obtenido de microalgas (Schizochytrium sp.) con especial alto contenido en EPA (\u00e1cido eicosapentaenoico) junto a DHA, complementado con aceite de oliva virgen extra ecol\u00f3gico y antioxidantes naturales. Dise\u00f1ado para aportar una fuente vegetal de omega-3 que contribuye al bienestar general y al mantenimiento de funciones fisiol\u00f3gicas clave como salud cardiovascular, cerebral y visual.\" \/>\n<meta property=\"og:url\" content=\"https:\/\/farmaciabetlemgracia.com\/ca\/product\/norsan-omega-3-vegan-epa-100-ml\/\" \/>\n<meta property=\"og:site_name\" content=\"Farmacia Betlem Gracia\" \/>\n<meta property=\"og:image\" content=\"https:\/\/farmaciabetlemgracia.com\/wp-content\/uploads\/2025\/12\/NORSAN_VEGAN-EPA.png\" \/>\n\t<meta property=\"og:image:width\" content=\"2000\" \/>\n\t<meta property=\"og:image:height\" content=\"2000\" \/>\n\t<meta property=\"og:image:type\" content=\"image\/png\" \/>\n<meta name=\"twitter:card\" content=\"summary_large_image\" \/>\n<meta name=\"twitter:label1\" content=\"Temps estimat de lectura\" \/>\n\t<meta name=\"twitter:data1\" content=\"2 minuts\" \/>\n<script type=\"application\/ld+json\" class=\"yoast-schema-graph\">{\"@context\":\"https:\\\/\\\/schema.org\",\"@graph\":[{\"@type\":\"WebPage\",\"@id\":\"https:\\\/\\\/farmaciabetlemgracia.com\\\/product\\\/norsan-omega-3-vegan-epa-100-ml\\\/\",\"url\":\"https:\\\/\\\/farmaciabetlemgracia.com\\\/product\\\/norsan-omega-3-vegan-epa-100-ml\\\/\",\"name\":\"NORSAN Omega-3 Vegan EPA 100 ml - Farmacia Betlem Gracia\",\"isPartOf\":{\"@id\":\"https:\\\/\\\/farmaciabetlemgracia.com\\\/#website\"},\"primaryImageOfPage\":{\"@id\":\"https:\\\/\\\/farmaciabetlemgracia.com\\\/product\\\/norsan-omega-3-vegan-epa-100-ml\\\/#primaryimage\"},\"image\":{\"@id\":\"https:\\\/\\\/farmaciabetlemgracia.com\\\/product\\\/norsan-omega-3-vegan-epa-100-ml\\\/#primaryimage\"},\"thumbnailUrl\":\"https:\\\/\\\/farmaciabetlemgracia.com\\\/wp-content\\\/uploads\\\/2025\\\/12\\\/NORSAN_VEGAN-EPA.png\",\"datePublished\":\"2025-12-30T11:37:10+00:00\",\"breadcrumb\":{\"@id\":\"https:\\\/\\\/farmaciabetlemgracia.com\\\/product\\\/norsan-omega-3-vegan-epa-100-ml\\\/#breadcrumb\"},\"inLanguage\":\"ca\",\"potentialAction\":[{\"@type\":\"ReadAction\",\"target\":[\"https:\\\/\\\/farmaciabetlemgracia.com\\\/product\\\/norsan-omega-3-vegan-epa-100-ml\\\/\"]}]},{\"@type\":\"ImageObject\",\"inLanguage\":\"ca\",\"@id\":\"https:\\\/\\\/farmaciabetlemgracia.com\\\/product\\\/norsan-omega-3-vegan-epa-100-ml\\\/#primaryimage\",\"url\":\"https:\\\/\\\/farmaciabetlemgracia.com\\\/wp-content\\\/uploads\\\/2025\\\/12\\\/NORSAN_VEGAN-EPA.png\",\"contentUrl\":\"https:\\\/\\\/farmaciabetlemgracia.com\\\/wp-content\\\/uploads\\\/2025\\\/12\\\/NORSAN_VEGAN-EPA.png\",\"width\":2000,\"height\":2000},{\"@type\":\"BreadcrumbList\",\"@id\":\"https:\\\/\\\/farmaciabetlemgracia.com\\\/product\\\/norsan-omega-3-vegan-epa-100-ml\\\/#breadcrumb\",\"itemListElement\":[{\"@type\":\"ListItem\",\"position\":1,\"name\":\"Portada\",\"item\":\"https:\\\/\\\/farmaciabetlemgracia.com\\\/\"},{\"@type\":\"ListItem\",\"position\":2,\"name\":\"Shop\",\"item\":\"https:\\\/\\\/farmaciabetlemgracia.com\\\/?page_id=5\"},{\"@type\":\"ListItem\",\"position\":3,\"name\":\"NORSAN Omega-3 Vegan EPA 100 ml\"}]},{\"@type\":\"WebSite\",\"@id\":\"https:\\\/\\\/farmaciabetlemgracia.com\\\/#website\",\"url\":\"https:\\\/\\\/farmaciabetlemgracia.com\\\/\",\"name\":\"Farmacia Betlem Gracia\",\"description\":\"\",\"publisher\":{\"@id\":\"https:\\\/\\\/farmaciabetlemgracia.com\\\/#organization\"},\"potentialAction\":[{\"@type\":\"SearchAction\",\"target\":{\"@type\":\"EntryPoint\",\"urlTemplate\":\"https:\\\/\\\/farmaciabetlemgracia.com\\\/?s={search_term_string}\"},\"query-input\":{\"@type\":\"PropertyValueSpecification\",\"valueRequired\":true,\"valueName\":\"search_term_string\"}}],\"inLanguage\":\"ca\"},{\"@type\":\"Organization\",\"@id\":\"https:\\\/\\\/farmaciabetlemgracia.com\\\/#organization\",\"name\":\"Farmacia Betlem Gracia\",\"url\":\"https:\\\/\\\/farmaciabetlemgracia.com\\\/\",\"logo\":{\"@type\":\"ImageObject\",\"inLanguage\":\"ca\",\"@id\":\"https:\\\/\\\/farmaciabetlemgracia.com\\\/#\\\/schema\\\/logo\\\/image\\\/\",\"url\":\"https:\\\/\\\/farmaciabetlemgracia.com\\\/wp-content\\\/uploads\\\/2025\\\/08\\\/cropped-cropped-logotransparent.png\",\"contentUrl\":\"https:\\\/\\\/farmaciabetlemgracia.com\\\/wp-content\\\/uploads\\\/2025\\\/08\\\/cropped-cropped-logotransparent.png\",\"width\":512,\"height\":512,\"caption\":\"Farmacia Betlem Gracia\"},\"image\":{\"@id\":\"https:\\\/\\\/farmaciabetlemgracia.com\\\/#\\\/schema\\\/logo\\\/image\\\/\"}}]}<\/script>\n<!-- \/ Yoast SEO plugin. -->","yoast_head_json":{"title":"NORSAN Omega-3 Vegan EPA 100 ml - Farmacia Betlem Gracia","robots":{"index":"index","follow":"follow","max-snippet":"max-snippet:-1","max-image-preview":"max-image-preview:large","max-video-preview":"max-video-preview:-1"},"canonical":"https:\/\/farmaciabetlemgracia.com\/ca\/product\/norsan-omega-3-vegan-epa-100-ml\/","og_locale":"ca_ES","og_type":"article","og_title":"NORSAN Omega-3 Vegan EPA 100 ml - Farmacia Betlem Gracia","og_description":"Aceite 100 % vegano de omega-3 obtenido de microalgas (Schizochytrium sp.) con especial alto contenido en EPA (\u00e1cido eicosapentaenoico) junto a DHA, complementado con aceite de oliva virgen extra ecol\u00f3gico y antioxidantes naturales. Dise\u00f1ado para aportar una fuente vegetal de omega-3 que contribuye al bienestar general y al mantenimiento de funciones fisiol\u00f3gicas clave como salud cardiovascular, cerebral y visual.","og_url":"https:\/\/farmaciabetlemgracia.com\/ca\/product\/norsan-omega-3-vegan-epa-100-ml\/","og_site_name":"Farmacia Betlem Gracia","og_image":[{"width":2000,"height":2000,"url":"https:\/\/farmaciabetlemgracia.com\/wp-content\/uploads\/2025\/12\/NORSAN_VEGAN-EPA.png","type":"image\/png"}],"twitter_card":"summary_large_image","twitter_misc":{"Temps estimat de lectura":"2 minuts"},"schema":{"@context":"https:\/\/schema.org","@graph":[{"@type":"WebPage","@id":"https:\/\/farmaciabetlemgracia.com\/product\/norsan-omega-3-vegan-epa-100-ml\/","url":"https:\/\/farmaciabetlemgracia.com\/product\/norsan-omega-3-vegan-epa-100-ml\/","name":"NORSAN Omega-3 Vegan EPA 100 ml - Farmacia Betlem Gracia","isPartOf":{"@id":"https:\/\/farmaciabetlemgracia.com\/#website"},"primaryImageOfPage":{"@id":"https:\/\/farmaciabetlemgracia.com\/product\/norsan-omega-3-vegan-epa-100-ml\/#primaryimage"},"image":{"@id":"https:\/\/farmaciabetlemgracia.com\/product\/norsan-omega-3-vegan-epa-100-ml\/#primaryimage"},"thumbnailUrl":"https:\/\/farmaciabetlemgracia.com\/wp-content\/uploads\/2025\/12\/NORSAN_VEGAN-EPA.png","datePublished":"2025-12-30T11:37:10+00:00","breadcrumb":{"@id":"https:\/\/farmaciabetlemgracia.com\/product\/norsan-omega-3-vegan-epa-100-ml\/#breadcrumb"},"inLanguage":"ca","potentialAction":[{"@type":"ReadAction","target":["https:\/\/farmaciabetlemgracia.com\/product\/norsan-omega-3-vegan-epa-100-ml\/"]}]},{"@type":"ImageObject","inLanguage":"ca","@id":"https:\/\/farmaciabetlemgracia.com\/product\/norsan-omega-3-vegan-epa-100-ml\/#primaryimage","url":"https:\/\/farmaciabetlemgracia.com\/wp-content\/uploads\/2025\/12\/NORSAN_VEGAN-EPA.png","contentUrl":"https:\/\/farmaciabetlemgracia.com\/wp-content\/uploads\/2025\/12\/NORSAN_VEGAN-EPA.png","width":2000,"height":2000},{"@type":"BreadcrumbList","@id":"https:\/\/farmaciabetlemgracia.com\/product\/norsan-omega-3-vegan-epa-100-ml\/#breadcrumb","itemListElement":[{"@type":"ListItem","position":1,"name":"Portada","item":"https:\/\/farmaciabetlemgracia.com\/"},{"@type":"ListItem","position":2,"name":"Shop","item":"https:\/\/farmaciabetlemgracia.com\/?page_id=5"},{"@type":"ListItem","position":3,"name":"NORSAN Omega-3 Vegan EPA 100 ml"}]},{"@type":"WebSite","@id":"https:\/\/farmaciabetlemgracia.com\/#website","url":"https:\/\/farmaciabetlemgracia.com\/","name":"Farm\u00e0cia Betlem Gr\u00e0cia","description":"","publisher":{"@id":"https:\/\/farmaciabetlemgracia.com\/#organization"},"potentialAction":[{"@type":"SearchAction","target":{"@type":"EntryPoint","urlTemplate":"https:\/\/farmaciabetlemgracia.com\/?s={search_term_string}"},"query-input":{"@type":"PropertyValueSpecification","valueRequired":true,"valueName":"search_term_string"}}],"inLanguage":"ca"},{"@type":"Organization","@id":"https:\/\/farmaciabetlemgracia.com\/#organization","name":"Farm\u00e0cia Betlem Gr\u00e0cia","url":"https:\/\/farmaciabetlemgracia.com\/","logo":{"@type":"ImageObject","inLanguage":"ca","@id":"https:\/\/farmaciabetlemgracia.com\/#\/schema\/logo\/image\/","url":"https:\/\/farmaciabetlemgracia.com\/wp-content\/uploads\/2025\/08\/cropped-cropped-logotransparent.png","contentUrl":"https:\/\/farmaciabetlemgracia.com\/wp-content\/uploads\/2025\/08\/cropped-cropped-logotransparent.png","width":512,"height":512,"caption":"Farmacia Betlem Gracia"},"image":{"@id":"https:\/\/farmaciabetlemgracia.com\/#\/schema\/logo\/image\/"}}]}},"_links":{"self":[{"href":"https:\/\/farmaciabetlemgracia.com\/ca\/wp-json\/wp\/v2\/product\/6289","targetHints":{"allow":["GET"]}}],"collection":[{"href":"https:\/\/farmaciabetlemgracia.com\/ca\/wp-json\/wp\/v2\/product"}],"about":[{"href":"https:\/\/farmaciabetlemgracia.com\/ca\/wp-json\/wp\/v2\/types\/product"}],"replies":[{"embeddable":true,"href":"https:\/\/farmaciabetlemgracia.com\/ca\/wp-json\/wp\/v2\/comments?post=6289"}],"version-history":[{"count":0,"href":"https:\/\/farmaciabetlemgracia.com\/ca\/wp-json\/wp\/v2\/product\/6289\/revisions"}],"wp:featuredmedia":[{"embeddable":true,"href":"https:\/\/farmaciabetlemgracia.com\/ca\/wp-json\/wp\/v2\/media\/6290"}],"wp:attachment":[{"href":"https:\/\/farmaciabetlemgracia.com\/ca\/wp-json\/wp\/v2\/media?parent=6289"}],"wp:term":[{"taxonomy":"product_brand","embeddable":true,"href":"https:\/\/farmaciabetlemgracia.com\/ca\/wp-json\/wp\/v2\/product_brand?post=6289"},{"taxonomy":"product_cat","embeddable":true,"href":"https:\/\/farmaciabetlemgracia.com\/ca\/wp-json\/wp\/v2\/product_cat?post=6289"},{"taxonomy":"product_tag","embeddable":true,"href":"https:\/\/farmaciabetlemgracia.com\/ca\/wp-json\/wp\/v2\/product_tag?post=6289"}],"curies":[{"name":"wp","href":"https:\/\/api.w.org\/{rel}","templated":true}]}}