{"id":6283,"date":"2026-01-21T19:06:06","date_gmt":"2026-01-21T18:06:06","guid":{"rendered":"https:\/\/farmaciabetlemgracia.com\/?post_type=product&#038;p=6283"},"modified":"2026-01-21T19:06:06","modified_gmt":"2026-01-21T18:06:06","slug":"natures-plus-levadura-roja-de-arroz-30-comprimidos","status":"publish","type":"product","link":"https:\/\/farmaciabetlemgracia.com\/ca\/product\/natures-plus-levadura-roja-de-arroz-30-comprimidos\/","title":{"rendered":"Nature\u2019s Plus levadura roja de arroz 30 comprimidos"},"content":{"rendered":"<p data-start=\"795\" data-end=\"830\"><strong data-start=\"795\" data-end=\"828\">Componentes:<\/strong><\/p>\n<ul data-start=\"831\" data-end=\"1491\">\n<li data-start=\"831\" data-end=\"1074\">\n<p data-start=\"833\" data-end=\"1074\"><strong data-start=\"833\" data-end=\"897\">Extracto seco de arroz de levadura roja (Monascus purpureus)<\/strong> \u2014 fuente natural de monacolinas, incluyendo monacolina K (principal activo asociado al mantenimiento de niveles normales de colesterol).<\/p>\n<\/li>\n<li data-start=\"1075\" data-end=\"1163\">\n<p data-start=\"1077\" data-end=\"1163\"><strong data-start=\"1077\" data-end=\"1097\">Agente de carga:<\/strong> celulosa microcristalina.<\/p>\n<\/li>\n<li data-start=\"1164\" data-end=\"1267\">\n<p data-start=\"1166\" data-end=\"1267\"><strong data-start=\"1166\" data-end=\"1181\">Espesantes:<\/strong> celulosa vegetal, hidroxipropilmetilcelulosa.<\/p>\n<\/li>\n<li data-start=\"1268\" data-end=\"1410\">\n<p data-start=\"1270\" data-end=\"1410\"><strong data-start=\"1270\" data-end=\"1291\">Antiaglomerantes:<\/strong> fosfato dic\u00e1lcico, \u00e1cido este\u00e1rico, estearato de magnesio, di\u00f3xido de silicio.<\/p>\n<\/li>\n<li data-start=\"1411\" data-end=\"1491\">\n<p data-start=\"1413\" data-end=\"1491\"><strong data-start=\"1413\" data-end=\"1434\">Zumo de remolacha<\/strong> (color natural).<\/p>\n<\/li>\n<\/ul>\n<blockquote data-start=\"1493\" data-end=\"1647\">\n<p data-start=\"1495\" data-end=\"1647\">\u00a0Por <em data-start=\"1502\" data-end=\"1518\">1\/2 comprimido<\/em>: extracto de arroz de levadura roja estandarizado a <strong data-start=\"1571\" data-end=\"1581\">300 mg<\/strong> (\u2248 2,97 mg de monacolinas).<\/p>\n<\/blockquote>\n<p data-start=\"1654\" data-end=\"1709\"><strong data-start=\"1691\" data-end=\"1707\">Modo de uso:<\/strong><\/p>\n<ul data-start=\"1710\" data-end=\"1870\">\n<li data-start=\"1710\" data-end=\"1870\">\n<p data-start=\"1712\" data-end=\"1870\">Tomar <strong data-start=\"1718\" data-end=\"1741\">1 comprimido al d\u00eda<\/strong>, preferiblemente <strong data-start=\"1759\" data-end=\"1781\">antes de acostarse<\/strong> o con una comida, acompa\u00f1ado de un vaso de agua.<\/p>\n<\/li>\n<\/ul>\n<p data-start=\"1872\" data-end=\"1906\"><strong data-start=\"1872\" data-end=\"1904\">Advertencias:<\/strong><\/p>\n<ul data-start=\"1907\" data-end=\"2565\">\n<li data-start=\"1907\" data-end=\"1988\">\n<p data-start=\"1909\" data-end=\"1988\">No superar la dosis diaria recomendada.<\/p>\n<\/li>\n<li data-start=\"1989\" data-end=\"2130\">\n<p data-start=\"1991\" data-end=\"2130\">Los complementos alimenticios <strong data-start=\"2021\" data-end=\"2088\">no sustituyen una dieta variada ni un estilo de vida saludable.<\/strong><\/p>\n<\/li>\n<li data-start=\"2131\" data-end=\"2215\">\n<p data-start=\"2133\" data-end=\"2215\">Mantener fuera del alcance de los ni\u00f1os.<\/p>\n<\/li>\n<li data-start=\"2216\" data-end=\"2317\">\n<p data-start=\"2218\" data-end=\"2317\">Conservar en un lugar fresco y seco, protegido de la luz.<\/p>\n<\/li>\n<li data-start=\"2318\" data-end=\"2565\">\n<p data-start=\"2320\" data-end=\"2565\">Si est\u00e1s embarazada, en periodo de lactancia, en tratamiento m\u00e9dico o con una condici\u00f3n de salud espec\u00edfica, consulta a un profesional sanitario antes de usar.<\/p>\n<\/li>\n<\/ul>","protected":false},"excerpt":{"rendered":"<p>Complemento alimenticio con <strong data-start=\"326\" data-end=\"390\">extracto seco de levadura roja de arroz (Monascus purpureus)<\/strong>, tradicionalmente utilizado para ayudar a <strong data-start=\"433\" data-end=\"486\">mantener niveles normales de colesterol en sangre<\/strong>. Presenta un sistema de liberaci\u00f3n sostenida que favorece su absorci\u00f3n gradual durante varias horas.<\/p>","protected":false},"featured_media":6284,"comment_status":"open","ping_status":"closed","template":"","meta":[],"product_brand":[17],"product_cat":[1814],"product_tag":[1764,1782,1854,1769,1855,1560,508,1709],"class_list":{"0":"post-6283","1":"product","2":"type-product","3":"status-publish","4":"has-post-thumbnail","6":"product_brand-naturesplus","7":"product_cat-bienestar-metabolico-y-hormonal","8":"product_tag-colesterol","9":"product_tag-colesterol-normal","10":"product_tag-extracto-fermentado","11":"product_tag-levadura-roja-de-arroz","12":"product_tag-monascus-purpureus","13":"product_tag-natures-plus","14":"product_tag-sin-gluten","15":"product_tag-suplemento-natural","17":"first","18":"instock","19":"sale","20":"shipping-taxable","21":"purchasable","22":"product-type-simple"},"yoast_head":"<!-- This site is optimized with the Yoast SEO plugin v27.3 - https:\/\/yoast.com\/product\/yoast-seo-wordpress\/ -->\n<title>Nature\u2019s Plus levadura roja de arroz 30 comprimidos - Farmacia Betlem Gracia<\/title>\n<meta name=\"robots\" content=\"index, follow, max-snippet:-1, max-image-preview:large, max-video-preview:-1\" \/>\n<link rel=\"canonical\" href=\"https:\/\/farmaciabetlemgracia.com\/ca\/product\/natures-plus-levadura-roja-de-arroz-30-comprimidos\/\" \/>\n<meta property=\"og:locale\" content=\"ca_ES\" \/>\n<meta property=\"og:type\" content=\"article\" \/>\n<meta property=\"og:title\" content=\"Nature\u2019s Plus levadura roja de arroz 30 comprimidos - Farmacia Betlem Gracia\" \/>\n<meta property=\"og:description\" content=\"Complemento alimenticio con extracto seco de levadura roja de arroz (Monascus purpureus), tradicionalmente utilizado para ayudar a mantener niveles normales de colesterol en sangre. Presenta un sistema de liberaci\u00f3n sostenida que favorece su absorci\u00f3n gradual durante varias horas.\" \/>\n<meta property=\"og:url\" content=\"https:\/\/farmaciabetlemgracia.com\/ca\/product\/natures-plus-levadura-roja-de-arroz-30-comprimidos\/\" \/>\n<meta property=\"og:site_name\" content=\"Farmacia Betlem Gracia\" \/>\n<meta property=\"og:image\" content=\"https:\/\/farmaciabetlemgracia.com\/wp-content\/uploads\/2025\/12\/arroz-levadura-roja-ryr-30-comp.jpg\" \/>\n\t<meta property=\"og:image:width\" content=\"800\" \/>\n\t<meta property=\"og:image:height\" content=\"800\" \/>\n\t<meta property=\"og:image:type\" content=\"image\/jpeg\" \/>\n<meta name=\"twitter:card\" content=\"summary_large_image\" \/>\n<meta name=\"twitter:label1\" content=\"Temps estimat de lectura\" \/>\n\t<meta name=\"twitter:data1\" content=\"1 minut\" \/>\n<script type=\"application\/ld+json\" class=\"yoast-schema-graph\">{\"@context\":\"https:\\\/\\\/schema.org\",\"@graph\":[{\"@type\":\"WebPage\",\"@id\":\"https:\\\/\\\/farmaciabetlemgracia.com\\\/product\\\/natures-plus-levadura-roja-de-arroz-30-comprimidos\\\/\",\"url\":\"https:\\\/\\\/farmaciabetlemgracia.com\\\/product\\\/natures-plus-levadura-roja-de-arroz-30-comprimidos\\\/\",\"name\":\"Nature\u2019s Plus levadura roja de arroz 30 comprimidos - Farmacia Betlem Gracia\",\"isPartOf\":{\"@id\":\"https:\\\/\\\/farmaciabetlemgracia.com\\\/#website\"},\"primaryImageOfPage\":{\"@id\":\"https:\\\/\\\/farmaciabetlemgracia.com\\\/product\\\/natures-plus-levadura-roja-de-arroz-30-comprimidos\\\/#primaryimage\"},\"image\":{\"@id\":\"https:\\\/\\\/farmaciabetlemgracia.com\\\/product\\\/natures-plus-levadura-roja-de-arroz-30-comprimidos\\\/#primaryimage\"},\"thumbnailUrl\":\"https:\\\/\\\/i0.wp.com\\\/farmaciabetlemgracia.com\\\/wp-content\\\/uploads\\\/2025\\\/12\\\/arroz-levadura-roja-ryr-30-comp.jpg?fit=800%2C800&ssl=1\",\"datePublished\":\"2026-01-21T18:06:06+00:00\",\"breadcrumb\":{\"@id\":\"https:\\\/\\\/farmaciabetlemgracia.com\\\/product\\\/natures-plus-levadura-roja-de-arroz-30-comprimidos\\\/#breadcrumb\"},\"inLanguage\":\"ca\",\"potentialAction\":[{\"@type\":\"ReadAction\",\"target\":[\"https:\\\/\\\/farmaciabetlemgracia.com\\\/product\\\/natures-plus-levadura-roja-de-arroz-30-comprimidos\\\/\"]}]},{\"@type\":\"ImageObject\",\"inLanguage\":\"ca\",\"@id\":\"https:\\\/\\\/farmaciabetlemgracia.com\\\/product\\\/natures-plus-levadura-roja-de-arroz-30-comprimidos\\\/#primaryimage\",\"url\":\"https:\\\/\\\/i0.wp.com\\\/farmaciabetlemgracia.com\\\/wp-content\\\/uploads\\\/2025\\\/12\\\/arroz-levadura-roja-ryr-30-comp.jpg?fit=800%2C800&ssl=1\",\"contentUrl\":\"https:\\\/\\\/i0.wp.com\\\/farmaciabetlemgracia.com\\\/wp-content\\\/uploads\\\/2025\\\/12\\\/arroz-levadura-roja-ryr-30-comp.jpg?fit=800%2C800&ssl=1\",\"width\":800,\"height\":800},{\"@type\":\"BreadcrumbList\",\"@id\":\"https:\\\/\\\/farmaciabetlemgracia.com\\\/product\\\/natures-plus-levadura-roja-de-arroz-30-comprimidos\\\/#breadcrumb\",\"itemListElement\":[{\"@type\":\"ListItem\",\"position\":1,\"name\":\"Portada\",\"item\":\"https:\\\/\\\/farmaciabetlemgracia.com\\\/\"},{\"@type\":\"ListItem\",\"position\":2,\"name\":\"Shop\",\"item\":\"https:\\\/\\\/farmaciabetlemgracia.com\\\/shop\\\/\"},{\"@type\":\"ListItem\",\"position\":3,\"name\":\"Nature\u2019s Plus levadura roja de arroz 30 comprimidos\"}]},{\"@type\":\"WebSite\",\"@id\":\"https:\\\/\\\/farmaciabetlemgracia.com\\\/#website\",\"url\":\"https:\\\/\\\/farmaciabetlemgracia.com\\\/\",\"name\":\"Farmacia Betlem Gracia\",\"description\":\"\",\"publisher\":{\"@id\":\"https:\\\/\\\/farmaciabetlemgracia.com\\\/#organization\"},\"potentialAction\":[{\"@type\":\"SearchAction\",\"target\":{\"@type\":\"EntryPoint\",\"urlTemplate\":\"https:\\\/\\\/farmaciabetlemgracia.com\\\/?s={search_term_string}\"},\"query-input\":{\"@type\":\"PropertyValueSpecification\",\"valueRequired\":true,\"valueName\":\"search_term_string\"}}],\"inLanguage\":\"ca\"},{\"@type\":\"Organization\",\"@id\":\"https:\\\/\\\/farmaciabetlemgracia.com\\\/#organization\",\"name\":\"Farmacia Betlem Gracia\",\"url\":\"https:\\\/\\\/farmaciabetlemgracia.com\\\/\",\"logo\":{\"@type\":\"ImageObject\",\"inLanguage\":\"ca\",\"@id\":\"https:\\\/\\\/farmaciabetlemgracia.com\\\/#\\\/schema\\\/logo\\\/image\\\/\",\"url\":\"https:\\\/\\\/i0.wp.com\\\/farmaciabetlemgracia.com\\\/wp-content\\\/uploads\\\/2025\\\/08\\\/f7447ce2-2a06-476d-bc28-50879675ac04-copy.webp?fit=1024%2C1024&ssl=1\",\"contentUrl\":\"https:\\\/\\\/i0.wp.com\\\/farmaciabetlemgracia.com\\\/wp-content\\\/uploads\\\/2025\\\/08\\\/f7447ce2-2a06-476d-bc28-50879675ac04-copy.webp?fit=1024%2C1024&ssl=1\",\"width\":1024,\"height\":1024,\"caption\":\"Farmacia Betlem Gracia\"},\"image\":{\"@id\":\"https:\\\/\\\/farmaciabetlemgracia.com\\\/#\\\/schema\\\/logo\\\/image\\\/\"}}]}<\/script>\n<!-- \/ Yoast SEO plugin. -->","yoast_head_json":{"title":"Nature\u2019s Plus levadura roja de arroz 30 comprimidos - Farmacia Betlem Gracia","robots":{"index":"index","follow":"follow","max-snippet":"max-snippet:-1","max-image-preview":"max-image-preview:large","max-video-preview":"max-video-preview:-1"},"canonical":"https:\/\/farmaciabetlemgracia.com\/ca\/product\/natures-plus-levadura-roja-de-arroz-30-comprimidos\/","og_locale":"ca_ES","og_type":"article","og_title":"Nature\u2019s Plus levadura roja de arroz 30 comprimidos - Farmacia Betlem Gracia","og_description":"Complemento alimenticio con extracto seco de levadura roja de arroz (Monascus purpureus), tradicionalmente utilizado para ayudar a mantener niveles normales de colesterol en sangre. Presenta un sistema de liberaci\u00f3n sostenida que favorece su absorci\u00f3n gradual durante varias horas.","og_url":"https:\/\/farmaciabetlemgracia.com\/ca\/product\/natures-plus-levadura-roja-de-arroz-30-comprimidos\/","og_site_name":"Farmacia Betlem Gracia","og_image":[{"width":800,"height":800,"url":"https:\/\/farmaciabetlemgracia.com\/wp-content\/uploads\/2025\/12\/arroz-levadura-roja-ryr-30-comp.jpg","type":"image\/jpeg"}],"twitter_card":"summary_large_image","twitter_misc":{"Temps estimat de lectura":"1 minut"},"schema":{"@context":"https:\/\/schema.org","@graph":[{"@type":"WebPage","@id":"https:\/\/farmaciabetlemgracia.com\/product\/natures-plus-levadura-roja-de-arroz-30-comprimidos\/","url":"https:\/\/farmaciabetlemgracia.com\/product\/natures-plus-levadura-roja-de-arroz-30-comprimidos\/","name":"Nature\u2019s Plus levadura roja de arroz 30 comprimidos - Farmacia Betlem Gracia","isPartOf":{"@id":"https:\/\/farmaciabetlemgracia.com\/#website"},"primaryImageOfPage":{"@id":"https:\/\/farmaciabetlemgracia.com\/product\/natures-plus-levadura-roja-de-arroz-30-comprimidos\/#primaryimage"},"image":{"@id":"https:\/\/farmaciabetlemgracia.com\/product\/natures-plus-levadura-roja-de-arroz-30-comprimidos\/#primaryimage"},"thumbnailUrl":"https:\/\/i0.wp.com\/farmaciabetlemgracia.com\/wp-content\/uploads\/2025\/12\/arroz-levadura-roja-ryr-30-comp.jpg?fit=800%2C800&ssl=1","datePublished":"2026-01-21T18:06:06+00:00","breadcrumb":{"@id":"https:\/\/farmaciabetlemgracia.com\/product\/natures-plus-levadura-roja-de-arroz-30-comprimidos\/#breadcrumb"},"inLanguage":"ca","potentialAction":[{"@type":"ReadAction","target":["https:\/\/farmaciabetlemgracia.com\/product\/natures-plus-levadura-roja-de-arroz-30-comprimidos\/"]}]},{"@type":"ImageObject","inLanguage":"ca","@id":"https:\/\/farmaciabetlemgracia.com\/product\/natures-plus-levadura-roja-de-arroz-30-comprimidos\/#primaryimage","url":"https:\/\/i0.wp.com\/farmaciabetlemgracia.com\/wp-content\/uploads\/2025\/12\/arroz-levadura-roja-ryr-30-comp.jpg?fit=800%2C800&ssl=1","contentUrl":"https:\/\/i0.wp.com\/farmaciabetlemgracia.com\/wp-content\/uploads\/2025\/12\/arroz-levadura-roja-ryr-30-comp.jpg?fit=800%2C800&ssl=1","width":800,"height":800},{"@type":"BreadcrumbList","@id":"https:\/\/farmaciabetlemgracia.com\/product\/natures-plus-levadura-roja-de-arroz-30-comprimidos\/#breadcrumb","itemListElement":[{"@type":"ListItem","position":1,"name":"Portada","item":"https:\/\/farmaciabetlemgracia.com\/"},{"@type":"ListItem","position":2,"name":"Shop","item":"https:\/\/farmaciabetlemgracia.com\/shop\/"},{"@type":"ListItem","position":3,"name":"Nature\u2019s Plus levadura roja de arroz 30 comprimidos"}]},{"@type":"WebSite","@id":"https:\/\/farmaciabetlemgracia.com\/#website","url":"https:\/\/farmaciabetlemgracia.com\/","name":"Farm\u00e0cia Betlem Gr\u00e0cia","description":"","publisher":{"@id":"https:\/\/farmaciabetlemgracia.com\/#organization"},"potentialAction":[{"@type":"SearchAction","target":{"@type":"EntryPoint","urlTemplate":"https:\/\/farmaciabetlemgracia.com\/?s={search_term_string}"},"query-input":{"@type":"PropertyValueSpecification","valueRequired":true,"valueName":"search_term_string"}}],"inLanguage":"ca"},{"@type":"Organization","@id":"https:\/\/farmaciabetlemgracia.com\/#organization","name":"Farm\u00e0cia Betlem Gr\u00e0cia","url":"https:\/\/farmaciabetlemgracia.com\/","logo":{"@type":"ImageObject","inLanguage":"ca","@id":"https:\/\/farmaciabetlemgracia.com\/#\/schema\/logo\/image\/","url":"https:\/\/i0.wp.com\/farmaciabetlemgracia.com\/wp-content\/uploads\/2025\/08\/f7447ce2-2a06-476d-bc28-50879675ac04-copy.webp?fit=1024%2C1024&ssl=1","contentUrl":"https:\/\/i0.wp.com\/farmaciabetlemgracia.com\/wp-content\/uploads\/2025\/08\/f7447ce2-2a06-476d-bc28-50879675ac04-copy.webp?fit=1024%2C1024&ssl=1","width":1024,"height":1024,"caption":"Farmacia Betlem Gracia"},"image":{"@id":"https:\/\/farmaciabetlemgracia.com\/#\/schema\/logo\/image\/"}}]}},"jetpack_sharing_enabled":true,"_links":{"self":[{"href":"https:\/\/farmaciabetlemgracia.com\/ca\/wp-json\/wp\/v2\/product\/6283","targetHints":{"allow":["GET"]}}],"collection":[{"href":"https:\/\/farmaciabetlemgracia.com\/ca\/wp-json\/wp\/v2\/product"}],"about":[{"href":"https:\/\/farmaciabetlemgracia.com\/ca\/wp-json\/wp\/v2\/types\/product"}],"replies":[{"embeddable":true,"href":"https:\/\/farmaciabetlemgracia.com\/ca\/wp-json\/wp\/v2\/comments?post=6283"}],"version-history":[{"count":0,"href":"https:\/\/farmaciabetlemgracia.com\/ca\/wp-json\/wp\/v2\/product\/6283\/revisions"}],"wp:featuredmedia":[{"embeddable":true,"href":"https:\/\/farmaciabetlemgracia.com\/ca\/wp-json\/wp\/v2\/media\/6284"}],"wp:attachment":[{"href":"https:\/\/farmaciabetlemgracia.com\/ca\/wp-json\/wp\/v2\/media?parent=6283"}],"wp:term":[{"taxonomy":"product_brand","embeddable":true,"href":"https:\/\/farmaciabetlemgracia.com\/ca\/wp-json\/wp\/v2\/product_brand?post=6283"},{"taxonomy":"product_cat","embeddable":true,"href":"https:\/\/farmaciabetlemgracia.com\/ca\/wp-json\/wp\/v2\/product_cat?post=6283"},{"taxonomy":"product_tag","embeddable":true,"href":"https:\/\/farmaciabetlemgracia.com\/ca\/wp-json\/wp\/v2\/product_tag?post=6283"}],"curies":[{"name":"wp","href":"https:\/\/api.w.org\/{rel}","templated":true}]}}