{"id":6134,"date":"2025-12-15T00:30:39","date_gmt":"2025-12-14T23:30:39","guid":{"rendered":"https:\/\/farmaciabetlemgracia.com\/?post_type=product&#038;p=6134"},"modified":"2025-12-15T00:30:39","modified_gmt":"2025-12-14T23:30:39","slug":"armolipid-20-comprimidos","status":"publish","type":"product","link":"https:\/\/farmaciabetlemgracia.com\/ca\/product\/armolipid-20-comprimidos\/","title":{"rendered":"Armolipid 20 comprimidos"},"content":{"rendered":"<p data-start=\"996\" data-end=\"1105\"><strong data-start=\"996\" data-end=\"1029\">Composici\u00f3n<\/strong>:<\/p>\n<ul data-start=\"1106\" data-end=\"1505\">\n<li data-start=\"1106\" data-end=\"1237\">\n<p data-start=\"1108\" data-end=\"1237\"><strong data-start=\"1108\" data-end=\"1134\">Levadura roja de arroz<\/strong> (Monascus purpureus) \u2014 fuente de <strong data-start=\"1168\" data-end=\"1184\">monacolina K<\/strong>.<\/p>\n<\/li>\n<li data-start=\"1238\" data-end=\"1345\">\n<p data-start=\"1240\" data-end=\"1345\"><strong data-start=\"1240\" data-end=\"1255\">Policosanol<\/strong> \u2014 mezcla natural de alcoholes de cadena larga obtenidos de ca\u00f1a de az\u00facar o similares.<\/p>\n<\/li>\n<li data-start=\"1346\" data-end=\"1430\">\n<p data-start=\"1348\" data-end=\"1430\"><strong data-start=\"1348\" data-end=\"1377\">Coenzima Q10 (ubiquinona)<\/strong> \u2014 antioxidante implicado en procesos metab\u00f3licos.<\/p>\n<\/li>\n<li data-start=\"1431\" data-end=\"1505\">\n<p data-start=\"1433\" data-end=\"1505\">Excipientes y agentes de carga habituales en complementos alimenticios.<\/p>\n<\/li>\n<\/ul>\n<p data-start=\"1718\" data-end=\"1841\"><strong data-start=\"1718\" data-end=\"1734\">Modo de uso:<\/strong> Tomar <strong data-start=\"1741\" data-end=\"1764\">1 comprimido al d\u00eda<\/strong>, preferiblemente con la cena o una comida principal, con un vaso de agua.<\/p>\n<p data-start=\"1844\" data-end=\"1878\"><strong data-start=\"1844\" data-end=\"1876\">Advertencias:<\/strong><\/p>\n<ul data-start=\"1716\" data-end=\"2439\">\n<li style=\"list-style-type: none;\">\n<ul data-start=\"1881\" data-end=\"2363\">\n<li data-start=\"1881\" data-end=\"1922\">\n<p data-start=\"1883\" data-end=\"1922\">No superar la dosis diaria indicada.<\/p>\n<\/li>\n<li data-start=\"1925\" data-end=\"1970\">\n<p data-start=\"1927\" data-end=\"1970\">Mantener fuera del alcance de los ni\u00f1os.<\/p>\n<\/li>\n<li data-start=\"1973\" data-end=\"2068\">\n<p data-start=\"1975\" data-end=\"2068\">Suplemento alimenticio \u2014 <strong data-start=\"2000\" data-end=\"2064\">no sustituye una dieta variada ni h\u00e1bitos de vida saludables<\/strong>.<\/p>\n<\/li>\n<li data-start=\"2071\" data-end=\"2363\">\n<p data-start=\"2073\" data-end=\"2363\">Consultar a un profesional de la salud si est\u00e1s embarazada, en lactancia, bajo tratamiento m\u00e9dico, o si tienes alguna condici\u00f3n m\u00e9dica especial o tomas medicamentos para el colesterol. <em data-start=\"2258\" data-end=\"2361\">(Recomendaci\u00f3n de buena pr\u00e1ctica que suele aparecer en los prospectos o fichas de venta en farmacia.)<\/em><\/p>\n<\/li>\n<\/ul>\n<\/li>\n<li data-start=\"2364\" data-end=\"2439\">\n<p data-start=\"2366\" data-end=\"2439\"><strong data-start=\"2366\" data-end=\"2383\">Conservaci\u00f3n:<\/strong> Conservar en lugar fresco y seco, protegido de la luz.<\/p>\n<\/li>\n<\/ul>","protected":false},"excerpt":{"rendered":"<p>Complemento alimenticio con <strong data-start=\"597\" data-end=\"656\">monacolina K de levadura roja de arroz (red yeast rice)<\/strong>, <strong data-start=\"658\" data-end=\"688\">policosanol y coenzima Q10<\/strong>, formulado para <strong data-start=\"705\" data-end=\"776\">ayudar al mantenimiento de niveles normales de colesterol en sangre<\/strong>, dentro de una dieta equilibrada y estilo de vida saludable.<\/p>\n<p>&nbsp;<\/p>","protected":false},"featured_media":6135,"comment_status":"open","ping_status":"closed","template":"","meta":[],"product_brand":[],"product_cat":[15],"product_tag":[1229,1780,984,1764,1769,983,1778,1781],"class_list":{"0":"post-6134","1":"product","2":"type-product","3":"status-publish","4":"has-post-thumbnail","6":"product_cat-metabolismo-cardiovascula","7":"product_tag-20-comprimidos","8":"product_tag-armolipid","9":"product_tag-coenzima-q10","10":"product_tag-colesterol","11":"product_tag-levadura-roja-de-arroz","12":"product_tag-monacolina-k","13":"product_tag-policosanol","14":"product_tag-suplemento-cardiovascular","16":"first","17":"instock","18":"sale","19":"shipping-taxable","20":"purchasable","21":"product-type-simple"},"yoast_head":"<!-- This site is optimized with the Yoast SEO plugin v27.3 - https:\/\/yoast.com\/product\/yoast-seo-wordpress\/ -->\n<title>Armolipid 20 comprimidos - Farmacia Betlem Gracia<\/title>\n<meta name=\"robots\" content=\"index, follow, max-snippet:-1, max-image-preview:large, max-video-preview:-1\" \/>\n<link rel=\"canonical\" href=\"https:\/\/farmaciabetlemgracia.com\/ca\/product\/armolipid-20-comprimidos\/\" \/>\n<meta property=\"og:locale\" content=\"ca_ES\" \/>\n<meta property=\"og:type\" content=\"article\" \/>\n<meta property=\"og:title\" content=\"Armolipid 20 comprimidos - Farmacia Betlem Gracia\" \/>\n<meta property=\"og:description\" content=\"Complemento alimenticio con monacolina K de levadura roja de arroz (red yeast rice), policosanol y coenzima Q10, formulado para ayudar al mantenimiento de niveles normales de colesterol en sangre, dentro de una dieta equilibrada y estilo de vida saludable.  &nbsp;\" \/>\n<meta property=\"og:url\" content=\"https:\/\/farmaciabetlemgracia.com\/ca\/product\/armolipid-20-comprimidos\/\" \/>\n<meta property=\"og:site_name\" content=\"Farmacia Betlem Gracia\" \/>\n<meta property=\"og:image\" content=\"https:\/\/farmaciabetlemgracia.com\/wp-content\/uploads\/2025\/12\/armolipid.jpg\" \/>\n\t<meta property=\"og:image:width\" content=\"346\" \/>\n\t<meta property=\"og:image:height\" content=\"346\" \/>\n\t<meta property=\"og:image:type\" content=\"image\/jpeg\" \/>\n<meta name=\"twitter:card\" content=\"summary_large_image\" \/>\n<meta name=\"twitter:label1\" content=\"Temps estimat de lectura\" \/>\n\t<meta name=\"twitter:data1\" content=\"1 minut\" \/>\n<script type=\"application\/ld+json\" class=\"yoast-schema-graph\">{\"@context\":\"https:\\\/\\\/schema.org\",\"@graph\":[{\"@type\":\"WebPage\",\"@id\":\"https:\\\/\\\/farmaciabetlemgracia.com\\\/product\\\/armolipid-20-comprimidos\\\/\",\"url\":\"https:\\\/\\\/farmaciabetlemgracia.com\\\/product\\\/armolipid-20-comprimidos\\\/\",\"name\":\"Armolipid 20 comprimidos - Farmacia Betlem Gracia\",\"isPartOf\":{\"@id\":\"https:\\\/\\\/farmaciabetlemgracia.com\\\/#website\"},\"primaryImageOfPage\":{\"@id\":\"https:\\\/\\\/farmaciabetlemgracia.com\\\/product\\\/armolipid-20-comprimidos\\\/#primaryimage\"},\"image\":{\"@id\":\"https:\\\/\\\/farmaciabetlemgracia.com\\\/product\\\/armolipid-20-comprimidos\\\/#primaryimage\"},\"thumbnailUrl\":\"https:\\\/\\\/i0.wp.com\\\/farmaciabetlemgracia.com\\\/wp-content\\\/uploads\\\/2025\\\/12\\\/armolipid.jpg?fit=346%2C346&ssl=1\",\"datePublished\":\"2025-12-14T23:30:39+00:00\",\"breadcrumb\":{\"@id\":\"https:\\\/\\\/farmaciabetlemgracia.com\\\/product\\\/armolipid-20-comprimidos\\\/#breadcrumb\"},\"inLanguage\":\"ca\",\"potentialAction\":[{\"@type\":\"ReadAction\",\"target\":[\"https:\\\/\\\/farmaciabetlemgracia.com\\\/product\\\/armolipid-20-comprimidos\\\/\"]}]},{\"@type\":\"ImageObject\",\"inLanguage\":\"ca\",\"@id\":\"https:\\\/\\\/farmaciabetlemgracia.com\\\/product\\\/armolipid-20-comprimidos\\\/#primaryimage\",\"url\":\"https:\\\/\\\/i0.wp.com\\\/farmaciabetlemgracia.com\\\/wp-content\\\/uploads\\\/2025\\\/12\\\/armolipid.jpg?fit=346%2C346&ssl=1\",\"contentUrl\":\"https:\\\/\\\/i0.wp.com\\\/farmaciabetlemgracia.com\\\/wp-content\\\/uploads\\\/2025\\\/12\\\/armolipid.jpg?fit=346%2C346&ssl=1\",\"width\":346,\"height\":346},{\"@type\":\"BreadcrumbList\",\"@id\":\"https:\\\/\\\/farmaciabetlemgracia.com\\\/product\\\/armolipid-20-comprimidos\\\/#breadcrumb\",\"itemListElement\":[{\"@type\":\"ListItem\",\"position\":1,\"name\":\"Portada\",\"item\":\"https:\\\/\\\/farmaciabetlemgracia.com\\\/\"},{\"@type\":\"ListItem\",\"position\":2,\"name\":\"Shop\",\"item\":\"https:\\\/\\\/farmaciabetlemgracia.com\\\/shop\\\/\"},{\"@type\":\"ListItem\",\"position\":3,\"name\":\"Armolipid 20 comprimidos\"}]},{\"@type\":\"WebSite\",\"@id\":\"https:\\\/\\\/farmaciabetlemgracia.com\\\/#website\",\"url\":\"https:\\\/\\\/farmaciabetlemgracia.com\\\/\",\"name\":\"Farmacia Betlem Gracia\",\"description\":\"\",\"publisher\":{\"@id\":\"https:\\\/\\\/farmaciabetlemgracia.com\\\/#organization\"},\"potentialAction\":[{\"@type\":\"SearchAction\",\"target\":{\"@type\":\"EntryPoint\",\"urlTemplate\":\"https:\\\/\\\/farmaciabetlemgracia.com\\\/?s={search_term_string}\"},\"query-input\":{\"@type\":\"PropertyValueSpecification\",\"valueRequired\":true,\"valueName\":\"search_term_string\"}}],\"inLanguage\":\"ca\"},{\"@type\":\"Organization\",\"@id\":\"https:\\\/\\\/farmaciabetlemgracia.com\\\/#organization\",\"name\":\"Farmacia Betlem Gracia\",\"url\":\"https:\\\/\\\/farmaciabetlemgracia.com\\\/\",\"logo\":{\"@type\":\"ImageObject\",\"inLanguage\":\"ca\",\"@id\":\"https:\\\/\\\/farmaciabetlemgracia.com\\\/#\\\/schema\\\/logo\\\/image\\\/\",\"url\":\"https:\\\/\\\/i0.wp.com\\\/farmaciabetlemgracia.com\\\/wp-content\\\/uploads\\\/2025\\\/08\\\/f7447ce2-2a06-476d-bc28-50879675ac04-copy.webp?fit=1024%2C1024&ssl=1\",\"contentUrl\":\"https:\\\/\\\/i0.wp.com\\\/farmaciabetlemgracia.com\\\/wp-content\\\/uploads\\\/2025\\\/08\\\/f7447ce2-2a06-476d-bc28-50879675ac04-copy.webp?fit=1024%2C1024&ssl=1\",\"width\":1024,\"height\":1024,\"caption\":\"Farmacia Betlem Gracia\"},\"image\":{\"@id\":\"https:\\\/\\\/farmaciabetlemgracia.com\\\/#\\\/schema\\\/logo\\\/image\\\/\"}}]}<\/script>\n<!-- \/ Yoast SEO plugin. -->","yoast_head_json":{"title":"Armolipid 20 comprimidos - Farmacia Betlem Gracia","robots":{"index":"index","follow":"follow","max-snippet":"max-snippet:-1","max-image-preview":"max-image-preview:large","max-video-preview":"max-video-preview:-1"},"canonical":"https:\/\/farmaciabetlemgracia.com\/ca\/product\/armolipid-20-comprimidos\/","og_locale":"ca_ES","og_type":"article","og_title":"Armolipid 20 comprimidos - Farmacia Betlem Gracia","og_description":"Complemento alimenticio con monacolina K de levadura roja de arroz (red yeast rice), policosanol y coenzima Q10, formulado para ayudar al mantenimiento de niveles normales de colesterol en sangre, dentro de una dieta equilibrada y estilo de vida saludable.  &nbsp;","og_url":"https:\/\/farmaciabetlemgracia.com\/ca\/product\/armolipid-20-comprimidos\/","og_site_name":"Farmacia Betlem Gracia","og_image":[{"width":346,"height":346,"url":"https:\/\/farmaciabetlemgracia.com\/wp-content\/uploads\/2025\/12\/armolipid.jpg","type":"image\/jpeg"}],"twitter_card":"summary_large_image","twitter_misc":{"Temps estimat de lectura":"1 minut"},"schema":{"@context":"https:\/\/schema.org","@graph":[{"@type":"WebPage","@id":"https:\/\/farmaciabetlemgracia.com\/product\/armolipid-20-comprimidos\/","url":"https:\/\/farmaciabetlemgracia.com\/product\/armolipid-20-comprimidos\/","name":"Armolipid 20 comprimidos - Farmacia Betlem Gracia","isPartOf":{"@id":"https:\/\/farmaciabetlemgracia.com\/#website"},"primaryImageOfPage":{"@id":"https:\/\/farmaciabetlemgracia.com\/product\/armolipid-20-comprimidos\/#primaryimage"},"image":{"@id":"https:\/\/farmaciabetlemgracia.com\/product\/armolipid-20-comprimidos\/#primaryimage"},"thumbnailUrl":"https:\/\/i0.wp.com\/farmaciabetlemgracia.com\/wp-content\/uploads\/2025\/12\/armolipid.jpg?fit=346%2C346&ssl=1","datePublished":"2025-12-14T23:30:39+00:00","breadcrumb":{"@id":"https:\/\/farmaciabetlemgracia.com\/product\/armolipid-20-comprimidos\/#breadcrumb"},"inLanguage":"ca","potentialAction":[{"@type":"ReadAction","target":["https:\/\/farmaciabetlemgracia.com\/product\/armolipid-20-comprimidos\/"]}]},{"@type":"ImageObject","inLanguage":"ca","@id":"https:\/\/farmaciabetlemgracia.com\/product\/armolipid-20-comprimidos\/#primaryimage","url":"https:\/\/i0.wp.com\/farmaciabetlemgracia.com\/wp-content\/uploads\/2025\/12\/armolipid.jpg?fit=346%2C346&ssl=1","contentUrl":"https:\/\/i0.wp.com\/farmaciabetlemgracia.com\/wp-content\/uploads\/2025\/12\/armolipid.jpg?fit=346%2C346&ssl=1","width":346,"height":346},{"@type":"BreadcrumbList","@id":"https:\/\/farmaciabetlemgracia.com\/product\/armolipid-20-comprimidos\/#breadcrumb","itemListElement":[{"@type":"ListItem","position":1,"name":"Portada","item":"https:\/\/farmaciabetlemgracia.com\/"},{"@type":"ListItem","position":2,"name":"Shop","item":"https:\/\/farmaciabetlemgracia.com\/shop\/"},{"@type":"ListItem","position":3,"name":"Armolipid 20 comprimidos"}]},{"@type":"WebSite","@id":"https:\/\/farmaciabetlemgracia.com\/#website","url":"https:\/\/farmaciabetlemgracia.com\/","name":"Farm\u00e0cia Betlem Gr\u00e0cia","description":"","publisher":{"@id":"https:\/\/farmaciabetlemgracia.com\/#organization"},"potentialAction":[{"@type":"SearchAction","target":{"@type":"EntryPoint","urlTemplate":"https:\/\/farmaciabetlemgracia.com\/?s={search_term_string}"},"query-input":{"@type":"PropertyValueSpecification","valueRequired":true,"valueName":"search_term_string"}}],"inLanguage":"ca"},{"@type":"Organization","@id":"https:\/\/farmaciabetlemgracia.com\/#organization","name":"Farm\u00e0cia Betlem Gr\u00e0cia","url":"https:\/\/farmaciabetlemgracia.com\/","logo":{"@type":"ImageObject","inLanguage":"ca","@id":"https:\/\/farmaciabetlemgracia.com\/#\/schema\/logo\/image\/","url":"https:\/\/i0.wp.com\/farmaciabetlemgracia.com\/wp-content\/uploads\/2025\/08\/f7447ce2-2a06-476d-bc28-50879675ac04-copy.webp?fit=1024%2C1024&ssl=1","contentUrl":"https:\/\/i0.wp.com\/farmaciabetlemgracia.com\/wp-content\/uploads\/2025\/08\/f7447ce2-2a06-476d-bc28-50879675ac04-copy.webp?fit=1024%2C1024&ssl=1","width":1024,"height":1024,"caption":"Farmacia Betlem Gracia"},"image":{"@id":"https:\/\/farmaciabetlemgracia.com\/#\/schema\/logo\/image\/"}}]}},"jetpack_sharing_enabled":true,"_links":{"self":[{"href":"https:\/\/farmaciabetlemgracia.com\/ca\/wp-json\/wp\/v2\/product\/6134","targetHints":{"allow":["GET"]}}],"collection":[{"href":"https:\/\/farmaciabetlemgracia.com\/ca\/wp-json\/wp\/v2\/product"}],"about":[{"href":"https:\/\/farmaciabetlemgracia.com\/ca\/wp-json\/wp\/v2\/types\/product"}],"replies":[{"embeddable":true,"href":"https:\/\/farmaciabetlemgracia.com\/ca\/wp-json\/wp\/v2\/comments?post=6134"}],"version-history":[{"count":0,"href":"https:\/\/farmaciabetlemgracia.com\/ca\/wp-json\/wp\/v2\/product\/6134\/revisions"}],"wp:featuredmedia":[{"embeddable":true,"href":"https:\/\/farmaciabetlemgracia.com\/ca\/wp-json\/wp\/v2\/media\/6135"}],"wp:attachment":[{"href":"https:\/\/farmaciabetlemgracia.com\/ca\/wp-json\/wp\/v2\/media?parent=6134"}],"wp:term":[{"taxonomy":"product_brand","embeddable":true,"href":"https:\/\/farmaciabetlemgracia.com\/ca\/wp-json\/wp\/v2\/product_brand?post=6134"},{"taxonomy":"product_cat","embeddable":true,"href":"https:\/\/farmaciabetlemgracia.com\/ca\/wp-json\/wp\/v2\/product_cat?post=6134"},{"taxonomy":"product_tag","embeddable":true,"href":"https:\/\/farmaciabetlemgracia.com\/ca\/wp-json\/wp\/v2\/product_tag?post=6134"}],"curies":[{"name":"wp","href":"https:\/\/api.w.org\/{rel}","templated":true}]}}