{"id":6069,"date":"2025-12-05T13:30:06","date_gmt":"2025-12-05T12:30:06","guid":{"rendered":"https:\/\/farmaciabetlemgracia.com\/?post_type=product&#038;p=6069"},"modified":"2025-12-05T14:27:45","modified_gmt":"2025-12-05T13:27:45","slug":"kern-pharma-suero-fisiologico-5-ml-30-monodosis","status":"publish","type":"product","link":"https:\/\/farmaciabetlemgracia.com\/ca\/product\/kern-pharma-suero-fisiologico-5-ml-30-monodosis\/","title":{"rendered":"Kern Pharma Suero Fisiol\u00f3gico 5 ml &#8211; 30 monodosis"},"content":{"rendered":"<h2 data-start=\"733\" data-end=\"770\"><strong data-start=\"739\" data-end=\"768\">Componentes:<\/strong><\/h2>\n<ul data-start=\"771\" data-end=\"908\">\n<li data-start=\"771\" data-end=\"813\">\n<p data-start=\"773\" data-end=\"813\"><strong data-start=\"773\" data-end=\"800\">Cloruro de sodio (NaCl)<\/strong>: 0,9 % p\/v<\/p>\n<\/li>\n<li data-start=\"814\" data-end=\"852\">\n<p data-start=\"816\" data-end=\"852\"><strong data-start=\"816\" data-end=\"850\">Agua purificada \/ agua est\u00e9ril<\/strong><\/p>\n<\/li>\n<li data-start=\"853\" data-end=\"873\">\n<p data-start=\"855\" data-end=\"873\">Sin conservantes<\/p>\n<\/li>\n<li data-start=\"874\" data-end=\"908\">\n<p data-start=\"876\" data-end=\"908\">Envase monodosis est\u00e9ril de 5 ml<\/p>\n<\/li>\n<\/ul>\n<h3 data-start=\"1067\" data-end=\"1089\"><strong data-start=\"1071\" data-end=\"1087\">Modo de uso:<\/strong><\/h3>\n<ul data-start=\"1090\" data-end=\"1431\">\n<li data-start=\"1090\" data-end=\"1165\">\n<p data-start=\"1092\" data-end=\"1165\"><strong data-start=\"1092\" data-end=\"1110\">Higiene nasal:<\/strong> instilar unas gotas o aplicar mediante lavado suave.<\/p>\n<\/li>\n<li data-start=\"1166\" data-end=\"1251\">\n<p data-start=\"1168\" data-end=\"1251\"><strong data-start=\"1168\" data-end=\"1187\">Higiene ocular:<\/strong> utilizar para la limpieza externa del ojo o irrigaci\u00f3n suave.<\/p>\n<\/li>\n<li data-start=\"1252\" data-end=\"1350\">\n<p data-start=\"1254\" data-end=\"1350\"><strong data-start=\"1254\" data-end=\"1280\">Heridas superficiales:<\/strong> aplicar para arrastrar impurezas antes de un tratamiento posterior.<\/p>\n<\/li>\n<li data-start=\"1351\" data-end=\"1396\">\n<p data-start=\"1353\" data-end=\"1396\">Abrir la monodosis y usar inmediatamente.<\/p>\n<\/li>\n<li data-start=\"1397\" data-end=\"1431\">\n<p data-start=\"1399\" data-end=\"1431\">Desechar despu\u00e9s de un solo uso.<\/p>\n<\/li>\n<\/ul>\n<h3 data-start=\"1433\" data-end=\"1456\"><strong data-start=\"1437\" data-end=\"1454\">Advertencias:<\/strong><\/h3>\n<ul data-start=\"1457\" data-end=\"1799\">\n<li data-start=\"1457\" data-end=\"1493\">\n<p data-start=\"1459\" data-end=\"1493\"><strong data-start=\"1459\" data-end=\"1474\">Uso externo<\/strong> (no inyectable).<\/p>\n<\/li>\n<li data-start=\"1494\" data-end=\"1552\">\n<p data-start=\"1496\" data-end=\"1552\">No utilizar la misma monodosis en varias aplicaciones.<\/p>\n<\/li>\n<li data-start=\"1553\" data-end=\"1608\">\n<p data-start=\"1555\" data-end=\"1608\">No usar si el envase est\u00e1 abierto, da\u00f1ado o turbio.<\/p>\n<\/li>\n<li data-start=\"1609\" data-end=\"1653\">\n<p data-start=\"1611\" data-end=\"1653\">Mantener fuera del alcance de los ni\u00f1os.<\/p>\n<\/li>\n<li data-start=\"1654\" data-end=\"1712\">\n<p data-start=\"1656\" data-end=\"1712\">Conservar en lugar fresco, seco y protegido de la luz.<\/p>\n<\/li>\n<li data-start=\"1713\" data-end=\"1799\">\n<p data-start=\"1715\" data-end=\"1799\">En caso de irritaci\u00f3n persistente o infecci\u00f3n, consultar a un profesional sanitario.<\/p>\n<\/li>\n<\/ul>","protected":false},"excerpt":{"rendered":"<p>Soluci\u00f3n salina est\u00e9ril al 0,9 % en monodosis de 5 ml, indicada para la limpieza nasal, ocular y de heridas superficiales. Formato higi\u00e9nico y pr\u00e1ctico para uso diario.<\/p>","protected":false},"featured_media":6070,"comment_status":"open","ping_status":"closed","template":"","meta":{"site-sidebar-layout":"default","site-content-layout":"","ast-site-content-layout":"default","site-content-style":"default","site-sidebar-style":"default","ast-global-header-display":"","ast-banner-title-visibility":"","ast-main-header-display":"","ast-hfb-above-header-display":"","ast-hfb-below-header-display":"","ast-hfb-mobile-header-display":"","site-post-title":"","ast-breadcrumbs-content":"","ast-featured-img":"","footer-sml-layout":"","ast-disable-related-posts":"","theme-transparent-header-meta":"","adv-header-id-meta":"","stick-header-meta":"","header-above-stick-meta":"","header-main-stick-meta":"","header-below-stick-meta":"","astra-migrate-meta-layouts":"default","ast-page-background-enabled":"default","ast-page-background-meta":{"desktop":{"background-color":"var(--ast-global-color-5)","background-image":"","background-repeat":"repeat","background-position":"center center","background-size":"auto","background-attachment":"scroll","background-type":"","background-media":"","overlay-type":"","overlay-color":"","overlay-opacity":"","overlay-gradient":""},"tablet":{"background-color":"","background-image":"","background-repeat":"repeat","background-position":"center center","background-size":"auto","background-attachment":"scroll","background-type":"","background-media":"","overlay-type":"","overlay-color":"","overlay-opacity":"","overlay-gradient":""},"mobile":{"background-color":"","background-image":"","background-repeat":"repeat","background-position":"center center","background-size":"auto","background-attachment":"scroll","background-type":"","background-media":"","overlay-type":"","overlay-color":"","overlay-opacity":"","overlay-gradient":""}},"ast-content-background-meta":{"desktop":{"background-color":"var(--ast-global-color-4)","background-image":"","background-repeat":"repeat","background-position":"center center","background-size":"auto","background-attachment":"scroll","background-type":"","background-media":"","overlay-type":"","overlay-color":"","overlay-opacity":"","overlay-gradient":""},"tablet":{"background-color":"var(--ast-global-color-4)","background-image":"","background-repeat":"repeat","background-position":"center center","background-size":"auto","background-attachment":"scroll","background-type":"","background-media":"","overlay-type":"","overlay-color":"","overlay-opacity":"","overlay-gradient":""},"mobile":{"background-color":"var(--ast-global-color-4)","background-image":"","background-repeat":"repeat","background-position":"center center","background-size":"auto","background-attachment":"scroll","background-type":"","background-media":"","overlay-type":"","overlay-color":"","overlay-opacity":"","overlay-gradient":""}}},"product_brand":[610],"product_cat":[1275,443,425],"product_tag":[825,1701,1242,1700,351,1703,1702],"class_list":{"0":"post-6069","1":"product","2":"type-product","3":"status-publish","4":"has-post-thumbnail","6":"product_brand-kern-pharma","7":"product_cat-botiquin","8":"product_cat-infantil-y-pediatrico","9":"product_cat-salud-oftalmico","10":"product_tag-5-ml","11":"product_tag-higiene-nasal","12":"product_tag-higiene-ocular","13":"product_tag-lavado-de-heridas","14":"product_tag-monodosis","15":"product_tag-solucion-salina","16":"product_tag-suero-fisiologico","17":"desktop-align-center","18":"tablet-align-left","19":"mobile-align-left","21":"first","22":"instock","23":"sale","24":"shipping-taxable","25":"purchasable","26":"product-type-simple"},"yoast_head":"<!-- This site is optimized with the Yoast SEO plugin v27.3 - https:\/\/yoast.com\/product\/yoast-seo-wordpress\/ -->\n<title>Kern Pharma Suero Fisiol\u00f3gico 5 ml - 30 monodosis - Farmacia Betlem Gracia<\/title>\n<meta name=\"robots\" content=\"index, follow, max-snippet:-1, max-image-preview:large, max-video-preview:-1\" \/>\n<link rel=\"canonical\" href=\"https:\/\/farmaciabetlemgracia.com\/ca\/product\/kern-pharma-suero-fisiologico-5-ml-30-monodosis\/\" \/>\n<meta property=\"og:locale\" content=\"ca_ES\" \/>\n<meta property=\"og:type\" content=\"article\" \/>\n<meta property=\"og:title\" content=\"Kern Pharma Suero Fisiol\u00f3gico 5 ml - 30 monodosis - Farmacia Betlem Gracia\" \/>\n<meta property=\"og:description\" content=\"Soluci\u00f3n salina est\u00e9ril al 0,9 % en monodosis de 5 ml, indicada para la limpieza nasal, ocular y de heridas superficiales. Formato higi\u00e9nico y pr\u00e1ctico para uso diario.\" \/>\n<meta property=\"og:url\" content=\"https:\/\/farmaciabetlemgracia.com\/ca\/product\/kern-pharma-suero-fisiologico-5-ml-30-monodosis\/\" \/>\n<meta property=\"og:site_name\" content=\"Farmacia Betlem Gracia\" \/>\n<meta property=\"article:modified_time\" content=\"2025-12-05T13:27:45+00:00\" \/>\n<meta property=\"og:image\" content=\"https:\/\/farmaciabetlemgracia.com\/wp-content\/uploads\/2025\/12\/suero-fisiologico-na-cl-09-5-ml-30-unidosis-0.jpg\" \/>\n\t<meta property=\"og:image:width\" content=\"983\" \/>\n\t<meta property=\"og:image:height\" content=\"910\" \/>\n\t<meta property=\"og:image:type\" content=\"image\/jpeg\" \/>\n<meta name=\"twitter:card\" content=\"summary_large_image\" \/>\n<meta name=\"twitter:label1\" content=\"Temps estimat de lectura\" \/>\n\t<meta name=\"twitter:data1\" content=\"1 minut\" \/>\n<script type=\"application\/ld+json\" class=\"yoast-schema-graph\">{\"@context\":\"https:\\\/\\\/schema.org\",\"@graph\":[{\"@type\":\"WebPage\",\"@id\":\"https:\\\/\\\/farmaciabetlemgracia.com\\\/product\\\/kern-pharma-suero-fisiologico-5-ml-30-monodosis\\\/\",\"url\":\"https:\\\/\\\/farmaciabetlemgracia.com\\\/product\\\/kern-pharma-suero-fisiologico-5-ml-30-monodosis\\\/\",\"name\":\"Kern Pharma Suero Fisiol\u00f3gico 5 ml - 30 monodosis - Farmacia Betlem Gracia\",\"isPartOf\":{\"@id\":\"https:\\\/\\\/farmaciabetlemgracia.com\\\/#website\"},\"primaryImageOfPage\":{\"@id\":\"https:\\\/\\\/farmaciabetlemgracia.com\\\/product\\\/kern-pharma-suero-fisiologico-5-ml-30-monodosis\\\/#primaryimage\"},\"image\":{\"@id\":\"https:\\\/\\\/farmaciabetlemgracia.com\\\/product\\\/kern-pharma-suero-fisiologico-5-ml-30-monodosis\\\/#primaryimage\"},\"thumbnailUrl\":\"https:\\\/\\\/farmaciabetlemgracia.com\\\/wp-content\\\/uploads\\\/2025\\\/12\\\/suero-fisiologico-na-cl-09-5-ml-30-unidosis-0.jpg\",\"datePublished\":\"2025-12-05T12:30:06+00:00\",\"dateModified\":\"2025-12-05T13:27:45+00:00\",\"breadcrumb\":{\"@id\":\"https:\\\/\\\/farmaciabetlemgracia.com\\\/product\\\/kern-pharma-suero-fisiologico-5-ml-30-monodosis\\\/#breadcrumb\"},\"inLanguage\":\"ca\",\"potentialAction\":[{\"@type\":\"ReadAction\",\"target\":[\"https:\\\/\\\/farmaciabetlemgracia.com\\\/product\\\/kern-pharma-suero-fisiologico-5-ml-30-monodosis\\\/\"]}]},{\"@type\":\"ImageObject\",\"inLanguage\":\"ca\",\"@id\":\"https:\\\/\\\/farmaciabetlemgracia.com\\\/product\\\/kern-pharma-suero-fisiologico-5-ml-30-monodosis\\\/#primaryimage\",\"url\":\"https:\\\/\\\/farmaciabetlemgracia.com\\\/wp-content\\\/uploads\\\/2025\\\/12\\\/suero-fisiologico-na-cl-09-5-ml-30-unidosis-0.jpg\",\"contentUrl\":\"https:\\\/\\\/farmaciabetlemgracia.com\\\/wp-content\\\/uploads\\\/2025\\\/12\\\/suero-fisiologico-na-cl-09-5-ml-30-unidosis-0.jpg\",\"width\":983,\"height\":910},{\"@type\":\"BreadcrumbList\",\"@id\":\"https:\\\/\\\/farmaciabetlemgracia.com\\\/product\\\/kern-pharma-suero-fisiologico-5-ml-30-monodosis\\\/#breadcrumb\",\"itemListElement\":[{\"@type\":\"ListItem\",\"position\":1,\"name\":\"Portada\",\"item\":\"https:\\\/\\\/farmaciabetlemgracia.com\\\/\"},{\"@type\":\"ListItem\",\"position\":2,\"name\":\"Shop\",\"item\":\"https:\\\/\\\/farmaciabetlemgracia.com\\\/?page_id=5\"},{\"@type\":\"ListItem\",\"position\":3,\"name\":\"Kern Pharma Suero Fisiol\u00f3gico 5 ml &#8211; 30 monodosis\"}]},{\"@type\":\"WebSite\",\"@id\":\"https:\\\/\\\/farmaciabetlemgracia.com\\\/#website\",\"url\":\"https:\\\/\\\/farmaciabetlemgracia.com\\\/\",\"name\":\"Farmacia Betlem Gracia\",\"description\":\"\",\"publisher\":{\"@id\":\"https:\\\/\\\/farmaciabetlemgracia.com\\\/#organization\"},\"potentialAction\":[{\"@type\":\"SearchAction\",\"target\":{\"@type\":\"EntryPoint\",\"urlTemplate\":\"https:\\\/\\\/farmaciabetlemgracia.com\\\/?s={search_term_string}\"},\"query-input\":{\"@type\":\"PropertyValueSpecification\",\"valueRequired\":true,\"valueName\":\"search_term_string\"}}],\"inLanguage\":\"ca\"},{\"@type\":\"Organization\",\"@id\":\"https:\\\/\\\/farmaciabetlemgracia.com\\\/#organization\",\"name\":\"Farmacia Betlem Gracia\",\"url\":\"https:\\\/\\\/farmaciabetlemgracia.com\\\/\",\"logo\":{\"@type\":\"ImageObject\",\"inLanguage\":\"ca\",\"@id\":\"https:\\\/\\\/farmaciabetlemgracia.com\\\/#\\\/schema\\\/logo\\\/image\\\/\",\"url\":\"https:\\\/\\\/farmaciabetlemgracia.com\\\/wp-content\\\/uploads\\\/2025\\\/08\\\/cropped-cropped-logotransparent.png\",\"contentUrl\":\"https:\\\/\\\/farmaciabetlemgracia.com\\\/wp-content\\\/uploads\\\/2025\\\/08\\\/cropped-cropped-logotransparent.png\",\"width\":512,\"height\":512,\"caption\":\"Farmacia Betlem Gracia\"},\"image\":{\"@id\":\"https:\\\/\\\/farmaciabetlemgracia.com\\\/#\\\/schema\\\/logo\\\/image\\\/\"}}]}<\/script>\n<!-- \/ Yoast SEO plugin. -->","yoast_head_json":{"title":"Kern Pharma Suero Fisiol\u00f3gico 5 ml - 30 monodosis - Farmacia Betlem Gracia","robots":{"index":"index","follow":"follow","max-snippet":"max-snippet:-1","max-image-preview":"max-image-preview:large","max-video-preview":"max-video-preview:-1"},"canonical":"https:\/\/farmaciabetlemgracia.com\/ca\/product\/kern-pharma-suero-fisiologico-5-ml-30-monodosis\/","og_locale":"ca_ES","og_type":"article","og_title":"Kern Pharma Suero Fisiol\u00f3gico 5 ml - 30 monodosis - Farmacia Betlem Gracia","og_description":"Soluci\u00f3n salina est\u00e9ril al 0,9 % en monodosis de 5 ml, indicada para la limpieza nasal, ocular y de heridas superficiales. Formato higi\u00e9nico y pr\u00e1ctico para uso diario.","og_url":"https:\/\/farmaciabetlemgracia.com\/ca\/product\/kern-pharma-suero-fisiologico-5-ml-30-monodosis\/","og_site_name":"Farmacia Betlem Gracia","article_modified_time":"2025-12-05T13:27:45+00:00","og_image":[{"width":983,"height":910,"url":"https:\/\/farmaciabetlemgracia.com\/wp-content\/uploads\/2025\/12\/suero-fisiologico-na-cl-09-5-ml-30-unidosis-0.jpg","type":"image\/jpeg"}],"twitter_card":"summary_large_image","twitter_misc":{"Temps estimat de lectura":"1 minut"},"schema":{"@context":"https:\/\/schema.org","@graph":[{"@type":"WebPage","@id":"https:\/\/farmaciabetlemgracia.com\/product\/kern-pharma-suero-fisiologico-5-ml-30-monodosis\/","url":"https:\/\/farmaciabetlemgracia.com\/product\/kern-pharma-suero-fisiologico-5-ml-30-monodosis\/","name":"Kern Pharma Suero Fisiol\u00f3gico 5 ml - 30 monodosis - Farmacia Betlem Gracia","isPartOf":{"@id":"https:\/\/farmaciabetlemgracia.com\/#website"},"primaryImageOfPage":{"@id":"https:\/\/farmaciabetlemgracia.com\/product\/kern-pharma-suero-fisiologico-5-ml-30-monodosis\/#primaryimage"},"image":{"@id":"https:\/\/farmaciabetlemgracia.com\/product\/kern-pharma-suero-fisiologico-5-ml-30-monodosis\/#primaryimage"},"thumbnailUrl":"https:\/\/farmaciabetlemgracia.com\/wp-content\/uploads\/2025\/12\/suero-fisiologico-na-cl-09-5-ml-30-unidosis-0.jpg","datePublished":"2025-12-05T12:30:06+00:00","dateModified":"2025-12-05T13:27:45+00:00","breadcrumb":{"@id":"https:\/\/farmaciabetlemgracia.com\/product\/kern-pharma-suero-fisiologico-5-ml-30-monodosis\/#breadcrumb"},"inLanguage":"ca","potentialAction":[{"@type":"ReadAction","target":["https:\/\/farmaciabetlemgracia.com\/product\/kern-pharma-suero-fisiologico-5-ml-30-monodosis\/"]}]},{"@type":"ImageObject","inLanguage":"ca","@id":"https:\/\/farmaciabetlemgracia.com\/product\/kern-pharma-suero-fisiologico-5-ml-30-monodosis\/#primaryimage","url":"https:\/\/farmaciabetlemgracia.com\/wp-content\/uploads\/2025\/12\/suero-fisiologico-na-cl-09-5-ml-30-unidosis-0.jpg","contentUrl":"https:\/\/farmaciabetlemgracia.com\/wp-content\/uploads\/2025\/12\/suero-fisiologico-na-cl-09-5-ml-30-unidosis-0.jpg","width":983,"height":910},{"@type":"BreadcrumbList","@id":"https:\/\/farmaciabetlemgracia.com\/product\/kern-pharma-suero-fisiologico-5-ml-30-monodosis\/#breadcrumb","itemListElement":[{"@type":"ListItem","position":1,"name":"Portada","item":"https:\/\/farmaciabetlemgracia.com\/"},{"@type":"ListItem","position":2,"name":"Shop","item":"https:\/\/farmaciabetlemgracia.com\/?page_id=5"},{"@type":"ListItem","position":3,"name":"Kern Pharma Suero Fisiol\u00f3gico 5 ml &#8211; 30 monodosis"}]},{"@type":"WebSite","@id":"https:\/\/farmaciabetlemgracia.com\/#website","url":"https:\/\/farmaciabetlemgracia.com\/","name":"Farm\u00e0cia Betlem Gr\u00e0cia","description":"","publisher":{"@id":"https:\/\/farmaciabetlemgracia.com\/#organization"},"potentialAction":[{"@type":"SearchAction","target":{"@type":"EntryPoint","urlTemplate":"https:\/\/farmaciabetlemgracia.com\/?s={search_term_string}"},"query-input":{"@type":"PropertyValueSpecification","valueRequired":true,"valueName":"search_term_string"}}],"inLanguage":"ca"},{"@type":"Organization","@id":"https:\/\/farmaciabetlemgracia.com\/#organization","name":"Farm\u00e0cia Betlem Gr\u00e0cia","url":"https:\/\/farmaciabetlemgracia.com\/","logo":{"@type":"ImageObject","inLanguage":"ca","@id":"https:\/\/farmaciabetlemgracia.com\/#\/schema\/logo\/image\/","url":"https:\/\/farmaciabetlemgracia.com\/wp-content\/uploads\/2025\/08\/cropped-cropped-logotransparent.png","contentUrl":"https:\/\/farmaciabetlemgracia.com\/wp-content\/uploads\/2025\/08\/cropped-cropped-logotransparent.png","width":512,"height":512,"caption":"Farmacia Betlem Gracia"},"image":{"@id":"https:\/\/farmaciabetlemgracia.com\/#\/schema\/logo\/image\/"}}]}},"_links":{"self":[{"href":"https:\/\/farmaciabetlemgracia.com\/ca\/wp-json\/wp\/v2\/product\/6069","targetHints":{"allow":["GET"]}}],"collection":[{"href":"https:\/\/farmaciabetlemgracia.com\/ca\/wp-json\/wp\/v2\/product"}],"about":[{"href":"https:\/\/farmaciabetlemgracia.com\/ca\/wp-json\/wp\/v2\/types\/product"}],"replies":[{"embeddable":true,"href":"https:\/\/farmaciabetlemgracia.com\/ca\/wp-json\/wp\/v2\/comments?post=6069"}],"version-history":[{"count":0,"href":"https:\/\/farmaciabetlemgracia.com\/ca\/wp-json\/wp\/v2\/product\/6069\/revisions"}],"wp:featuredmedia":[{"embeddable":true,"href":"https:\/\/farmaciabetlemgracia.com\/ca\/wp-json\/wp\/v2\/media\/6070"}],"wp:attachment":[{"href":"https:\/\/farmaciabetlemgracia.com\/ca\/wp-json\/wp\/v2\/media?parent=6069"}],"wp:term":[{"taxonomy":"product_brand","embeddable":true,"href":"https:\/\/farmaciabetlemgracia.com\/ca\/wp-json\/wp\/v2\/product_brand?post=6069"},{"taxonomy":"product_cat","embeddable":true,"href":"https:\/\/farmaciabetlemgracia.com\/ca\/wp-json\/wp\/v2\/product_cat?post=6069"},{"taxonomy":"product_tag","embeddable":true,"href":"https:\/\/farmaciabetlemgracia.com\/ca\/wp-json\/wp\/v2\/product_tag?post=6069"}],"curies":[{"name":"wp","href":"https:\/\/api.w.org\/{rel}","templated":true}]}}