{"id":407,"date":"2025-09-17T13:39:13","date_gmt":"2025-09-17T13:39:13","guid":{"rendered":"https:\/\/farmaciabetlemgracia.com\/?post_type=product&#038;p=407"},"modified":"2025-11-18T20:07:47","modified_gmt":"2025-11-18T19:07:47","slug":"neobianacid-acidez-y-reflujo-45-comprimidos-masticables","status":"publish","type":"product","link":"https:\/\/farmaciabetlemgracia.com\/ca\/product\/neobianacid-acidez-y-reflujo-45-comprimidos-masticables\/","title":{"rendered":"NeoBianacid Acidez y Reflujo 45 Comprimidos Masticables <span class=\"cn-hide\">(CN: 172610)<\/span>"},"content":{"rendered":"<p>NeoBianacid es un dispositivo m\u00e9dico de clase IIa que contiene <strong data-start=\"710\" data-end=\"726\">Poliprotect\u00ae<\/strong>, un complejo vegetal\u2011mineral sin\u00e9rgico, dise\u00f1ado para formar una pel\u00edcula barrera protectora sobre la mucosa gastroesof\u00e1gica. Esta pel\u00edcula protege frente a \u00e1cidos, irritantes, favorece la reparaci\u00f3n de la mucosa y respeta la fisiolog\u00eda g\u00e1strica.<\/p>\n<p data-start=\"1013\" data-end=\"1083\"><strong data-start=\"1013\" data-end=\"1081\">Ingredientes funcionales \/ composici\u00f3n por comprimido de 1,55\u202fg:<\/strong><\/p>\n<ul data-start=\"1084\" data-end=\"1805\">\n<li data-start=\"1084\" data-end=\"1462\">\n<p data-start=\"1086\" data-end=\"1462\"><strong data-start=\"1086\" data-end=\"1111\">Poliprotect\u00ae (528 mg)<\/strong>, compuesto por:<br data-start=\"1127\" data-end=\"1130\" \/>\u2022 Polisac\u00e1ridos* (extra\u00eddos a trav\u00e9s de la tecnolog\u00eda LPME de <em data-start=\"1194\" data-end=\"1212\">Malva sylvestris<\/em> y <em data-start=\"1215\" data-end=\"1236\">Althaea officinalis<\/em>; gel de hoja deshidratado de <em data-start=\"1266\" data-end=\"1277\">Aloe vera<\/em>) \u2013 105 mg\u00a0<br data-start=\"1325\" data-end=\"1328\" \/>\u2022 Minerales naturales (<em data-start=\"1353\" data-end=\"1364\">Limestone<\/em> y <em data-start=\"1367\" data-end=\"1378\">Nahcolite<\/em>) \u2013 parte restante del complejo Poliprotect.<\/p>\n<\/li>\n<li data-start=\"1463\" data-end=\"1596\">\n<p data-start=\"1465\" data-end=\"1596\"><strong data-start=\"1465\" data-end=\"1488\">Fracci\u00f3n flavonoica<\/strong>* (extra\u00edda de <em data-start=\"1503\" data-end=\"1524\">Matricaria recutita<\/em> y <em data-start=\"1527\" data-end=\"1547\">Glycyrrhiza glabra<\/em>) \u2013 46 mg<\/p>\n<\/li>\n<li data-start=\"1597\" data-end=\"1805\">\n<p data-start=\"1599\" data-end=\"1805\"><strong data-start=\"1599\" data-end=\"1635\">Excipientes \/ Otros componentes:<\/strong> az\u00facar de ca\u00f1a*, goma ar\u00e1biga, aroma natural de menta o lim\u00f3n. <br data-start=\"1736\" data-end=\"1739\" \/>* De Agricultura Biol\u00f3gica.<\/p>\n<\/li>\n<\/ul>\n<p data-start=\"1807\" data-end=\"1835\"><strong data-start=\"1807\" data-end=\"1833\">Otras caracter\u00edsticas:<\/strong><\/p>\n<ul data-start=\"1836\" data-end=\"2058\">\n<li data-start=\"1836\" data-end=\"1907\">\n<p data-start=\"1838\" data-end=\"1907\">100\u202f% natural, biodegradable.<\/p>\n<\/li>\n<li data-start=\"1908\" data-end=\"1961\">\n<p data-start=\"1910\" data-end=\"1961\">Sin gluten.<\/p>\n<\/li>\n<li data-start=\"1962\" data-end=\"2058\">\n<p data-start=\"1964\" data-end=\"2058\">Apto en ni\u00f1os mayores de 6 a\u00f1os, embarazo y lactancia.<\/p>\n<\/li>\n<\/ul>\n<h3 data-start=\"2065\" data-end=\"2088\">Modo de empleo<\/h3>\n<ol data-start=\"2089\" data-end=\"2746\">\n<li data-start=\"2089\" data-end=\"2215\">\n<p data-start=\"2092\" data-end=\"2215\">Masticar o dejar disolver lentamente <strong data-start=\"2129\" data-end=\"2156\">1 comprimido en la boca<\/strong> seg\u00fan necesidad.<\/p>\n<\/li>\n<li data-start=\"2216\" data-end=\"2392\">\n<p data-start=\"2219\" data-end=\"2392\">En reflujo gastroesof\u00e1gico: <strong data-start=\"2247\" data-end=\"2305\">tomar un comprimido despu\u00e9s de las comidas principales<\/strong> y otro <strong data-start=\"2313\" data-end=\"2349\">por la noche, antes de acostarse<\/strong>.<\/p>\n<\/li>\n<li data-start=\"2393\" data-end=\"2525\">\n<p data-start=\"2396\" data-end=\"2525\">En casos de acidez, ardor o pesadez digestiva: <strong data-start=\"2443\" data-end=\"2482\">1 comprimido despu\u00e9s de las comidas<\/strong>.<\/p>\n<\/li>\n<li data-start=\"2526\" data-end=\"2664\">\n<p data-start=\"2529\" data-end=\"2664\">Puede repetirse varias veces al d\u00eda si es necesario, incluso con breve intervalo entre tomas.<\/p>\n<\/li>\n<li data-start=\"2665\" data-end=\"2746\">\n<p data-start=\"2668\" data-end=\"2746\">No superar <strong data-start=\"2679\" data-end=\"2703\">8 comprimidos al d\u00eda<\/strong>.<\/p>\n<\/li>\n<\/ol>","protected":false},"excerpt":{"rendered":"<p>NeoBianacid Acidez y Reflujo (45 comprimidos masticables) es un producto sanitario 100\u202f% natural que ayuda a aliviar ardor, dolor, acidez, reflujo gastroesof\u00e1gico y molestias digestivas como pesadez e hinchaz\u00f3n despu\u00e9s de las comidas. Apto para ni\u00f1os mayores de 6 a\u00f1os, embarazo y lactancia.<\/p>","protected":false},"featured_media":408,"comment_status":"open","ping_status":"closed","template":"","meta":{"site-sidebar-layout":"default","site-content-layout":"","ast-site-content-layout":"default","site-content-style":"default","site-sidebar-style":"default","ast-global-header-display":"","ast-banner-title-visibility":"","ast-main-header-display":"","ast-hfb-above-header-display":"","ast-hfb-below-header-display":"","ast-hfb-mobile-header-display":"","site-post-title":"","ast-breadcrumbs-content":"","ast-featured-img":"","footer-sml-layout":"","ast-disable-related-posts":"","theme-transparent-header-meta":"","adv-header-id-meta":"","stick-header-meta":"","header-above-stick-meta":"","header-main-stick-meta":"","header-below-stick-meta":"","astra-migrate-meta-layouts":"default","ast-page-background-enabled":"default","ast-page-background-meta":{"desktop":{"background-color":"var(--ast-global-color-5)","background-image":"","background-repeat":"repeat","background-position":"center center","background-size":"auto","background-attachment":"scroll","background-type":"","background-media":"","overlay-type":"","overlay-color":"","overlay-opacity":"","overlay-gradient":""},"tablet":{"background-color":"","background-image":"","background-repeat":"repeat","background-position":"center center","background-size":"auto","background-attachment":"scroll","background-type":"","background-media":"","overlay-type":"","overlay-color":"","overlay-opacity":"","overlay-gradient":""},"mobile":{"background-color":"","background-image":"","background-repeat":"repeat","background-position":"center center","background-size":"auto","background-attachment":"scroll","background-type":"","background-media":"","overlay-type":"","overlay-color":"","overlay-opacity":"","overlay-gradient":""}},"ast-content-background-meta":{"desktop":{"background-color":"var(--ast-global-color-4)","background-image":"","background-repeat":"repeat","background-position":"center center","background-size":"auto","background-attachment":"scroll","background-type":"","background-media":"","overlay-type":"","overlay-color":"","overlay-opacity":"","overlay-gradient":""},"tablet":{"background-color":"var(--ast-global-color-4)","background-image":"","background-repeat":"repeat","background-position":"center center","background-size":"auto","background-attachment":"scroll","background-type":"","background-media":"","overlay-type":"","overlay-color":"","overlay-opacity":"","overlay-gradient":""},"mobile":{"background-color":"var(--ast-global-color-4)","background-image":"","background-repeat":"repeat","background-position":"center center","background-size":"auto","background-attachment":"scroll","background-type":"","background-media":"","overlay-type":"","overlay-color":"","overlay-opacity":"","overlay-gradient":""}}},"product_brand":[29],"product_cat":[16],"product_tag":[85,91,94,92,90,89,97,86,93,88,95,65,98,96,87],"class_list":{"0":"post-407","1":"product","2":"type-product","3":"status-publish","4":"has-post-thumbnail","6":"product_brand-aboca","7":"product_cat-sistema-inmunologico","8":"product_tag-acidez","9":"product_tag-ardor","10":"product_tag-comprimidos","11":"product_tag-de","12":"product_tag-dificil","13":"product_tag-digestion","14":"product_tag-digestivo","15":"product_tag-estomacal","16":"product_tag-estomago","17":"product_tag-gastroesofagico","18":"product_tag-masticables","19":"product_tag-natural","20":"product_tag-neobianacid","21":"product_tag-producto","22":"product_tag-reflujo","23":"desktop-align-center","24":"tablet-align-left","25":"mobile-align-left","27":"first","28":"instock","29":"sale","30":"shipping-taxable","31":"purchasable","32":"product-type-simple"},"yoast_head":"<!-- This site is optimized with the Yoast SEO plugin v27.3 - https:\/\/yoast.com\/product\/yoast-seo-wordpress\/ -->\n<title>NeoBianacid Acidez y Reflujo 45 Comprimidos Masticables (CN: 172610) - Farmacia Betlem Gracia<\/title>\n<meta name=\"robots\" content=\"index, follow, max-snippet:-1, max-image-preview:large, max-video-preview:-1\" \/>\n<link rel=\"canonical\" href=\"https:\/\/farmaciabetlemgracia.com\/ca\/product\/neobianacid-acidez-y-reflujo-45-comprimidos-masticables\/\" \/>\n<meta property=\"og:locale\" content=\"ca_ES\" \/>\n<meta property=\"og:type\" content=\"article\" \/>\n<meta property=\"og:title\" content=\"NeoBianacid Acidez y Reflujo 45 Comprimidos Masticables (CN: 172610) - Farmacia Betlem Gracia\" \/>\n<meta property=\"og:description\" content=\"NeoBianacid Acidez y Reflujo (45 comprimidos masticables) es un producto sanitario 100\u202f% natural que ayuda a aliviar ardor, dolor, acidez, reflujo gastroesof\u00e1gico y molestias digestivas como pesadez e hinchaz\u00f3n despu\u00e9s de las comidas. Apto para ni\u00f1os mayores de 6 a\u00f1os, embarazo y lactancia.\" \/>\n<meta property=\"og:url\" content=\"https:\/\/farmaciabetlemgracia.com\/ca\/product\/neobianacid-acidez-y-reflujo-45-comprimidos-masticables\/\" \/>\n<meta property=\"og:site_name\" content=\"Farmacia Betlem Gracia\" \/>\n<meta property=\"article:modified_time\" content=\"2025-11-18T19:07:47+00:00\" \/>\n<meta property=\"og:image\" content=\"https:\/\/farmaciabetlemgracia.com\/wp-content\/uploads\/2025\/09\/aboca-bianacid-neo-45-comprimidos-envase-y-tarro-960.jpg\" \/>\n\t<meta property=\"og:image:width\" content=\"960\" \/>\n\t<meta property=\"og:image:height\" content=\"960\" \/>\n\t<meta property=\"og:image:type\" content=\"image\/jpeg\" \/>\n<meta name=\"twitter:card\" content=\"summary_large_image\" \/>\n<meta name=\"twitter:label1\" content=\"Temps estimat de lectura\" \/>\n\t<meta name=\"twitter:data1\" content=\"1 minut\" \/>\n<script type=\"application\/ld+json\" class=\"yoast-schema-graph\">{\"@context\":\"https:\\\/\\\/schema.org\",\"@graph\":[{\"@type\":\"WebPage\",\"@id\":\"https:\\\/\\\/farmaciabetlemgracia.com\\\/product\\\/neobianacid-acidez-y-reflujo-45-comprimidos-masticables\\\/\",\"url\":\"https:\\\/\\\/farmaciabetlemgracia.com\\\/product\\\/neobianacid-acidez-y-reflujo-45-comprimidos-masticables\\\/\",\"name\":\"NeoBianacid Acidez y Reflujo 45 Comprimidos Masticables (CN: 172610) - Farmacia Betlem Gracia\",\"isPartOf\":{\"@id\":\"https:\\\/\\\/farmaciabetlemgracia.com\\\/#website\"},\"primaryImageOfPage\":{\"@id\":\"https:\\\/\\\/farmaciabetlemgracia.com\\\/product\\\/neobianacid-acidez-y-reflujo-45-comprimidos-masticables\\\/#primaryimage\"},\"image\":{\"@id\":\"https:\\\/\\\/farmaciabetlemgracia.com\\\/product\\\/neobianacid-acidez-y-reflujo-45-comprimidos-masticables\\\/#primaryimage\"},\"thumbnailUrl\":\"https:\\\/\\\/farmaciabetlemgracia.com\\\/wp-content\\\/uploads\\\/2025\\\/09\\\/aboca-bianacid-neo-45-comprimidos-envase-y-tarro-960.jpg\",\"datePublished\":\"2025-09-17T13:39:13+00:00\",\"dateModified\":\"2025-11-18T19:07:47+00:00\",\"breadcrumb\":{\"@id\":\"https:\\\/\\\/farmaciabetlemgracia.com\\\/product\\\/neobianacid-acidez-y-reflujo-45-comprimidos-masticables\\\/#breadcrumb\"},\"inLanguage\":\"ca\",\"potentialAction\":[{\"@type\":\"ReadAction\",\"target\":[\"https:\\\/\\\/farmaciabetlemgracia.com\\\/product\\\/neobianacid-acidez-y-reflujo-45-comprimidos-masticables\\\/\"]}]},{\"@type\":\"ImageObject\",\"inLanguage\":\"ca\",\"@id\":\"https:\\\/\\\/farmaciabetlemgracia.com\\\/product\\\/neobianacid-acidez-y-reflujo-45-comprimidos-masticables\\\/#primaryimage\",\"url\":\"https:\\\/\\\/farmaciabetlemgracia.com\\\/wp-content\\\/uploads\\\/2025\\\/09\\\/aboca-bianacid-neo-45-comprimidos-envase-y-tarro-960.jpg\",\"contentUrl\":\"https:\\\/\\\/farmaciabetlemgracia.com\\\/wp-content\\\/uploads\\\/2025\\\/09\\\/aboca-bianacid-neo-45-comprimidos-envase-y-tarro-960.jpg\",\"width\":960,\"height\":960},{\"@type\":\"BreadcrumbList\",\"@id\":\"https:\\\/\\\/farmaciabetlemgracia.com\\\/product\\\/neobianacid-acidez-y-reflujo-45-comprimidos-masticables\\\/#breadcrumb\",\"itemListElement\":[{\"@type\":\"ListItem\",\"position\":1,\"name\":\"Portada\",\"item\":\"https:\\\/\\\/farmaciabetlemgracia.com\\\/\"},{\"@type\":\"ListItem\",\"position\":2,\"name\":\"Shop\",\"item\":\"https:\\\/\\\/farmaciabetlemgracia.com\\\/?page_id=5\"},{\"@type\":\"ListItem\",\"position\":3,\"name\":\"NeoBianacid Acidez y Reflujo 45 Comprimidos Masticables (CN: 172610)\"}]},{\"@type\":\"WebSite\",\"@id\":\"https:\\\/\\\/farmaciabetlemgracia.com\\\/#website\",\"url\":\"https:\\\/\\\/farmaciabetlemgracia.com\\\/\",\"name\":\"Farmacia Betlem Gracia\",\"description\":\"\",\"publisher\":{\"@id\":\"https:\\\/\\\/farmaciabetlemgracia.com\\\/#organization\"},\"potentialAction\":[{\"@type\":\"SearchAction\",\"target\":{\"@type\":\"EntryPoint\",\"urlTemplate\":\"https:\\\/\\\/farmaciabetlemgracia.com\\\/?s={search_term_string}\"},\"query-input\":{\"@type\":\"PropertyValueSpecification\",\"valueRequired\":true,\"valueName\":\"search_term_string\"}}],\"inLanguage\":\"ca\"},{\"@type\":\"Organization\",\"@id\":\"https:\\\/\\\/farmaciabetlemgracia.com\\\/#organization\",\"name\":\"Farmacia Betlem Gracia\",\"url\":\"https:\\\/\\\/farmaciabetlemgracia.com\\\/\",\"logo\":{\"@type\":\"ImageObject\",\"inLanguage\":\"ca\",\"@id\":\"https:\\\/\\\/farmaciabetlemgracia.com\\\/#\\\/schema\\\/logo\\\/image\\\/\",\"url\":\"https:\\\/\\\/farmaciabetlemgracia.com\\\/wp-content\\\/uploads\\\/2025\\\/08\\\/cropped-cropped-logotransparent.png\",\"contentUrl\":\"https:\\\/\\\/farmaciabetlemgracia.com\\\/wp-content\\\/uploads\\\/2025\\\/08\\\/cropped-cropped-logotransparent.png\",\"width\":512,\"height\":512,\"caption\":\"Farmacia Betlem Gracia\"},\"image\":{\"@id\":\"https:\\\/\\\/farmaciabetlemgracia.com\\\/#\\\/schema\\\/logo\\\/image\\\/\"}}]}<\/script>\n<!-- \/ Yoast SEO plugin. -->","yoast_head_json":{"title":"NeoBianacid Acidez y Reflujo 45 Comprimidos Masticables (CN: 172610) - Farmacia Betlem Gracia","robots":{"index":"index","follow":"follow","max-snippet":"max-snippet:-1","max-image-preview":"max-image-preview:large","max-video-preview":"max-video-preview:-1"},"canonical":"https:\/\/farmaciabetlemgracia.com\/ca\/product\/neobianacid-acidez-y-reflujo-45-comprimidos-masticables\/","og_locale":"ca_ES","og_type":"article","og_title":"NeoBianacid Acidez y Reflujo 45 Comprimidos Masticables (CN: 172610) - Farmacia Betlem Gracia","og_description":"NeoBianacid Acidez y Reflujo (45 comprimidos masticables) es un producto sanitario 100\u202f% natural que ayuda a aliviar ardor, dolor, acidez, reflujo gastroesof\u00e1gico y molestias digestivas como pesadez e hinchaz\u00f3n despu\u00e9s de las comidas. Apto para ni\u00f1os mayores de 6 a\u00f1os, embarazo y lactancia.","og_url":"https:\/\/farmaciabetlemgracia.com\/ca\/product\/neobianacid-acidez-y-reflujo-45-comprimidos-masticables\/","og_site_name":"Farmacia Betlem Gracia","article_modified_time":"2025-11-18T19:07:47+00:00","og_image":[{"width":960,"height":960,"url":"https:\/\/farmaciabetlemgracia.com\/wp-content\/uploads\/2025\/09\/aboca-bianacid-neo-45-comprimidos-envase-y-tarro-960.jpg","type":"image\/jpeg"}],"twitter_card":"summary_large_image","twitter_misc":{"Temps estimat de lectura":"1 minut"},"schema":{"@context":"https:\/\/schema.org","@graph":[{"@type":"WebPage","@id":"https:\/\/farmaciabetlemgracia.com\/product\/neobianacid-acidez-y-reflujo-45-comprimidos-masticables\/","url":"https:\/\/farmaciabetlemgracia.com\/product\/neobianacid-acidez-y-reflujo-45-comprimidos-masticables\/","name":"NeoBianacid Acidez y Reflujo 45 Comprimidos Masticables (CN: 172610) - Farmacia Betlem Gracia","isPartOf":{"@id":"https:\/\/farmaciabetlemgracia.com\/#website"},"primaryImageOfPage":{"@id":"https:\/\/farmaciabetlemgracia.com\/product\/neobianacid-acidez-y-reflujo-45-comprimidos-masticables\/#primaryimage"},"image":{"@id":"https:\/\/farmaciabetlemgracia.com\/product\/neobianacid-acidez-y-reflujo-45-comprimidos-masticables\/#primaryimage"},"thumbnailUrl":"https:\/\/farmaciabetlemgracia.com\/wp-content\/uploads\/2025\/09\/aboca-bianacid-neo-45-comprimidos-envase-y-tarro-960.jpg","datePublished":"2025-09-17T13:39:13+00:00","dateModified":"2025-11-18T19:07:47+00:00","breadcrumb":{"@id":"https:\/\/farmaciabetlemgracia.com\/product\/neobianacid-acidez-y-reflujo-45-comprimidos-masticables\/#breadcrumb"},"inLanguage":"ca","potentialAction":[{"@type":"ReadAction","target":["https:\/\/farmaciabetlemgracia.com\/product\/neobianacid-acidez-y-reflujo-45-comprimidos-masticables\/"]}]},{"@type":"ImageObject","inLanguage":"ca","@id":"https:\/\/farmaciabetlemgracia.com\/product\/neobianacid-acidez-y-reflujo-45-comprimidos-masticables\/#primaryimage","url":"https:\/\/farmaciabetlemgracia.com\/wp-content\/uploads\/2025\/09\/aboca-bianacid-neo-45-comprimidos-envase-y-tarro-960.jpg","contentUrl":"https:\/\/farmaciabetlemgracia.com\/wp-content\/uploads\/2025\/09\/aboca-bianacid-neo-45-comprimidos-envase-y-tarro-960.jpg","width":960,"height":960},{"@type":"BreadcrumbList","@id":"https:\/\/farmaciabetlemgracia.com\/product\/neobianacid-acidez-y-reflujo-45-comprimidos-masticables\/#breadcrumb","itemListElement":[{"@type":"ListItem","position":1,"name":"Portada","item":"https:\/\/farmaciabetlemgracia.com\/"},{"@type":"ListItem","position":2,"name":"Shop","item":"https:\/\/farmaciabetlemgracia.com\/?page_id=5"},{"@type":"ListItem","position":3,"name":"NeoBianacid Acidez y Reflujo 45 Comprimidos Masticables (CN: 172610)"}]},{"@type":"WebSite","@id":"https:\/\/farmaciabetlemgracia.com\/#website","url":"https:\/\/farmaciabetlemgracia.com\/","name":"Farm\u00e0cia Betlem Gr\u00e0cia","description":"","publisher":{"@id":"https:\/\/farmaciabetlemgracia.com\/#organization"},"potentialAction":[{"@type":"SearchAction","target":{"@type":"EntryPoint","urlTemplate":"https:\/\/farmaciabetlemgracia.com\/?s={search_term_string}"},"query-input":{"@type":"PropertyValueSpecification","valueRequired":true,"valueName":"search_term_string"}}],"inLanguage":"ca"},{"@type":"Organization","@id":"https:\/\/farmaciabetlemgracia.com\/#organization","name":"Farm\u00e0cia Betlem Gr\u00e0cia","url":"https:\/\/farmaciabetlemgracia.com\/","logo":{"@type":"ImageObject","inLanguage":"ca","@id":"https:\/\/farmaciabetlemgracia.com\/#\/schema\/logo\/image\/","url":"https:\/\/farmaciabetlemgracia.com\/wp-content\/uploads\/2025\/08\/cropped-cropped-logotransparent.png","contentUrl":"https:\/\/farmaciabetlemgracia.com\/wp-content\/uploads\/2025\/08\/cropped-cropped-logotransparent.png","width":512,"height":512,"caption":"Farmacia Betlem Gracia"},"image":{"@id":"https:\/\/farmaciabetlemgracia.com\/#\/schema\/logo\/image\/"}}]}},"_links":{"self":[{"href":"https:\/\/farmaciabetlemgracia.com\/ca\/wp-json\/wp\/v2\/product\/407","targetHints":{"allow":["GET"]}}],"collection":[{"href":"https:\/\/farmaciabetlemgracia.com\/ca\/wp-json\/wp\/v2\/product"}],"about":[{"href":"https:\/\/farmaciabetlemgracia.com\/ca\/wp-json\/wp\/v2\/types\/product"}],"replies":[{"embeddable":true,"href":"https:\/\/farmaciabetlemgracia.com\/ca\/wp-json\/wp\/v2\/comments?post=407"}],"version-history":[{"count":0,"href":"https:\/\/farmaciabetlemgracia.com\/ca\/wp-json\/wp\/v2\/product\/407\/revisions"}],"wp:featuredmedia":[{"embeddable":true,"href":"https:\/\/farmaciabetlemgracia.com\/ca\/wp-json\/wp\/v2\/media\/408"}],"wp:attachment":[{"href":"https:\/\/farmaciabetlemgracia.com\/ca\/wp-json\/wp\/v2\/media?parent=407"}],"wp:term":[{"taxonomy":"product_brand","embeddable":true,"href":"https:\/\/farmaciabetlemgracia.com\/ca\/wp-json\/wp\/v2\/product_brand?post=407"},{"taxonomy":"product_cat","embeddable":true,"href":"https:\/\/farmaciabetlemgracia.com\/ca\/wp-json\/wp\/v2\/product_cat?post=407"},{"taxonomy":"product_tag","embeddable":true,"href":"https:\/\/farmaciabetlemgracia.com\/ca\/wp-json\/wp\/v2\/product_tag?post=407"}],"curies":[{"name":"wp","href":"https:\/\/api.w.org\/{rel}","templated":true}]}}