{"id":3479,"date":"2026-02-05T16:11:16","date_gmt":"2026-02-05T15:11:16","guid":{"rendered":"https:\/\/farmaciabetlemgracia.com\/?post_type=product&#038;p=3479"},"modified":"2026-02-18T19:57:02","modified_gmt":"2026-02-18T18:57:02","slug":"astrilax-flas-20-mg-10-comprimidos-bucodispersables","status":"publish","type":"product","link":"https:\/\/farmaciabetlemgracia.com\/ca\/product\/astrilax-flas-20-mg-10-comprimidos-bucodispersables\/","title":{"rendered":"Astrilax Flas 20 mg 10 comprimidos bucodispersables"},"content":{"rendered":"<p data-start=\"455\" data-end=\"531\"><strong data-start=\"455\" data-end=\"485\"> Composici\u00f3n:<\/strong><br data-start=\"485\" data-end=\"488\" \/>Cada comprimido bucodispersable contiene:<\/p>\n<ul data-start=\"532\" data-end=\"560\">\n<li data-start=\"532\" data-end=\"560\">\n<p data-start=\"534\" data-end=\"560\"><strong data-start=\"534\" data-end=\"548\">Bisacodilo<\/strong> \u2014 <strong data-start=\"551\" data-end=\"560\">20 mg<\/strong><\/p>\n<\/li>\n<\/ul>\n<p data-start=\"562\" data-end=\"707\">Excipientes: propios del comprimido bucodispersable (consultar el prospecto para el listado completo y posibles excipientes con efecto conocido).<\/p>\n<p data-start=\"709\" data-end=\"742\"><strong data-start=\"709\" data-end=\"740\">Modo de uso y advertencias:<\/strong><\/p>\n<ul data-start=\"743\" data-end=\"1546\">\n<li data-start=\"743\" data-end=\"956\">\n<p data-start=\"745\" data-end=\"956\"><strong data-start=\"745\" data-end=\"761\">Modo de uso:<\/strong><br data-start=\"761\" data-end=\"764\" \/>Dejar <strong data-start=\"772\" data-end=\"809\">disolver el comprimido en la boca<\/strong>, preferentemente <strong data-start=\"827\" data-end=\"843\">por la noche<\/strong>, siguiendo <strong data-start=\"855\" data-end=\"908\">exactamente la posolog\u00eda indicada en el prospecto<\/strong> o la recomendaci\u00f3n del profesional sanitario.<\/p>\n<\/li>\n<li data-start=\"957\" data-end=\"1546\">\n<p data-start=\"959\" data-end=\"978\"><strong data-start=\"959\" data-end=\"976\">Advertencias:<\/strong><\/p>\n<ul data-start=\"981\" data-end=\"1546\">\n<li data-start=\"981\" data-end=\"1019\">\n<p data-start=\"983\" data-end=\"1019\">Uso <strong data-start=\"987\" data-end=\"1016\">ocasional y a corto plazo<\/strong>.<\/p>\n<\/li>\n<li data-start=\"1022\" data-end=\"1099\">\n<p data-start=\"1024\" data-end=\"1099\">No utilizar de forma continuada sin consultar a un profesional sanitario.<\/p>\n<\/li>\n<li data-start=\"1102\" data-end=\"1274\">\n<p data-start=\"1104\" data-end=\"1274\">No recomendado en caso de <strong data-start=\"1130\" data-end=\"1171\">dolor abdominal de origen desconocido<\/strong>, <strong data-start=\"1173\" data-end=\"1199\">obstrucci\u00f3n intestinal<\/strong>, <strong data-start=\"1201\" data-end=\"1225\">deshidrataci\u00f3n grave<\/strong> o <strong data-start=\"1228\" data-end=\"1271\">enfermedades inflamatorias intestinales<\/strong>.<\/p>\n<\/li>\n<li data-start=\"1277\" data-end=\"1327\">\n<p data-start=\"1279\" data-end=\"1327\">Evitar el uso concomitante con otros laxantes.<\/p>\n<\/li>\n<li data-start=\"1330\" data-end=\"1383\">\n<p data-start=\"1332\" data-end=\"1383\">Puede producir <strong data-start=\"1347\" data-end=\"1380\">c\u00f3licos abdominales o diarrea<\/strong>.<\/p>\n<\/li>\n<li data-start=\"1386\" data-end=\"1463\">\n<p data-start=\"1388\" data-end=\"1463\">Embarazo y lactancia: consultar previamente con un profesional sanitario.<\/p>\n<\/li>\n<li data-start=\"1466\" data-end=\"1546\">\n<p data-start=\"1468\" data-end=\"1546\">Mantener fuera del alcance de los ni\u00f1os y <strong data-start=\"1510\" data-end=\"1531\">leer el prospecto<\/strong> antes de usar.<\/p>\n<\/li>\n<\/ul>\n<\/li>\n<\/ul>\n<p><strong>Enlace al AEMPS\/CIMA:<\/strong><\/p>\n<ul>\n<li><a href=\"https:\/\/cima.aemps.es\/cima\/publico\/detalle.html?nregistro=89992\">https:\/\/cima.aemps.es\/cima\/publico\/detalle.html?nregistro=89992<\/a><\/li>\n<\/ul>\n<p><strong>Prospecto:<\/strong><\/p>\n<ul>\n<li><a href=\"https:\/\/cima.aemps.es\/cima\/dochtml\/p\/89992\/P_89992.html\">https:\/\/cima.aemps.es\/cima\/dochtml\/p\/89992\/P_89992.html<\/a><\/li>\n<\/ul>\n<p><a href=\"https:\/\/distafarma.aemps.es\/farmacom\/faces\/sec\/CCAA\/listadoCCAA.xhtml?farma=82a161cc04d8d8a2fdad669a2fecd84a\"><img fetchpriority=\"high\" decoding=\"async\" class=\"alignnone\" src=\"https:\/\/distafarma.aemps.es\/farmacom\/ServletIcono?farma=82a161cc04d8d8a2fdad669a2fecd84a\" alt=\"\" width=\"308\" height=\"257\" \/><\/a><\/p>","protected":false},"excerpt":{"rendered":"<p>Medicamento <strong data-start=\"93\" data-end=\"116\">laxante estimulante<\/strong> indicado para el <strong data-start=\"134\" data-end=\"191\">tratamiento a corto plazo del estre\u00f1imiento ocasional<\/strong>, cuando se requiere un <strong data-start=\"215\" data-end=\"232\">efecto r\u00e1pido<\/strong>. Su formato en <strong data-start=\"248\" data-end=\"280\">comprimidos bucodispersables<\/strong> permite una administraci\u00f3n c\u00f3moda, sin necesidad de agua.<\/p>","protected":false},"featured_media":6517,"comment_status":"open","ping_status":"closed","template":"","meta":{"site-sidebar-layout":"default","site-content-layout":"","ast-site-content-layout":"default","site-content-style":"default","site-sidebar-style":"default","ast-global-header-display":"","ast-banner-title-visibility":"","ast-main-header-display":"","ast-hfb-above-header-display":"","ast-hfb-below-header-display":"","ast-hfb-mobile-header-display":"","site-post-title":"","ast-breadcrumbs-content":"","ast-featured-img":"","footer-sml-layout":"","ast-disable-related-posts":"","theme-transparent-header-meta":"","adv-header-id-meta":"","stick-header-meta":"","header-above-stick-meta":"","header-main-stick-meta":"","header-below-stick-meta":"","astra-migrate-meta-layouts":"default","ast-page-background-enabled":"default","ast-page-background-meta":{"desktop":{"background-color":"var(--ast-global-color-5)","background-image":"","background-repeat":"repeat","background-position":"center center","background-size":"auto","background-attachment":"scroll","background-type":"","background-media":"","overlay-type":"","overlay-color":"","overlay-opacity":"","overlay-gradient":""},"tablet":{"background-color":"","background-image":"","background-repeat":"repeat","background-position":"center center","background-size":"auto","background-attachment":"scroll","background-type":"","background-media":"","overlay-type":"","overlay-color":"","overlay-opacity":"","overlay-gradient":""},"mobile":{"background-color":"","background-image":"","background-repeat":"repeat","background-position":"center center","background-size":"auto","background-attachment":"scroll","background-type":"","background-media":"","overlay-type":"","overlay-color":"","overlay-opacity":"","overlay-gradient":""}},"ast-content-background-meta":{"desktop":{"background-color":"var(--ast-global-color-4)","background-image":"","background-repeat":"repeat","background-position":"center center","background-size":"auto","background-attachment":"scroll","background-type":"","background-media":"","overlay-type":"","overlay-color":"","overlay-opacity":"","overlay-gradient":""},"tablet":{"background-color":"var(--ast-global-color-4)","background-image":"","background-repeat":"repeat","background-position":"center center","background-size":"auto","background-attachment":"scroll","background-type":"","background-media":"","overlay-type":"","overlay-color":"","overlay-opacity":"","overlay-gradient":""},"mobile":{"background-color":"var(--ast-global-color-4)","background-image":"","background-repeat":"repeat","background-position":"center center","background-size":"auto","background-attachment":"scroll","background-type":"","background-media":"","overlay-type":"","overlay-color":"","overlay-opacity":"","overlay-gradient":""}}},"product_brand":[720],"product_cat":[534],"product_tag":[1986,1987,1988,1102,1977,559],"class_list":{"0":"post-3479","1":"product","2":"type-product","3":"status-publish","4":"has-post-thumbnail","6":"product_brand-faes-farma","7":"product_cat-sin-receta","8":"product_tag-astrilax-flas","9":"product_tag-bisacodilo","10":"product_tag-bucodispersable","11":"product_tag-estrenimiento-ocasional","12":"product_tag-laxante-estimulante","13":"product_tag-medicamento","14":"desktop-align-center","15":"tablet-align-left","16":"mobile-align-left","18":"first","19":"instock","20":"sale","21":"shipping-taxable","22":"purchasable","23":"product-type-simple"},"yoast_head":"<!-- This site is optimized with the Yoast SEO plugin v27.3 - https:\/\/yoast.com\/product\/yoast-seo-wordpress\/ -->\n<title>Astrilax Flas 20 mg 10 comprimidos bucodispersables - Farmacia Betlem Gracia<\/title>\n<meta name=\"robots\" content=\"index, follow, max-snippet:-1, max-image-preview:large, max-video-preview:-1\" \/>\n<link rel=\"canonical\" href=\"https:\/\/farmaciabetlemgracia.com\/ca\/product\/astrilax-flas-20-mg-10-comprimidos-bucodispersables\/\" \/>\n<meta property=\"og:locale\" content=\"ca_ES\" \/>\n<meta property=\"og:type\" content=\"article\" \/>\n<meta property=\"og:title\" content=\"Astrilax Flas 20 mg 10 comprimidos bucodispersables - Farmacia Betlem Gracia\" \/>\n<meta property=\"og:description\" content=\"Medicamento laxante estimulante indicado para el tratamiento a corto plazo del estre\u00f1imiento ocasional, cuando se requiere un efecto r\u00e1pido. Su formato en comprimidos bucodispersables permite una administraci\u00f3n c\u00f3moda, sin necesidad de agua.\" \/>\n<meta property=\"og:url\" content=\"https:\/\/farmaciabetlemgracia.com\/ca\/product\/astrilax-flas-20-mg-10-comprimidos-bucodispersables\/\" \/>\n<meta property=\"og:site_name\" content=\"Farmacia Betlem Gracia\" \/>\n<meta property=\"article:modified_time\" content=\"2026-02-18T18:57:02+00:00\" \/>\n<meta property=\"og:image\" content=\"https:\/\/farmaciabetlemgracia.com\/wp-content\/uploads\/2026\/02\/astrilax-flas-20-mg-10-comprimidos-bucodispersables.webp\" \/>\n\t<meta property=\"og:image:width\" content=\"500\" \/>\n\t<meta property=\"og:image:height\" content=\"571\" \/>\n\t<meta property=\"og:image:type\" content=\"image\/webp\" \/>\n<meta name=\"twitter:card\" content=\"summary_large_image\" \/>\n<meta name=\"twitter:label1\" content=\"Temps estimat de lectura\" \/>\n\t<meta name=\"twitter:data1\" content=\"2 minuts\" \/>\n<script type=\"application\/ld+json\" class=\"yoast-schema-graph\">{\"@context\":\"https:\\\/\\\/schema.org\",\"@graph\":[{\"@type\":\"WebPage\",\"@id\":\"https:\\\/\\\/farmaciabetlemgracia.com\\\/product\\\/astrilax-flas-20-mg-10-comprimidos-bucodispersables\\\/\",\"url\":\"https:\\\/\\\/farmaciabetlemgracia.com\\\/product\\\/astrilax-flas-20-mg-10-comprimidos-bucodispersables\\\/\",\"name\":\"Astrilax Flas 20 mg 10 comprimidos bucodispersables - Farmacia Betlem Gracia\",\"isPartOf\":{\"@id\":\"https:\\\/\\\/farmaciabetlemgracia.com\\\/#website\"},\"primaryImageOfPage\":{\"@id\":\"https:\\\/\\\/farmaciabetlemgracia.com\\\/product\\\/astrilax-flas-20-mg-10-comprimidos-bucodispersables\\\/#primaryimage\"},\"image\":{\"@id\":\"https:\\\/\\\/farmaciabetlemgracia.com\\\/product\\\/astrilax-flas-20-mg-10-comprimidos-bucodispersables\\\/#primaryimage\"},\"thumbnailUrl\":\"https:\\\/\\\/farmaciabetlemgracia.com\\\/wp-content\\\/uploads\\\/2026\\\/02\\\/astrilax-flas-20-mg-10-comprimidos-bucodispersables.webp\",\"datePublished\":\"2026-02-05T15:11:16+00:00\",\"dateModified\":\"2026-02-18T18:57:02+00:00\",\"breadcrumb\":{\"@id\":\"https:\\\/\\\/farmaciabetlemgracia.com\\\/product\\\/astrilax-flas-20-mg-10-comprimidos-bucodispersables\\\/#breadcrumb\"},\"inLanguage\":\"ca\",\"potentialAction\":[{\"@type\":\"ReadAction\",\"target\":[\"https:\\\/\\\/farmaciabetlemgracia.com\\\/product\\\/astrilax-flas-20-mg-10-comprimidos-bucodispersables\\\/\"]}]},{\"@type\":\"ImageObject\",\"inLanguage\":\"ca\",\"@id\":\"https:\\\/\\\/farmaciabetlemgracia.com\\\/product\\\/astrilax-flas-20-mg-10-comprimidos-bucodispersables\\\/#primaryimage\",\"url\":\"https:\\\/\\\/farmaciabetlemgracia.com\\\/wp-content\\\/uploads\\\/2026\\\/02\\\/astrilax-flas-20-mg-10-comprimidos-bucodispersables.webp\",\"contentUrl\":\"https:\\\/\\\/farmaciabetlemgracia.com\\\/wp-content\\\/uploads\\\/2026\\\/02\\\/astrilax-flas-20-mg-10-comprimidos-bucodispersables.webp\",\"width\":500,\"height\":571},{\"@type\":\"BreadcrumbList\",\"@id\":\"https:\\\/\\\/farmaciabetlemgracia.com\\\/product\\\/astrilax-flas-20-mg-10-comprimidos-bucodispersables\\\/#breadcrumb\",\"itemListElement\":[{\"@type\":\"ListItem\",\"position\":1,\"name\":\"Portada\",\"item\":\"https:\\\/\\\/farmaciabetlemgracia.com\\\/\"},{\"@type\":\"ListItem\",\"position\":2,\"name\":\"Shop\",\"item\":\"https:\\\/\\\/farmaciabetlemgracia.com\\\/?page_id=5\"},{\"@type\":\"ListItem\",\"position\":3,\"name\":\"Astrilax Flas 20 mg 10 comprimidos bucodispersables\"}]},{\"@type\":\"WebSite\",\"@id\":\"https:\\\/\\\/farmaciabetlemgracia.com\\\/#website\",\"url\":\"https:\\\/\\\/farmaciabetlemgracia.com\\\/\",\"name\":\"Farmacia Betlem Gracia\",\"description\":\"\",\"publisher\":{\"@id\":\"https:\\\/\\\/farmaciabetlemgracia.com\\\/#organization\"},\"potentialAction\":[{\"@type\":\"SearchAction\",\"target\":{\"@type\":\"EntryPoint\",\"urlTemplate\":\"https:\\\/\\\/farmaciabetlemgracia.com\\\/?s={search_term_string}\"},\"query-input\":{\"@type\":\"PropertyValueSpecification\",\"valueRequired\":true,\"valueName\":\"search_term_string\"}}],\"inLanguage\":\"ca\"},{\"@type\":\"Organization\",\"@id\":\"https:\\\/\\\/farmaciabetlemgracia.com\\\/#organization\",\"name\":\"Farmacia Betlem Gracia\",\"url\":\"https:\\\/\\\/farmaciabetlemgracia.com\\\/\",\"logo\":{\"@type\":\"ImageObject\",\"inLanguage\":\"ca\",\"@id\":\"https:\\\/\\\/farmaciabetlemgracia.com\\\/#\\\/schema\\\/logo\\\/image\\\/\",\"url\":\"https:\\\/\\\/farmaciabetlemgracia.com\\\/wp-content\\\/uploads\\\/2025\\\/08\\\/cropped-cropped-logotransparent.png\",\"contentUrl\":\"https:\\\/\\\/farmaciabetlemgracia.com\\\/wp-content\\\/uploads\\\/2025\\\/08\\\/cropped-cropped-logotransparent.png\",\"width\":512,\"height\":512,\"caption\":\"Farmacia Betlem Gracia\"},\"image\":{\"@id\":\"https:\\\/\\\/farmaciabetlemgracia.com\\\/#\\\/schema\\\/logo\\\/image\\\/\"}}]}<\/script>\n<!-- \/ Yoast SEO plugin. -->","yoast_head_json":{"title":"Astrilax Flas 20 mg 10 comprimidos bucodispersables - Farmacia Betlem Gracia","robots":{"index":"index","follow":"follow","max-snippet":"max-snippet:-1","max-image-preview":"max-image-preview:large","max-video-preview":"max-video-preview:-1"},"canonical":"https:\/\/farmaciabetlemgracia.com\/ca\/product\/astrilax-flas-20-mg-10-comprimidos-bucodispersables\/","og_locale":"ca_ES","og_type":"article","og_title":"Astrilax Flas 20 mg 10 comprimidos bucodispersables - Farmacia Betlem Gracia","og_description":"Medicamento laxante estimulante indicado para el tratamiento a corto plazo del estre\u00f1imiento ocasional, cuando se requiere un efecto r\u00e1pido. Su formato en comprimidos bucodispersables permite una administraci\u00f3n c\u00f3moda, sin necesidad de agua.","og_url":"https:\/\/farmaciabetlemgracia.com\/ca\/product\/astrilax-flas-20-mg-10-comprimidos-bucodispersables\/","og_site_name":"Farmacia Betlem Gracia","article_modified_time":"2026-02-18T18:57:02+00:00","og_image":[{"width":500,"height":571,"url":"https:\/\/farmaciabetlemgracia.com\/wp-content\/uploads\/2026\/02\/astrilax-flas-20-mg-10-comprimidos-bucodispersables.webp","type":"image\/webp"}],"twitter_card":"summary_large_image","twitter_misc":{"Temps estimat de lectura":"2 minuts"},"schema":{"@context":"https:\/\/schema.org","@graph":[{"@type":"WebPage","@id":"https:\/\/farmaciabetlemgracia.com\/product\/astrilax-flas-20-mg-10-comprimidos-bucodispersables\/","url":"https:\/\/farmaciabetlemgracia.com\/product\/astrilax-flas-20-mg-10-comprimidos-bucodispersables\/","name":"Astrilax Flas 20 mg 10 comprimidos bucodispersables - Farmacia Betlem Gracia","isPartOf":{"@id":"https:\/\/farmaciabetlemgracia.com\/#website"},"primaryImageOfPage":{"@id":"https:\/\/farmaciabetlemgracia.com\/product\/astrilax-flas-20-mg-10-comprimidos-bucodispersables\/#primaryimage"},"image":{"@id":"https:\/\/farmaciabetlemgracia.com\/product\/astrilax-flas-20-mg-10-comprimidos-bucodispersables\/#primaryimage"},"thumbnailUrl":"https:\/\/farmaciabetlemgracia.com\/wp-content\/uploads\/2026\/02\/astrilax-flas-20-mg-10-comprimidos-bucodispersables.webp","datePublished":"2026-02-05T15:11:16+00:00","dateModified":"2026-02-18T18:57:02+00:00","breadcrumb":{"@id":"https:\/\/farmaciabetlemgracia.com\/product\/astrilax-flas-20-mg-10-comprimidos-bucodispersables\/#breadcrumb"},"inLanguage":"ca","potentialAction":[{"@type":"ReadAction","target":["https:\/\/farmaciabetlemgracia.com\/product\/astrilax-flas-20-mg-10-comprimidos-bucodispersables\/"]}]},{"@type":"ImageObject","inLanguage":"ca","@id":"https:\/\/farmaciabetlemgracia.com\/product\/astrilax-flas-20-mg-10-comprimidos-bucodispersables\/#primaryimage","url":"https:\/\/farmaciabetlemgracia.com\/wp-content\/uploads\/2026\/02\/astrilax-flas-20-mg-10-comprimidos-bucodispersables.webp","contentUrl":"https:\/\/farmaciabetlemgracia.com\/wp-content\/uploads\/2026\/02\/astrilax-flas-20-mg-10-comprimidos-bucodispersables.webp","width":500,"height":571},{"@type":"BreadcrumbList","@id":"https:\/\/farmaciabetlemgracia.com\/product\/astrilax-flas-20-mg-10-comprimidos-bucodispersables\/#breadcrumb","itemListElement":[{"@type":"ListItem","position":1,"name":"Portada","item":"https:\/\/farmaciabetlemgracia.com\/"},{"@type":"ListItem","position":2,"name":"Shop","item":"https:\/\/farmaciabetlemgracia.com\/?page_id=5"},{"@type":"ListItem","position":3,"name":"Astrilax Flas 20 mg 10 comprimidos bucodispersables"}]},{"@type":"WebSite","@id":"https:\/\/farmaciabetlemgracia.com\/#website","url":"https:\/\/farmaciabetlemgracia.com\/","name":"Farm\u00e0cia Betlem Gr\u00e0cia","description":"","publisher":{"@id":"https:\/\/farmaciabetlemgracia.com\/#organization"},"potentialAction":[{"@type":"SearchAction","target":{"@type":"EntryPoint","urlTemplate":"https:\/\/farmaciabetlemgracia.com\/?s={search_term_string}"},"query-input":{"@type":"PropertyValueSpecification","valueRequired":true,"valueName":"search_term_string"}}],"inLanguage":"ca"},{"@type":"Organization","@id":"https:\/\/farmaciabetlemgracia.com\/#organization","name":"Farm\u00e0cia Betlem Gr\u00e0cia","url":"https:\/\/farmaciabetlemgracia.com\/","logo":{"@type":"ImageObject","inLanguage":"ca","@id":"https:\/\/farmaciabetlemgracia.com\/#\/schema\/logo\/image\/","url":"https:\/\/farmaciabetlemgracia.com\/wp-content\/uploads\/2025\/08\/cropped-cropped-logotransparent.png","contentUrl":"https:\/\/farmaciabetlemgracia.com\/wp-content\/uploads\/2025\/08\/cropped-cropped-logotransparent.png","width":512,"height":512,"caption":"Farmacia Betlem Gracia"},"image":{"@id":"https:\/\/farmaciabetlemgracia.com\/#\/schema\/logo\/image\/"}}]}},"_links":{"self":[{"href":"https:\/\/farmaciabetlemgracia.com\/ca\/wp-json\/wp\/v2\/product\/3479","targetHints":{"allow":["GET"]}}],"collection":[{"href":"https:\/\/farmaciabetlemgracia.com\/ca\/wp-json\/wp\/v2\/product"}],"about":[{"href":"https:\/\/farmaciabetlemgracia.com\/ca\/wp-json\/wp\/v2\/types\/product"}],"replies":[{"embeddable":true,"href":"https:\/\/farmaciabetlemgracia.com\/ca\/wp-json\/wp\/v2\/comments?post=3479"}],"version-history":[{"count":1,"href":"https:\/\/farmaciabetlemgracia.com\/ca\/wp-json\/wp\/v2\/product\/3479\/revisions"}],"predecessor-version":[{"id":6540,"href":"https:\/\/farmaciabetlemgracia.com\/ca\/wp-json\/wp\/v2\/product\/3479\/revisions\/6540"}],"wp:featuredmedia":[{"embeddable":true,"href":"https:\/\/farmaciabetlemgracia.com\/ca\/wp-json\/wp\/v2\/media\/6517"}],"wp:attachment":[{"href":"https:\/\/farmaciabetlemgracia.com\/ca\/wp-json\/wp\/v2\/media?parent=3479"}],"wp:term":[{"taxonomy":"product_brand","embeddable":true,"href":"https:\/\/farmaciabetlemgracia.com\/ca\/wp-json\/wp\/v2\/product_brand?post=3479"},{"taxonomy":"product_cat","embeddable":true,"href":"https:\/\/farmaciabetlemgracia.com\/ca\/wp-json\/wp\/v2\/product_cat?post=3479"},{"taxonomy":"product_tag","embeddable":true,"href":"https:\/\/farmaciabetlemgracia.com\/ca\/wp-json\/wp\/v2\/product_tag?post=3479"}],"curies":[{"name":"wp","href":"https:\/\/api.w.org\/{rel}","templated":true}]}}