{"id":2672,"date":"2025-12-11T16:12:49","date_gmt":"2025-12-11T15:12:49","guid":{"rendered":"https:\/\/farmaciabetlemgracia.com\/?post_type=product&#038;p=2672"},"modified":"2025-12-20T14:12:18","modified_gmt":"2025-12-20T13:12:18","slug":"lactibiane-voyage-14-capsulas","status":"publish","type":"product","link":"https:\/\/farmaciabetlemgracia.com\/ca\/product\/lactibiane-voyage-14-capsulas\/","title":{"rendered":"Lactibiane Voyage 14 c\u00e1psulas"},"content":{"rendered":"<p data-start=\"716\" data-end=\"804\"><strong data-start=\"716\" data-end=\"749\"> Componentes:<\/strong><br data-start=\"749\" data-end=\"752\" \/>Por c\u00e1psula:<\/p>\n<ul data-start=\"805\" data-end=\"1188\">\n<li data-start=\"805\" data-end=\"979\">\n<p data-start=\"807\" data-end=\"856\"><strong data-start=\"807\" data-end=\"823\">20 \u00d7 10\u2079 UFC<\/strong> de probi\u00f3ticos, combinados de:<\/p>\n<ul data-start=\"859\" data-end=\"979\">\n<li data-start=\"859\" data-end=\"896\">\n<p data-start=\"861\" data-end=\"896\"><em data-start=\"861\" data-end=\"888\">Lactobacillus acidophilus<\/em> LA201<\/p>\n<\/li>\n<li data-start=\"899\" data-end=\"935\">\n<p data-start=\"901\" data-end=\"935\"><em data-start=\"901\" data-end=\"927\">Lacticaseibacillus casei<\/em> LA205<\/p>\n<\/li>\n<li data-start=\"938\" data-end=\"979\">\n<p data-start=\"940\" data-end=\"979\"><em data-start=\"940\" data-end=\"971\">Lactiplantibacillus plantarum<\/em> LA301<\/p>\n<\/li>\n<\/ul>\n<\/li>\n<li data-start=\"980\" data-end=\"1188\">\n<p data-start=\"982\" data-end=\"1188\">Otros ingredientes: almid\u00f3n de ma\u00edz (agente de carga), fermentos l\u00e1cticos (soporte: maltodextrinas), c\u00e1psula de origen vegetal, antiaglomerante (estearato de magnesio).<\/p>\n<\/li>\n<\/ul>\n<p data-start=\"1190\" data-end=\"1226\"><strong data-start=\"1190\" data-end=\"1224\">\ud83d\udd39 Modo de uso y advertencias:<\/strong><\/p>\n<p data-start=\"1228\" data-end=\"1246\"><strong data-start=\"1228\" data-end=\"1244\">Modo de uso:<\/strong><\/p>\n<ul data-start=\"1247\" data-end=\"1481\">\n<li data-start=\"1247\" data-end=\"1305\">\n<p data-start=\"1249\" data-end=\"1305\">Tomar <strong data-start=\"1255\" data-end=\"1275\">1 c\u00e1psula al d\u00eda<\/strong> con un vaso grande de agua.<\/p>\n<\/li>\n<li data-start=\"1306\" data-end=\"1481\">\n<p data-start=\"1308\" data-end=\"1481\">Se recomienda iniciar la toma <strong data-start=\"1338\" data-end=\"1364\">el d\u00eda antes del viaje<\/strong> y continuar diariamente durante toda la estancia o periodo de cambio de dieta.<\/p>\n<\/li>\n<\/ul>\n<p data-start=\"1483\" data-end=\"1502\"><strong data-start=\"1483\" data-end=\"1500\">Precauciones:<\/strong><\/p>\n<ul data-start=\"1503\" data-end=\"1899\">\n<li data-start=\"1503\" data-end=\"1588\">\n<p data-start=\"1505\" data-end=\"1588\"><strong data-start=\"1505\" data-end=\"1548\">No superar la dosis diaria recomendada.<\/strong><\/p>\n<\/li>\n<li data-start=\"1589\" data-end=\"1684\">\n<p data-start=\"1591\" data-end=\"1684\">Mantener fuera del alcance de los ni\u00f1os m\u00e1s peque\u00f1os.<\/p>\n<\/li>\n<li data-start=\"1685\" data-end=\"1822\">\n<p data-start=\"1687\" data-end=\"1822\">Este complemento alimenticio <strong data-start=\"1716\" data-end=\"1782\">no sustituye una dieta variada ni un estilo de vida saludable.<\/strong><\/p>\n<\/li>\n<li data-start=\"1823\" data-end=\"1899\">\n<p data-start=\"1825\" data-end=\"1899\">Conservar en un lugar fresco y seco.<\/p>\n<\/li>\n<\/ul>\n<p data-start=\"1901\" data-end=\"2165\"><strong data-start=\"1901\" data-end=\"1923\">Sobre el producto:<\/strong><br data-start=\"1923\" data-end=\"1926\" \/>Lactibiane Voyage est\u00e1 especialmente formulado para su estabilidad incluso en condiciones extremas (hasta 40 \u00b0C), por lo que es adecuado para llevar durante viajes largos o estancias en climas c\u00e1lidos.<\/p>","protected":false},"excerpt":{"rendered":"<p>Complemento alimenticio probi\u00f3tico con <strong data-start=\"343\" data-end=\"368\">3 cepas microbi\u00f3ticas<\/strong> (20 mil millones de UFC por c\u00e1psula) especialmente formulado para ayudar al equilibrio de la microbiota intestinal en situaciones de cambio, como viajes y adaptaciones a nuevas dietas.<\/p>","protected":false},"featured_media":0,"comment_status":"open","ping_status":"closed","template":"","meta":[],"product_brand":[428],"product_cat":[101,1875],"product_tag":[1048,546,1264,1755,378,1598,407,1756],"class_list":{"0":"post-2672","1":"product","2":"type-product","3":"status-publish","5":"product_brand-pileje","6":"product_cat-digestion-y-transito-intestinal","7":"product_cat-probioticos","8":"product_tag-bienestar-digestivo","9":"product_tag-capsulas","10":"product_tag-flora-intestinal","11":"product_tag-lactibiane-voyage","12":"product_tag-microbiota","13":"product_tag-pileje","14":"product_tag-probioticos","15":"product_tag-viaje","17":"first","18":"instock","19":"sale","20":"shipping-taxable","21":"purchasable","22":"product-type-simple"},"yoast_head":"<!-- This site is optimized with the Yoast SEO plugin v27.3 - https:\/\/yoast.com\/product\/yoast-seo-wordpress\/ -->\n<title>Lactibiane Voyage 14 c\u00e1psulas - Farmacia Betlem Gracia<\/title>\n<meta name=\"robots\" content=\"index, follow, max-snippet:-1, max-image-preview:large, max-video-preview:-1\" \/>\n<link rel=\"canonical\" href=\"https:\/\/farmaciabetlemgracia.com\/ca\/product\/lactibiane-voyage-14-capsulas\/\" \/>\n<meta property=\"og:locale\" content=\"ca_ES\" \/>\n<meta property=\"og:type\" content=\"article\" \/>\n<meta property=\"og:title\" content=\"Lactibiane Voyage 14 c\u00e1psulas - Farmacia Betlem Gracia\" \/>\n<meta property=\"og:description\" content=\"Complemento alimenticio probi\u00f3tico con 3 cepas microbi\u00f3ticas (20 mil millones de UFC por c\u00e1psula) especialmente formulado para ayudar al equilibrio de la microbiota intestinal en situaciones de cambio, como viajes y adaptaciones a nuevas dietas.\" \/>\n<meta property=\"og:url\" content=\"https:\/\/farmaciabetlemgracia.com\/ca\/product\/lactibiane-voyage-14-capsulas\/\" \/>\n<meta property=\"og:site_name\" content=\"Farmacia Betlem Gracia\" \/>\n<meta property=\"article:modified_time\" content=\"2025-12-20T13:12:18+00:00\" \/>\n<meta name=\"twitter:card\" content=\"summary_large_image\" \/>\n<meta name=\"twitter:label1\" content=\"Temps estimat de lectura\" \/>\n\t<meta name=\"twitter:data1\" content=\"1 minut\" \/>\n<script type=\"application\/ld+json\" class=\"yoast-schema-graph\">{\"@context\":\"https:\\\/\\\/schema.org\",\"@graph\":[{\"@type\":\"WebPage\",\"@id\":\"https:\\\/\\\/farmaciabetlemgracia.com\\\/product\\\/lactibiane-voyage-14-capsulas\\\/\",\"url\":\"https:\\\/\\\/farmaciabetlemgracia.com\\\/product\\\/lactibiane-voyage-14-capsulas\\\/\",\"name\":\"Lactibiane Voyage 14 c\u00e1psulas - Farmacia Betlem Gracia\",\"isPartOf\":{\"@id\":\"https:\\\/\\\/farmaciabetlemgracia.com\\\/#website\"},\"datePublished\":\"2025-12-11T15:12:49+00:00\",\"dateModified\":\"2025-12-20T13:12:18+00:00\",\"breadcrumb\":{\"@id\":\"https:\\\/\\\/farmaciabetlemgracia.com\\\/product\\\/lactibiane-voyage-14-capsulas\\\/#breadcrumb\"},\"inLanguage\":\"ca\",\"potentialAction\":[{\"@type\":\"ReadAction\",\"target\":[\"https:\\\/\\\/farmaciabetlemgracia.com\\\/product\\\/lactibiane-voyage-14-capsulas\\\/\"]}]},{\"@type\":\"BreadcrumbList\",\"@id\":\"https:\\\/\\\/farmaciabetlemgracia.com\\\/product\\\/lactibiane-voyage-14-capsulas\\\/#breadcrumb\",\"itemListElement\":[{\"@type\":\"ListItem\",\"position\":1,\"name\":\"Portada\",\"item\":\"https:\\\/\\\/farmaciabetlemgracia.com\\\/\"},{\"@type\":\"ListItem\",\"position\":2,\"name\":\"Shop\",\"item\":\"https:\\\/\\\/farmaciabetlemgracia.com\\\/shop\\\/\"},{\"@type\":\"ListItem\",\"position\":3,\"name\":\"Lactibiane Voyage 14 c\u00e1psulas\"}]},{\"@type\":\"WebSite\",\"@id\":\"https:\\\/\\\/farmaciabetlemgracia.com\\\/#website\",\"url\":\"https:\\\/\\\/farmaciabetlemgracia.com\\\/\",\"name\":\"Farmacia Betlem Gracia\",\"description\":\"\",\"publisher\":{\"@id\":\"https:\\\/\\\/farmaciabetlemgracia.com\\\/#organization\"},\"potentialAction\":[{\"@type\":\"SearchAction\",\"target\":{\"@type\":\"EntryPoint\",\"urlTemplate\":\"https:\\\/\\\/farmaciabetlemgracia.com\\\/?s={search_term_string}\"},\"query-input\":{\"@type\":\"PropertyValueSpecification\",\"valueRequired\":true,\"valueName\":\"search_term_string\"}}],\"inLanguage\":\"ca\"},{\"@type\":\"Organization\",\"@id\":\"https:\\\/\\\/farmaciabetlemgracia.com\\\/#organization\",\"name\":\"Farmacia Betlem Gracia\",\"url\":\"https:\\\/\\\/farmaciabetlemgracia.com\\\/\",\"logo\":{\"@type\":\"ImageObject\",\"inLanguage\":\"ca\",\"@id\":\"https:\\\/\\\/farmaciabetlemgracia.com\\\/#\\\/schema\\\/logo\\\/image\\\/\",\"url\":\"https:\\\/\\\/i0.wp.com\\\/farmaciabetlemgracia.com\\\/wp-content\\\/uploads\\\/2025\\\/08\\\/f7447ce2-2a06-476d-bc28-50879675ac04-copy.webp?fit=1024%2C1024&ssl=1\",\"contentUrl\":\"https:\\\/\\\/i0.wp.com\\\/farmaciabetlemgracia.com\\\/wp-content\\\/uploads\\\/2025\\\/08\\\/f7447ce2-2a06-476d-bc28-50879675ac04-copy.webp?fit=1024%2C1024&ssl=1\",\"width\":1024,\"height\":1024,\"caption\":\"Farmacia Betlem Gracia\"},\"image\":{\"@id\":\"https:\\\/\\\/farmaciabetlemgracia.com\\\/#\\\/schema\\\/logo\\\/image\\\/\"}}]}<\/script>\n<!-- \/ Yoast SEO plugin. -->","yoast_head_json":{"title":"Lactibiane Voyage 14 c\u00e1psulas - Farmacia Betlem Gracia","robots":{"index":"index","follow":"follow","max-snippet":"max-snippet:-1","max-image-preview":"max-image-preview:large","max-video-preview":"max-video-preview:-1"},"canonical":"https:\/\/farmaciabetlemgracia.com\/ca\/product\/lactibiane-voyage-14-capsulas\/","og_locale":"ca_ES","og_type":"article","og_title":"Lactibiane Voyage 14 c\u00e1psulas - Farmacia Betlem Gracia","og_description":"Complemento alimenticio probi\u00f3tico con 3 cepas microbi\u00f3ticas (20 mil millones de UFC por c\u00e1psula) especialmente formulado para ayudar al equilibrio de la microbiota intestinal en situaciones de cambio, como viajes y adaptaciones a nuevas dietas.","og_url":"https:\/\/farmaciabetlemgracia.com\/ca\/product\/lactibiane-voyage-14-capsulas\/","og_site_name":"Farmacia Betlem Gracia","article_modified_time":"2025-12-20T13:12:18+00:00","twitter_card":"summary_large_image","twitter_misc":{"Temps estimat de lectura":"1 minut"},"schema":{"@context":"https:\/\/schema.org","@graph":[{"@type":"WebPage","@id":"https:\/\/farmaciabetlemgracia.com\/product\/lactibiane-voyage-14-capsulas\/","url":"https:\/\/farmaciabetlemgracia.com\/product\/lactibiane-voyage-14-capsulas\/","name":"Lactibiane Voyage 14 c\u00e1psulas - Farmacia Betlem Gracia","isPartOf":{"@id":"https:\/\/farmaciabetlemgracia.com\/#website"},"datePublished":"2025-12-11T15:12:49+00:00","dateModified":"2025-12-20T13:12:18+00:00","breadcrumb":{"@id":"https:\/\/farmaciabetlemgracia.com\/product\/lactibiane-voyage-14-capsulas\/#breadcrumb"},"inLanguage":"ca","potentialAction":[{"@type":"ReadAction","target":["https:\/\/farmaciabetlemgracia.com\/product\/lactibiane-voyage-14-capsulas\/"]}]},{"@type":"BreadcrumbList","@id":"https:\/\/farmaciabetlemgracia.com\/product\/lactibiane-voyage-14-capsulas\/#breadcrumb","itemListElement":[{"@type":"ListItem","position":1,"name":"Portada","item":"https:\/\/farmaciabetlemgracia.com\/"},{"@type":"ListItem","position":2,"name":"Shop","item":"https:\/\/farmaciabetlemgracia.com\/shop\/"},{"@type":"ListItem","position":3,"name":"Lactibiane Voyage 14 c\u00e1psulas"}]},{"@type":"WebSite","@id":"https:\/\/farmaciabetlemgracia.com\/#website","url":"https:\/\/farmaciabetlemgracia.com\/","name":"Farm\u00e0cia Betlem Gr\u00e0cia","description":"","publisher":{"@id":"https:\/\/farmaciabetlemgracia.com\/#organization"},"potentialAction":[{"@type":"SearchAction","target":{"@type":"EntryPoint","urlTemplate":"https:\/\/farmaciabetlemgracia.com\/?s={search_term_string}"},"query-input":{"@type":"PropertyValueSpecification","valueRequired":true,"valueName":"search_term_string"}}],"inLanguage":"ca"},{"@type":"Organization","@id":"https:\/\/farmaciabetlemgracia.com\/#organization","name":"Farm\u00e0cia Betlem Gr\u00e0cia","url":"https:\/\/farmaciabetlemgracia.com\/","logo":{"@type":"ImageObject","inLanguage":"ca","@id":"https:\/\/farmaciabetlemgracia.com\/#\/schema\/logo\/image\/","url":"https:\/\/i0.wp.com\/farmaciabetlemgracia.com\/wp-content\/uploads\/2025\/08\/f7447ce2-2a06-476d-bc28-50879675ac04-copy.webp?fit=1024%2C1024&ssl=1","contentUrl":"https:\/\/i0.wp.com\/farmaciabetlemgracia.com\/wp-content\/uploads\/2025\/08\/f7447ce2-2a06-476d-bc28-50879675ac04-copy.webp?fit=1024%2C1024&ssl=1","width":1024,"height":1024,"caption":"Farmacia Betlem Gracia"},"image":{"@id":"https:\/\/farmaciabetlemgracia.com\/#\/schema\/logo\/image\/"}}]}},"jetpack_sharing_enabled":true,"_links":{"self":[{"href":"https:\/\/farmaciabetlemgracia.com\/ca\/wp-json\/wp\/v2\/product\/2672","targetHints":{"allow":["GET"]}}],"collection":[{"href":"https:\/\/farmaciabetlemgracia.com\/ca\/wp-json\/wp\/v2\/product"}],"about":[{"href":"https:\/\/farmaciabetlemgracia.com\/ca\/wp-json\/wp\/v2\/types\/product"}],"replies":[{"embeddable":true,"href":"https:\/\/farmaciabetlemgracia.com\/ca\/wp-json\/wp\/v2\/comments?post=2672"}],"version-history":[{"count":0,"href":"https:\/\/farmaciabetlemgracia.com\/ca\/wp-json\/wp\/v2\/product\/2672\/revisions"}],"wp:attachment":[{"href":"https:\/\/farmaciabetlemgracia.com\/ca\/wp-json\/wp\/v2\/media?parent=2672"}],"wp:term":[{"taxonomy":"product_brand","embeddable":true,"href":"https:\/\/farmaciabetlemgracia.com\/ca\/wp-json\/wp\/v2\/product_brand?post=2672"},{"taxonomy":"product_cat","embeddable":true,"href":"https:\/\/farmaciabetlemgracia.com\/ca\/wp-json\/wp\/v2\/product_cat?post=2672"},{"taxonomy":"product_tag","embeddable":true,"href":"https:\/\/farmaciabetlemgracia.com\/ca\/wp-json\/wp\/v2\/product_tag?post=2672"}],"curies":[{"name":"wp","href":"https:\/\/api.w.org\/{rel}","templated":true}]}}