{"id":2456,"date":"2025-10-17T16:50:03","date_gmt":"2025-10-17T16:50:03","guid":{"rendered":"https:\/\/farmaciabetlemgracia.com\/?post_type=product&#038;p=2456"},"modified":"2025-10-24T13:43:37","modified_gmt":"2025-10-24T13:43:37","slug":"alcohol-70o-kern-pharma-1-frasco-250-ml","status":"publish","type":"product","link":"https:\/\/farmaciabetlemgracia.com\/ca\/product\/alcohol-70o-kern-pharma-1-frasco-250-ml\/","title":{"rendered":"Alcohol 70\u00ba Kern Pharma 1 frasco 250 ml"},"content":{"rendered":"<p data-start=\"252\" data-end=\"559\"><strong data-start=\"285\" data-end=\"302\">Indicaciones:<\/strong><br data-start=\"302\" data-end=\"305\" \/>Antis\u00e9ptico de <strong data-start=\"320\" data-end=\"335\">uso externo<\/strong> para la <strong data-start=\"344\" data-end=\"387\">limpieza y desinfecci\u00f3n de la piel sana<\/strong> antes de intervenciones, curas o extracciones.<br data-start=\"434\" data-end=\"437\" \/>Su concentraci\u00f3n del 70 % ofrece <strong data-start=\"470\" data-end=\"505\">eficacia bactericida y virucida<\/strong>, siendo adecuada para el uso dom\u00e9stico o sanitario.<\/p>\n<p data-start=\"561\" data-end=\"748\"><strong data-start=\"561\" data-end=\"580\">Modo de empleo:<\/strong><br data-start=\"580\" data-end=\"583\" \/>Aplicar directamente sobre la piel con una gasa o algod\u00f3n est\u00e9ril.<br data-start=\"649\" data-end=\"652\" \/>Frotar suavemente y dejar secar al aire antes de proceder.<br data-start=\"710\" data-end=\"713\" \/>Uso exclusivo sobre piel intacta.<\/p>\n<p data-start=\"750\" data-end=\"1018\"><strong data-start=\"750\" data-end=\"767\">Advertencias:<\/strong><br data-start=\"767\" data-end=\"770\" \/><strong data-start=\"770\" data-end=\"793\">L\u00edquido inflamable.<\/strong><br data-start=\"793\" data-end=\"796\" \/>No aplicar sobre heridas abiertas ni mucosas.<br data-start=\"841\" data-end=\"844\" \/>Evitar contacto con ojos.<br data-start=\"869\" data-end=\"872\" \/>No ingerir.<br data-start=\"883\" data-end=\"886\" \/>Mantener bien cerrado y alejado de fuentes de calor o llamas.<br data-start=\"947\" data-end=\"950\" \/>Conservar a temperatura ambiente y fuera del alcance de los ni\u00f1os.<\/p>","protected":false},"excerpt":{"rendered":"<p>Soluci\u00f3n t\u00f3pica de <strong data-start=\"95\" data-end=\"122\">alcohol et\u00edlico al 70 %<\/strong>, indicada para la <strong data-start=\"141\" data-end=\"186\">antisepsia y desinfecci\u00f3n de la piel sana<\/strong> antes de curas, inyecciones o procedimientos m\u00e9dicos menores.<\/p>","protected":false},"featured_media":2457,"comment_status":"open","ping_status":"closed","template":"","meta":{"site-sidebar-layout":"default","site-content-layout":"","ast-site-content-layout":"default","site-content-style":"default","site-sidebar-style":"default","ast-global-header-display":"","ast-banner-title-visibility":"","ast-main-header-display":"","ast-hfb-above-header-display":"","ast-hfb-below-header-display":"","ast-hfb-mobile-header-display":"","site-post-title":"","ast-breadcrumbs-content":"","ast-featured-img":"","footer-sml-layout":"","ast-disable-related-posts":"","theme-transparent-header-meta":"","adv-header-id-meta":"","stick-header-meta":"","header-above-stick-meta":"","header-main-stick-meta":"","header-below-stick-meta":"","astra-migrate-meta-layouts":"default","ast-page-background-enabled":"default","ast-page-background-meta":{"desktop":{"background-color":"var(--ast-global-color-5)","background-image":"","background-repeat":"repeat","background-position":"center center","background-size":"auto","background-attachment":"scroll","background-type":"","background-media":"","overlay-type":"","overlay-color":"","overlay-opacity":"","overlay-gradient":""},"tablet":{"background-color":"","background-image":"","background-repeat":"repeat","background-position":"center center","background-size":"auto","background-attachment":"scroll","background-type":"","background-media":"","overlay-type":"","overlay-color":"","overlay-opacity":"","overlay-gradient":""},"mobile":{"background-color":"","background-image":"","background-repeat":"repeat","background-position":"center center","background-size":"auto","background-attachment":"scroll","background-type":"","background-media":"","overlay-type":"","overlay-color":"","overlay-opacity":"","overlay-gradient":""}},"ast-content-background-meta":{"desktop":{"background-color":"var(--ast-global-color-4)","background-image":"","background-repeat":"repeat","background-position":"center center","background-size":"auto","background-attachment":"scroll","background-type":"","background-media":"","overlay-type":"","overlay-color":"","overlay-opacity":"","overlay-gradient":""},"tablet":{"background-color":"var(--ast-global-color-4)","background-image":"","background-repeat":"repeat","background-position":"center center","background-size":"auto","background-attachment":"scroll","background-type":"","background-media":"","overlay-type":"","overlay-color":"","overlay-opacity":"","overlay-gradient":""},"mobile":{"background-color":"var(--ast-global-color-4)","background-image":"","background-repeat":"repeat","background-position":"center center","background-size":"auto","background-attachment":"scroll","background-type":"","background-media":"","overlay-type":"","overlay-color":"","overlay-opacity":"","overlay-gradient":""}}},"product_brand":[610],"product_cat":[1275],"product_tag":[1407,1497,1498,1443,1331,1496,1330],"class_list":{"0":"post-2456","1":"product","2":"type-product","3":"status-publish","4":"has-post-thumbnail","6":"product_brand-kern-pharma","7":"product_cat-botiquin","8":"product_tag-250-ml","9":"product_tag-alcohol-70o","10":"product_tag-antisepsia","11":"product_tag-antiseptico","12":"product_tag-desinfeccion-piel","13":"product_tag-kern-pharma","14":"product_tag-solucion-topica","15":"desktop-align-center","16":"tablet-align-left","17":"mobile-align-left","19":"first","20":"outofstock","21":"sale","22":"shipping-taxable","23":"purchasable","24":"product-type-simple"},"yoast_head":"<!-- This site is optimized with the Yoast SEO plugin v27.3 - https:\/\/yoast.com\/product\/yoast-seo-wordpress\/ -->\n<title>Alcohol 70\u00ba Kern Pharma 1 frasco 250 ml - Farmacia Betlem Gracia<\/title>\n<meta name=\"robots\" content=\"index, follow, max-snippet:-1, max-image-preview:large, max-video-preview:-1\" \/>\n<link rel=\"canonical\" href=\"https:\/\/farmaciabetlemgracia.com\/ca\/product\/alcohol-70o-kern-pharma-1-frasco-250-ml\/\" \/>\n<meta property=\"og:locale\" content=\"ca_ES\" \/>\n<meta property=\"og:type\" content=\"article\" \/>\n<meta property=\"og:title\" content=\"Alcohol 70\u00ba Kern Pharma 1 frasco 250 ml - Farmacia Betlem Gracia\" \/>\n<meta property=\"og:description\" content=\"Soluci\u00f3n t\u00f3pica de alcohol et\u00edlico al 70 %, indicada para la antisepsia y desinfecci\u00f3n de la piel sana antes de curas, inyecciones o procedimientos m\u00e9dicos menores.\" \/>\n<meta property=\"og:url\" content=\"https:\/\/farmaciabetlemgracia.com\/ca\/product\/alcohol-70o-kern-pharma-1-frasco-250-ml\/\" \/>\n<meta property=\"og:site_name\" content=\"Farmacia Betlem Gracia\" \/>\n<meta property=\"article:modified_time\" content=\"2025-10-24T13:43:37+00:00\" \/>\n<meta name=\"twitter:card\" content=\"summary_large_image\" \/>\n<meta name=\"twitter:label1\" content=\"Temps estimat de lectura\" \/>\n\t<meta name=\"twitter:data1\" content=\"1 minut\" \/>\n<script type=\"application\/ld+json\" class=\"yoast-schema-graph\">{\"@context\":\"https:\\\/\\\/schema.org\",\"@graph\":[{\"@type\":\"WebPage\",\"@id\":\"https:\\\/\\\/farmaciabetlemgracia.com\\\/product\\\/alcohol-70o-kern-pharma-1-frasco-250-ml\\\/\",\"url\":\"https:\\\/\\\/farmaciabetlemgracia.com\\\/product\\\/alcohol-70o-kern-pharma-1-frasco-250-ml\\\/\",\"name\":\"Alcohol 70\u00ba Kern Pharma 1 frasco 250 ml - Farmacia Betlem Gracia\",\"isPartOf\":{\"@id\":\"https:\\\/\\\/farmaciabetlemgracia.com\\\/#website\"},\"primaryImageOfPage\":{\"@id\":\"https:\\\/\\\/farmaciabetlemgracia.com\\\/product\\\/alcohol-70o-kern-pharma-1-frasco-250-ml\\\/#primaryimage\"},\"image\":{\"@id\":\"https:\\\/\\\/farmaciabetlemgracia.com\\\/product\\\/alcohol-70o-kern-pharma-1-frasco-250-ml\\\/#primaryimage\"},\"thumbnailUrl\":\"https:\\\/\\\/farmaciabetlemgracia.com\\\/wp-content\\\/uploads\\\/2025\\\/10\\\/kern-alc.avif\",\"datePublished\":\"2025-10-17T16:50:03+00:00\",\"dateModified\":\"2025-10-24T13:43:37+00:00\",\"breadcrumb\":{\"@id\":\"https:\\\/\\\/farmaciabetlemgracia.com\\\/product\\\/alcohol-70o-kern-pharma-1-frasco-250-ml\\\/#breadcrumb\"},\"inLanguage\":\"ca\",\"potentialAction\":[{\"@type\":\"ReadAction\",\"target\":[\"https:\\\/\\\/farmaciabetlemgracia.com\\\/product\\\/alcohol-70o-kern-pharma-1-frasco-250-ml\\\/\"]}]},{\"@type\":\"ImageObject\",\"inLanguage\":\"ca\",\"@id\":\"https:\\\/\\\/farmaciabetlemgracia.com\\\/product\\\/alcohol-70o-kern-pharma-1-frasco-250-ml\\\/#primaryimage\",\"url\":\"https:\\\/\\\/farmaciabetlemgracia.com\\\/wp-content\\\/uploads\\\/2025\\\/10\\\/kern-alc.avif\",\"contentUrl\":\"https:\\\/\\\/farmaciabetlemgracia.com\\\/wp-content\\\/uploads\\\/2025\\\/10\\\/kern-alc.avif\",\"width\":1000,\"height\":1000},{\"@type\":\"BreadcrumbList\",\"@id\":\"https:\\\/\\\/farmaciabetlemgracia.com\\\/product\\\/alcohol-70o-kern-pharma-1-frasco-250-ml\\\/#breadcrumb\",\"itemListElement\":[{\"@type\":\"ListItem\",\"position\":1,\"name\":\"Portada\",\"item\":\"https:\\\/\\\/farmaciabetlemgracia.com\\\/\"},{\"@type\":\"ListItem\",\"position\":2,\"name\":\"Shop\",\"item\":\"https:\\\/\\\/farmaciabetlemgracia.com\\\/?page_id=5\"},{\"@type\":\"ListItem\",\"position\":3,\"name\":\"Alcohol 70\u00ba Kern Pharma 1 frasco 250 ml\"}]},{\"@type\":\"WebSite\",\"@id\":\"https:\\\/\\\/farmaciabetlemgracia.com\\\/#website\",\"url\":\"https:\\\/\\\/farmaciabetlemgracia.com\\\/\",\"name\":\"Farmacia Betlem Gracia\",\"description\":\"\",\"publisher\":{\"@id\":\"https:\\\/\\\/farmaciabetlemgracia.com\\\/#organization\"},\"potentialAction\":[{\"@type\":\"SearchAction\",\"target\":{\"@type\":\"EntryPoint\",\"urlTemplate\":\"https:\\\/\\\/farmaciabetlemgracia.com\\\/?s={search_term_string}\"},\"query-input\":{\"@type\":\"PropertyValueSpecification\",\"valueRequired\":true,\"valueName\":\"search_term_string\"}}],\"inLanguage\":\"ca\"},{\"@type\":\"Organization\",\"@id\":\"https:\\\/\\\/farmaciabetlemgracia.com\\\/#organization\",\"name\":\"Farmacia Betlem Gracia\",\"url\":\"https:\\\/\\\/farmaciabetlemgracia.com\\\/\",\"logo\":{\"@type\":\"ImageObject\",\"inLanguage\":\"ca\",\"@id\":\"https:\\\/\\\/farmaciabetlemgracia.com\\\/#\\\/schema\\\/logo\\\/image\\\/\",\"url\":\"https:\\\/\\\/farmaciabetlemgracia.com\\\/wp-content\\\/uploads\\\/2025\\\/08\\\/cropped-cropped-logotransparent.png\",\"contentUrl\":\"https:\\\/\\\/farmaciabetlemgracia.com\\\/wp-content\\\/uploads\\\/2025\\\/08\\\/cropped-cropped-logotransparent.png\",\"width\":512,\"height\":512,\"caption\":\"Farmacia Betlem Gracia\"},\"image\":{\"@id\":\"https:\\\/\\\/farmaciabetlemgracia.com\\\/#\\\/schema\\\/logo\\\/image\\\/\"}}]}<\/script>\n<!-- \/ Yoast SEO plugin. -->","yoast_head_json":{"title":"Alcohol 70\u00ba Kern Pharma 1 frasco 250 ml - Farmacia Betlem Gracia","robots":{"index":"index","follow":"follow","max-snippet":"max-snippet:-1","max-image-preview":"max-image-preview:large","max-video-preview":"max-video-preview:-1"},"canonical":"https:\/\/farmaciabetlemgracia.com\/ca\/product\/alcohol-70o-kern-pharma-1-frasco-250-ml\/","og_locale":"ca_ES","og_type":"article","og_title":"Alcohol 70\u00ba Kern Pharma 1 frasco 250 ml - Farmacia Betlem Gracia","og_description":"Soluci\u00f3n t\u00f3pica de alcohol et\u00edlico al 70 %, indicada para la antisepsia y desinfecci\u00f3n de la piel sana antes de curas, inyecciones o procedimientos m\u00e9dicos menores.","og_url":"https:\/\/farmaciabetlemgracia.com\/ca\/product\/alcohol-70o-kern-pharma-1-frasco-250-ml\/","og_site_name":"Farmacia Betlem Gracia","article_modified_time":"2025-10-24T13:43:37+00:00","twitter_card":"summary_large_image","twitter_misc":{"Temps estimat de lectura":"1 minut"},"schema":{"@context":"https:\/\/schema.org","@graph":[{"@type":"WebPage","@id":"https:\/\/farmaciabetlemgracia.com\/product\/alcohol-70o-kern-pharma-1-frasco-250-ml\/","url":"https:\/\/farmaciabetlemgracia.com\/product\/alcohol-70o-kern-pharma-1-frasco-250-ml\/","name":"Alcohol 70\u00ba Kern Pharma 1 frasco 250 ml - Farmacia Betlem Gracia","isPartOf":{"@id":"https:\/\/farmaciabetlemgracia.com\/#website"},"primaryImageOfPage":{"@id":"https:\/\/farmaciabetlemgracia.com\/product\/alcohol-70o-kern-pharma-1-frasco-250-ml\/#primaryimage"},"image":{"@id":"https:\/\/farmaciabetlemgracia.com\/product\/alcohol-70o-kern-pharma-1-frasco-250-ml\/#primaryimage"},"thumbnailUrl":"https:\/\/farmaciabetlemgracia.com\/wp-content\/uploads\/2025\/10\/kern-alc.avif","datePublished":"2025-10-17T16:50:03+00:00","dateModified":"2025-10-24T13:43:37+00:00","breadcrumb":{"@id":"https:\/\/farmaciabetlemgracia.com\/product\/alcohol-70o-kern-pharma-1-frasco-250-ml\/#breadcrumb"},"inLanguage":"ca","potentialAction":[{"@type":"ReadAction","target":["https:\/\/farmaciabetlemgracia.com\/product\/alcohol-70o-kern-pharma-1-frasco-250-ml\/"]}]},{"@type":"ImageObject","inLanguage":"ca","@id":"https:\/\/farmaciabetlemgracia.com\/product\/alcohol-70o-kern-pharma-1-frasco-250-ml\/#primaryimage","url":"https:\/\/farmaciabetlemgracia.com\/wp-content\/uploads\/2025\/10\/kern-alc.avif","contentUrl":"https:\/\/farmaciabetlemgracia.com\/wp-content\/uploads\/2025\/10\/kern-alc.avif","width":1000,"height":1000},{"@type":"BreadcrumbList","@id":"https:\/\/farmaciabetlemgracia.com\/product\/alcohol-70o-kern-pharma-1-frasco-250-ml\/#breadcrumb","itemListElement":[{"@type":"ListItem","position":1,"name":"Portada","item":"https:\/\/farmaciabetlemgracia.com\/"},{"@type":"ListItem","position":2,"name":"Shop","item":"https:\/\/farmaciabetlemgracia.com\/?page_id=5"},{"@type":"ListItem","position":3,"name":"Alcohol 70\u00ba Kern Pharma 1 frasco 250 ml"}]},{"@type":"WebSite","@id":"https:\/\/farmaciabetlemgracia.com\/#website","url":"https:\/\/farmaciabetlemgracia.com\/","name":"Farm\u00e0cia Betlem Gr\u00e0cia","description":"","publisher":{"@id":"https:\/\/farmaciabetlemgracia.com\/#organization"},"potentialAction":[{"@type":"SearchAction","target":{"@type":"EntryPoint","urlTemplate":"https:\/\/farmaciabetlemgracia.com\/?s={search_term_string}"},"query-input":{"@type":"PropertyValueSpecification","valueRequired":true,"valueName":"search_term_string"}}],"inLanguage":"ca"},{"@type":"Organization","@id":"https:\/\/farmaciabetlemgracia.com\/#organization","name":"Farm\u00e0cia Betlem Gr\u00e0cia","url":"https:\/\/farmaciabetlemgracia.com\/","logo":{"@type":"ImageObject","inLanguage":"ca","@id":"https:\/\/farmaciabetlemgracia.com\/#\/schema\/logo\/image\/","url":"https:\/\/farmaciabetlemgracia.com\/wp-content\/uploads\/2025\/08\/cropped-cropped-logotransparent.png","contentUrl":"https:\/\/farmaciabetlemgracia.com\/wp-content\/uploads\/2025\/08\/cropped-cropped-logotransparent.png","width":512,"height":512,"caption":"Farmacia Betlem Gracia"},"image":{"@id":"https:\/\/farmaciabetlemgracia.com\/#\/schema\/logo\/image\/"}}]}},"_links":{"self":[{"href":"https:\/\/farmaciabetlemgracia.com\/ca\/wp-json\/wp\/v2\/product\/2456","targetHints":{"allow":["GET"]}}],"collection":[{"href":"https:\/\/farmaciabetlemgracia.com\/ca\/wp-json\/wp\/v2\/product"}],"about":[{"href":"https:\/\/farmaciabetlemgracia.com\/ca\/wp-json\/wp\/v2\/types\/product"}],"replies":[{"embeddable":true,"href":"https:\/\/farmaciabetlemgracia.com\/ca\/wp-json\/wp\/v2\/comments?post=2456"}],"version-history":[{"count":0,"href":"https:\/\/farmaciabetlemgracia.com\/ca\/wp-json\/wp\/v2\/product\/2456\/revisions"}],"wp:featuredmedia":[{"embeddable":true,"href":"https:\/\/farmaciabetlemgracia.com\/ca\/wp-json\/wp\/v2\/media\/2457"}],"wp:attachment":[{"href":"https:\/\/farmaciabetlemgracia.com\/ca\/wp-json\/wp\/v2\/media?parent=2456"}],"wp:term":[{"taxonomy":"product_brand","embeddable":true,"href":"https:\/\/farmaciabetlemgracia.com\/ca\/wp-json\/wp\/v2\/product_brand?post=2456"},{"taxonomy":"product_cat","embeddable":true,"href":"https:\/\/farmaciabetlemgracia.com\/ca\/wp-json\/wp\/v2\/product_cat?post=2456"},{"taxonomy":"product_tag","embeddable":true,"href":"https:\/\/farmaciabetlemgracia.com\/ca\/wp-json\/wp\/v2\/product_tag?post=2456"}],"curies":[{"name":"wp","href":"https:\/\/api.w.org\/{rel}","templated":true}]}}