{"id":2450,"date":"2025-10-22T14:00:13","date_gmt":"2025-10-22T14:00:13","guid":{"rendered":"https:\/\/farmaciabetlemgracia.com\/?post_type=product&#038;p=2450"},"modified":"2025-11-21T14:44:35","modified_gmt":"2025-11-21T13:44:35","slug":"agua-oxigenada-heridine-1-frasco-500-ml","status":"publish","type":"product","link":"https:\/\/farmaciabetlemgracia.com\/ca\/product\/agua-oxigenada-heridine-1-frasco-500-ml\/","title":{"rendered":"Agua Oxigenada Heridine 1 frasco 500 ml  <span class=\"cn-hide\">(CN: 152930)<\/span>"},"content":{"rendered":"<p data-start=\"1703\" data-end=\"2020\"><strong data-start=\"1736\" data-end=\"1753\">Indicaciones:<\/strong><br data-start=\"1753\" data-end=\"1756\" \/>Indicado como <strong data-start=\"1770\" data-end=\"1808\">antis\u00e9ptico cut\u00e1neo de uso externo<\/strong>.<br data-start=\"1809\" data-end=\"1812\" \/>Eficaz en la eliminaci\u00f3n de restos org\u00e1nicos y microorganismos superficiales en la piel y peque\u00f1as heridas.<br data-start=\"1919\" data-end=\"1922\" \/>Puede emplearse tambi\u00e9n para la <strong data-start=\"1954\" data-end=\"2017\">preparaci\u00f3n de la piel antes de aplicar ap\u00f3sitos o vendajes<\/strong>.<\/p>\n<p data-start=\"2022\" data-end=\"2237\"><strong data-start=\"2022\" data-end=\"2041\">Modo de empleo:<\/strong><br data-start=\"2041\" data-end=\"2044\" \/>Aplicar directamente sobre la zona afectada con una gasa est\u00e9ril o verter una peque\u00f1a cantidad sobre la piel.<br data-start=\"2153\" data-end=\"2156\" \/>Dejar actuar unos segundos y aclarar si es necesario.<br data-start=\"2209\" data-end=\"2212\" \/>Uso externo \u00fanicamente.<\/p>\n<p data-start=\"2239\" data-end=\"2495\"><strong data-start=\"2239\" data-end=\"2256\">Advertencias:<\/strong><br data-start=\"2256\" data-end=\"2259\" \/>No ingerir.<br data-start=\"2270\" data-end=\"2273\" \/>Evitar contacto con ojos, mucosas o heridas profundas.<br data-start=\"2327\" data-end=\"2330\" \/>No usar en personas sensibles al per\u00f3xido de hidr\u00f3geno.<br data-start=\"2385\" data-end=\"2388\" \/>Conservar en lugar fresco y protegido de la luz solar directa.<br data-start=\"2450\" data-end=\"2453\" \/>Mantener fuera del alcance de los ni\u00f1os.<\/p>","protected":false},"excerpt":{"rendered":"<p>Soluci\u00f3n antis\u00e9ptica de <strong data-start=\"1575\" data-end=\"1607\">per\u00f3xido de hidr\u00f3geno al 3 %<\/strong>, utilizada para la <strong data-start=\"1627\" data-end=\"1683\">limpieza y desinfecci\u00f3n de heridas leves o piel sana<\/strong> antes de curas.<\/p>","protected":false},"featured_media":2453,"comment_status":"open","ping_status":"closed","template":"","meta":[],"product_brand":[1454],"product_cat":[1275],"product_tag":[1483,1456,1443,708,1495,1479,1480],"class_list":{"0":"post-2450","1":"product","2":"type-product","3":"status-publish","4":"has-post-thumbnail","6":"product_brand-vaza","7":"product_cat-botiquin","8":"product_tag-500-ml","9":"product_tag-agua-oxigenada","10":"product_tag-antiseptico","11":"product_tag-heridas","12":"product_tag-heridine","13":"product_tag-peroxido-de-hidrogeno-3","14":"product_tag-solucion-cutanea","16":"first","17":"instock","18":"sale","19":"shipping-taxable","20":"purchasable","21":"product-type-simple"},"yoast_head":"<!-- This site is optimized with the Yoast SEO plugin v27.3 - https:\/\/yoast.com\/product\/yoast-seo-wordpress\/ -->\n<title>Agua Oxigenada Heridine 1 frasco 500 ml (CN: 152930) - Farmacia Betlem Gracia<\/title>\n<meta name=\"robots\" content=\"index, follow, max-snippet:-1, max-image-preview:large, max-video-preview:-1\" \/>\n<link rel=\"canonical\" href=\"https:\/\/farmaciabetlemgracia.com\/ca\/product\/agua-oxigenada-heridine-1-frasco-500-ml\/\" \/>\n<meta property=\"og:locale\" content=\"ca_ES\" \/>\n<meta property=\"og:type\" content=\"article\" \/>\n<meta property=\"og:title\" content=\"Agua Oxigenada Heridine 1 frasco 500 ml (CN: 152930) - Farmacia Betlem Gracia\" \/>\n<meta property=\"og:description\" content=\"Soluci\u00f3n antis\u00e9ptica de per\u00f3xido de hidr\u00f3geno al 3 %, utilizada para la limpieza y desinfecci\u00f3n de heridas leves o piel sana antes de curas.\" \/>\n<meta property=\"og:url\" content=\"https:\/\/farmaciabetlemgracia.com\/ca\/product\/agua-oxigenada-heridine-1-frasco-500-ml\/\" \/>\n<meta property=\"og:site_name\" content=\"Farmacia Betlem Gracia\" \/>\n<meta property=\"article:modified_time\" content=\"2025-11-21T13:44:35+00:00\" \/>\n<meta property=\"og:image\" content=\"https:\/\/farmaciabetlemgracia.com\/wp-content\/uploads\/2025\/10\/vaza500.jpg\" \/>\n\t<meta property=\"og:image:width\" content=\"400\" \/>\n\t<meta property=\"og:image:height\" content=\"400\" \/>\n\t<meta property=\"og:image:type\" content=\"image\/jpeg\" \/>\n<meta name=\"twitter:card\" content=\"summary_large_image\" \/>\n<meta name=\"twitter:label1\" content=\"Temps estimat de lectura\" \/>\n\t<meta name=\"twitter:data1\" content=\"1 minut\" \/>\n<script type=\"application\/ld+json\" class=\"yoast-schema-graph\">{\"@context\":\"https:\\\/\\\/schema.org\",\"@graph\":[{\"@type\":\"WebPage\",\"@id\":\"https:\\\/\\\/farmaciabetlemgracia.com\\\/product\\\/agua-oxigenada-heridine-1-frasco-500-ml\\\/\",\"url\":\"https:\\\/\\\/farmaciabetlemgracia.com\\\/product\\\/agua-oxigenada-heridine-1-frasco-500-ml\\\/\",\"name\":\"Agua Oxigenada Heridine 1 frasco 500 ml (CN: 152930) - Farmacia Betlem Gracia\",\"isPartOf\":{\"@id\":\"https:\\\/\\\/farmaciabetlemgracia.com\\\/#website\"},\"primaryImageOfPage\":{\"@id\":\"https:\\\/\\\/farmaciabetlemgracia.com\\\/product\\\/agua-oxigenada-heridine-1-frasco-500-ml\\\/#primaryimage\"},\"image\":{\"@id\":\"https:\\\/\\\/farmaciabetlemgracia.com\\\/product\\\/agua-oxigenada-heridine-1-frasco-500-ml\\\/#primaryimage\"},\"thumbnailUrl\":\"https:\\\/\\\/i0.wp.com\\\/farmaciabetlemgracia.com\\\/wp-content\\\/uploads\\\/2025\\\/10\\\/vaza500.jpg?fit=400%2C400&ssl=1\",\"datePublished\":\"2025-10-22T14:00:13+00:00\",\"dateModified\":\"2025-11-21T13:44:35+00:00\",\"breadcrumb\":{\"@id\":\"https:\\\/\\\/farmaciabetlemgracia.com\\\/product\\\/agua-oxigenada-heridine-1-frasco-500-ml\\\/#breadcrumb\"},\"inLanguage\":\"ca\",\"potentialAction\":[{\"@type\":\"ReadAction\",\"target\":[\"https:\\\/\\\/farmaciabetlemgracia.com\\\/product\\\/agua-oxigenada-heridine-1-frasco-500-ml\\\/\"]}]},{\"@type\":\"ImageObject\",\"inLanguage\":\"ca\",\"@id\":\"https:\\\/\\\/farmaciabetlemgracia.com\\\/product\\\/agua-oxigenada-heridine-1-frasco-500-ml\\\/#primaryimage\",\"url\":\"https:\\\/\\\/i0.wp.com\\\/farmaciabetlemgracia.com\\\/wp-content\\\/uploads\\\/2025\\\/10\\\/vaza500.jpg?fit=400%2C400&ssl=1\",\"contentUrl\":\"https:\\\/\\\/i0.wp.com\\\/farmaciabetlemgracia.com\\\/wp-content\\\/uploads\\\/2025\\\/10\\\/vaza500.jpg?fit=400%2C400&ssl=1\",\"width\":400,\"height\":400},{\"@type\":\"BreadcrumbList\",\"@id\":\"https:\\\/\\\/farmaciabetlemgracia.com\\\/product\\\/agua-oxigenada-heridine-1-frasco-500-ml\\\/#breadcrumb\",\"itemListElement\":[{\"@type\":\"ListItem\",\"position\":1,\"name\":\"Portada\",\"item\":\"https:\\\/\\\/farmaciabetlemgracia.com\\\/\"},{\"@type\":\"ListItem\",\"position\":2,\"name\":\"Shop\",\"item\":\"https:\\\/\\\/farmaciabetlemgracia.com\\\/shop\\\/\"},{\"@type\":\"ListItem\",\"position\":3,\"name\":\"Agua Oxigenada Heridine 1 frasco 500 ml (CN: 152930)\"}]},{\"@type\":\"WebSite\",\"@id\":\"https:\\\/\\\/farmaciabetlemgracia.com\\\/#website\",\"url\":\"https:\\\/\\\/farmaciabetlemgracia.com\\\/\",\"name\":\"Farmacia Betlem Gracia\",\"description\":\"\",\"publisher\":{\"@id\":\"https:\\\/\\\/farmaciabetlemgracia.com\\\/#organization\"},\"potentialAction\":[{\"@type\":\"SearchAction\",\"target\":{\"@type\":\"EntryPoint\",\"urlTemplate\":\"https:\\\/\\\/farmaciabetlemgracia.com\\\/?s={search_term_string}\"},\"query-input\":{\"@type\":\"PropertyValueSpecification\",\"valueRequired\":true,\"valueName\":\"search_term_string\"}}],\"inLanguage\":\"ca\"},{\"@type\":\"Organization\",\"@id\":\"https:\\\/\\\/farmaciabetlemgracia.com\\\/#organization\",\"name\":\"Farmacia Betlem Gracia\",\"url\":\"https:\\\/\\\/farmaciabetlemgracia.com\\\/\",\"logo\":{\"@type\":\"ImageObject\",\"inLanguage\":\"ca\",\"@id\":\"https:\\\/\\\/farmaciabetlemgracia.com\\\/#\\\/schema\\\/logo\\\/image\\\/\",\"url\":\"https:\\\/\\\/i0.wp.com\\\/farmaciabetlemgracia.com\\\/wp-content\\\/uploads\\\/2025\\\/08\\\/f7447ce2-2a06-476d-bc28-50879675ac04-copy.webp?fit=1024%2C1024&ssl=1\",\"contentUrl\":\"https:\\\/\\\/i0.wp.com\\\/farmaciabetlemgracia.com\\\/wp-content\\\/uploads\\\/2025\\\/08\\\/f7447ce2-2a06-476d-bc28-50879675ac04-copy.webp?fit=1024%2C1024&ssl=1\",\"width\":1024,\"height\":1024,\"caption\":\"Farmacia Betlem Gracia\"},\"image\":{\"@id\":\"https:\\\/\\\/farmaciabetlemgracia.com\\\/#\\\/schema\\\/logo\\\/image\\\/\"}}]}<\/script>\n<!-- \/ Yoast SEO plugin. -->","yoast_head_json":{"title":"Agua Oxigenada Heridine 1 frasco 500 ml (CN: 152930) - Farmacia Betlem Gracia","robots":{"index":"index","follow":"follow","max-snippet":"max-snippet:-1","max-image-preview":"max-image-preview:large","max-video-preview":"max-video-preview:-1"},"canonical":"https:\/\/farmaciabetlemgracia.com\/ca\/product\/agua-oxigenada-heridine-1-frasco-500-ml\/","og_locale":"ca_ES","og_type":"article","og_title":"Agua Oxigenada Heridine 1 frasco 500 ml (CN: 152930) - Farmacia Betlem Gracia","og_description":"Soluci\u00f3n antis\u00e9ptica de per\u00f3xido de hidr\u00f3geno al 3 %, utilizada para la limpieza y desinfecci\u00f3n de heridas leves o piel sana antes de curas.","og_url":"https:\/\/farmaciabetlemgracia.com\/ca\/product\/agua-oxigenada-heridine-1-frasco-500-ml\/","og_site_name":"Farmacia Betlem Gracia","article_modified_time":"2025-11-21T13:44:35+00:00","og_image":[{"width":400,"height":400,"url":"https:\/\/farmaciabetlemgracia.com\/wp-content\/uploads\/2025\/10\/vaza500.jpg","type":"image\/jpeg"}],"twitter_card":"summary_large_image","twitter_misc":{"Temps estimat de lectura":"1 minut"},"schema":{"@context":"https:\/\/schema.org","@graph":[{"@type":"WebPage","@id":"https:\/\/farmaciabetlemgracia.com\/product\/agua-oxigenada-heridine-1-frasco-500-ml\/","url":"https:\/\/farmaciabetlemgracia.com\/product\/agua-oxigenada-heridine-1-frasco-500-ml\/","name":"Agua Oxigenada Heridine 1 frasco 500 ml (CN: 152930) - Farmacia Betlem Gracia","isPartOf":{"@id":"https:\/\/farmaciabetlemgracia.com\/#website"},"primaryImageOfPage":{"@id":"https:\/\/farmaciabetlemgracia.com\/product\/agua-oxigenada-heridine-1-frasco-500-ml\/#primaryimage"},"image":{"@id":"https:\/\/farmaciabetlemgracia.com\/product\/agua-oxigenada-heridine-1-frasco-500-ml\/#primaryimage"},"thumbnailUrl":"https:\/\/i0.wp.com\/farmaciabetlemgracia.com\/wp-content\/uploads\/2025\/10\/vaza500.jpg?fit=400%2C400&ssl=1","datePublished":"2025-10-22T14:00:13+00:00","dateModified":"2025-11-21T13:44:35+00:00","breadcrumb":{"@id":"https:\/\/farmaciabetlemgracia.com\/product\/agua-oxigenada-heridine-1-frasco-500-ml\/#breadcrumb"},"inLanguage":"ca","potentialAction":[{"@type":"ReadAction","target":["https:\/\/farmaciabetlemgracia.com\/product\/agua-oxigenada-heridine-1-frasco-500-ml\/"]}]},{"@type":"ImageObject","inLanguage":"ca","@id":"https:\/\/farmaciabetlemgracia.com\/product\/agua-oxigenada-heridine-1-frasco-500-ml\/#primaryimage","url":"https:\/\/i0.wp.com\/farmaciabetlemgracia.com\/wp-content\/uploads\/2025\/10\/vaza500.jpg?fit=400%2C400&ssl=1","contentUrl":"https:\/\/i0.wp.com\/farmaciabetlemgracia.com\/wp-content\/uploads\/2025\/10\/vaza500.jpg?fit=400%2C400&ssl=1","width":400,"height":400},{"@type":"BreadcrumbList","@id":"https:\/\/farmaciabetlemgracia.com\/product\/agua-oxigenada-heridine-1-frasco-500-ml\/#breadcrumb","itemListElement":[{"@type":"ListItem","position":1,"name":"Portada","item":"https:\/\/farmaciabetlemgracia.com\/"},{"@type":"ListItem","position":2,"name":"Shop","item":"https:\/\/farmaciabetlemgracia.com\/shop\/"},{"@type":"ListItem","position":3,"name":"Agua Oxigenada Heridine 1 frasco 500 ml (CN: 152930)"}]},{"@type":"WebSite","@id":"https:\/\/farmaciabetlemgracia.com\/#website","url":"https:\/\/farmaciabetlemgracia.com\/","name":"Farm\u00e0cia Betlem Gr\u00e0cia","description":"","publisher":{"@id":"https:\/\/farmaciabetlemgracia.com\/#organization"},"potentialAction":[{"@type":"SearchAction","target":{"@type":"EntryPoint","urlTemplate":"https:\/\/farmaciabetlemgracia.com\/?s={search_term_string}"},"query-input":{"@type":"PropertyValueSpecification","valueRequired":true,"valueName":"search_term_string"}}],"inLanguage":"ca"},{"@type":"Organization","@id":"https:\/\/farmaciabetlemgracia.com\/#organization","name":"Farm\u00e0cia Betlem Gr\u00e0cia","url":"https:\/\/farmaciabetlemgracia.com\/","logo":{"@type":"ImageObject","inLanguage":"ca","@id":"https:\/\/farmaciabetlemgracia.com\/#\/schema\/logo\/image\/","url":"https:\/\/i0.wp.com\/farmaciabetlemgracia.com\/wp-content\/uploads\/2025\/08\/f7447ce2-2a06-476d-bc28-50879675ac04-copy.webp?fit=1024%2C1024&ssl=1","contentUrl":"https:\/\/i0.wp.com\/farmaciabetlemgracia.com\/wp-content\/uploads\/2025\/08\/f7447ce2-2a06-476d-bc28-50879675ac04-copy.webp?fit=1024%2C1024&ssl=1","width":1024,"height":1024,"caption":"Farmacia Betlem Gracia"},"image":{"@id":"https:\/\/farmaciabetlemgracia.com\/#\/schema\/logo\/image\/"}}]}},"jetpack_sharing_enabled":true,"_links":{"self":[{"href":"https:\/\/farmaciabetlemgracia.com\/ca\/wp-json\/wp\/v2\/product\/2450","targetHints":{"allow":["GET"]}}],"collection":[{"href":"https:\/\/farmaciabetlemgracia.com\/ca\/wp-json\/wp\/v2\/product"}],"about":[{"href":"https:\/\/farmaciabetlemgracia.com\/ca\/wp-json\/wp\/v2\/types\/product"}],"replies":[{"embeddable":true,"href":"https:\/\/farmaciabetlemgracia.com\/ca\/wp-json\/wp\/v2\/comments?post=2450"}],"version-history":[{"count":0,"href":"https:\/\/farmaciabetlemgracia.com\/ca\/wp-json\/wp\/v2\/product\/2450\/revisions"}],"wp:featuredmedia":[{"embeddable":true,"href":"https:\/\/farmaciabetlemgracia.com\/ca\/wp-json\/wp\/v2\/media\/2453"}],"wp:attachment":[{"href":"https:\/\/farmaciabetlemgracia.com\/ca\/wp-json\/wp\/v2\/media?parent=2450"}],"wp:term":[{"taxonomy":"product_brand","embeddable":true,"href":"https:\/\/farmaciabetlemgracia.com\/ca\/wp-json\/wp\/v2\/product_brand?post=2450"},{"taxonomy":"product_cat","embeddable":true,"href":"https:\/\/farmaciabetlemgracia.com\/ca\/wp-json\/wp\/v2\/product_cat?post=2450"},{"taxonomy":"product_tag","embeddable":true,"href":"https:\/\/farmaciabetlemgracia.com\/ca\/wp-json\/wp\/v2\/product_tag?post=2450"}],"curies":[{"name":"wp","href":"https:\/\/api.w.org\/{rel}","templated":true}]}}