{"id":2307,"date":"2025-10-16T16:59:27","date_gmt":"2025-10-16T16:59:27","guid":{"rendered":"https:\/\/farmaciabetlemgracia.com\/?post_type=product&#038;p=2307"},"modified":"2026-02-02T20:25:33","modified_gmt":"2026-02-02T19:25:33","slug":"antidol-infantil-100-mg-ml-solucion-oral","status":"publish","type":"product","link":"https:\/\/farmaciabetlemgracia.com\/ca\/product\/antidol-infantil-100-mg-ml-solucion-oral\/","title":{"rendered":"Antidol Infantil 100 mg\/ml Soluci\u00f3n Oral <span class=\"cn-hide\">(CN: 722077)<\/span>"},"content":{"rendered":"<p data-start=\"428\" data-end=\"633\"><strong data-start=\"461\" data-end=\"478\">Indicaciones:<\/strong><br data-start=\"478\" data-end=\"481\" \/>Tratamiento sintom\u00e1tico ocasional de la fiebre y del dolor de intensidad leve a moderada en ni\u00f1os con peso de 3 a 32 kg (aproximadamente 0 a 10 a\u00f1os).<\/p>\n<p data-start=\"635\" data-end=\"1107\"><strong data-start=\"635\" data-end=\"654\">Modo de empleo:<\/strong><br data-start=\"654\" data-end=\"657\" \/>Se utiliza la jeringa oral graduada incluida en el envase para medir la dosis correcta.<br data-start=\"744\" data-end=\"747\" \/>La dosis recomendada es de <strong data-start=\"774\" data-end=\"842\">15 mg de paracetamol por kilogramo de peso corporal cada 6 horas<\/strong> (o, si es necesario, 10 mg\/kg cada 4 horas), sin exceder <strong data-start=\"900\" data-end=\"916\">60 mg\/kg\/d\u00eda<\/strong>.<br data-start=\"917\" data-end=\"920\" \/>En ni\u00f1os menores de 2 a\u00f1os, la dosis debe ser establecida por el m\u00e9dico.<br data-start=\"992\" data-end=\"995\" \/>Si el dolor persiste m\u00e1s de 5 d\u00edas o la fiebre m\u00e1s de 3 d\u00edas, o si empeoran los s\u00edntomas, consultar al m\u00e9dico.<\/p>\n<p data-start=\"1109\" data-end=\"1216\"><strong data-start=\"1109\" data-end=\"1125\">Composici\u00f3n:<\/strong><br data-start=\"1125\" data-end=\"1128\" \/>Cada mililitro contiene: <strong data-start=\"1153\" data-end=\"1178\">100 mg de paracetamol<\/strong>.<br data-start=\"1179\" data-end=\"1182\" \/>Excipientes con efecto conocido:<\/p>\n<ul data-start=\"1217\" data-end=\"1444\">\n<li data-start=\"1217\" data-end=\"1260\">\n<p data-start=\"1219\" data-end=\"1260\">Propilenglicol (E-1520): 8,87 mg por ml<\/p>\n<\/li>\n<li data-start=\"1261\" data-end=\"1444\">\n<p data-start=\"1263\" data-end=\"1444\">Azorrubina (E-122): 0,05 mg por ml<br data-start=\"1297\" data-end=\"1300\" \/>Adem\u00e1s contiene otros excipientes como edulcorante, aroma, etc.<br data-start=\"1363\" data-end=\"1366\" \/>Soluci\u00f3n de color rojo trasl\u00facido con olor caracter\u00edstico a fresa\/frambuesa.<\/p>\n<\/li>\n<\/ul>\n<p data-start=\"1446\" data-end=\"2026\"><strong data-start=\"1446\" data-end=\"1463\">Advertencias:<\/strong><br data-start=\"1463\" data-end=\"1466\" \/>No usar en caso de hipersensibilidad al paracetamol o a alguno de los excipientes.<br data-start=\"1548\" data-end=\"1551\" \/>En enfermedades hep\u00e1ticas, renales o en pacientes con malnutrici\u00f3n o deshidrataci\u00f3n, usar con precauci\u00f3n.<br data-start=\"1656\" data-end=\"1659\" \/>Evitar la administraci\u00f3n simult\u00e1nea con otros medicamentos que contengan paracetamol para no exceder las dosis m\u00e1ximas.<br data-start=\"1778\" data-end=\"1781\" \/>Contiene azorrubina (E-122), que puede provocar reacciones al\u00e9rgicas en predispuestos.<br data-start=\"1867\" data-end=\"1870\" \/>Contiene propilenglicol (E-1520).<br data-start=\"1903\" data-end=\"1906\" \/>No exceder la dosis diaria de 60 mg\/kg.<br data-start=\"1945\" data-end=\"1948\" \/>Mantener fuera del alcance de los ni\u00f1os.<br data-start=\"1988\" data-end=\"1991\" \/>Conservar en lugar fresco y seco.<\/p>\n<p data-start=\"906\" data-end=\"933\"><strong data-start=\"906\" data-end=\"931\">Enlace al AEMPS\/CIMA:<\/strong><\/p>\n<ul data-start=\"934\" data-end=\"1093\">\n<li data-start=\"934\" data-end=\"999\"><a href=\"https:\/\/cima.aemps.es\/cima\/publico\/detalle.html?nregistro=83208\">https:\/\/cima.aemps.es\/cima\/dochtml\/ft\/83208\/FT_83208.html<\/a><\/li>\n<\/ul>\n<p><strong data-start=\"906\" data-end=\"931\">Prospecto:<\/strong><\/p>\n<ul>\n<li><a href=\"https:\/\/cima.aemps.es\/cima\/dochtml\/p\/83208\/P_83208.html\">https:\/\/cima.aemps.es\/cima\/dochtml\/p\/83208\/P_83208.html<\/a><\/li>\n<\/ul>\n<p>&nbsp;<\/p>\n<p><a href=\"https:\/\/distafarma.aemps.es\/farmacom\/faces\/inicio.xhtml\"><img fetchpriority=\"high\" decoding=\"async\" class=\"https:\/\/distafarma.aemps.es\/farmacom\/faces\/inicio.xhtml alignnone\" src=\"https:\/\/distafarma.aemps.es\/farmacom\/ServletIcono?farma=82a161cc04d8d8a2fdad669a2fecd84a\" alt=\"\" width=\"308\" height=\"257\" \/><\/a><\/p>\n<p>&nbsp;<\/p>\n<p>&nbsp;<\/p>\n<p>&nbsp;<\/p>","protected":false},"excerpt":{"rendered":"<p>Medicamento analg\u00e9sico y antipir\u00e9tico en soluci\u00f3n oral con <strong data-start=\"297\" data-end=\"322\">paracetamol 100 mg\/ml<\/strong>, indicado para el alivio de dolor leve a moderado y estados febriles en ni\u00f1os (peso entre 3 y 32 kg).<\/p>","protected":false},"featured_media":2308,"comment_status":"open","ping_status":"closed","template":"","meta":{"site-sidebar-layout":"default","site-content-layout":"","ast-site-content-layout":"default","site-content-style":"default","site-sidebar-style":"default","ast-global-header-display":"","ast-banner-title-visibility":"","ast-main-header-display":"","ast-hfb-above-header-display":"","ast-hfb-below-header-display":"","ast-hfb-mobile-header-display":"","site-post-title":"","ast-breadcrumbs-content":"","ast-featured-img":"","footer-sml-layout":"","ast-disable-related-posts":"","theme-transparent-header-meta":"","adv-header-id-meta":"","stick-header-meta":"","header-above-stick-meta":"","header-main-stick-meta":"","header-below-stick-meta":"","astra-migrate-meta-layouts":"default","ast-page-background-enabled":"default","ast-page-background-meta":{"desktop":{"background-color":"var(--ast-global-color-5)","background-image":"","background-repeat":"repeat","background-position":"center center","background-size":"auto","background-attachment":"scroll","background-type":"","background-media":"","overlay-type":"","overlay-color":"","overlay-opacity":"","overlay-gradient":""},"tablet":{"background-color":"","background-image":"","background-repeat":"repeat","background-position":"center center","background-size":"auto","background-attachment":"scroll","background-type":"","background-media":"","overlay-type":"","overlay-color":"","overlay-opacity":"","overlay-gradient":""},"mobile":{"background-color":"","background-image":"","background-repeat":"repeat","background-position":"center center","background-size":"auto","background-attachment":"scroll","background-type":"","background-media":"","overlay-type":"","overlay-color":"","overlay-opacity":"","overlay-gradient":""}},"ast-content-background-meta":{"desktop":{"background-color":"var(--ast-global-color-4)","background-image":"","background-repeat":"repeat","background-position":"center center","background-size":"auto","background-attachment":"scroll","background-type":"","background-media":"","overlay-type":"","overlay-color":"","overlay-opacity":"","overlay-gradient":""},"tablet":{"background-color":"var(--ast-global-color-4)","background-image":"","background-repeat":"repeat","background-position":"center center","background-size":"auto","background-attachment":"scroll","background-type":"","background-media":"","overlay-type":"","overlay-color":"","overlay-opacity":"","overlay-gradient":""},"mobile":{"background-color":"var(--ast-global-color-4)","background-image":"","background-repeat":"repeat","background-position":"center center","background-size":"auto","background-attachment":"scroll","background-type":"","background-media":"","overlay-type":"","overlay-color":"","overlay-opacity":"","overlay-gradient":""}}},"product_brand":[466],"product_cat":[534],"product_tag":[1233,1230,1234,1236,1235,1231,1232],"class_list":{"0":"post-2307","1":"product","2":"type-product","3":"status-publish","4":"has-post-thumbnail","6":"product_brand-cinfa","7":"product_cat-sin-receta","8":"product_tag-analgesia-infantil","9":"product_tag-antidol-infantil","10":"product_tag-antipiretico-infantil","11":"product_tag-fiebre-y-dolor","12":"product_tag-medicamento-para-ninos","13":"product_tag-paracetamol-100-mg-ml","14":"product_tag-solucion-oral-pediatrica","15":"desktop-align-center","16":"tablet-align-left","17":"mobile-align-left","19":"first","20":"outofstock","21":"sale","22":"shipping-taxable","23":"purchasable","24":"product-type-simple"},"yoast_head":"<!-- This site is optimized with the Yoast SEO plugin v27.3 - https:\/\/yoast.com\/product\/yoast-seo-wordpress\/ -->\n<title>Antidol Infantil 100 mg\/ml Soluci\u00f3n Oral (CN: 722077) - Farmacia Betlem Gracia<\/title>\n<meta name=\"robots\" content=\"index, follow, max-snippet:-1, max-image-preview:large, max-video-preview:-1\" \/>\n<link rel=\"canonical\" href=\"https:\/\/farmaciabetlemgracia.com\/ca\/product\/antidol-infantil-100-mg-ml-solucion-oral\/\" \/>\n<meta property=\"og:locale\" content=\"ca_ES\" \/>\n<meta property=\"og:type\" content=\"article\" \/>\n<meta property=\"og:title\" content=\"Antidol Infantil 100 mg\/ml Soluci\u00f3n Oral (CN: 722077) - Farmacia Betlem Gracia\" \/>\n<meta property=\"og:description\" content=\"Medicamento analg\u00e9sico y antipir\u00e9tico en soluci\u00f3n oral con paracetamol 100 mg\/ml, indicado para el alivio de dolor leve a moderado y estados febriles en ni\u00f1os (peso entre 3 y 32 kg).\" \/>\n<meta property=\"og:url\" content=\"https:\/\/farmaciabetlemgracia.com\/ca\/product\/antidol-infantil-100-mg-ml-solucion-oral\/\" \/>\n<meta property=\"og:site_name\" content=\"Farmacia Betlem Gracia\" \/>\n<meta property=\"article:modified_time\" content=\"2026-02-02T19:25:33+00:00\" \/>\n<meta property=\"og:image\" content=\"https:\/\/farmaciabetlemgracia.com\/wp-content\/uploads\/2025\/10\/antidol-infantil-100-mgml-solucion-oral-1-frasco-90-ml.jpg\" \/>\n\t<meta property=\"og:image:width\" content=\"800\" \/>\n\t<meta property=\"og:image:height\" content=\"800\" \/>\n\t<meta property=\"og:image:type\" content=\"image\/jpeg\" \/>\n<meta name=\"twitter:card\" content=\"summary_large_image\" \/>\n<meta name=\"twitter:label1\" content=\"Temps estimat de lectura\" \/>\n\t<meta name=\"twitter:data1\" content=\"2 minuts\" \/>\n<script type=\"application\/ld+json\" class=\"yoast-schema-graph\">{\"@context\":\"https:\\\/\\\/schema.org\",\"@graph\":[{\"@type\":\"WebPage\",\"@id\":\"https:\\\/\\\/farmaciabetlemgracia.com\\\/product\\\/antidol-infantil-100-mg-ml-solucion-oral\\\/\",\"url\":\"https:\\\/\\\/farmaciabetlemgracia.com\\\/product\\\/antidol-infantil-100-mg-ml-solucion-oral\\\/\",\"name\":\"Antidol Infantil 100 mg\\\/ml Soluci\u00f3n Oral (CN: 722077) - Farmacia Betlem Gracia\",\"isPartOf\":{\"@id\":\"https:\\\/\\\/farmaciabetlemgracia.com\\\/#website\"},\"primaryImageOfPage\":{\"@id\":\"https:\\\/\\\/farmaciabetlemgracia.com\\\/product\\\/antidol-infantil-100-mg-ml-solucion-oral\\\/#primaryimage\"},\"image\":{\"@id\":\"https:\\\/\\\/farmaciabetlemgracia.com\\\/product\\\/antidol-infantil-100-mg-ml-solucion-oral\\\/#primaryimage\"},\"thumbnailUrl\":\"https:\\\/\\\/farmaciabetlemgracia.com\\\/wp-content\\\/uploads\\\/2025\\\/10\\\/antidol-infantil-100-mgml-solucion-oral-1-frasco-90-ml.jpg\",\"datePublished\":\"2025-10-16T16:59:27+00:00\",\"dateModified\":\"2026-02-02T19:25:33+00:00\",\"breadcrumb\":{\"@id\":\"https:\\\/\\\/farmaciabetlemgracia.com\\\/product\\\/antidol-infantil-100-mg-ml-solucion-oral\\\/#breadcrumb\"},\"inLanguage\":\"ca\",\"potentialAction\":[{\"@type\":\"ReadAction\",\"target\":[\"https:\\\/\\\/farmaciabetlemgracia.com\\\/product\\\/antidol-infantil-100-mg-ml-solucion-oral\\\/\"]}]},{\"@type\":\"ImageObject\",\"inLanguage\":\"ca\",\"@id\":\"https:\\\/\\\/farmaciabetlemgracia.com\\\/product\\\/antidol-infantil-100-mg-ml-solucion-oral\\\/#primaryimage\",\"url\":\"https:\\\/\\\/farmaciabetlemgracia.com\\\/wp-content\\\/uploads\\\/2025\\\/10\\\/antidol-infantil-100-mgml-solucion-oral-1-frasco-90-ml.jpg\",\"contentUrl\":\"https:\\\/\\\/farmaciabetlemgracia.com\\\/wp-content\\\/uploads\\\/2025\\\/10\\\/antidol-infantil-100-mgml-solucion-oral-1-frasco-90-ml.jpg\",\"width\":800,\"height\":800},{\"@type\":\"BreadcrumbList\",\"@id\":\"https:\\\/\\\/farmaciabetlemgracia.com\\\/product\\\/antidol-infantil-100-mg-ml-solucion-oral\\\/#breadcrumb\",\"itemListElement\":[{\"@type\":\"ListItem\",\"position\":1,\"name\":\"Portada\",\"item\":\"https:\\\/\\\/farmaciabetlemgracia.com\\\/\"},{\"@type\":\"ListItem\",\"position\":2,\"name\":\"Shop\",\"item\":\"https:\\\/\\\/farmaciabetlemgracia.com\\\/?page_id=5\"},{\"@type\":\"ListItem\",\"position\":3,\"name\":\"Antidol Infantil 100 mg\\\/ml Soluci\u00f3n Oral (CN: 722077)\"}]},{\"@type\":\"WebSite\",\"@id\":\"https:\\\/\\\/farmaciabetlemgracia.com\\\/#website\",\"url\":\"https:\\\/\\\/farmaciabetlemgracia.com\\\/\",\"name\":\"Farmacia Betlem Gracia\",\"description\":\"\",\"publisher\":{\"@id\":\"https:\\\/\\\/farmaciabetlemgracia.com\\\/#organization\"},\"potentialAction\":[{\"@type\":\"SearchAction\",\"target\":{\"@type\":\"EntryPoint\",\"urlTemplate\":\"https:\\\/\\\/farmaciabetlemgracia.com\\\/?s={search_term_string}\"},\"query-input\":{\"@type\":\"PropertyValueSpecification\",\"valueRequired\":true,\"valueName\":\"search_term_string\"}}],\"inLanguage\":\"ca\"},{\"@type\":\"Organization\",\"@id\":\"https:\\\/\\\/farmaciabetlemgracia.com\\\/#organization\",\"name\":\"Farmacia Betlem Gracia\",\"url\":\"https:\\\/\\\/farmaciabetlemgracia.com\\\/\",\"logo\":{\"@type\":\"ImageObject\",\"inLanguage\":\"ca\",\"@id\":\"https:\\\/\\\/farmaciabetlemgracia.com\\\/#\\\/schema\\\/logo\\\/image\\\/\",\"url\":\"https:\\\/\\\/farmaciabetlemgracia.com\\\/wp-content\\\/uploads\\\/2025\\\/08\\\/cropped-cropped-logotransparent.png\",\"contentUrl\":\"https:\\\/\\\/farmaciabetlemgracia.com\\\/wp-content\\\/uploads\\\/2025\\\/08\\\/cropped-cropped-logotransparent.png\",\"width\":512,\"height\":512,\"caption\":\"Farmacia Betlem Gracia\"},\"image\":{\"@id\":\"https:\\\/\\\/farmaciabetlemgracia.com\\\/#\\\/schema\\\/logo\\\/image\\\/\"}}]}<\/script>\n<!-- \/ Yoast SEO plugin. -->","yoast_head_json":{"title":"Antidol Infantil 100 mg\/ml Soluci\u00f3n Oral (CN: 722077) - Farmacia Betlem Gracia","robots":{"index":"index","follow":"follow","max-snippet":"max-snippet:-1","max-image-preview":"max-image-preview:large","max-video-preview":"max-video-preview:-1"},"canonical":"https:\/\/farmaciabetlemgracia.com\/ca\/product\/antidol-infantil-100-mg-ml-solucion-oral\/","og_locale":"ca_ES","og_type":"article","og_title":"Antidol Infantil 100 mg\/ml Soluci\u00f3n Oral (CN: 722077) - Farmacia Betlem Gracia","og_description":"Medicamento analg\u00e9sico y antipir\u00e9tico en soluci\u00f3n oral con paracetamol 100 mg\/ml, indicado para el alivio de dolor leve a moderado y estados febriles en ni\u00f1os (peso entre 3 y 32 kg).","og_url":"https:\/\/farmaciabetlemgracia.com\/ca\/product\/antidol-infantil-100-mg-ml-solucion-oral\/","og_site_name":"Farmacia Betlem Gracia","article_modified_time":"2026-02-02T19:25:33+00:00","og_image":[{"width":800,"height":800,"url":"https:\/\/farmaciabetlemgracia.com\/wp-content\/uploads\/2025\/10\/antidol-infantil-100-mgml-solucion-oral-1-frasco-90-ml.jpg","type":"image\/jpeg"}],"twitter_card":"summary_large_image","twitter_misc":{"Temps estimat de lectura":"2 minuts"},"schema":{"@context":"https:\/\/schema.org","@graph":[{"@type":"WebPage","@id":"https:\/\/farmaciabetlemgracia.com\/product\/antidol-infantil-100-mg-ml-solucion-oral\/","url":"https:\/\/farmaciabetlemgracia.com\/product\/antidol-infantil-100-mg-ml-solucion-oral\/","name":"Antidol Infantil 100 mg\/ml Soluci\u00f3n Oral (CN: 722077) - Farmacia Betlem Gracia","isPartOf":{"@id":"https:\/\/farmaciabetlemgracia.com\/#website"},"primaryImageOfPage":{"@id":"https:\/\/farmaciabetlemgracia.com\/product\/antidol-infantil-100-mg-ml-solucion-oral\/#primaryimage"},"image":{"@id":"https:\/\/farmaciabetlemgracia.com\/product\/antidol-infantil-100-mg-ml-solucion-oral\/#primaryimage"},"thumbnailUrl":"https:\/\/farmaciabetlemgracia.com\/wp-content\/uploads\/2025\/10\/antidol-infantil-100-mgml-solucion-oral-1-frasco-90-ml.jpg","datePublished":"2025-10-16T16:59:27+00:00","dateModified":"2026-02-02T19:25:33+00:00","breadcrumb":{"@id":"https:\/\/farmaciabetlemgracia.com\/product\/antidol-infantil-100-mg-ml-solucion-oral\/#breadcrumb"},"inLanguage":"ca","potentialAction":[{"@type":"ReadAction","target":["https:\/\/farmaciabetlemgracia.com\/product\/antidol-infantil-100-mg-ml-solucion-oral\/"]}]},{"@type":"ImageObject","inLanguage":"ca","@id":"https:\/\/farmaciabetlemgracia.com\/product\/antidol-infantil-100-mg-ml-solucion-oral\/#primaryimage","url":"https:\/\/farmaciabetlemgracia.com\/wp-content\/uploads\/2025\/10\/antidol-infantil-100-mgml-solucion-oral-1-frasco-90-ml.jpg","contentUrl":"https:\/\/farmaciabetlemgracia.com\/wp-content\/uploads\/2025\/10\/antidol-infantil-100-mgml-solucion-oral-1-frasco-90-ml.jpg","width":800,"height":800},{"@type":"BreadcrumbList","@id":"https:\/\/farmaciabetlemgracia.com\/product\/antidol-infantil-100-mg-ml-solucion-oral\/#breadcrumb","itemListElement":[{"@type":"ListItem","position":1,"name":"Portada","item":"https:\/\/farmaciabetlemgracia.com\/"},{"@type":"ListItem","position":2,"name":"Shop","item":"https:\/\/farmaciabetlemgracia.com\/?page_id=5"},{"@type":"ListItem","position":3,"name":"Antidol Infantil 100 mg\/ml Soluci\u00f3n Oral (CN: 722077)"}]},{"@type":"WebSite","@id":"https:\/\/farmaciabetlemgracia.com\/#website","url":"https:\/\/farmaciabetlemgracia.com\/","name":"Farm\u00e0cia Betlem Gr\u00e0cia","description":"","publisher":{"@id":"https:\/\/farmaciabetlemgracia.com\/#organization"},"potentialAction":[{"@type":"SearchAction","target":{"@type":"EntryPoint","urlTemplate":"https:\/\/farmaciabetlemgracia.com\/?s={search_term_string}"},"query-input":{"@type":"PropertyValueSpecification","valueRequired":true,"valueName":"search_term_string"}}],"inLanguage":"ca"},{"@type":"Organization","@id":"https:\/\/farmaciabetlemgracia.com\/#organization","name":"Farm\u00e0cia Betlem Gr\u00e0cia","url":"https:\/\/farmaciabetlemgracia.com\/","logo":{"@type":"ImageObject","inLanguage":"ca","@id":"https:\/\/farmaciabetlemgracia.com\/#\/schema\/logo\/image\/","url":"https:\/\/farmaciabetlemgracia.com\/wp-content\/uploads\/2025\/08\/cropped-cropped-logotransparent.png","contentUrl":"https:\/\/farmaciabetlemgracia.com\/wp-content\/uploads\/2025\/08\/cropped-cropped-logotransparent.png","width":512,"height":512,"caption":"Farmacia Betlem Gracia"},"image":{"@id":"https:\/\/farmaciabetlemgracia.com\/#\/schema\/logo\/image\/"}}]}},"_links":{"self":[{"href":"https:\/\/farmaciabetlemgracia.com\/ca\/wp-json\/wp\/v2\/product\/2307","targetHints":{"allow":["GET"]}}],"collection":[{"href":"https:\/\/farmaciabetlemgracia.com\/ca\/wp-json\/wp\/v2\/product"}],"about":[{"href":"https:\/\/farmaciabetlemgracia.com\/ca\/wp-json\/wp\/v2\/types\/product"}],"replies":[{"embeddable":true,"href":"https:\/\/farmaciabetlemgracia.com\/ca\/wp-json\/wp\/v2\/comments?post=2307"}],"version-history":[{"count":1,"href":"https:\/\/farmaciabetlemgracia.com\/ca\/wp-json\/wp\/v2\/product\/2307\/revisions"}],"predecessor-version":[{"id":2852,"href":"https:\/\/farmaciabetlemgracia.com\/ca\/wp-json\/wp\/v2\/product\/2307\/revisions\/2852"}],"wp:featuredmedia":[{"embeddable":true,"href":"https:\/\/farmaciabetlemgracia.com\/ca\/wp-json\/wp\/v2\/media\/2308"}],"wp:attachment":[{"href":"https:\/\/farmaciabetlemgracia.com\/ca\/wp-json\/wp\/v2\/media?parent=2307"}],"wp:term":[{"taxonomy":"product_brand","embeddable":true,"href":"https:\/\/farmaciabetlemgracia.com\/ca\/wp-json\/wp\/v2\/product_brand?post=2307"},{"taxonomy":"product_cat","embeddable":true,"href":"https:\/\/farmaciabetlemgracia.com\/ca\/wp-json\/wp\/v2\/product_cat?post=2307"},{"taxonomy":"product_tag","embeddable":true,"href":"https:\/\/farmaciabetlemgracia.com\/ca\/wp-json\/wp\/v2\/product_tag?post=2307"}],"curies":[{"name":"wp","href":"https:\/\/api.w.org\/{rel}","templated":true}]}}