{"id":2298,"date":"2025-10-16T16:45:11","date_gmt":"2025-10-16T16:45:11","guid":{"rendered":"https:\/\/farmaciabetlemgracia.com\/?post_type=product&#038;p=2298"},"modified":"2026-02-05T16:02:09","modified_gmt":"2026-02-05T15:02:09","slug":"angileptol-comprimidos-para-chupar-sabor-miel-limon","status":"publish","type":"product","link":"https:\/\/farmaciabetlemgracia.com\/ca\/product\/angileptol-comprimidos-para-chupar-sabor-miel-limon\/","title":{"rendered":"Angileptol Comprimidos para chupar sabor miel-lim\u00f3n"},"content":{"rendered":"<p data-start=\"260\" data-end=\"488\"><strong data-start=\"293\" data-end=\"310\">Indicaciones:<\/strong><br data-start=\"310\" data-end=\"313\" \/>Alivio sintom\u00e1tico local y temporal de procesos infecciosos o inflamatorios leves de boca y garganta que cursan con dolor, sin fiebre, en adultos y ni\u00f1os a partir de 6 a\u00f1os.<\/p>\n<p data-start=\"490\" data-end=\"511\"><strong data-start=\"490\" data-end=\"509\">Modo de empleo:<\/strong><\/p>\n<ul data-start=\"512\" data-end=\"868\">\n<li data-start=\"512\" data-end=\"648\">\n<p data-start=\"514\" data-end=\"648\">Adultos y ni\u00f1os \u2265 12 a\u00f1os: 1 comprimido para chupar cada 2-3 horas, sin masticar ni tragar, hasta un m\u00e1ximo de 8 comprimidos al d\u00eda.<\/p>\n<\/li>\n<li data-start=\"649\" data-end=\"746\">\n<p data-start=\"651\" data-end=\"746\">Ni\u00f1os de 6 a &lt; 12 a\u00f1os: 1 comprimido cada 4-5 horas, hasta un m\u00e1ximo de 6 comprimidos al d\u00eda.<\/p>\n<\/li>\n<li data-start=\"747\" data-end=\"868\">\n<p data-start=\"749\" data-end=\"868\">La duraci\u00f3n recomendable del tratamiento es de <strong data-start=\"796\" data-end=\"806\">2 d\u00edas<\/strong>. Si los s\u00edntomas empeoran o persisten, consultar al m\u00e9dico.<\/p>\n<\/li>\n<\/ul>\n<p data-start=\"870\" data-end=\"916\"><strong data-start=\"870\" data-end=\"886\">Composici\u00f3n:<\/strong><br data-start=\"886\" data-end=\"889\" \/>Cada comprimido contiene:<\/p>\n<ul data-start=\"917\" data-end=\"995\">\n<li data-start=\"917\" data-end=\"954\">\n<p data-start=\"919\" data-end=\"954\">Clorhexidina dihidrocloruro: 5 mg<\/p>\n<\/li>\n<li data-start=\"955\" data-end=\"975\">\n<p data-start=\"957\" data-end=\"975\">Benzoca\u00edna: 4 mg<\/p>\n<\/li>\n<li data-start=\"976\" data-end=\"995\">\n<p data-start=\"978\" data-end=\"995\">Enoxolona: 3 mg<\/p>\n<\/li>\n<\/ul>\n<p data-start=\"997\" data-end=\"1212\">Excipientes con efecto conocido: contiene <strong data-start=\"1039\" data-end=\"1059\">sorbitol (E-420)<\/strong> (~ 1.238 mg por comprimido), acesulfamo K, estearato de magnesio, aroma de miel y aroma de lim\u00f3n.<br data-start=\"1157\" data-end=\"1160\" \/>Puede tener efecto laxante ligero por el sorbitol.<\/p>\n<p data-start=\"1214\" data-end=\"1233\"><strong data-start=\"1214\" data-end=\"1231\">Advertencias:<\/strong><\/p>\n<ul data-start=\"1234\" data-end=\"2014\">\n<li data-start=\"1234\" data-end=\"1347\">\n<p data-start=\"1236\" data-end=\"1347\">No usar en caso de hipersensibilidad a alguno de los componentes (clorhexidina, benzoca\u00edna, enoxolona, etc.).<\/p>\n<\/li>\n<li data-start=\"1348\" data-end=\"1416\">\n<p data-start=\"1350\" data-end=\"1416\">Evitar su uso en ni\u00f1os menores de 6 a\u00f1os sin supervisi\u00f3n m\u00e9dica.<\/p>\n<\/li>\n<li data-start=\"1417\" data-end=\"1522\">\n<p data-start=\"1419\" data-end=\"1522\">Dosis excesivas pueden provocar toxicidad por benzoca\u00edna (especial riesgo en ancianos o debilitados).<\/p>\n<\/li>\n<li data-start=\"1523\" data-end=\"1635\">\n<p data-start=\"1525\" data-end=\"1635\">La enoxolona puede producir retenci\u00f3n de sodio, edema o hipertensi\u00f3n si se usa en dosis altas o prolongadas.<\/p>\n<\/li>\n<li data-start=\"1636\" data-end=\"1763\">\n<p data-start=\"1638\" data-end=\"1763\">El uso de clorhexidina puede causar pigmentaci\u00f3n dental (que puede eliminarse con limpieza bucal) o coloraci\u00f3n de empastes.<\/p>\n<\/li>\n<li data-start=\"1764\" data-end=\"1838\">\n<p data-start=\"1766\" data-end=\"1838\">Mantener una higiene bucal adecuada para reducir acumulaci\u00f3n de sarro.<\/p>\n<\/li>\n<li data-start=\"1839\" data-end=\"1926\">\n<p data-start=\"1841\" data-end=\"1926\">Contiene sorbitol: no usar en pacientes con intolerancia hereditaria a la fructosa.<\/p>\n<\/li>\n<li data-start=\"1927\" data-end=\"1965\">\n<p data-start=\"1929\" data-end=\"1965\">No superar la dosis m\u00e1xima diaria.<\/p>\n<\/li>\n<li data-start=\"1966\" data-end=\"2014\">\n<p data-start=\"1968\" data-end=\"2014\">No conservar a temperatura superior a 30 \u00baC.<\/p>\n<\/li>\n<\/ul>\n<p><strong>Enlace al AEMPS\/CIMA:<\/strong><\/p>\n<ul>\n<li><a href=\"https:\/\/cima.aemps.es\/cima\/publico\/detalle.html?nregistro=64119\">https:\/\/cima.aemps.es\/cima\/publico\/detalle.html?nregistro=64119<\/a><\/li>\n<\/ul>\n<p><strong>Prospecto:\u00a0<\/strong><\/p>\n<ul>\n<li><a href=\"https:\/\/cima.aemps.es\/cima\/dochtml\/p\/64119\/P_64119.html\">https:\/\/cima.aemps.es\/cima\/dochtml\/p\/64119\/P_64119.html<\/a><\/li>\n<\/ul>\n<p><a href=\"https:\/\/distafarma.aemps.es\/farmacom\/faces\/inicio.xhtml\"><img fetchpriority=\"high\" decoding=\"async\" class=\"https:\/\/distafarma.aemps.es\/farmacom\/faces\/inicio.xhtml alignnone\" src=\"https:\/\/distafarma.aemps.es\/farmacom\/ServletIcono?farma=82a161cc04d8d8a2fdad669a2fecd84a\" alt=\"\" width=\"308\" height=\"257\" \/><\/a><\/p>","protected":false},"excerpt":{"rendered":"<p>Medicamento bucofar\u00edngeo que combina <strong data-start=\"121\" data-end=\"161\">clorhexidina, benzoca\u00edna y enoxolona<\/strong>, indicado para aliviar localmente el dolor, irritaci\u00f3n e inflamaci\u00f3n leves de boca y garganta.<\/p>","protected":false},"featured_media":2299,"comment_status":"open","ping_status":"closed","template":"","meta":{"site-sidebar-layout":"default","site-content-layout":"","ast-site-content-layout":"default","site-content-style":"default","site-sidebar-style":"default","ast-global-header-display":"","ast-banner-title-visibility":"","ast-main-header-display":"","ast-hfb-above-header-display":"","ast-hfb-below-header-display":"","ast-hfb-mobile-header-display":"","site-post-title":"","ast-breadcrumbs-content":"","ast-featured-img":"","footer-sml-layout":"","ast-disable-related-posts":"","theme-transparent-header-meta":"","adv-header-id-meta":"","stick-header-meta":"","header-above-stick-meta":"","header-main-stick-meta":"","header-below-stick-meta":"","astra-migrate-meta-layouts":"default","ast-page-background-enabled":"default","ast-page-background-meta":{"desktop":{"background-color":"var(--ast-global-color-5)","background-image":"","background-repeat":"repeat","background-position":"center center","background-size":"auto","background-attachment":"scroll","background-type":"","background-media":"","overlay-type":"","overlay-color":"","overlay-opacity":"","overlay-gradient":""},"tablet":{"background-color":"","background-image":"","background-repeat":"repeat","background-position":"center center","background-size":"auto","background-attachment":"scroll","background-type":"","background-media":"","overlay-type":"","overlay-color":"","overlay-opacity":"","overlay-gradient":""},"mobile":{"background-color":"","background-image":"","background-repeat":"repeat","background-position":"center center","background-size":"auto","background-attachment":"scroll","background-type":"","background-media":"","overlay-type":"","overlay-color":"","overlay-opacity":"","overlay-gradient":""}},"ast-content-background-meta":{"desktop":{"background-color":"var(--ast-global-color-4)","background-image":"","background-repeat":"repeat","background-position":"center center","background-size":"auto","background-attachment":"scroll","background-type":"","background-media":"","overlay-type":"","overlay-color":"","overlay-opacity":"","overlay-gradient":""},"tablet":{"background-color":"var(--ast-global-color-4)","background-image":"","background-repeat":"repeat","background-position":"center center","background-size":"auto","background-attachment":"scroll","background-type":"","background-media":"","overlay-type":"","overlay-color":"","overlay-opacity":"","overlay-gradient":""},"mobile":{"background-color":"var(--ast-global-color-4)","background-image":"","background-repeat":"repeat","background-position":"center center","background-size":"auto","background-attachment":"scroll","background-type":"","background-media":"","overlay-type":"","overlay-color":"","overlay-opacity":"","overlay-gradient":""}}},"product_brand":[],"product_cat":[467],"product_tag":[1214,1218,1219,1220,1215,1217,1216],"class_list":{"0":"post-2298","1":"product","2":"type-product","3":"status-publish","4":"has-post-thumbnail","6":"product_cat-resfriados-y-gripes","7":"product_tag-angileptol","8":"product_tag-antiseptico-oral","9":"product_tag-benzocaina","10":"product_tag-clorhexidina","11":"product_tag-comprimidos-para-chupar","12":"product_tag-dolor-de-garganta","13":"product_tag-miel-y-limon","14":"desktop-align-center","15":"tablet-align-left","16":"mobile-align-left","18":"first","19":"instock","20":"sale","21":"shipping-taxable","22":"purchasable","23":"product-type-simple"},"yoast_head":"<!-- This site is optimized with the Yoast SEO plugin v27.3 - https:\/\/yoast.com\/product\/yoast-seo-wordpress\/ -->\n<title>Angileptol Comprimidos para chupar sabor miel-lim\u00f3n - Farmacia Betlem Gracia<\/title>\n<meta name=\"robots\" content=\"index, follow, max-snippet:-1, max-image-preview:large, max-video-preview:-1\" \/>\n<link rel=\"canonical\" href=\"https:\/\/farmaciabetlemgracia.com\/ca\/product\/angileptol-comprimidos-para-chupar-sabor-miel-limon\/\" \/>\n<meta property=\"og:locale\" content=\"ca_ES\" \/>\n<meta property=\"og:type\" content=\"article\" \/>\n<meta property=\"og:title\" content=\"Angileptol Comprimidos para chupar sabor miel-lim\u00f3n - Farmacia Betlem Gracia\" \/>\n<meta property=\"og:description\" content=\"Medicamento bucofar\u00edngeo que combina clorhexidina, benzoca\u00edna y enoxolona, indicado para aliviar localmente el dolor, irritaci\u00f3n e inflamaci\u00f3n leves de boca y garganta.\" \/>\n<meta property=\"og:url\" content=\"https:\/\/farmaciabetlemgracia.com\/ca\/product\/angileptol-comprimidos-para-chupar-sabor-miel-limon\/\" \/>\n<meta property=\"og:site_name\" content=\"Farmacia Betlem Gracia\" \/>\n<meta property=\"article:modified_time\" content=\"2026-02-05T15:02:09+00:00\" \/>\n<meta property=\"og:image\" content=\"https:\/\/farmaciabetlemgracia.com\/wp-content\/uploads\/2025\/10\/angileptol-30-comprimidos-para-chupar.webp\" \/>\n\t<meta property=\"og:image:width\" content=\"1000\" \/>\n\t<meta property=\"og:image:height\" content=\"1112\" \/>\n\t<meta property=\"og:image:type\" content=\"image\/webp\" \/>\n<meta name=\"twitter:card\" content=\"summary_large_image\" \/>\n<meta name=\"twitter:label1\" content=\"Temps estimat de lectura\" \/>\n\t<meta name=\"twitter:data1\" content=\"2 minuts\" \/>\n<script type=\"application\/ld+json\" class=\"yoast-schema-graph\">{\"@context\":\"https:\\\/\\\/schema.org\",\"@graph\":[{\"@type\":\"WebPage\",\"@id\":\"https:\\\/\\\/farmaciabetlemgracia.com\\\/product\\\/angileptol-comprimidos-para-chupar-sabor-miel-limon\\\/\",\"url\":\"https:\\\/\\\/farmaciabetlemgracia.com\\\/product\\\/angileptol-comprimidos-para-chupar-sabor-miel-limon\\\/\",\"name\":\"Angileptol Comprimidos para chupar sabor miel-lim\u00f3n - Farmacia Betlem Gracia\",\"isPartOf\":{\"@id\":\"https:\\\/\\\/farmaciabetlemgracia.com\\\/#website\"},\"primaryImageOfPage\":{\"@id\":\"https:\\\/\\\/farmaciabetlemgracia.com\\\/product\\\/angileptol-comprimidos-para-chupar-sabor-miel-limon\\\/#primaryimage\"},\"image\":{\"@id\":\"https:\\\/\\\/farmaciabetlemgracia.com\\\/product\\\/angileptol-comprimidos-para-chupar-sabor-miel-limon\\\/#primaryimage\"},\"thumbnailUrl\":\"https:\\\/\\\/farmaciabetlemgracia.com\\\/wp-content\\\/uploads\\\/2025\\\/10\\\/angileptol-30-comprimidos-para-chupar.webp\",\"datePublished\":\"2025-10-16T16:45:11+00:00\",\"dateModified\":\"2026-02-05T15:02:09+00:00\",\"breadcrumb\":{\"@id\":\"https:\\\/\\\/farmaciabetlemgracia.com\\\/product\\\/angileptol-comprimidos-para-chupar-sabor-miel-limon\\\/#breadcrumb\"},\"inLanguage\":\"ca\",\"potentialAction\":[{\"@type\":\"ReadAction\",\"target\":[\"https:\\\/\\\/farmaciabetlemgracia.com\\\/product\\\/angileptol-comprimidos-para-chupar-sabor-miel-limon\\\/\"]}]},{\"@type\":\"ImageObject\",\"inLanguage\":\"ca\",\"@id\":\"https:\\\/\\\/farmaciabetlemgracia.com\\\/product\\\/angileptol-comprimidos-para-chupar-sabor-miel-limon\\\/#primaryimage\",\"url\":\"https:\\\/\\\/farmaciabetlemgracia.com\\\/wp-content\\\/uploads\\\/2025\\\/10\\\/angileptol-30-comprimidos-para-chupar.webp\",\"contentUrl\":\"https:\\\/\\\/farmaciabetlemgracia.com\\\/wp-content\\\/uploads\\\/2025\\\/10\\\/angileptol-30-comprimidos-para-chupar.webp\",\"width\":1000,\"height\":1112},{\"@type\":\"BreadcrumbList\",\"@id\":\"https:\\\/\\\/farmaciabetlemgracia.com\\\/product\\\/angileptol-comprimidos-para-chupar-sabor-miel-limon\\\/#breadcrumb\",\"itemListElement\":[{\"@type\":\"ListItem\",\"position\":1,\"name\":\"Portada\",\"item\":\"https:\\\/\\\/farmaciabetlemgracia.com\\\/\"},{\"@type\":\"ListItem\",\"position\":2,\"name\":\"Shop\",\"item\":\"https:\\\/\\\/farmaciabetlemgracia.com\\\/?page_id=5\"},{\"@type\":\"ListItem\",\"position\":3,\"name\":\"Angileptol Comprimidos para chupar sabor miel-lim\u00f3n\"}]},{\"@type\":\"WebSite\",\"@id\":\"https:\\\/\\\/farmaciabetlemgracia.com\\\/#website\",\"url\":\"https:\\\/\\\/farmaciabetlemgracia.com\\\/\",\"name\":\"Farmacia Betlem Gracia\",\"description\":\"\",\"publisher\":{\"@id\":\"https:\\\/\\\/farmaciabetlemgracia.com\\\/#organization\"},\"potentialAction\":[{\"@type\":\"SearchAction\",\"target\":{\"@type\":\"EntryPoint\",\"urlTemplate\":\"https:\\\/\\\/farmaciabetlemgracia.com\\\/?s={search_term_string}\"},\"query-input\":{\"@type\":\"PropertyValueSpecification\",\"valueRequired\":true,\"valueName\":\"search_term_string\"}}],\"inLanguage\":\"ca\"},{\"@type\":\"Organization\",\"@id\":\"https:\\\/\\\/farmaciabetlemgracia.com\\\/#organization\",\"name\":\"Farmacia Betlem Gracia\",\"url\":\"https:\\\/\\\/farmaciabetlemgracia.com\\\/\",\"logo\":{\"@type\":\"ImageObject\",\"inLanguage\":\"ca\",\"@id\":\"https:\\\/\\\/farmaciabetlemgracia.com\\\/#\\\/schema\\\/logo\\\/image\\\/\",\"url\":\"https:\\\/\\\/farmaciabetlemgracia.com\\\/wp-content\\\/uploads\\\/2025\\\/08\\\/cropped-cropped-logotransparent.png\",\"contentUrl\":\"https:\\\/\\\/farmaciabetlemgracia.com\\\/wp-content\\\/uploads\\\/2025\\\/08\\\/cropped-cropped-logotransparent.png\",\"width\":512,\"height\":512,\"caption\":\"Farmacia Betlem Gracia\"},\"image\":{\"@id\":\"https:\\\/\\\/farmaciabetlemgracia.com\\\/#\\\/schema\\\/logo\\\/image\\\/\"}}]}<\/script>\n<!-- \/ Yoast SEO plugin. -->","yoast_head_json":{"title":"Angileptol Comprimidos para chupar sabor miel-lim\u00f3n - Farmacia Betlem Gracia","robots":{"index":"index","follow":"follow","max-snippet":"max-snippet:-1","max-image-preview":"max-image-preview:large","max-video-preview":"max-video-preview:-1"},"canonical":"https:\/\/farmaciabetlemgracia.com\/ca\/product\/angileptol-comprimidos-para-chupar-sabor-miel-limon\/","og_locale":"ca_ES","og_type":"article","og_title":"Angileptol Comprimidos para chupar sabor miel-lim\u00f3n - Farmacia Betlem Gracia","og_description":"Medicamento bucofar\u00edngeo que combina clorhexidina, benzoca\u00edna y enoxolona, indicado para aliviar localmente el dolor, irritaci\u00f3n e inflamaci\u00f3n leves de boca y garganta.","og_url":"https:\/\/farmaciabetlemgracia.com\/ca\/product\/angileptol-comprimidos-para-chupar-sabor-miel-limon\/","og_site_name":"Farmacia Betlem Gracia","article_modified_time":"2026-02-05T15:02:09+00:00","og_image":[{"width":1000,"height":1112,"url":"https:\/\/farmaciabetlemgracia.com\/wp-content\/uploads\/2025\/10\/angileptol-30-comprimidos-para-chupar.webp","type":"image\/webp"}],"twitter_card":"summary_large_image","twitter_misc":{"Temps estimat de lectura":"2 minuts"},"schema":{"@context":"https:\/\/schema.org","@graph":[{"@type":"WebPage","@id":"https:\/\/farmaciabetlemgracia.com\/product\/angileptol-comprimidos-para-chupar-sabor-miel-limon\/","url":"https:\/\/farmaciabetlemgracia.com\/product\/angileptol-comprimidos-para-chupar-sabor-miel-limon\/","name":"Angileptol Comprimidos para chupar sabor miel-lim\u00f3n - Farmacia Betlem Gracia","isPartOf":{"@id":"https:\/\/farmaciabetlemgracia.com\/#website"},"primaryImageOfPage":{"@id":"https:\/\/farmaciabetlemgracia.com\/product\/angileptol-comprimidos-para-chupar-sabor-miel-limon\/#primaryimage"},"image":{"@id":"https:\/\/farmaciabetlemgracia.com\/product\/angileptol-comprimidos-para-chupar-sabor-miel-limon\/#primaryimage"},"thumbnailUrl":"https:\/\/farmaciabetlemgracia.com\/wp-content\/uploads\/2025\/10\/angileptol-30-comprimidos-para-chupar.webp","datePublished":"2025-10-16T16:45:11+00:00","dateModified":"2026-02-05T15:02:09+00:00","breadcrumb":{"@id":"https:\/\/farmaciabetlemgracia.com\/product\/angileptol-comprimidos-para-chupar-sabor-miel-limon\/#breadcrumb"},"inLanguage":"ca","potentialAction":[{"@type":"ReadAction","target":["https:\/\/farmaciabetlemgracia.com\/product\/angileptol-comprimidos-para-chupar-sabor-miel-limon\/"]}]},{"@type":"ImageObject","inLanguage":"ca","@id":"https:\/\/farmaciabetlemgracia.com\/product\/angileptol-comprimidos-para-chupar-sabor-miel-limon\/#primaryimage","url":"https:\/\/farmaciabetlemgracia.com\/wp-content\/uploads\/2025\/10\/angileptol-30-comprimidos-para-chupar.webp","contentUrl":"https:\/\/farmaciabetlemgracia.com\/wp-content\/uploads\/2025\/10\/angileptol-30-comprimidos-para-chupar.webp","width":1000,"height":1112},{"@type":"BreadcrumbList","@id":"https:\/\/farmaciabetlemgracia.com\/product\/angileptol-comprimidos-para-chupar-sabor-miel-limon\/#breadcrumb","itemListElement":[{"@type":"ListItem","position":1,"name":"Portada","item":"https:\/\/farmaciabetlemgracia.com\/"},{"@type":"ListItem","position":2,"name":"Shop","item":"https:\/\/farmaciabetlemgracia.com\/?page_id=5"},{"@type":"ListItem","position":3,"name":"Angileptol Comprimidos para chupar sabor miel-lim\u00f3n"}]},{"@type":"WebSite","@id":"https:\/\/farmaciabetlemgracia.com\/#website","url":"https:\/\/farmaciabetlemgracia.com\/","name":"Farm\u00e0cia Betlem Gr\u00e0cia","description":"","publisher":{"@id":"https:\/\/farmaciabetlemgracia.com\/#organization"},"potentialAction":[{"@type":"SearchAction","target":{"@type":"EntryPoint","urlTemplate":"https:\/\/farmaciabetlemgracia.com\/?s={search_term_string}"},"query-input":{"@type":"PropertyValueSpecification","valueRequired":true,"valueName":"search_term_string"}}],"inLanguage":"ca"},{"@type":"Organization","@id":"https:\/\/farmaciabetlemgracia.com\/#organization","name":"Farm\u00e0cia Betlem Gr\u00e0cia","url":"https:\/\/farmaciabetlemgracia.com\/","logo":{"@type":"ImageObject","inLanguage":"ca","@id":"https:\/\/farmaciabetlemgracia.com\/#\/schema\/logo\/image\/","url":"https:\/\/farmaciabetlemgracia.com\/wp-content\/uploads\/2025\/08\/cropped-cropped-logotransparent.png","contentUrl":"https:\/\/farmaciabetlemgracia.com\/wp-content\/uploads\/2025\/08\/cropped-cropped-logotransparent.png","width":512,"height":512,"caption":"Farmacia Betlem Gracia"},"image":{"@id":"https:\/\/farmaciabetlemgracia.com\/#\/schema\/logo\/image\/"}}]}},"_links":{"self":[{"href":"https:\/\/farmaciabetlemgracia.com\/ca\/wp-json\/wp\/v2\/product\/2298","targetHints":{"allow":["GET"]}}],"collection":[{"href":"https:\/\/farmaciabetlemgracia.com\/ca\/wp-json\/wp\/v2\/product"}],"about":[{"href":"https:\/\/farmaciabetlemgracia.com\/ca\/wp-json\/wp\/v2\/types\/product"}],"replies":[{"embeddable":true,"href":"https:\/\/farmaciabetlemgracia.com\/ca\/wp-json\/wp\/v2\/comments?post=2298"}],"version-history":[{"count":1,"href":"https:\/\/farmaciabetlemgracia.com\/ca\/wp-json\/wp\/v2\/product\/2298\/revisions"}],"predecessor-version":[{"id":6515,"href":"https:\/\/farmaciabetlemgracia.com\/ca\/wp-json\/wp\/v2\/product\/2298\/revisions\/6515"}],"wp:featuredmedia":[{"embeddable":true,"href":"https:\/\/farmaciabetlemgracia.com\/ca\/wp-json\/wp\/v2\/media\/2299"}],"wp:attachment":[{"href":"https:\/\/farmaciabetlemgracia.com\/ca\/wp-json\/wp\/v2\/media?parent=2298"}],"wp:term":[{"taxonomy":"product_brand","embeddable":true,"href":"https:\/\/farmaciabetlemgracia.com\/ca\/wp-json\/wp\/v2\/product_brand?post=2298"},{"taxonomy":"product_cat","embeddable":true,"href":"https:\/\/farmaciabetlemgracia.com\/ca\/wp-json\/wp\/v2\/product_cat?post=2298"},{"taxonomy":"product_tag","embeddable":true,"href":"https:\/\/farmaciabetlemgracia.com\/ca\/wp-json\/wp\/v2\/product_tag?post=2298"}],"curies":[{"name":"wp","href":"https:\/\/api.w.org\/{rel}","templated":true}]}}