{"id":2250,"date":"2025-10-16T14:00:27","date_gmt":"2025-10-16T14:00:27","guid":{"rendered":"https:\/\/farmaciabetlemgracia.com\/?post_type=product&#038;p=2250"},"modified":"2025-12-20T14:10:01","modified_gmt":"2025-12-20T13:10:01","slug":"revacomplex-sueno-gummies-30-gominolas-sabor-frutos-del-bosque","status":"publish","type":"product","link":"https:\/\/farmaciabetlemgracia.com\/ca\/product\/revacomplex-sueno-gummies-30-gominolas-sabor-frutos-del-bosque\/","title":{"rendered":"Revacomplex Sue\u00f1o 30 gominolas (sabor frutos del bosque) <span class=\"cn-hide\">(CN: 212441)<\/span>"},"content":{"rendered":"<p data-start=\"432\" data-end=\"610\"><strong data-start=\"465\" data-end=\"482\">Indicaciones:<\/strong><br data-start=\"482\" data-end=\"485\" \/>Complemento que contribuye a reducir el tiempo necesario para conciliar el sue\u00f1o, gracias a su contenido en <strong data-start=\"593\" data-end=\"607\">melatonina<\/strong>.<\/p>\n<p data-start=\"612\" data-end=\"707\"><strong data-start=\"612\" data-end=\"631\">Modo de empleo:<\/strong><br data-start=\"631\" data-end=\"634\" \/>Tomar <strong data-start=\"640\" data-end=\"654\">1 gominola<\/strong> aproximadamente <strong data-start=\"671\" data-end=\"704\">30 minutos antes de acostarse<\/strong>.<\/p>\n<p data-start=\"709\" data-end=\"770\"><strong data-start=\"709\" data-end=\"725\">Composici\u00f3n:<\/strong><br data-start=\"725\" data-end=\"728\" \/>Contiene entre sus ingredientes activos:<\/p>\n<ul data-start=\"771\" data-end=\"858\">\n<li data-start=\"771\" data-end=\"785\">\n<p data-start=\"773\" data-end=\"785\">Melatonina<\/p>\n<\/li>\n<li data-start=\"786\" data-end=\"801\">\n<p data-start=\"788\" data-end=\"801\">Ashwagandha<\/p>\n<\/li>\n<li data-start=\"802\" data-end=\"815\">\n<p data-start=\"804\" data-end=\"815\">Pasiflora<\/p>\n<\/li>\n<li data-start=\"816\" data-end=\"826\">\n<p data-start=\"818\" data-end=\"826\">Melisa<\/p>\n<\/li>\n<li data-start=\"827\" data-end=\"858\">\n<p data-start=\"829\" data-end=\"858\">Vitaminas B6, B12 y biotina<\/p>\n<\/li>\n<\/ul>\n<p data-start=\"860\" data-end=\"945\">Adem\u00e1s de otros ingredientes y excipientes que permiten la formulaci\u00f3n en gominola.<\/p>\n<p data-start=\"947\" data-end=\"1368\"><strong data-start=\"947\" data-end=\"964\">Advertencias:<\/strong><br data-start=\"964\" data-end=\"967\" \/>No superar la dosis diaria recomendada.<br data-start=\"1006\" data-end=\"1009\" \/>Los complementos alimenticios no deben sustituir una dieta equilibrada ni un estilo de vida saludable.<br data-start=\"1111\" data-end=\"1114\" \/>Mantener fuera del alcance de los ni\u00f1os.<br data-start=\"1154\" data-end=\"1157\" \/>Conservar en lugar seco y fresco.<br data-start=\"1190\" data-end=\"1193\" \/>No apto para menores de edad sin supervisi\u00f3n m\u00e9dica.<br data-start=\"1245\" data-end=\"1248\" \/>Si est\u00e1s embarazada, en periodo de lactancia o bajo tratamiento m\u00e9dico, cons\u00faltalo antes con un profesional sanitario.<\/p>","protected":false},"excerpt":{"rendered":"<p>Complemento alimenticio en formato gominola con <strong data-start=\"308\" data-end=\"384\">melatonina, ashwagandha, pasiflora, melisa y vitaminas B6, B12 y biotina<\/strong>, dise\u00f1ado para ayudar a conciliar el sue\u00f1o.<\/p>","protected":false},"featured_media":2252,"comment_status":"open","ping_status":"closed","template":"","meta":{"site-sidebar-layout":"default","site-content-layout":"","ast-site-content-layout":"default","site-content-style":"default","site-sidebar-style":"default","ast-global-header-display":"","ast-banner-title-visibility":"","ast-main-header-display":"","ast-hfb-above-header-display":"","ast-hfb-below-header-display":"","ast-hfb-mobile-header-display":"","site-post-title":"","ast-breadcrumbs-content":"","ast-featured-img":"","footer-sml-layout":"","ast-disable-related-posts":"","theme-transparent-header-meta":"","adv-header-id-meta":"","stick-header-meta":"","header-above-stick-meta":"","header-main-stick-meta":"","header-below-stick-meta":"","astra-migrate-meta-layouts":"default","ast-page-background-enabled":"default","ast-page-background-meta":{"desktop":{"background-color":"var(--ast-global-color-5)","background-image":"","background-repeat":"repeat","background-position":"center center","background-size":"auto","background-attachment":"scroll","background-type":"","background-media":"","overlay-type":"","overlay-color":"","overlay-opacity":"","overlay-gradient":""},"tablet":{"background-color":"","background-image":"","background-repeat":"repeat","background-position":"center center","background-size":"auto","background-attachment":"scroll","background-type":"","background-media":"","overlay-type":"","overlay-color":"","overlay-opacity":"","overlay-gradient":""},"mobile":{"background-color":"","background-image":"","background-repeat":"repeat","background-position":"center center","background-size":"auto","background-attachment":"scroll","background-type":"","background-media":"","overlay-type":"","overlay-color":"","overlay-opacity":"","overlay-gradient":""}},"ast-content-background-meta":{"desktop":{"background-color":"var(--ast-global-color-4)","background-image":"","background-repeat":"repeat","background-position":"center center","background-size":"auto","background-attachment":"scroll","background-type":"","background-media":"","overlay-type":"","overlay-color":"","overlay-opacity":"","overlay-gradient":""},"tablet":{"background-color":"var(--ast-global-color-4)","background-image":"","background-repeat":"repeat","background-position":"center center","background-size":"auto","background-attachment":"scroll","background-type":"","background-media":"","overlay-type":"","overlay-color":"","overlay-opacity":"","overlay-gradient":""},"mobile":{"background-color":"var(--ast-global-color-4)","background-image":"","background-repeat":"repeat","background-position":"center center","background-size":"auto","background-attachment":"scroll","background-type":"","background-media":"","overlay-type":"","overlay-color":"","overlay-opacity":"","overlay-gradient":""}}},"product_brand":[840],"product_cat":[347,1876],"product_tag":[1091,1120,1085,1090,197,1119,1089,1083],"class_list":{"0":"post-2250","1":"product","2":"type-product","3":"status-publish","4":"has-post-thumbnail","6":"product_brand-reva","7":"product_cat-estres-ansiedad-y-sueno","8":"product_cat-melatonina","9":"product_tag-ashwagandha","10":"product_tag-biotina","11":"product_tag-gominolas","12":"product_tag-melatonina","13":"product_tag-pasiflora","14":"product_tag-revacomplex","15":"product_tag-sueno-gummies","16":"product_tag-vitamina-b6","17":"desktop-align-center","18":"tablet-align-left","19":"mobile-align-left","21":"first","22":"instock","23":"sale","24":"shipping-taxable","25":"purchasable","26":"product-type-simple"},"yoast_head":"<!-- This site is optimized with the Yoast SEO plugin v27.3 - https:\/\/yoast.com\/product\/yoast-seo-wordpress\/ -->\n<title>Revacomplex Sue\u00f1o 30 gominolas (sabor frutos del bosque) (CN: 212441) - Farmacia Betlem Gracia<\/title>\n<meta name=\"robots\" content=\"index, follow, max-snippet:-1, max-image-preview:large, max-video-preview:-1\" \/>\n<link rel=\"canonical\" href=\"https:\/\/farmaciabetlemgracia.com\/ca\/product\/revacomplex-sueno-gummies-30-gominolas-sabor-frutos-del-bosque\/\" \/>\n<meta property=\"og:locale\" content=\"ca_ES\" \/>\n<meta property=\"og:type\" content=\"article\" \/>\n<meta property=\"og:title\" content=\"Revacomplex Sue\u00f1o 30 gominolas (sabor frutos del bosque) (CN: 212441) - Farmacia Betlem Gracia\" \/>\n<meta property=\"og:description\" content=\"Complemento alimenticio en formato gominola con melatonina, ashwagandha, pasiflora, melisa y vitaminas B6, B12 y biotina, dise\u00f1ado para ayudar a conciliar el sue\u00f1o.\" \/>\n<meta property=\"og:url\" content=\"https:\/\/farmaciabetlemgracia.com\/ca\/product\/revacomplex-sueno-gummies-30-gominolas-sabor-frutos-del-bosque\/\" \/>\n<meta property=\"og:site_name\" content=\"Farmacia Betlem Gracia\" \/>\n<meta property=\"article:modified_time\" content=\"2025-12-20T13:10:01+00:00\" \/>\n<meta property=\"og:image\" content=\"https:\/\/farmaciabetlemgracia.com\/wp-content\/uploads\/2025\/10\/revacomplex-sueno-gummies-30-gominolas-sabor-fru.webp\" \/>\n\t<meta property=\"og:image:width\" content=\"1400\" \/>\n\t<meta property=\"og:image:height\" content=\"1400\" \/>\n\t<meta property=\"og:image:type\" content=\"image\/webp\" \/>\n<meta name=\"twitter:card\" content=\"summary_large_image\" \/>\n<meta name=\"twitter:label1\" content=\"Temps estimat de lectura\" \/>\n\t<meta name=\"twitter:data1\" content=\"1 minut\" \/>\n<script type=\"application\/ld+json\" class=\"yoast-schema-graph\">{\"@context\":\"https:\\\/\\\/schema.org\",\"@graph\":[{\"@type\":\"WebPage\",\"@id\":\"https:\\\/\\\/farmaciabetlemgracia.com\\\/product\\\/revacomplex-sueno-gummies-30-gominolas-sabor-frutos-del-bosque\\\/\",\"url\":\"https:\\\/\\\/farmaciabetlemgracia.com\\\/product\\\/revacomplex-sueno-gummies-30-gominolas-sabor-frutos-del-bosque\\\/\",\"name\":\"Revacomplex Sue\u00f1o 30 gominolas (sabor frutos del bosque) (CN: 212441) - Farmacia Betlem Gracia\",\"isPartOf\":{\"@id\":\"https:\\\/\\\/farmaciabetlemgracia.com\\\/#website\"},\"primaryImageOfPage\":{\"@id\":\"https:\\\/\\\/farmaciabetlemgracia.com\\\/product\\\/revacomplex-sueno-gummies-30-gominolas-sabor-frutos-del-bosque\\\/#primaryimage\"},\"image\":{\"@id\":\"https:\\\/\\\/farmaciabetlemgracia.com\\\/product\\\/revacomplex-sueno-gummies-30-gominolas-sabor-frutos-del-bosque\\\/#primaryimage\"},\"thumbnailUrl\":\"https:\\\/\\\/farmaciabetlemgracia.com\\\/wp-content\\\/uploads\\\/2025\\\/10\\\/revacomplex-sueno-gummies-30-gominolas-sabor-fru.webp\",\"datePublished\":\"2025-10-16T14:00:27+00:00\",\"dateModified\":\"2025-12-20T13:10:01+00:00\",\"breadcrumb\":{\"@id\":\"https:\\\/\\\/farmaciabetlemgracia.com\\\/product\\\/revacomplex-sueno-gummies-30-gominolas-sabor-frutos-del-bosque\\\/#breadcrumb\"},\"inLanguage\":\"ca\",\"potentialAction\":[{\"@type\":\"ReadAction\",\"target\":[\"https:\\\/\\\/farmaciabetlemgracia.com\\\/product\\\/revacomplex-sueno-gummies-30-gominolas-sabor-frutos-del-bosque\\\/\"]}]},{\"@type\":\"ImageObject\",\"inLanguage\":\"ca\",\"@id\":\"https:\\\/\\\/farmaciabetlemgracia.com\\\/product\\\/revacomplex-sueno-gummies-30-gominolas-sabor-frutos-del-bosque\\\/#primaryimage\",\"url\":\"https:\\\/\\\/farmaciabetlemgracia.com\\\/wp-content\\\/uploads\\\/2025\\\/10\\\/revacomplex-sueno-gummies-30-gominolas-sabor-fru.webp\",\"contentUrl\":\"https:\\\/\\\/farmaciabetlemgracia.com\\\/wp-content\\\/uploads\\\/2025\\\/10\\\/revacomplex-sueno-gummies-30-gominolas-sabor-fru.webp\",\"width\":1400,\"height\":1400},{\"@type\":\"BreadcrumbList\",\"@id\":\"https:\\\/\\\/farmaciabetlemgracia.com\\\/product\\\/revacomplex-sueno-gummies-30-gominolas-sabor-frutos-del-bosque\\\/#breadcrumb\",\"itemListElement\":[{\"@type\":\"ListItem\",\"position\":1,\"name\":\"Portada\",\"item\":\"https:\\\/\\\/farmaciabetlemgracia.com\\\/\"},{\"@type\":\"ListItem\",\"position\":2,\"name\":\"Shop\",\"item\":\"https:\\\/\\\/farmaciabetlemgracia.com\\\/?page_id=5\"},{\"@type\":\"ListItem\",\"position\":3,\"name\":\"Revacomplex Sue\u00f1o 30 gominolas (sabor frutos del bosque) (CN: 212441)\"}]},{\"@type\":\"WebSite\",\"@id\":\"https:\\\/\\\/farmaciabetlemgracia.com\\\/#website\",\"url\":\"https:\\\/\\\/farmaciabetlemgracia.com\\\/\",\"name\":\"Farmacia Betlem Gracia\",\"description\":\"\",\"publisher\":{\"@id\":\"https:\\\/\\\/farmaciabetlemgracia.com\\\/#organization\"},\"potentialAction\":[{\"@type\":\"SearchAction\",\"target\":{\"@type\":\"EntryPoint\",\"urlTemplate\":\"https:\\\/\\\/farmaciabetlemgracia.com\\\/?s={search_term_string}\"},\"query-input\":{\"@type\":\"PropertyValueSpecification\",\"valueRequired\":true,\"valueName\":\"search_term_string\"}}],\"inLanguage\":\"ca\"},{\"@type\":\"Organization\",\"@id\":\"https:\\\/\\\/farmaciabetlemgracia.com\\\/#organization\",\"name\":\"Farmacia Betlem Gracia\",\"url\":\"https:\\\/\\\/farmaciabetlemgracia.com\\\/\",\"logo\":{\"@type\":\"ImageObject\",\"inLanguage\":\"ca\",\"@id\":\"https:\\\/\\\/farmaciabetlemgracia.com\\\/#\\\/schema\\\/logo\\\/image\\\/\",\"url\":\"https:\\\/\\\/farmaciabetlemgracia.com\\\/wp-content\\\/uploads\\\/2025\\\/08\\\/cropped-cropped-logotransparent.png\",\"contentUrl\":\"https:\\\/\\\/farmaciabetlemgracia.com\\\/wp-content\\\/uploads\\\/2025\\\/08\\\/cropped-cropped-logotransparent.png\",\"width\":512,\"height\":512,\"caption\":\"Farmacia Betlem Gracia\"},\"image\":{\"@id\":\"https:\\\/\\\/farmaciabetlemgracia.com\\\/#\\\/schema\\\/logo\\\/image\\\/\"}}]}<\/script>\n<!-- \/ Yoast SEO plugin. -->","yoast_head_json":{"title":"Revacomplex Sue\u00f1o 30 gominolas (sabor frutos del bosque) (CN: 212441) - Farmacia Betlem Gracia","robots":{"index":"index","follow":"follow","max-snippet":"max-snippet:-1","max-image-preview":"max-image-preview:large","max-video-preview":"max-video-preview:-1"},"canonical":"https:\/\/farmaciabetlemgracia.com\/ca\/product\/revacomplex-sueno-gummies-30-gominolas-sabor-frutos-del-bosque\/","og_locale":"ca_ES","og_type":"article","og_title":"Revacomplex Sue\u00f1o 30 gominolas (sabor frutos del bosque) (CN: 212441) - Farmacia Betlem Gracia","og_description":"Complemento alimenticio en formato gominola con melatonina, ashwagandha, pasiflora, melisa y vitaminas B6, B12 y biotina, dise\u00f1ado para ayudar a conciliar el sue\u00f1o.","og_url":"https:\/\/farmaciabetlemgracia.com\/ca\/product\/revacomplex-sueno-gummies-30-gominolas-sabor-frutos-del-bosque\/","og_site_name":"Farmacia Betlem Gracia","article_modified_time":"2025-12-20T13:10:01+00:00","og_image":[{"width":1400,"height":1400,"url":"https:\/\/farmaciabetlemgracia.com\/wp-content\/uploads\/2025\/10\/revacomplex-sueno-gummies-30-gominolas-sabor-fru.webp","type":"image\/webp"}],"twitter_card":"summary_large_image","twitter_misc":{"Temps estimat de lectura":"1 minut"},"schema":{"@context":"https:\/\/schema.org","@graph":[{"@type":"WebPage","@id":"https:\/\/farmaciabetlemgracia.com\/product\/revacomplex-sueno-gummies-30-gominolas-sabor-frutos-del-bosque\/","url":"https:\/\/farmaciabetlemgracia.com\/product\/revacomplex-sueno-gummies-30-gominolas-sabor-frutos-del-bosque\/","name":"Revacomplex Sue\u00f1o 30 gominolas (sabor frutos del bosque) (CN: 212441) - Farmacia Betlem Gracia","isPartOf":{"@id":"https:\/\/farmaciabetlemgracia.com\/#website"},"primaryImageOfPage":{"@id":"https:\/\/farmaciabetlemgracia.com\/product\/revacomplex-sueno-gummies-30-gominolas-sabor-frutos-del-bosque\/#primaryimage"},"image":{"@id":"https:\/\/farmaciabetlemgracia.com\/product\/revacomplex-sueno-gummies-30-gominolas-sabor-frutos-del-bosque\/#primaryimage"},"thumbnailUrl":"https:\/\/farmaciabetlemgracia.com\/wp-content\/uploads\/2025\/10\/revacomplex-sueno-gummies-30-gominolas-sabor-fru.webp","datePublished":"2025-10-16T14:00:27+00:00","dateModified":"2025-12-20T13:10:01+00:00","breadcrumb":{"@id":"https:\/\/farmaciabetlemgracia.com\/product\/revacomplex-sueno-gummies-30-gominolas-sabor-frutos-del-bosque\/#breadcrumb"},"inLanguage":"ca","potentialAction":[{"@type":"ReadAction","target":["https:\/\/farmaciabetlemgracia.com\/product\/revacomplex-sueno-gummies-30-gominolas-sabor-frutos-del-bosque\/"]}]},{"@type":"ImageObject","inLanguage":"ca","@id":"https:\/\/farmaciabetlemgracia.com\/product\/revacomplex-sueno-gummies-30-gominolas-sabor-frutos-del-bosque\/#primaryimage","url":"https:\/\/farmaciabetlemgracia.com\/wp-content\/uploads\/2025\/10\/revacomplex-sueno-gummies-30-gominolas-sabor-fru.webp","contentUrl":"https:\/\/farmaciabetlemgracia.com\/wp-content\/uploads\/2025\/10\/revacomplex-sueno-gummies-30-gominolas-sabor-fru.webp","width":1400,"height":1400},{"@type":"BreadcrumbList","@id":"https:\/\/farmaciabetlemgracia.com\/product\/revacomplex-sueno-gummies-30-gominolas-sabor-frutos-del-bosque\/#breadcrumb","itemListElement":[{"@type":"ListItem","position":1,"name":"Portada","item":"https:\/\/farmaciabetlemgracia.com\/"},{"@type":"ListItem","position":2,"name":"Shop","item":"https:\/\/farmaciabetlemgracia.com\/?page_id=5"},{"@type":"ListItem","position":3,"name":"Revacomplex Sue\u00f1o 30 gominolas (sabor frutos del bosque) (CN: 212441)"}]},{"@type":"WebSite","@id":"https:\/\/farmaciabetlemgracia.com\/#website","url":"https:\/\/farmaciabetlemgracia.com\/","name":"Farm\u00e0cia Betlem Gr\u00e0cia","description":"","publisher":{"@id":"https:\/\/farmaciabetlemgracia.com\/#organization"},"potentialAction":[{"@type":"SearchAction","target":{"@type":"EntryPoint","urlTemplate":"https:\/\/farmaciabetlemgracia.com\/?s={search_term_string}"},"query-input":{"@type":"PropertyValueSpecification","valueRequired":true,"valueName":"search_term_string"}}],"inLanguage":"ca"},{"@type":"Organization","@id":"https:\/\/farmaciabetlemgracia.com\/#organization","name":"Farm\u00e0cia Betlem Gr\u00e0cia","url":"https:\/\/farmaciabetlemgracia.com\/","logo":{"@type":"ImageObject","inLanguage":"ca","@id":"https:\/\/farmaciabetlemgracia.com\/#\/schema\/logo\/image\/","url":"https:\/\/farmaciabetlemgracia.com\/wp-content\/uploads\/2025\/08\/cropped-cropped-logotransparent.png","contentUrl":"https:\/\/farmaciabetlemgracia.com\/wp-content\/uploads\/2025\/08\/cropped-cropped-logotransparent.png","width":512,"height":512,"caption":"Farmacia Betlem Gracia"},"image":{"@id":"https:\/\/farmaciabetlemgracia.com\/#\/schema\/logo\/image\/"}}]}},"_links":{"self":[{"href":"https:\/\/farmaciabetlemgracia.com\/ca\/wp-json\/wp\/v2\/product\/2250","targetHints":{"allow":["GET"]}}],"collection":[{"href":"https:\/\/farmaciabetlemgracia.com\/ca\/wp-json\/wp\/v2\/product"}],"about":[{"href":"https:\/\/farmaciabetlemgracia.com\/ca\/wp-json\/wp\/v2\/types\/product"}],"replies":[{"embeddable":true,"href":"https:\/\/farmaciabetlemgracia.com\/ca\/wp-json\/wp\/v2\/comments?post=2250"}],"version-history":[{"count":0,"href":"https:\/\/farmaciabetlemgracia.com\/ca\/wp-json\/wp\/v2\/product\/2250\/revisions"}],"wp:featuredmedia":[{"embeddable":true,"href":"https:\/\/farmaciabetlemgracia.com\/ca\/wp-json\/wp\/v2\/media\/2252"}],"wp:attachment":[{"href":"https:\/\/farmaciabetlemgracia.com\/ca\/wp-json\/wp\/v2\/media?parent=2250"}],"wp:term":[{"taxonomy":"product_brand","embeddable":true,"href":"https:\/\/farmaciabetlemgracia.com\/ca\/wp-json\/wp\/v2\/product_brand?post=2250"},{"taxonomy":"product_cat","embeddable":true,"href":"https:\/\/farmaciabetlemgracia.com\/ca\/wp-json\/wp\/v2\/product_cat?post=2250"},{"taxonomy":"product_tag","embeddable":true,"href":"https:\/\/farmaciabetlemgracia.com\/ca\/wp-json\/wp\/v2\/product_tag?post=2250"}],"curies":[{"name":"wp","href":"https:\/\/api.w.org\/{rel}","templated":true}]}}