{"id":2220,"date":"2025-10-16T12:49:37","date_gmt":"2025-10-16T12:49:37","guid":{"rendered":"https:\/\/farmaciabetlemgracia.com\/?post_type=product&#038;p=2220"},"modified":"2025-11-17T15:45:22","modified_gmt":"2025-11-17T14:45:22","slug":"proapic-jalea-senior-20-ampollas","status":"publish","type":"product","link":"https:\/\/farmaciabetlemgracia.com\/ca\/product\/proapic-jalea-senior-20-ampollas\/","title":{"rendered":"Proapic Jalea Senior \u2014 20 ampollas <span class=\"cn-hide\">(CN: 061085)<\/span>"},"content":{"rendered":"<p data-start=\"385\" data-end=\"721\"><strong data-start=\"385\" data-end=\"402\">Indicaciones:<\/strong><br data-start=\"402\" data-end=\"405\" \/>Apoyo nutricional para <strong data-start=\"428\" data-end=\"441\">vitalidad<\/strong> y <strong data-start=\"444\" data-end=\"457\">bienestar<\/strong> en adultos y s\u00e9nior. Las <strong data-start=\"483\" data-end=\"507\">vitaminas C, B2 y B6<\/strong> contribuyen a <strong data-start=\"522\" data-end=\"560\">disminuir el cansancio y la fatiga<\/strong>; la <strong data-start=\"565\" data-end=\"579\">vitamina C<\/strong> ayuda al <strong data-start=\"589\" data-end=\"638\">funcionamiento normal del sistema inmunitario<\/strong>; la <strong data-start=\"643\" data-end=\"657\">vitamina E<\/strong> contribuye a <strong data-start=\"671\" data-end=\"720\">proteger las c\u00e9lulas frente al da\u00f1o oxidativo<\/strong>.<\/p>\n<p data-start=\"723\" data-end=\"744\"><strong data-start=\"723\" data-end=\"742\">Modo de empleo:<\/strong><\/p>\n<ul data-start=\"745\" data-end=\"883\">\n<li data-start=\"745\" data-end=\"855\">\n<p data-start=\"747\" data-end=\"855\"><strong data-start=\"747\" data-end=\"767\">1 ampolla al d\u00eda<\/strong>, preferiblemente <strong data-start=\"785\" data-end=\"802\">por la ma\u00f1ana<\/strong> (puede tomarse sola o <strong data-start=\"825\" data-end=\"851\">diluida en agua o zumo<\/strong>).<\/p>\n<\/li>\n<li data-start=\"856\" data-end=\"883\">\n<p data-start=\"858\" data-end=\"883\"><strong data-start=\"858\" data-end=\"883\">Agitar antes de usar.<\/strong><\/p>\n<\/li>\n<\/ul>\n<p data-start=\"885\" data-end=\"921\"><strong data-start=\"885\" data-end=\"901\">Composici\u00f3n:<\/strong> <em data-start=\"902\" data-end=\"919\">(por 1 ampolla)<\/em><\/p>\n<ul data-start=\"922\" data-end=\"1497\">\n<li data-start=\"922\" data-end=\"952\">\n<p data-start=\"924\" data-end=\"952\"><strong data-start=\"924\" data-end=\"938\">Jalea real<\/strong>: <strong data-start=\"940\" data-end=\"950\">750 mg<\/strong><\/p>\n<\/li>\n<li data-start=\"953\" data-end=\"1030\">\n<p data-start=\"955\" data-end=\"1030\"><strong data-start=\"955\" data-end=\"970\">Harpagofito<\/strong> (<em data-start=\"972\" data-end=\"998\">Harpagophytum procumbens<\/em>, extracto fluido): <strong data-start=\"1018\" data-end=\"1028\">500 mg<\/strong><\/p>\n<\/li>\n<li data-start=\"1031\" data-end=\"1100\">\n<p data-start=\"1033\" data-end=\"1100\"><strong data-start=\"1033\" data-end=\"1046\">Equin\u00e1cea<\/strong> (<em data-start=\"1048\" data-end=\"1068\">Echinacea purpurea<\/em>, extracto fluido): <strong data-start=\"1088\" data-end=\"1098\">400 mg<\/strong><\/p>\n<\/li>\n<li data-start=\"1101\" data-end=\"1127\">\n<p data-start=\"1103\" data-end=\"1127\"><strong data-start=\"1103\" data-end=\"1113\">Colina<\/strong>: <strong data-start=\"1115\" data-end=\"1125\">200 mg<\/strong><\/p>\n<\/li>\n<li data-start=\"1128\" data-end=\"1168\">\n<p data-start=\"1130\" data-end=\"1168\"><strong data-start=\"1130\" data-end=\"1144\">Vitamina C<\/strong>: <strong data-start=\"1146\" data-end=\"1155\">80 mg<\/strong> (100% VRN)<\/p>\n<\/li>\n<li data-start=\"1169\" data-end=\"1263\">\n<p data-start=\"1171\" data-end=\"1263\"><strong data-start=\"1171\" data-end=\"1183\">Ar\u00e1ndano<\/strong> (<em data-start=\"1185\" data-end=\"1206\">Vaccinium myrtillus<\/em>, extracto seco): <strong data-start=\"1224\" data-end=\"1233\">50 mg<\/strong> (<strong data-start=\"1235\" data-end=\"1245\">0.5 mg<\/strong> antocian\u00f3sidos)<\/p>\n<\/li>\n<li data-start=\"1264\" data-end=\"1304\">\n<p data-start=\"1266\" data-end=\"1304\"><strong data-start=\"1266\" data-end=\"1280\">Vitamina E<\/strong>: <strong data-start=\"1282\" data-end=\"1291\">12 mg<\/strong> (100% VRN)<\/p>\n<\/li>\n<li data-start=\"1305\" data-end=\"1347\">\n<p data-start=\"1307\" data-end=\"1347\"><strong data-start=\"1307\" data-end=\"1322\">Vitamina B6<\/strong>: <strong data-start=\"1324\" data-end=\"1334\">1.4 mg<\/strong> (100% VRN)<\/p>\n<\/li>\n<li data-start=\"1348\" data-end=\"1390\">\n<p data-start=\"1350\" data-end=\"1390\"><strong data-start=\"1350\" data-end=\"1365\">Vitamina B2<\/strong>: <strong data-start=\"1367\" data-end=\"1377\">1.4 mg<\/strong> (100% VRN)<\/p>\n<\/li>\n<li data-start=\"1391\" data-end=\"1433\">\n<p data-start=\"1393\" data-end=\"1433\"><strong data-start=\"1393\" data-end=\"1408\">Vitamina B1<\/strong>: <strong data-start=\"1410\" data-end=\"1420\">1.1 mg<\/strong> (100% VRN)<\/p>\n<\/li>\n<li data-start=\"1434\" data-end=\"1475\">\n<p data-start=\"1436\" data-end=\"1475\"><strong data-start=\"1436\" data-end=\"1450\">Vitamina A<\/strong>: <strong data-start=\"1452\" data-end=\"1462\">800 \u00b5g<\/strong> (100% VRN)<\/p>\n<\/li>\n<li data-start=\"1476\" data-end=\"1497\">\n<p data-start=\"1478\" data-end=\"1497\"><strong data-start=\"1478\" data-end=\"1495\">Aroma naranja<\/strong><\/p>\n<\/li>\n<\/ul>\n<p data-start=\"1499\" data-end=\"1518\"><strong data-start=\"1499\" data-end=\"1516\">Advertencias:<\/strong><\/p>\n<ul data-start=\"1519\" data-end=\"1944\">\n<li data-start=\"1519\" data-end=\"1632\">\n<p data-start=\"1521\" data-end=\"1632\"><strong data-start=\"1521\" data-end=\"1548\">Complemento alimenticio<\/strong>: no sustituye una <strong data-start=\"1567\" data-end=\"1598\">dieta variada y equilibrada<\/strong> ni un estilo de vida saludable.<\/p>\n<\/li>\n<li data-start=\"1633\" data-end=\"1680\">\n<p data-start=\"1635\" data-end=\"1680\"><strong data-start=\"1635\" data-end=\"1649\">No superar<\/strong> la dosis diaria recomendada.<\/p>\n<\/li>\n<li data-start=\"1681\" data-end=\"1729\">\n<p data-start=\"1683\" data-end=\"1729\"><strong data-start=\"1683\" data-end=\"1727\">Mantener fuera del alcance de los ni\u00f1os.<\/strong><\/p>\n<\/li>\n<li data-start=\"1730\" data-end=\"1878\">\n<p data-start=\"1732\" data-end=\"1878\">Si est\u00e1s <strong data-start=\"1741\" data-end=\"1769\">embarazada, en lactancia<\/strong>, tomas medicaci\u00f3n o tienes alguna condici\u00f3n m\u00e9dica, <strong data-start=\"1822\" data-end=\"1834\">consulta<\/strong> previamente con un profesional sanitario.<\/p>\n<\/li>\n<li data-start=\"1879\" data-end=\"1944\">\n<p data-start=\"1881\" data-end=\"1944\"><strong data-start=\"1881\" data-end=\"1898\">Conservaci\u00f3n:<\/strong> lugar <strong data-start=\"1905\" data-end=\"1922\">fresco y seco<\/strong>, protegido de la luz.<\/p>\n<\/li>\n<\/ul>","protected":false},"excerpt":{"rendered":"<p data-start=\"29\" data-end=\"346\"><strong data-start=\"29\" data-end=\"75\">Proapic Jalea Senior (Sakai) \u2014 20 ampollas<\/strong> es un <strong data-start=\"82\" data-end=\"109\">complemento alimenticio<\/strong> con <strong data-start=\"114\" data-end=\"128\">jalea real<\/strong>, <strong data-start=\"130\" data-end=\"145\">harpagofito<\/strong>, <strong data-start=\"147\" data-end=\"160\">equin\u00e1cea<\/strong>, <strong data-start=\"162\" data-end=\"174\">ar\u00e1ndano<\/strong>, <strong data-start=\"176\" data-end=\"186\">colina<\/strong> y <strong data-start=\"189\" data-end=\"223\">vitaminas A, B1, B2, B6, C y E<\/strong>. Dise\u00f1ado como <strong data-start=\"239\" data-end=\"260\">apoyo nutricional<\/strong> en adultos y <strong data-start=\"274\" data-end=\"294\">personas mayores<\/strong> para \u00e9pocas de <strong data-start=\"310\" data-end=\"323\">cansancio<\/strong> o cambios de estaci\u00f3n.<\/p>","protected":false},"featured_media":3535,"comment_status":"open","ping_status":"closed","template":"","meta":{"site-sidebar-layout":"default","site-content-layout":"","ast-site-content-layout":"default","site-content-style":"default","site-sidebar-style":"default","ast-global-header-display":"","ast-banner-title-visibility":"","ast-main-header-display":"","ast-hfb-above-header-display":"","ast-hfb-below-header-display":"","ast-hfb-mobile-header-display":"","site-post-title":"","ast-breadcrumbs-content":"","ast-featured-img":"","footer-sml-layout":"","ast-disable-related-posts":"","theme-transparent-header-meta":"","adv-header-id-meta":"","stick-header-meta":"","header-above-stick-meta":"","header-main-stick-meta":"","header-below-stick-meta":"","astra-migrate-meta-layouts":"default","ast-page-background-enabled":"default","ast-page-background-meta":{"desktop":{"background-color":"var(--ast-global-color-5)","background-image":"","background-repeat":"repeat","background-position":"center center","background-size":"auto","background-attachment":"scroll","background-type":"","background-media":"","overlay-type":"","overlay-color":"","overlay-opacity":"","overlay-gradient":""},"tablet":{"background-color":"","background-image":"","background-repeat":"repeat","background-position":"center center","background-size":"auto","background-attachment":"scroll","background-type":"","background-media":"","overlay-type":"","overlay-color":"","overlay-opacity":"","overlay-gradient":""},"mobile":{"background-color":"","background-image":"","background-repeat":"repeat","background-position":"center center","background-size":"auto","background-attachment":"scroll","background-type":"","background-media":"","overlay-type":"","overlay-color":"","overlay-opacity":"","overlay-gradient":""}},"ast-content-background-meta":{"desktop":{"background-color":"var(--ast-global-color-4)","background-image":"","background-repeat":"repeat","background-position":"center center","background-size":"auto","background-attachment":"scroll","background-type":"","background-media":"","overlay-type":"","overlay-color":"","overlay-opacity":"","overlay-gradient":""},"tablet":{"background-color":"var(--ast-global-color-4)","background-image":"","background-repeat":"repeat","background-position":"center center","background-size":"auto","background-attachment":"scroll","background-type":"","background-media":"","overlay-type":"","overlay-color":"","overlay-opacity":"","overlay-gradient":""},"mobile":{"background-color":"var(--ast-global-color-4)","background-image":"","background-repeat":"repeat","background-position":"center center","background-size":"auto","background-attachment":"scroll","background-type":"","background-media":"","overlay-type":"","overlay-color":"","overlay-opacity":"","overlay-gradient":""}}},"product_brand":[432],"product_cat":[71],"product_tag":[1055,1053,1054,1051,1050,1049,1052],"class_list":{"0":"post-2220","1":"product","2":"type-product","3":"status-publish","4":"has-post-thumbnail","6":"product_brand-sakai","7":"product_cat-energia-y-vitalidad","8":"product_tag-20-ampollas","9":"product_tag-apoyo-vitalidad-senior","10":"product_tag-arandano-y-colina","11":"product_tag-harpagofito-y-equinacea","12":"product_tag-jalea-real-en-ampollas","13":"product_tag-proapic-jalea-senior","14":"product_tag-vitaminas-c-e-b1-b2-b6","15":"desktop-align-center","16":"tablet-align-left","17":"mobile-align-left","19":"first","20":"instock","21":"sale","22":"shipping-taxable","23":"purchasable","24":"product-type-simple"},"yoast_head":"<!-- This site is optimized with the Yoast SEO plugin v27.3 - https:\/\/yoast.com\/product\/yoast-seo-wordpress\/ -->\n<title>Proapic Jalea Senior \u2014 20 ampollas (CN: 061085) - Farmacia Betlem Gracia<\/title>\n<meta name=\"robots\" content=\"index, follow, max-snippet:-1, max-image-preview:large, max-video-preview:-1\" \/>\n<link rel=\"canonical\" href=\"https:\/\/farmaciabetlemgracia.com\/ca\/product\/proapic-jalea-senior-20-ampollas\/\" \/>\n<meta property=\"og:locale\" content=\"ca_ES\" \/>\n<meta property=\"og:type\" content=\"article\" \/>\n<meta property=\"og:title\" content=\"Proapic Jalea Senior \u2014 20 ampollas (CN: 061085) - Farmacia Betlem Gracia\" \/>\n<meta property=\"og:description\" content=\"Proapic Jalea Senior (Sakai) \u2014 20 ampollas es un complemento alimenticio con jalea real, harpagofito, equin\u00e1cea, ar\u00e1ndano, colina y vitaminas A, B1, B2, B6, C y E. Dise\u00f1ado como apoyo nutricional en adultos y personas mayores para \u00e9pocas de cansancio o cambios de estaci\u00f3n.\" \/>\n<meta property=\"og:url\" content=\"https:\/\/farmaciabetlemgracia.com\/ca\/product\/proapic-jalea-senior-20-ampollas\/\" \/>\n<meta property=\"og:site_name\" content=\"Farmacia Betlem Gracia\" \/>\n<meta property=\"article:modified_time\" content=\"2025-11-17T14:45:22+00:00\" \/>\n<meta property=\"og:image\" content=\"https:\/\/farmaciabetlemgracia.com\/wp-content\/uploads\/2025\/10\/Proapic-Jalea-Senior-Sakai-20-viales.webp\" \/>\n\t<meta property=\"og:image:width\" content=\"1600\" \/>\n\t<meta property=\"og:image:height\" content=\"1600\" \/>\n\t<meta property=\"og:image:type\" content=\"image\/webp\" \/>\n<meta name=\"twitter:card\" content=\"summary_large_image\" \/>\n<meta name=\"twitter:label1\" content=\"Temps estimat de lectura\" \/>\n\t<meta name=\"twitter:data1\" content=\"1 minut\" \/>\n<script type=\"application\/ld+json\" class=\"yoast-schema-graph\">{\"@context\":\"https:\\\/\\\/schema.org\",\"@graph\":[{\"@type\":\"WebPage\",\"@id\":\"https:\\\/\\\/farmaciabetlemgracia.com\\\/product\\\/proapic-jalea-senior-20-ampollas\\\/\",\"url\":\"https:\\\/\\\/farmaciabetlemgracia.com\\\/product\\\/proapic-jalea-senior-20-ampollas\\\/\",\"name\":\"Proapic Jalea Senior \u2014 20 ampollas (CN: 061085) - Farmacia Betlem Gracia\",\"isPartOf\":{\"@id\":\"https:\\\/\\\/farmaciabetlemgracia.com\\\/#website\"},\"primaryImageOfPage\":{\"@id\":\"https:\\\/\\\/farmaciabetlemgracia.com\\\/product\\\/proapic-jalea-senior-20-ampollas\\\/#primaryimage\"},\"image\":{\"@id\":\"https:\\\/\\\/farmaciabetlemgracia.com\\\/product\\\/proapic-jalea-senior-20-ampollas\\\/#primaryimage\"},\"thumbnailUrl\":\"https:\\\/\\\/farmaciabetlemgracia.com\\\/wp-content\\\/uploads\\\/2025\\\/10\\\/Proapic-Jalea-Senior-Sakai-20-viales.webp\",\"datePublished\":\"2025-10-16T12:49:37+00:00\",\"dateModified\":\"2025-11-17T14:45:22+00:00\",\"breadcrumb\":{\"@id\":\"https:\\\/\\\/farmaciabetlemgracia.com\\\/product\\\/proapic-jalea-senior-20-ampollas\\\/#breadcrumb\"},\"inLanguage\":\"ca\",\"potentialAction\":[{\"@type\":\"ReadAction\",\"target\":[\"https:\\\/\\\/farmaciabetlemgracia.com\\\/product\\\/proapic-jalea-senior-20-ampollas\\\/\"]}]},{\"@type\":\"ImageObject\",\"inLanguage\":\"ca\",\"@id\":\"https:\\\/\\\/farmaciabetlemgracia.com\\\/product\\\/proapic-jalea-senior-20-ampollas\\\/#primaryimage\",\"url\":\"https:\\\/\\\/farmaciabetlemgracia.com\\\/wp-content\\\/uploads\\\/2025\\\/10\\\/Proapic-Jalea-Senior-Sakai-20-viales.webp\",\"contentUrl\":\"https:\\\/\\\/farmaciabetlemgracia.com\\\/wp-content\\\/uploads\\\/2025\\\/10\\\/Proapic-Jalea-Senior-Sakai-20-viales.webp\",\"width\":1600,\"height\":1600},{\"@type\":\"BreadcrumbList\",\"@id\":\"https:\\\/\\\/farmaciabetlemgracia.com\\\/product\\\/proapic-jalea-senior-20-ampollas\\\/#breadcrumb\",\"itemListElement\":[{\"@type\":\"ListItem\",\"position\":1,\"name\":\"Portada\",\"item\":\"https:\\\/\\\/farmaciabetlemgracia.com\\\/\"},{\"@type\":\"ListItem\",\"position\":2,\"name\":\"Shop\",\"item\":\"https:\\\/\\\/farmaciabetlemgracia.com\\\/?page_id=5\"},{\"@type\":\"ListItem\",\"position\":3,\"name\":\"Proapic Jalea Senior \u2014 20 ampollas (CN: 061085)\"}]},{\"@type\":\"WebSite\",\"@id\":\"https:\\\/\\\/farmaciabetlemgracia.com\\\/#website\",\"url\":\"https:\\\/\\\/farmaciabetlemgracia.com\\\/\",\"name\":\"Farmacia Betlem Gracia\",\"description\":\"\",\"publisher\":{\"@id\":\"https:\\\/\\\/farmaciabetlemgracia.com\\\/#organization\"},\"potentialAction\":[{\"@type\":\"SearchAction\",\"target\":{\"@type\":\"EntryPoint\",\"urlTemplate\":\"https:\\\/\\\/farmaciabetlemgracia.com\\\/?s={search_term_string}\"},\"query-input\":{\"@type\":\"PropertyValueSpecification\",\"valueRequired\":true,\"valueName\":\"search_term_string\"}}],\"inLanguage\":\"ca\"},{\"@type\":\"Organization\",\"@id\":\"https:\\\/\\\/farmaciabetlemgracia.com\\\/#organization\",\"name\":\"Farmacia Betlem Gracia\",\"url\":\"https:\\\/\\\/farmaciabetlemgracia.com\\\/\",\"logo\":{\"@type\":\"ImageObject\",\"inLanguage\":\"ca\",\"@id\":\"https:\\\/\\\/farmaciabetlemgracia.com\\\/#\\\/schema\\\/logo\\\/image\\\/\",\"url\":\"https:\\\/\\\/farmaciabetlemgracia.com\\\/wp-content\\\/uploads\\\/2025\\\/08\\\/cropped-cropped-logotransparent.png\",\"contentUrl\":\"https:\\\/\\\/farmaciabetlemgracia.com\\\/wp-content\\\/uploads\\\/2025\\\/08\\\/cropped-cropped-logotransparent.png\",\"width\":512,\"height\":512,\"caption\":\"Farmacia Betlem Gracia\"},\"image\":{\"@id\":\"https:\\\/\\\/farmaciabetlemgracia.com\\\/#\\\/schema\\\/logo\\\/image\\\/\"}}]}<\/script>\n<!-- \/ Yoast SEO plugin. -->","yoast_head_json":{"title":"Proapic Jalea Senior \u2014 20 ampollas (CN: 061085) - Farmacia Betlem Gracia","robots":{"index":"index","follow":"follow","max-snippet":"max-snippet:-1","max-image-preview":"max-image-preview:large","max-video-preview":"max-video-preview:-1"},"canonical":"https:\/\/farmaciabetlemgracia.com\/ca\/product\/proapic-jalea-senior-20-ampollas\/","og_locale":"ca_ES","og_type":"article","og_title":"Proapic Jalea Senior \u2014 20 ampollas (CN: 061085) - Farmacia Betlem Gracia","og_description":"Proapic Jalea Senior (Sakai) \u2014 20 ampollas es un complemento alimenticio con jalea real, harpagofito, equin\u00e1cea, ar\u00e1ndano, colina y vitaminas A, B1, B2, B6, C y E. Dise\u00f1ado como apoyo nutricional en adultos y personas mayores para \u00e9pocas de cansancio o cambios de estaci\u00f3n.","og_url":"https:\/\/farmaciabetlemgracia.com\/ca\/product\/proapic-jalea-senior-20-ampollas\/","og_site_name":"Farmacia Betlem Gracia","article_modified_time":"2025-11-17T14:45:22+00:00","og_image":[{"width":1600,"height":1600,"url":"https:\/\/farmaciabetlemgracia.com\/wp-content\/uploads\/2025\/10\/Proapic-Jalea-Senior-Sakai-20-viales.webp","type":"image\/webp"}],"twitter_card":"summary_large_image","twitter_misc":{"Temps estimat de lectura":"1 minut"},"schema":{"@context":"https:\/\/schema.org","@graph":[{"@type":"WebPage","@id":"https:\/\/farmaciabetlemgracia.com\/product\/proapic-jalea-senior-20-ampollas\/","url":"https:\/\/farmaciabetlemgracia.com\/product\/proapic-jalea-senior-20-ampollas\/","name":"Proapic Jalea Senior \u2014 20 ampollas (CN: 061085) - Farmacia Betlem Gracia","isPartOf":{"@id":"https:\/\/farmaciabetlemgracia.com\/#website"},"primaryImageOfPage":{"@id":"https:\/\/farmaciabetlemgracia.com\/product\/proapic-jalea-senior-20-ampollas\/#primaryimage"},"image":{"@id":"https:\/\/farmaciabetlemgracia.com\/product\/proapic-jalea-senior-20-ampollas\/#primaryimage"},"thumbnailUrl":"https:\/\/farmaciabetlemgracia.com\/wp-content\/uploads\/2025\/10\/Proapic-Jalea-Senior-Sakai-20-viales.webp","datePublished":"2025-10-16T12:49:37+00:00","dateModified":"2025-11-17T14:45:22+00:00","breadcrumb":{"@id":"https:\/\/farmaciabetlemgracia.com\/product\/proapic-jalea-senior-20-ampollas\/#breadcrumb"},"inLanguage":"ca","potentialAction":[{"@type":"ReadAction","target":["https:\/\/farmaciabetlemgracia.com\/product\/proapic-jalea-senior-20-ampollas\/"]}]},{"@type":"ImageObject","inLanguage":"ca","@id":"https:\/\/farmaciabetlemgracia.com\/product\/proapic-jalea-senior-20-ampollas\/#primaryimage","url":"https:\/\/farmaciabetlemgracia.com\/wp-content\/uploads\/2025\/10\/Proapic-Jalea-Senior-Sakai-20-viales.webp","contentUrl":"https:\/\/farmaciabetlemgracia.com\/wp-content\/uploads\/2025\/10\/Proapic-Jalea-Senior-Sakai-20-viales.webp","width":1600,"height":1600},{"@type":"BreadcrumbList","@id":"https:\/\/farmaciabetlemgracia.com\/product\/proapic-jalea-senior-20-ampollas\/#breadcrumb","itemListElement":[{"@type":"ListItem","position":1,"name":"Portada","item":"https:\/\/farmaciabetlemgracia.com\/"},{"@type":"ListItem","position":2,"name":"Shop","item":"https:\/\/farmaciabetlemgracia.com\/?page_id=5"},{"@type":"ListItem","position":3,"name":"Proapic Jalea Senior \u2014 20 ampollas (CN: 061085)"}]},{"@type":"WebSite","@id":"https:\/\/farmaciabetlemgracia.com\/#website","url":"https:\/\/farmaciabetlemgracia.com\/","name":"Farm\u00e0cia Betlem Gr\u00e0cia","description":"","publisher":{"@id":"https:\/\/farmaciabetlemgracia.com\/#organization"},"potentialAction":[{"@type":"SearchAction","target":{"@type":"EntryPoint","urlTemplate":"https:\/\/farmaciabetlemgracia.com\/?s={search_term_string}"},"query-input":{"@type":"PropertyValueSpecification","valueRequired":true,"valueName":"search_term_string"}}],"inLanguage":"ca"},{"@type":"Organization","@id":"https:\/\/farmaciabetlemgracia.com\/#organization","name":"Farm\u00e0cia Betlem Gr\u00e0cia","url":"https:\/\/farmaciabetlemgracia.com\/","logo":{"@type":"ImageObject","inLanguage":"ca","@id":"https:\/\/farmaciabetlemgracia.com\/#\/schema\/logo\/image\/","url":"https:\/\/farmaciabetlemgracia.com\/wp-content\/uploads\/2025\/08\/cropped-cropped-logotransparent.png","contentUrl":"https:\/\/farmaciabetlemgracia.com\/wp-content\/uploads\/2025\/08\/cropped-cropped-logotransparent.png","width":512,"height":512,"caption":"Farmacia Betlem Gracia"},"image":{"@id":"https:\/\/farmaciabetlemgracia.com\/#\/schema\/logo\/image\/"}}]}},"_links":{"self":[{"href":"https:\/\/farmaciabetlemgracia.com\/ca\/wp-json\/wp\/v2\/product\/2220","targetHints":{"allow":["GET"]}}],"collection":[{"href":"https:\/\/farmaciabetlemgracia.com\/ca\/wp-json\/wp\/v2\/product"}],"about":[{"href":"https:\/\/farmaciabetlemgracia.com\/ca\/wp-json\/wp\/v2\/types\/product"}],"replies":[{"embeddable":true,"href":"https:\/\/farmaciabetlemgracia.com\/ca\/wp-json\/wp\/v2\/comments?post=2220"}],"version-history":[{"count":1,"href":"https:\/\/farmaciabetlemgracia.com\/ca\/wp-json\/wp\/v2\/product\/2220\/revisions"}],"predecessor-version":[{"id":3536,"href":"https:\/\/farmaciabetlemgracia.com\/ca\/wp-json\/wp\/v2\/product\/2220\/revisions\/3536"}],"wp:featuredmedia":[{"embeddable":true,"href":"https:\/\/farmaciabetlemgracia.com\/ca\/wp-json\/wp\/v2\/media\/3535"}],"wp:attachment":[{"href":"https:\/\/farmaciabetlemgracia.com\/ca\/wp-json\/wp\/v2\/media?parent=2220"}],"wp:term":[{"taxonomy":"product_brand","embeddable":true,"href":"https:\/\/farmaciabetlemgracia.com\/ca\/wp-json\/wp\/v2\/product_brand?post=2220"},{"taxonomy":"product_cat","embeddable":true,"href":"https:\/\/farmaciabetlemgracia.com\/ca\/wp-json\/wp\/v2\/product_cat?post=2220"},{"taxonomy":"product_tag","embeddable":true,"href":"https:\/\/farmaciabetlemgracia.com\/ca\/wp-json\/wp\/v2\/product_tag?post=2220"}],"curies":[{"name":"wp","href":"https:\/\/api.w.org\/{rel}","templated":true}]}}