{"id":2062,"date":"2025-10-15T13:06:20","date_gmt":"2025-10-15T13:06:20","guid":{"rendered":"https:\/\/farmaciabetlemgracia.com\/?post_type=product&#038;p=2062"},"modified":"2025-11-10T16:54:28","modified_gmt":"2025-11-10T16:54:28","slug":"expectoplus-jarabe-250-ml","status":"publish","type":"product","link":"https:\/\/farmaciabetlemgracia.com\/ca\/product\/expectoplus-jarabe-250-ml\/","title":{"rendered":"Expectoplus Jarabe 250 ml"},"content":{"rendered":"<p data-start=\"595\" data-end=\"890\"><strong data-start=\"595\" data-end=\"612\">Indicaciones:<\/strong><br data-start=\"612\" data-end=\"615\" \/>Indicado para el <strong data-start=\"632\" data-end=\"670\">alivio de la tos seca o productiva<\/strong> y de los <strong data-start=\"680\" data-end=\"712\">s\u00edntomas del resfriado com\u00fan<\/strong>.<br data-start=\"713\" data-end=\"716\" \/>Su f\u00f3rmula natural protege las v\u00edas respiratorias, calma la irritaci\u00f3n de la garganta y favorece la funci\u00f3n inmunitaria gracias a su contenido en <strong data-start=\"862\" data-end=\"887\">prop\u00f3leo y vitamina C<\/strong>.<\/p>\n<p data-start=\"892\" data-end=\"913\"><strong data-start=\"892\" data-end=\"911\">Modo de empleo:<\/strong><\/p>\n<ul data-start=\"914\" data-end=\"1033\">\n<li data-start=\"914\" data-end=\"958\">\n<p data-start=\"916\" data-end=\"958\">Tomar <strong data-start=\"922\" data-end=\"955\">20 ml hasta tres veces al d\u00eda<\/strong>.<\/p>\n<\/li>\n<li data-start=\"959\" data-end=\"989\">\n<p data-start=\"961\" data-end=\"989\">Agitar bien antes de usar.<\/p>\n<\/li>\n<li data-start=\"990\" data-end=\"1033\">\n<p data-start=\"992\" data-end=\"1033\">No superar la dosis diaria recomendada.<\/p>\n<\/li>\n<\/ul>\n<p data-start=\"1609\" data-end=\"2447\"><strong data-start=\"1609\" data-end=\"1638\">Composici\u00f3n (por 100 ml):<\/strong><br data-start=\"1638\" data-end=\"1641\" \/>Concentrado de frutas (algarrobo y manzana), agua, infusi\u00f3n de sa\u00faco (<em data-start=\"1711\" data-end=\"1727\">Sambucus nigra<\/em> L., flor) (16 g), humectante: glicerina, extracto fluido de drosera (<em data-start=\"1797\" data-end=\"1819\">Drosera rotundifolia<\/em> L., parte a\u00e9rea) (2,7 g), estabilizantes: celulosa microcristalina y carboximetilcelulosa s\u00f3dica, extracto liofilizado de malvavisco (<em data-start=\"1954\" data-end=\"1975\">Althaea officinalis<\/em> L., ra\u00edz) (1,5 g), aroma natural de lim\u00f3n, extracto seco de prop\u00f3leo (<em data-start=\"2046\" data-end=\"2056\">Propolis<\/em> sp., resina) (0,4 g), \u00e1cido L-asc\u00f3rbico (vitamina C), emulgente: lecitina de soja, corrector de acidez: \u00e1cido c\u00edtrico, conservador: sorbato pot\u00e1sico, mentol, aceite esencial de menta (<em data-start=\"2241\" data-end=\"2260\">Mentha \u00d7 piperita<\/em> L., hoja) (17 mg), sulfato c\u00faprico, aceite esencial de eucalipto (<em data-start=\"2327\" data-end=\"2348\">Eucalyptus globulus<\/em> Labil., hoja) (5,6 mg), aceite esencial de tomillo (<em data-start=\"2401\" data-end=\"2418\">Thymus vulgaris<\/em> L., parte a\u00e9rea) (2,2 mg).<\/p>\n<p data-start=\"1271\" data-end=\"1290\"><strong data-start=\"1271\" data-end=\"1288\">Precauciones:<\/strong><\/p>\n<ul data-start=\"1291\" data-end=\"1568\">\n<li data-start=\"1291\" data-end=\"1371\">\n<p data-start=\"1293\" data-end=\"1371\">No tomar en caso de alergia o hipersensibilidad a alguno de sus componentes.<\/p>\n<\/li>\n<li data-start=\"1372\" data-end=\"1442\">\n<p data-start=\"1374\" data-end=\"1442\">Los complementos alimenticios no sustituyen una dieta equilibrada.<\/p>\n<\/li>\n<li data-start=\"1443\" data-end=\"1519\">\n<p data-start=\"1445\" data-end=\"1519\">Conservar en lugar <strong data-start=\"1464\" data-end=\"1481\">fresco y seco<\/strong>, alejado de fuentes de luz y calor.<\/p>\n<\/li>\n<li data-start=\"1520\" data-end=\"1568\">\n<p data-start=\"1522\" data-end=\"1568\">Mantener <strong data-start=\"1531\" data-end=\"1565\">fuera del alcance de los ni\u00f1os<\/strong>.<\/p>\n<\/li>\n<\/ul>","protected":false},"excerpt":{"rendered":"<p><strong data-start=\"227\" data-end=\"266\">Expectoplus Jarabe 250 ml<\/strong> es un complemento alimenticio con acci\u00f3n <strong data-start=\"308\" data-end=\"335\">expectorante y calmante<\/strong>, formulado con <strong data-start=\"351\" data-end=\"400\">prop\u00f3leo, sa\u00faco, drosera y aceites esenciales<\/strong>. Ayuda a aliviar la tos, suavizar la garganta y facilitar la eliminaci\u00f3n del moco, favoreciendo el bienestar respiratorio.<\/p>","protected":false},"featured_media":2063,"comment_status":"open","ping_status":"closed","template":"","meta":{"site-sidebar-layout":"default","site-content-layout":"","ast-site-content-layout":"default","site-content-style":"default","site-sidebar-style":"default","ast-global-header-display":"","ast-banner-title-visibility":"","ast-main-header-display":"","ast-hfb-above-header-display":"","ast-hfb-below-header-display":"","ast-hfb-mobile-header-display":"","site-post-title":"","ast-breadcrumbs-content":"","ast-featured-img":"","footer-sml-layout":"","ast-disable-related-posts":"","theme-transparent-header-meta":"","adv-header-id-meta":"","stick-header-meta":"","header-above-stick-meta":"","header-main-stick-meta":"","header-below-stick-meta":"","astra-migrate-meta-layouts":"default","ast-page-background-enabled":"default","ast-page-background-meta":{"desktop":{"background-color":"var(--ast-global-color-5)","background-image":"","background-repeat":"repeat","background-position":"center center","background-size":"auto","background-attachment":"scroll","background-type":"","background-media":"","overlay-type":"","overlay-color":"","overlay-opacity":"","overlay-gradient":""},"tablet":{"background-color":"","background-image":"","background-repeat":"repeat","background-position":"center center","background-size":"auto","background-attachment":"scroll","background-type":"","background-media":"","overlay-type":"","overlay-color":"","overlay-opacity":"","overlay-gradient":""},"mobile":{"background-color":"","background-image":"","background-repeat":"repeat","background-position":"center center","background-size":"auto","background-attachment":"scroll","background-type":"","background-media":"","overlay-type":"","overlay-color":"","overlay-opacity":"","overlay-gradient":""}},"ast-content-background-meta":{"desktop":{"background-color":"var(--ast-global-color-4)","background-image":"","background-repeat":"repeat","background-position":"center center","background-size":"auto","background-attachment":"scroll","background-type":"","background-media":"","overlay-type":"","overlay-color":"","overlay-opacity":"","overlay-gradient":""},"tablet":{"background-color":"var(--ast-global-color-4)","background-image":"","background-repeat":"repeat","background-position":"center center","background-size":"auto","background-attachment":"scroll","background-type":"","background-media":"","overlay-type":"","overlay-color":"","overlay-opacity":"","overlay-gradient":""},"mobile":{"background-color":"var(--ast-global-color-4)","background-image":"","background-repeat":"repeat","background-position":"center center","background-size":"auto","background-attachment":"scroll","background-type":"","background-media":"","overlay-type":"","overlay-color":"","overlay-opacity":"","overlay-gradient":""}}},"product_brand":[431],"product_cat":[467],"product_tag":[40,599,731,728,598,247,74,732,65,727,729,547,730,72],"class_list":{"0":"post-2062","1":"product","2":"type-product","3":"status-publish","4":"has-post-thumbnail","6":"product_brand-soria-natural","7":"product_cat-resfriados-y-gripes","8":"product_tag-alivio","9":"product_tag-catarro","10":"product_tag-drosera","11":"product_tag-expectoplus","12":"product_tag-expectorante","13":"product_tag-garganta","14":"product_tag-jarabe","15":"product_tag-malvavisco","16":"product_tag-natural","17":"product_tag-pharmasor","18":"product_tag-propoleo","19":"product_tag-resfriado","20":"product_tag-sauco","21":"product_tag-tos","22":"desktop-align-center","23":"tablet-align-left","24":"mobile-align-left","26":"first","27":"instock","28":"sale","29":"shipping-taxable","30":"purchasable","31":"product-type-simple"},"yoast_head":"<!-- This site is optimized with the Yoast SEO plugin v27.3 - https:\/\/yoast.com\/product\/yoast-seo-wordpress\/ -->\n<title>Expectoplus Jarabe 250 ml - Farmacia Betlem Gracia<\/title>\n<meta name=\"robots\" content=\"index, follow, max-snippet:-1, max-image-preview:large, max-video-preview:-1\" \/>\n<link rel=\"canonical\" href=\"https:\/\/farmaciabetlemgracia.com\/ca\/product\/expectoplus-jarabe-250-ml\/\" \/>\n<meta property=\"og:locale\" content=\"ca_ES\" \/>\n<meta property=\"og:type\" content=\"article\" \/>\n<meta property=\"og:title\" content=\"Expectoplus Jarabe 250 ml - Farmacia Betlem Gracia\" \/>\n<meta property=\"og:description\" content=\"Expectoplus Jarabe 250 ml es un complemento alimenticio con acci\u00f3n expectorante y calmante, formulado con prop\u00f3leo, sa\u00faco, drosera y aceites esenciales. Ayuda a aliviar la tos, suavizar la garganta y facilitar la eliminaci\u00f3n del moco, favoreciendo el bienestar respiratorio.\" \/>\n<meta property=\"og:url\" content=\"https:\/\/farmaciabetlemgracia.com\/ca\/product\/expectoplus-jarabe-250-ml\/\" \/>\n<meta property=\"og:site_name\" content=\"Farmacia Betlem Gracia\" \/>\n<meta property=\"article:modified_time\" content=\"2025-11-10T16:54:28+00:00\" \/>\n<meta property=\"og:image\" content=\"https:\/\/farmaciabetlemgracia.com\/wp-content\/uploads\/2025\/10\/expectoplus-250-ml.jpg\" \/>\n\t<meta property=\"og:image:width\" content=\"1200\" \/>\n\t<meta property=\"og:image:height\" content=\"1372\" \/>\n\t<meta property=\"og:image:type\" content=\"image\/jpeg\" \/>\n<meta name=\"twitter:card\" content=\"summary_large_image\" \/>\n<meta name=\"twitter:label1\" content=\"Temps estimat de lectura\" \/>\n\t<meta name=\"twitter:data1\" content=\"1 minut\" \/>\n<script type=\"application\/ld+json\" class=\"yoast-schema-graph\">{\"@context\":\"https:\\\/\\\/schema.org\",\"@graph\":[{\"@type\":\"WebPage\",\"@id\":\"https:\\\/\\\/farmaciabetlemgracia.com\\\/product\\\/expectoplus-jarabe-250-ml\\\/\",\"url\":\"https:\\\/\\\/farmaciabetlemgracia.com\\\/product\\\/expectoplus-jarabe-250-ml\\\/\",\"name\":\"Expectoplus Jarabe 250 ml - Farmacia Betlem Gracia\",\"isPartOf\":{\"@id\":\"https:\\\/\\\/farmaciabetlemgracia.com\\\/#website\"},\"primaryImageOfPage\":{\"@id\":\"https:\\\/\\\/farmaciabetlemgracia.com\\\/product\\\/expectoplus-jarabe-250-ml\\\/#primaryimage\"},\"image\":{\"@id\":\"https:\\\/\\\/farmaciabetlemgracia.com\\\/product\\\/expectoplus-jarabe-250-ml\\\/#primaryimage\"},\"thumbnailUrl\":\"https:\\\/\\\/farmaciabetlemgracia.com\\\/wp-content\\\/uploads\\\/2025\\\/10\\\/expectoplus-250-ml.jpg\",\"datePublished\":\"2025-10-15T13:06:20+00:00\",\"dateModified\":\"2025-11-10T16:54:28+00:00\",\"breadcrumb\":{\"@id\":\"https:\\\/\\\/farmaciabetlemgracia.com\\\/product\\\/expectoplus-jarabe-250-ml\\\/#breadcrumb\"},\"inLanguage\":\"ca\",\"potentialAction\":[{\"@type\":\"ReadAction\",\"target\":[\"https:\\\/\\\/farmaciabetlemgracia.com\\\/product\\\/expectoplus-jarabe-250-ml\\\/\"]}]},{\"@type\":\"ImageObject\",\"inLanguage\":\"ca\",\"@id\":\"https:\\\/\\\/farmaciabetlemgracia.com\\\/product\\\/expectoplus-jarabe-250-ml\\\/#primaryimage\",\"url\":\"https:\\\/\\\/farmaciabetlemgracia.com\\\/wp-content\\\/uploads\\\/2025\\\/10\\\/expectoplus-250-ml.jpg\",\"contentUrl\":\"https:\\\/\\\/farmaciabetlemgracia.com\\\/wp-content\\\/uploads\\\/2025\\\/10\\\/expectoplus-250-ml.jpg\",\"width\":1200,\"height\":1372},{\"@type\":\"BreadcrumbList\",\"@id\":\"https:\\\/\\\/farmaciabetlemgracia.com\\\/product\\\/expectoplus-jarabe-250-ml\\\/#breadcrumb\",\"itemListElement\":[{\"@type\":\"ListItem\",\"position\":1,\"name\":\"Portada\",\"item\":\"https:\\\/\\\/farmaciabetlemgracia.com\\\/\"},{\"@type\":\"ListItem\",\"position\":2,\"name\":\"Shop\",\"item\":\"https:\\\/\\\/farmaciabetlemgracia.com\\\/?page_id=5\"},{\"@type\":\"ListItem\",\"position\":3,\"name\":\"Expectoplus Jarabe 250 ml\"}]},{\"@type\":\"WebSite\",\"@id\":\"https:\\\/\\\/farmaciabetlemgracia.com\\\/#website\",\"url\":\"https:\\\/\\\/farmaciabetlemgracia.com\\\/\",\"name\":\"Farmacia Betlem Gracia\",\"description\":\"\",\"publisher\":{\"@id\":\"https:\\\/\\\/farmaciabetlemgracia.com\\\/#organization\"},\"potentialAction\":[{\"@type\":\"SearchAction\",\"target\":{\"@type\":\"EntryPoint\",\"urlTemplate\":\"https:\\\/\\\/farmaciabetlemgracia.com\\\/?s={search_term_string}\"},\"query-input\":{\"@type\":\"PropertyValueSpecification\",\"valueRequired\":true,\"valueName\":\"search_term_string\"}}],\"inLanguage\":\"ca\"},{\"@type\":\"Organization\",\"@id\":\"https:\\\/\\\/farmaciabetlemgracia.com\\\/#organization\",\"name\":\"Farmacia Betlem Gracia\",\"url\":\"https:\\\/\\\/farmaciabetlemgracia.com\\\/\",\"logo\":{\"@type\":\"ImageObject\",\"inLanguage\":\"ca\",\"@id\":\"https:\\\/\\\/farmaciabetlemgracia.com\\\/#\\\/schema\\\/logo\\\/image\\\/\",\"url\":\"https:\\\/\\\/farmaciabetlemgracia.com\\\/wp-content\\\/uploads\\\/2025\\\/08\\\/cropped-cropped-logotransparent.png\",\"contentUrl\":\"https:\\\/\\\/farmaciabetlemgracia.com\\\/wp-content\\\/uploads\\\/2025\\\/08\\\/cropped-cropped-logotransparent.png\",\"width\":512,\"height\":512,\"caption\":\"Farmacia Betlem Gracia\"},\"image\":{\"@id\":\"https:\\\/\\\/farmaciabetlemgracia.com\\\/#\\\/schema\\\/logo\\\/image\\\/\"}}]}<\/script>\n<!-- \/ Yoast SEO plugin. -->","yoast_head_json":{"title":"Expectoplus Jarabe 250 ml - Farmacia Betlem Gracia","robots":{"index":"index","follow":"follow","max-snippet":"max-snippet:-1","max-image-preview":"max-image-preview:large","max-video-preview":"max-video-preview:-1"},"canonical":"https:\/\/farmaciabetlemgracia.com\/ca\/product\/expectoplus-jarabe-250-ml\/","og_locale":"ca_ES","og_type":"article","og_title":"Expectoplus Jarabe 250 ml - Farmacia Betlem Gracia","og_description":"Expectoplus Jarabe 250 ml es un complemento alimenticio con acci\u00f3n expectorante y calmante, formulado con prop\u00f3leo, sa\u00faco, drosera y aceites esenciales. Ayuda a aliviar la tos, suavizar la garganta y facilitar la eliminaci\u00f3n del moco, favoreciendo el bienestar respiratorio.","og_url":"https:\/\/farmaciabetlemgracia.com\/ca\/product\/expectoplus-jarabe-250-ml\/","og_site_name":"Farmacia Betlem Gracia","article_modified_time":"2025-11-10T16:54:28+00:00","og_image":[{"width":1200,"height":1372,"url":"https:\/\/farmaciabetlemgracia.com\/wp-content\/uploads\/2025\/10\/expectoplus-250-ml.jpg","type":"image\/jpeg"}],"twitter_card":"summary_large_image","twitter_misc":{"Temps estimat de lectura":"1 minut"},"schema":{"@context":"https:\/\/schema.org","@graph":[{"@type":"WebPage","@id":"https:\/\/farmaciabetlemgracia.com\/product\/expectoplus-jarabe-250-ml\/","url":"https:\/\/farmaciabetlemgracia.com\/product\/expectoplus-jarabe-250-ml\/","name":"Expectoplus Jarabe 250 ml - Farmacia Betlem Gracia","isPartOf":{"@id":"https:\/\/farmaciabetlemgracia.com\/#website"},"primaryImageOfPage":{"@id":"https:\/\/farmaciabetlemgracia.com\/product\/expectoplus-jarabe-250-ml\/#primaryimage"},"image":{"@id":"https:\/\/farmaciabetlemgracia.com\/product\/expectoplus-jarabe-250-ml\/#primaryimage"},"thumbnailUrl":"https:\/\/farmaciabetlemgracia.com\/wp-content\/uploads\/2025\/10\/expectoplus-250-ml.jpg","datePublished":"2025-10-15T13:06:20+00:00","dateModified":"2025-11-10T16:54:28+00:00","breadcrumb":{"@id":"https:\/\/farmaciabetlemgracia.com\/product\/expectoplus-jarabe-250-ml\/#breadcrumb"},"inLanguage":"ca","potentialAction":[{"@type":"ReadAction","target":["https:\/\/farmaciabetlemgracia.com\/product\/expectoplus-jarabe-250-ml\/"]}]},{"@type":"ImageObject","inLanguage":"ca","@id":"https:\/\/farmaciabetlemgracia.com\/product\/expectoplus-jarabe-250-ml\/#primaryimage","url":"https:\/\/farmaciabetlemgracia.com\/wp-content\/uploads\/2025\/10\/expectoplus-250-ml.jpg","contentUrl":"https:\/\/farmaciabetlemgracia.com\/wp-content\/uploads\/2025\/10\/expectoplus-250-ml.jpg","width":1200,"height":1372},{"@type":"BreadcrumbList","@id":"https:\/\/farmaciabetlemgracia.com\/product\/expectoplus-jarabe-250-ml\/#breadcrumb","itemListElement":[{"@type":"ListItem","position":1,"name":"Portada","item":"https:\/\/farmaciabetlemgracia.com\/"},{"@type":"ListItem","position":2,"name":"Shop","item":"https:\/\/farmaciabetlemgracia.com\/?page_id=5"},{"@type":"ListItem","position":3,"name":"Expectoplus Jarabe 250 ml"}]},{"@type":"WebSite","@id":"https:\/\/farmaciabetlemgracia.com\/#website","url":"https:\/\/farmaciabetlemgracia.com\/","name":"Farm\u00e0cia Betlem Gr\u00e0cia","description":"","publisher":{"@id":"https:\/\/farmaciabetlemgracia.com\/#organization"},"potentialAction":[{"@type":"SearchAction","target":{"@type":"EntryPoint","urlTemplate":"https:\/\/farmaciabetlemgracia.com\/?s={search_term_string}"},"query-input":{"@type":"PropertyValueSpecification","valueRequired":true,"valueName":"search_term_string"}}],"inLanguage":"ca"},{"@type":"Organization","@id":"https:\/\/farmaciabetlemgracia.com\/#organization","name":"Farm\u00e0cia Betlem Gr\u00e0cia","url":"https:\/\/farmaciabetlemgracia.com\/","logo":{"@type":"ImageObject","inLanguage":"ca","@id":"https:\/\/farmaciabetlemgracia.com\/#\/schema\/logo\/image\/","url":"https:\/\/farmaciabetlemgracia.com\/wp-content\/uploads\/2025\/08\/cropped-cropped-logotransparent.png","contentUrl":"https:\/\/farmaciabetlemgracia.com\/wp-content\/uploads\/2025\/08\/cropped-cropped-logotransparent.png","width":512,"height":512,"caption":"Farmacia Betlem Gracia"},"image":{"@id":"https:\/\/farmaciabetlemgracia.com\/#\/schema\/logo\/image\/"}}]}},"_links":{"self":[{"href":"https:\/\/farmaciabetlemgracia.com\/ca\/wp-json\/wp\/v2\/product\/2062","targetHints":{"allow":["GET"]}}],"collection":[{"href":"https:\/\/farmaciabetlemgracia.com\/ca\/wp-json\/wp\/v2\/product"}],"about":[{"href":"https:\/\/farmaciabetlemgracia.com\/ca\/wp-json\/wp\/v2\/types\/product"}],"replies":[{"embeddable":true,"href":"https:\/\/farmaciabetlemgracia.com\/ca\/wp-json\/wp\/v2\/comments?post=2062"}],"version-history":[{"count":0,"href":"https:\/\/farmaciabetlemgracia.com\/ca\/wp-json\/wp\/v2\/product\/2062\/revisions"}],"wp:featuredmedia":[{"embeddable":true,"href":"https:\/\/farmaciabetlemgracia.com\/ca\/wp-json\/wp\/v2\/media\/2063"}],"wp:attachment":[{"href":"https:\/\/farmaciabetlemgracia.com\/ca\/wp-json\/wp\/v2\/media?parent=2062"}],"wp:term":[{"taxonomy":"product_brand","embeddable":true,"href":"https:\/\/farmaciabetlemgracia.com\/ca\/wp-json\/wp\/v2\/product_brand?post=2062"},{"taxonomy":"product_cat","embeddable":true,"href":"https:\/\/farmaciabetlemgracia.com\/ca\/wp-json\/wp\/v2\/product_cat?post=2062"},{"taxonomy":"product_tag","embeddable":true,"href":"https:\/\/farmaciabetlemgracia.com\/ca\/wp-json\/wp\/v2\/product_tag?post=2062"}],"curies":[{"name":"wp","href":"https:\/\/api.w.org\/{rel}","templated":true}]}}