{"id":2057,"date":"2025-10-15T10:43:39","date_gmt":"2025-10-15T10:43:39","guid":{"rendered":"https:\/\/farmaciabetlemgracia.com\/?post_type=product&#038;p=2057"},"modified":"2026-02-02T20:46:05","modified_gmt":"2026-02-02T19:46:05","slug":"cloperastina-kern-pharma-354-mg-ml-jarabe","status":"publish","type":"product","link":"https:\/\/farmaciabetlemgracia.com\/ca\/product\/cloperastina-kern-pharma-354-mg-ml-jarabe\/","title":{"rendered":"Cloperastina Kern Pharma 3,54 mg\/ml Jarabe"},"content":{"rendered":"<p data-start=\"487\" data-end=\"531\"><strong data-start=\"487\" data-end=\"529\">Indicaciones terap\u00e9uticas:<\/strong><\/p>\n<ul data-start=\"532\" data-end=\"716\">\n<li data-start=\"532\" data-end=\"623\">\n<p data-start=\"534\" data-end=\"623\">Tos improductiva (irritativa), como tos nerviosa.<\/p>\n<\/li>\n<li data-start=\"624\" data-end=\"716\">\n<p data-start=\"626\" data-end=\"716\">Uso permitido en ni\u00f1os a partir de 2 a\u00f1os de edad.<\/p>\n<\/li>\n<\/ul>\n<p data-start=\"718\" data-end=\"773\"><strong data-start=\"718\" data-end=\"771\">Modo de empleo:<\/strong><\/p>\n<ul data-start=\"774\" data-end=\"1445\">\n<li data-start=\"774\" data-end=\"864\">\n<p data-start=\"776\" data-end=\"864\">V\u00eda oral. El jarabe debe agitarse antes de usar.<\/p>\n<\/li>\n<li data-start=\"865\" data-end=\"1241\">\n<p data-start=\"867\" data-end=\"1241\">Dosis recomendadas:<br data-start=\"886\" data-end=\"889\" \/>\u2002 \u2022 Adultos y ni\u00f1os \u2265 12 a\u00f1os: <strong data-start=\"920\" data-end=\"945\">10 ml, 3 veces al d\u00eda<\/strong>\u00a0<br data-start=\"983\" data-end=\"986\" \/>\u2002 \u2022 Ni\u00f1os de 7 a 12 a\u00f1os: 5 ml 2 veces al d\u00eda\u00a0<br data-start=\"1069\" data-end=\"1072\" \/>\u2002 \u2022 Ni\u00f1os de 5 a 6 a\u00f1os: 3 ml 2 veces al d\u00eda\u00a0<br data-start=\"1154\" data-end=\"1157\" \/>\u2002 \u2022 Ni\u00f1os de 2 a 4 a\u00f1os: 2 ml 2 veces al d\u00eda<\/p>\n<\/li>\n<li data-start=\"1242\" data-end=\"1345\">\n<p data-start=\"1244\" data-end=\"1345\">La duraci\u00f3n m\u00e1xima recomendada del tratamiento es <strong data-start=\"1294\" data-end=\"1304\">7 d\u00edas<\/strong>.<\/p>\n<\/li>\n<li data-start=\"1346\" data-end=\"1445\">\n<p data-start=\"1348\" data-end=\"1445\">No debe administrarse con alcohol durante el tratamiento.<\/p>\n<\/li>\n<\/ul>\n<p data-start=\"1447\" data-end=\"1520\"><strong data-start=\"1447\" data-end=\"1518\">Composici\u00f3n:<\/strong><\/p>\n<ul data-start=\"1521\" data-end=\"2259\">\n<li data-start=\"1521\" data-end=\"1646\">\n<p data-start=\"1523\" data-end=\"1646\">Cloperastina fendizoato 3,54 mg (equivalente a 2 mg de cloperastina hidrocloruro)<\/p>\n<\/li>\n<li data-start=\"1647\" data-end=\"2138\">\n<p data-start=\"1649\" data-end=\"2138\">Excipientes con efecto conocido:<br data-start=\"1681\" data-end=\"1684\" \/>\u2002 \u2022 Sacarosa 450 mg\u00a0<br data-start=\"1743\" data-end=\"1746\" \/>\u2002 \u2022 Parahidroxibenzoato de propilo (E-216) 0,18 mg\u00a0<br data-start=\"1836\" data-end=\"1839\" \/>\u2002 \u2022 Parahidroxibenzoato de metilo (E-218) 1,22 mg\u00a0<br data-start=\"1928\" data-end=\"1931\" \/>\u2002 \u2022 Propilenglicol (E-1520) incorporado en el aroma de pl\u00e1tano: 2,64 mg\u00a0<br data-start=\"2042\" data-end=\"2045\" \/>\u2002 \u2022 Etanol (contenido en aroma de pl\u00e1tano): 0,36 mg<\/p>\n<\/li>\n<\/ul>\n<p data-start=\"2261\" data-end=\"2312\"><strong data-start=\"2261\" data-end=\"2310\">Precauciones:<\/strong><\/p>\n<ul data-start=\"2313\" data-end=\"3373\">\n<li data-start=\"2313\" data-end=\"2420\">\n<p data-start=\"2315\" data-end=\"2420\">Hipersensibilidad al principio activo o a cualquier excipiente.<\/p>\n<\/li>\n<li data-start=\"2421\" data-end=\"2544\">\n<p data-start=\"2423\" data-end=\"2544\">No administrar concomitantemente con inhibidores de la monoaminooxidasa.<\/p>\n<\/li>\n<li data-start=\"2545\" data-end=\"2624\">\n<p data-start=\"2547\" data-end=\"2624\">No usar en ni\u00f1os menores de 2 a\u00f1os.<\/p>\n<\/li>\n<li data-start=\"2625\" data-end=\"2944\">\n<p data-start=\"2627\" data-end=\"2944\">Precauci\u00f3n en pacientes con glaucoma de \u00e1ngulo cerrado, hipertrofia prost\u00e1tica, obstrucci\u00f3n de la vejiga o problemas urinarios, hipertensi\u00f3n arterial, arritmias, \u00falcera p\u00e9ptica estenosante, obstrucci\u00f3n intestinal, miastenia grave, entre otros. (por su acci\u00f3n anticolin\u00e9rgica)<\/p>\n<\/li>\n<li data-start=\"2945\" data-end=\"3070\">\n<p data-start=\"2947\" data-end=\"3070\">Puede producir somnolencia o mareos; precauci\u00f3n al conducir o manejar maquinaria.<\/p>\n<\/li>\n<li data-start=\"3071\" data-end=\"3252\">\n<p data-start=\"3073\" data-end=\"3252\">Contiene sacarosa: cada dosis de 10 ml aporta 4,5 g de sacarosa; tener precauci\u00f3n en pacientes diab\u00e9ticos o con intolerancias a az\u00facares.<\/p>\n<\/li>\n<li data-start=\"3253\" data-end=\"3373\">\n<p data-start=\"3255\" data-end=\"3373\">Presenta riesgo de reacciones al\u00e9rgicas retardadas por parahidroxibenzoatos.<\/p>\n<\/li>\n<\/ul>\n<p><strong data-start=\"906\" data-end=\"931\">Enlace al AEMPS\/CIMA:<\/strong><\/p>\n<ul>\n<li><a href=\"https:\/\/cima.aemps.es\/cima\/publico\/detalle.html?nregistro=74511\">https:\/\/cima.aemps.es\/cima\/publico\/detalle.html?nregistro=74511<\/a><\/li>\n<\/ul>\n<p><strong data-start=\"906\" data-end=\"931\">Prospecto:<\/strong><\/p>\n<ul>\n<li><a href=\"https:\/\/cima.aemps.es\/cima\/dochtml\/p\/74511\/P_74511.html\">https:\/\/cima.aemps.es\/cima\/dochtml\/p\/74511\/P_74511.html<\/a><\/li>\n<\/ul>\n<p>&nbsp;<\/p>\n<p><a href=\"https:\/\/distafarma.aemps.es\/farmacom\/faces\/inicio.xhtml\"><img fetchpriority=\"high\" decoding=\"async\" class=\"https:\/\/distafarma.aemps.es\/farmacom\/faces\/inicio.xhtml alignnone\" src=\"https:\/\/distafarma.aemps.es\/farmacom\/ServletIcono?farma=82a161cc04d8d8a2fdad669a2fecd84a\" alt=\"\" width=\"308\" height=\"257\" \/><\/a><\/p>\n<p>&nbsp;<\/p>\n<p>&nbsp;<\/p>\n<p>&nbsp;<\/p>","protected":false},"excerpt":{"rendered":"<p>Cloperastina Kern Pharma 3,54 mg\/ml es un jarabe antitus\u00edgeno indicado para el tratamiento de formas de tos <strong data-start=\"270\" data-end=\"286\">improductiva<\/strong>, tambi\u00e9n conocida como tos irritativa o tos nerviosa, en adultos y ni\u00f1os desde los 2 a\u00f1os.<\/p>","protected":false},"featured_media":2058,"comment_status":"open","ping_status":"closed","template":"","meta":[],"product_brand":[610],"product_cat":[534],"product_tag":[719,716,717,718,493,712,604,74,713,715,176,714,72],"class_list":{"0":"post-2057","1":"product","2":"type-product","3":"status-publish","4":"has-post-thumbnail","6":"product_brand-kern-pharma","7":"product_cat-sin-receta","8":"product_tag-2-anos","9":"product_tag-716","10":"product_tag-54-mg-ml","11":"product_tag-antitusigeno","12":"product_tag-antitusivo","13":"product_tag-cloperastina","14":"product_tag-irritativa","15":"product_tag-jarabe","16":"product_tag-kern","17":"product_tag-nerviosa","18":"product_tag-ninos","19":"product_tag-pharma","20":"product_tag-tos","22":"first","23":"instock","24":"sale","25":"shipping-taxable","26":"purchasable","27":"product-type-simple"},"yoast_head":"<!-- This site is optimized with the Yoast SEO plugin v27.3 - https:\/\/yoast.com\/product\/yoast-seo-wordpress\/ -->\n<title>Cloperastina Kern Pharma 3,54 mg\/ml Jarabe - Farmacia Betlem Gracia<\/title>\n<meta name=\"robots\" content=\"index, follow, max-snippet:-1, max-image-preview:large, max-video-preview:-1\" \/>\n<link rel=\"canonical\" href=\"https:\/\/farmaciabetlemgracia.com\/ca\/product\/cloperastina-kern-pharma-354-mg-ml-jarabe\/\" \/>\n<meta property=\"og:locale\" content=\"ca_ES\" \/>\n<meta property=\"og:type\" content=\"article\" \/>\n<meta property=\"og:title\" content=\"Cloperastina Kern Pharma 3,54 mg\/ml Jarabe - Farmacia Betlem Gracia\" \/>\n<meta property=\"og:description\" content=\"Cloperastina Kern Pharma 3,54 mg\/ml es un jarabe antitus\u00edgeno indicado para el tratamiento de formas de tos improductiva, tambi\u00e9n conocida como tos irritativa o tos nerviosa, en adultos y ni\u00f1os desde los 2 a\u00f1os.\" \/>\n<meta property=\"og:url\" content=\"https:\/\/farmaciabetlemgracia.com\/ca\/product\/cloperastina-kern-pharma-354-mg-ml-jarabe\/\" \/>\n<meta property=\"og:site_name\" content=\"Farmacia Betlem Gracia\" \/>\n<meta property=\"article:modified_time\" content=\"2026-02-02T19:46:05+00:00\" \/>\n<meta property=\"og:image\" content=\"https:\/\/farmaciabetlemgracia.com\/wp-content\/uploads\/2025\/10\/cloperastina-kern-pharma_jarabe_200-ml_682676.jpg\" \/>\n\t<meta property=\"og:image:width\" content=\"1200\" \/>\n\t<meta property=\"og:image:height\" content=\"1200\" \/>\n\t<meta property=\"og:image:type\" content=\"image\/jpeg\" \/>\n<meta name=\"twitter:card\" content=\"summary_large_image\" \/>\n<meta name=\"twitter:label1\" content=\"Temps estimat de lectura\" \/>\n\t<meta name=\"twitter:data1\" content=\"2 minuts\" \/>\n<script type=\"application\/ld+json\" class=\"yoast-schema-graph\">{\"@context\":\"https:\\\/\\\/schema.org\",\"@graph\":[{\"@type\":\"WebPage\",\"@id\":\"https:\\\/\\\/farmaciabetlemgracia.com\\\/product\\\/cloperastina-kern-pharma-354-mg-ml-jarabe\\\/\",\"url\":\"https:\\\/\\\/farmaciabetlemgracia.com\\\/product\\\/cloperastina-kern-pharma-354-mg-ml-jarabe\\\/\",\"name\":\"Cloperastina Kern Pharma 3,54 mg\\\/ml Jarabe - Farmacia Betlem Gracia\",\"isPartOf\":{\"@id\":\"https:\\\/\\\/farmaciabetlemgracia.com\\\/#website\"},\"primaryImageOfPage\":{\"@id\":\"https:\\\/\\\/farmaciabetlemgracia.com\\\/product\\\/cloperastina-kern-pharma-354-mg-ml-jarabe\\\/#primaryimage\"},\"image\":{\"@id\":\"https:\\\/\\\/farmaciabetlemgracia.com\\\/product\\\/cloperastina-kern-pharma-354-mg-ml-jarabe\\\/#primaryimage\"},\"thumbnailUrl\":\"https:\\\/\\\/i0.wp.com\\\/farmaciabetlemgracia.com\\\/wp-content\\\/uploads\\\/2025\\\/10\\\/cloperastina-kern-pharma_jarabe_200-ml_682676.jpg?fit=1200%2C1200&ssl=1\",\"datePublished\":\"2025-10-15T10:43:39+00:00\",\"dateModified\":\"2026-02-02T19:46:05+00:00\",\"breadcrumb\":{\"@id\":\"https:\\\/\\\/farmaciabetlemgracia.com\\\/product\\\/cloperastina-kern-pharma-354-mg-ml-jarabe\\\/#breadcrumb\"},\"inLanguage\":\"ca\",\"potentialAction\":[{\"@type\":\"ReadAction\",\"target\":[\"https:\\\/\\\/farmaciabetlemgracia.com\\\/product\\\/cloperastina-kern-pharma-354-mg-ml-jarabe\\\/\"]}]},{\"@type\":\"ImageObject\",\"inLanguage\":\"ca\",\"@id\":\"https:\\\/\\\/farmaciabetlemgracia.com\\\/product\\\/cloperastina-kern-pharma-354-mg-ml-jarabe\\\/#primaryimage\",\"url\":\"https:\\\/\\\/i0.wp.com\\\/farmaciabetlemgracia.com\\\/wp-content\\\/uploads\\\/2025\\\/10\\\/cloperastina-kern-pharma_jarabe_200-ml_682676.jpg?fit=1200%2C1200&ssl=1\",\"contentUrl\":\"https:\\\/\\\/i0.wp.com\\\/farmaciabetlemgracia.com\\\/wp-content\\\/uploads\\\/2025\\\/10\\\/cloperastina-kern-pharma_jarabe_200-ml_682676.jpg?fit=1200%2C1200&ssl=1\",\"width\":1200,\"height\":1200},{\"@type\":\"BreadcrumbList\",\"@id\":\"https:\\\/\\\/farmaciabetlemgracia.com\\\/product\\\/cloperastina-kern-pharma-354-mg-ml-jarabe\\\/#breadcrumb\",\"itemListElement\":[{\"@type\":\"ListItem\",\"position\":1,\"name\":\"Portada\",\"item\":\"https:\\\/\\\/farmaciabetlemgracia.com\\\/\"},{\"@type\":\"ListItem\",\"position\":2,\"name\":\"Shop\",\"item\":\"https:\\\/\\\/farmaciabetlemgracia.com\\\/shop\\\/\"},{\"@type\":\"ListItem\",\"position\":3,\"name\":\"Cloperastina Kern Pharma 3,54 mg\\\/ml Jarabe\"}]},{\"@type\":\"WebSite\",\"@id\":\"https:\\\/\\\/farmaciabetlemgracia.com\\\/#website\",\"url\":\"https:\\\/\\\/farmaciabetlemgracia.com\\\/\",\"name\":\"Farmacia Betlem Gracia\",\"description\":\"\",\"publisher\":{\"@id\":\"https:\\\/\\\/farmaciabetlemgracia.com\\\/#organization\"},\"potentialAction\":[{\"@type\":\"SearchAction\",\"target\":{\"@type\":\"EntryPoint\",\"urlTemplate\":\"https:\\\/\\\/farmaciabetlemgracia.com\\\/?s={search_term_string}\"},\"query-input\":{\"@type\":\"PropertyValueSpecification\",\"valueRequired\":true,\"valueName\":\"search_term_string\"}}],\"inLanguage\":\"ca\"},{\"@type\":\"Organization\",\"@id\":\"https:\\\/\\\/farmaciabetlemgracia.com\\\/#organization\",\"name\":\"Farmacia Betlem Gracia\",\"url\":\"https:\\\/\\\/farmaciabetlemgracia.com\\\/\",\"logo\":{\"@type\":\"ImageObject\",\"inLanguage\":\"ca\",\"@id\":\"https:\\\/\\\/farmaciabetlemgracia.com\\\/#\\\/schema\\\/logo\\\/image\\\/\",\"url\":\"https:\\\/\\\/i0.wp.com\\\/farmaciabetlemgracia.com\\\/wp-content\\\/uploads\\\/2025\\\/08\\\/f7447ce2-2a06-476d-bc28-50879675ac04-copy.webp?fit=1024%2C1024&ssl=1\",\"contentUrl\":\"https:\\\/\\\/i0.wp.com\\\/farmaciabetlemgracia.com\\\/wp-content\\\/uploads\\\/2025\\\/08\\\/f7447ce2-2a06-476d-bc28-50879675ac04-copy.webp?fit=1024%2C1024&ssl=1\",\"width\":1024,\"height\":1024,\"caption\":\"Farmacia Betlem Gracia\"},\"image\":{\"@id\":\"https:\\\/\\\/farmaciabetlemgracia.com\\\/#\\\/schema\\\/logo\\\/image\\\/\"}}]}<\/script>\n<!-- \/ Yoast SEO plugin. -->","yoast_head_json":{"title":"Cloperastina Kern Pharma 3,54 mg\/ml Jarabe - Farmacia Betlem Gracia","robots":{"index":"index","follow":"follow","max-snippet":"max-snippet:-1","max-image-preview":"max-image-preview:large","max-video-preview":"max-video-preview:-1"},"canonical":"https:\/\/farmaciabetlemgracia.com\/ca\/product\/cloperastina-kern-pharma-354-mg-ml-jarabe\/","og_locale":"ca_ES","og_type":"article","og_title":"Cloperastina Kern Pharma 3,54 mg\/ml Jarabe - Farmacia Betlem Gracia","og_description":"Cloperastina Kern Pharma 3,54 mg\/ml es un jarabe antitus\u00edgeno indicado para el tratamiento de formas de tos improductiva, tambi\u00e9n conocida como tos irritativa o tos nerviosa, en adultos y ni\u00f1os desde los 2 a\u00f1os.","og_url":"https:\/\/farmaciabetlemgracia.com\/ca\/product\/cloperastina-kern-pharma-354-mg-ml-jarabe\/","og_site_name":"Farmacia Betlem Gracia","article_modified_time":"2026-02-02T19:46:05+00:00","og_image":[{"width":1200,"height":1200,"url":"https:\/\/farmaciabetlemgracia.com\/wp-content\/uploads\/2025\/10\/cloperastina-kern-pharma_jarabe_200-ml_682676.jpg","type":"image\/jpeg"}],"twitter_card":"summary_large_image","twitter_misc":{"Temps estimat de lectura":"2 minuts"},"schema":{"@context":"https:\/\/schema.org","@graph":[{"@type":"WebPage","@id":"https:\/\/farmaciabetlemgracia.com\/product\/cloperastina-kern-pharma-354-mg-ml-jarabe\/","url":"https:\/\/farmaciabetlemgracia.com\/product\/cloperastina-kern-pharma-354-mg-ml-jarabe\/","name":"Cloperastina Kern Pharma 3,54 mg\/ml Jarabe - Farmacia Betlem Gracia","isPartOf":{"@id":"https:\/\/farmaciabetlemgracia.com\/#website"},"primaryImageOfPage":{"@id":"https:\/\/farmaciabetlemgracia.com\/product\/cloperastina-kern-pharma-354-mg-ml-jarabe\/#primaryimage"},"image":{"@id":"https:\/\/farmaciabetlemgracia.com\/product\/cloperastina-kern-pharma-354-mg-ml-jarabe\/#primaryimage"},"thumbnailUrl":"https:\/\/i0.wp.com\/farmaciabetlemgracia.com\/wp-content\/uploads\/2025\/10\/cloperastina-kern-pharma_jarabe_200-ml_682676.jpg?fit=1200%2C1200&ssl=1","datePublished":"2025-10-15T10:43:39+00:00","dateModified":"2026-02-02T19:46:05+00:00","breadcrumb":{"@id":"https:\/\/farmaciabetlemgracia.com\/product\/cloperastina-kern-pharma-354-mg-ml-jarabe\/#breadcrumb"},"inLanguage":"ca","potentialAction":[{"@type":"ReadAction","target":["https:\/\/farmaciabetlemgracia.com\/product\/cloperastina-kern-pharma-354-mg-ml-jarabe\/"]}]},{"@type":"ImageObject","inLanguage":"ca","@id":"https:\/\/farmaciabetlemgracia.com\/product\/cloperastina-kern-pharma-354-mg-ml-jarabe\/#primaryimage","url":"https:\/\/i0.wp.com\/farmaciabetlemgracia.com\/wp-content\/uploads\/2025\/10\/cloperastina-kern-pharma_jarabe_200-ml_682676.jpg?fit=1200%2C1200&ssl=1","contentUrl":"https:\/\/i0.wp.com\/farmaciabetlemgracia.com\/wp-content\/uploads\/2025\/10\/cloperastina-kern-pharma_jarabe_200-ml_682676.jpg?fit=1200%2C1200&ssl=1","width":1200,"height":1200},{"@type":"BreadcrumbList","@id":"https:\/\/farmaciabetlemgracia.com\/product\/cloperastina-kern-pharma-354-mg-ml-jarabe\/#breadcrumb","itemListElement":[{"@type":"ListItem","position":1,"name":"Portada","item":"https:\/\/farmaciabetlemgracia.com\/"},{"@type":"ListItem","position":2,"name":"Shop","item":"https:\/\/farmaciabetlemgracia.com\/shop\/"},{"@type":"ListItem","position":3,"name":"Cloperastina Kern Pharma 3,54 mg\/ml Jarabe"}]},{"@type":"WebSite","@id":"https:\/\/farmaciabetlemgracia.com\/#website","url":"https:\/\/farmaciabetlemgracia.com\/","name":"Farm\u00e0cia Betlem Gr\u00e0cia","description":"","publisher":{"@id":"https:\/\/farmaciabetlemgracia.com\/#organization"},"potentialAction":[{"@type":"SearchAction","target":{"@type":"EntryPoint","urlTemplate":"https:\/\/farmaciabetlemgracia.com\/?s={search_term_string}"},"query-input":{"@type":"PropertyValueSpecification","valueRequired":true,"valueName":"search_term_string"}}],"inLanguage":"ca"},{"@type":"Organization","@id":"https:\/\/farmaciabetlemgracia.com\/#organization","name":"Farm\u00e0cia Betlem Gr\u00e0cia","url":"https:\/\/farmaciabetlemgracia.com\/","logo":{"@type":"ImageObject","inLanguage":"ca","@id":"https:\/\/farmaciabetlemgracia.com\/#\/schema\/logo\/image\/","url":"https:\/\/i0.wp.com\/farmaciabetlemgracia.com\/wp-content\/uploads\/2025\/08\/f7447ce2-2a06-476d-bc28-50879675ac04-copy.webp?fit=1024%2C1024&ssl=1","contentUrl":"https:\/\/i0.wp.com\/farmaciabetlemgracia.com\/wp-content\/uploads\/2025\/08\/f7447ce2-2a06-476d-bc28-50879675ac04-copy.webp?fit=1024%2C1024&ssl=1","width":1024,"height":1024,"caption":"Farmacia Betlem Gracia"},"image":{"@id":"https:\/\/farmaciabetlemgracia.com\/#\/schema\/logo\/image\/"}}]}},"jetpack_sharing_enabled":true,"_links":{"self":[{"href":"https:\/\/farmaciabetlemgracia.com\/ca\/wp-json\/wp\/v2\/product\/2057","targetHints":{"allow":["GET"]}}],"collection":[{"href":"https:\/\/farmaciabetlemgracia.com\/ca\/wp-json\/wp\/v2\/product"}],"about":[{"href":"https:\/\/farmaciabetlemgracia.com\/ca\/wp-json\/wp\/v2\/types\/product"}],"replies":[{"embeddable":true,"href":"https:\/\/farmaciabetlemgracia.com\/ca\/wp-json\/wp\/v2\/comments?post=2057"}],"version-history":[{"count":1,"href":"https:\/\/farmaciabetlemgracia.com\/ca\/wp-json\/wp\/v2\/product\/2057\/revisions"}],"predecessor-version":[{"id":3278,"href":"https:\/\/farmaciabetlemgracia.com\/ca\/wp-json\/wp\/v2\/product\/2057\/revisions\/3278"}],"wp:featuredmedia":[{"embeddable":true,"href":"https:\/\/farmaciabetlemgracia.com\/ca\/wp-json\/wp\/v2\/media\/2058"}],"wp:attachment":[{"href":"https:\/\/farmaciabetlemgracia.com\/ca\/wp-json\/wp\/v2\/media?parent=2057"}],"wp:term":[{"taxonomy":"product_brand","embeddable":true,"href":"https:\/\/farmaciabetlemgracia.com\/ca\/wp-json\/wp\/v2\/product_brand?post=2057"},{"taxonomy":"product_cat","embeddable":true,"href":"https:\/\/farmaciabetlemgracia.com\/ca\/wp-json\/wp\/v2\/product_cat?post=2057"},{"taxonomy":"product_tag","embeddable":true,"href":"https:\/\/farmaciabetlemgracia.com\/ca\/wp-json\/wp\/v2\/product_tag?post=2057"}],"curies":[{"name":"wp","href":"https:\/\/api.w.org\/{rel}","templated":true}]}}