{"id":1293,"date":"2025-10-08T17:58:36","date_gmt":"2025-10-08T17:58:36","guid":{"rendered":"https:\/\/farmaciabetlemgracia.com\/?post_type=product&#038;p=1293"},"modified":"2025-11-17T18:15:13","modified_gmt":"2025-11-17T17:15:13","slug":"be-med-pomada-reparadora-efecto-barrera","status":"publish","type":"product","link":"https:\/\/farmaciabetlemgracia.com\/ca\/product\/be-med-pomada-reparadora-efecto-barrera\/","title":{"rendered":"Be+ Med Pomada Reparadora Efecto Barrera <span class=\"cn-hide\">(CN: 187007)<\/span>"},"content":{"rendered":"<p data-start=\"531\" data-end=\"569\"><strong data-start=\"531\" data-end=\"567\">Indicaciones:<\/strong><\/p>\n<ul data-start=\"570\" data-end=\"861\">\n<li data-start=\"570\" data-end=\"789\">\n<p data-start=\"572\" data-end=\"789\">Lesiones cut\u00e1neas <strong data-start=\"590\" data-end=\"607\">no exudativas<\/strong>, como abrasiones superficiales, rozaduras, tatuajes recientes, zonas afectadas por dermatitis leve o quemaduras superficiales sin supuraci\u00f3n.<\/p>\n<\/li>\n<li data-start=\"790\" data-end=\"861\">\n<p data-start=\"792\" data-end=\"861\">Aplicable en rostro y cuerpo.<\/p>\n<\/li>\n<\/ul>\n<p data-start=\"863\" data-end=\"896\"><strong data-start=\"863\" data-end=\"894\">Modo de empleo:<\/strong><\/p>\n<ul data-start=\"897\" data-end=\"1232\">\n<li data-start=\"897\" data-end=\"1030\">\n<p data-start=\"899\" data-end=\"1030\">Aplicar una <strong data-start=\"911\" data-end=\"929\">capa abundante<\/strong> sobre la piel limpia y seca, hasta que la pomada se absorba.<\/p>\n<\/li>\n<li data-start=\"1031\" data-end=\"1116\">\n<p data-start=\"1033\" data-end=\"1116\">Uso diario, hasta un m\u00e1ximo de <strong data-start=\"1064\" data-end=\"1075\">30 d\u00edas<\/strong>.<\/p>\n<\/li>\n<li data-start=\"1117\" data-end=\"1232\">\n<p data-start=\"1119\" data-end=\"1232\">Si no hay mejor\u00eda en <strong data-start=\"1140\" data-end=\"1151\">14 d\u00edas<\/strong>, consultar con el profesional sanitario.<\/p>\n<\/li>\n<\/ul>\n<p data-start=\"1234\" data-end=\"1274\"><strong data-start=\"1234\" data-end=\"1272\">Composici\u00f3n:<\/strong><\/p>\n<ul data-start=\"1275\" data-end=\"1740\">\n<li data-start=\"1275\" data-end=\"1430\">\n<p data-start=\"1277\" data-end=\"1430\">Contiene el <strong data-start=\"1289\" data-end=\"1306\">Complejo RC5\u00ae<\/strong>, que estudia promover la regeneraci\u00f3n de fibroblastos y queratinocitos r\u00e1pidamente.<\/p>\n<\/li>\n<li data-start=\"1431\" data-end=\"1618\">\n<p data-start=\"1433\" data-end=\"1618\">Tecnolog\u00eda <strong data-start=\"1444\" data-end=\"1476\">Be+ Skin Barrier Protection\u00ae<\/strong>, que ayuda a restaurar y mantener la microbiota cut\u00e1nea y reforzar las defensas naturales de la piel.<\/p>\n<\/li>\n<li data-start=\"1619\" data-end=\"1740\">\n<p data-start=\"1621\" data-end=\"1740\"><strong data-start=\"1621\" data-end=\"1652\">Lanolina grado farmac\u00e9utico<\/strong>, con acci\u00f3n emoliente que se funde con la piel.<\/p>\n<\/li>\n<\/ul>\n<p data-start=\"1742\" data-end=\"1776\"><strong data-start=\"1742\" data-end=\"1774\">Precauciones:<\/strong><\/p>\n<ul data-start=\"1777\" data-end=\"2500\">\n<li data-start=\"1777\" data-end=\"1871\">\n<p data-start=\"1779\" data-end=\"1871\">No usar en <strong data-start=\"1790\" data-end=\"1813\">lesiones exudativas<\/strong> (con supuraci\u00f3n).<\/p>\n<\/li>\n<li data-start=\"1872\" data-end=\"1994\">\n<p data-start=\"1874\" data-end=\"1994\">No aplicar en heridas profundas, con signos de infecci\u00f3n o zonas con sangrado.<\/p>\n<\/li>\n<li data-start=\"1995\" data-end=\"2138\">\n<p data-start=\"1997\" data-end=\"2138\">Evitar el contacto con ojos y mucosas; en caso de contacto accidental, enjuagar con abundante agua.<\/p>\n<\/li>\n<li data-start=\"2139\" data-end=\"2218\">\n<p data-start=\"2141\" data-end=\"2218\">Uso externo \u00fanicamente; no ingerir.<\/p>\n<\/li>\n<li data-start=\"2219\" data-end=\"2367\">\n<p data-start=\"2221\" data-end=\"2367\">Suspender el uso si aparece irritaci\u00f3n, enrojecimiento persistente o reacci\u00f3n al\u00e9rgica. (impl\u00edcito en advertencias de uso de productos d\u00e9rmicos)<\/p>\n<\/li>\n<li data-start=\"2368\" data-end=\"2500\">\n<p data-start=\"2370\" data-end=\"2500\">Conservar a temperatura ambiente, protegido de la luz, y fuera del alcance de los ni\u00f1os.<\/p>\n<\/li>\n<\/ul>","protected":false},"excerpt":{"rendered":"<p><strong data-start=\"174\" data-end=\"218\">Be+ Med Pomada Reparadora Efecto Barrera<\/strong> es un producto sanitario indicado para favorecer la cicatrizaci\u00f3n de lesiones cut\u00e1neas no exudativas, actuando como barrera protectora frente a agentes externos y evitando la p\u00e9rdida de agua en la piel.<\/p>","protected":false},"featured_media":1294,"comment_status":"open","ping_status":"closed","template":"","meta":{"site-sidebar-layout":"default","site-content-layout":"","ast-site-content-layout":"default","site-content-style":"default","site-sidebar-style":"default","ast-global-header-display":"","ast-banner-title-visibility":"","ast-main-header-display":"","ast-hfb-above-header-display":"","ast-hfb-below-header-display":"","ast-hfb-mobile-header-display":"","site-post-title":"","ast-breadcrumbs-content":"","ast-featured-img":"","footer-sml-layout":"","ast-disable-related-posts":"","theme-transparent-header-meta":"","adv-header-id-meta":"","stick-header-meta":"","header-above-stick-meta":"","header-main-stick-meta":"","header-below-stick-meta":"","astra-migrate-meta-layouts":"default","ast-page-background-enabled":"default","ast-page-background-meta":{"desktop":{"background-color":"var(--ast-global-color-5)","background-image":"","background-repeat":"repeat","background-position":"center center","background-size":"auto","background-attachment":"scroll","background-type":"","background-media":"","overlay-type":"","overlay-color":"","overlay-opacity":"","overlay-gradient":""},"tablet":{"background-color":"","background-image":"","background-repeat":"repeat","background-position":"center center","background-size":"auto","background-attachment":"scroll","background-type":"","background-media":"","overlay-type":"","overlay-color":"","overlay-opacity":"","overlay-gradient":""},"mobile":{"background-color":"","background-image":"","background-repeat":"repeat","background-position":"center center","background-size":"auto","background-attachment":"scroll","background-type":"","background-media":"","overlay-type":"","overlay-color":"","overlay-opacity":"","overlay-gradient":""}},"ast-content-background-meta":{"desktop":{"background-color":"var(--ast-global-color-4)","background-image":"","background-repeat":"repeat","background-position":"center center","background-size":"auto","background-attachment":"scroll","background-type":"","background-media":"","overlay-type":"","overlay-color":"","overlay-opacity":"","overlay-gradient":""},"tablet":{"background-color":"var(--ast-global-color-4)","background-image":"","background-repeat":"repeat","background-position":"center center","background-size":"auto","background-attachment":"scroll","background-type":"","background-media":"","overlay-type":"","overlay-color":"","overlay-opacity":"","overlay-gradient":""},"mobile":{"background-color":"var(--ast-global-color-4)","background-image":"","background-repeat":"repeat","background-position":"center center","background-size":"auto","background-attachment":"scroll","background-type":"","background-media":"","overlay-type":"","overlay-color":"","overlay-opacity":"","overlay-gradient":""}}},"product_brand":[466],"product_cat":[435],"product_tag":[681,674,682,315,664,680,683,38,185,96,207,186,684],"class_list":{"0":"post-1293","1":"product","2":"type-product","3":"status-publish","4":"has-post-thumbnail","6":"product_brand-cinfa","7":"product_cat-proteccion-y-cuidado-piel","8":"product_tag-barrera","9":"product_tag-be","10":"product_tag-cicatrizacion","11":"product_tag-cutanea","12":"product_tag-dermocosmetica","13":"product_tag-efecto","14":"product_tag-lesionada","15":"product_tag-piel","16":"product_tag-pomada","17":"product_tag-producto","18":"product_tag-protectora","19":"product_tag-reparadora","20":"product_tag-sanitario","21":"desktop-align-center","22":"tablet-align-left","23":"mobile-align-left","25":"first","26":"instock","27":"sale","28":"shipping-taxable","29":"purchasable","30":"product-type-simple"},"yoast_head":"<!-- This site is optimized with the Yoast SEO plugin v27.3 - https:\/\/yoast.com\/product\/yoast-seo-wordpress\/ -->\n<title>Be+ Med Pomada Reparadora Efecto Barrera (CN: 187007) - Farmacia Betlem Gracia<\/title>\n<meta name=\"robots\" content=\"index, follow, max-snippet:-1, max-image-preview:large, max-video-preview:-1\" \/>\n<link rel=\"canonical\" href=\"https:\/\/farmaciabetlemgracia.com\/ca\/product\/be-med-pomada-reparadora-efecto-barrera\/\" \/>\n<meta property=\"og:locale\" content=\"ca_ES\" \/>\n<meta property=\"og:type\" content=\"article\" \/>\n<meta property=\"og:title\" content=\"Be+ Med Pomada Reparadora Efecto Barrera (CN: 187007) - Farmacia Betlem Gracia\" \/>\n<meta property=\"og:description\" content=\"Be+ Med Pomada Reparadora Efecto Barrera es un producto sanitario indicado para favorecer la cicatrizaci\u00f3n de lesiones cut\u00e1neas no exudativas, actuando como barrera protectora frente a agentes externos y evitando la p\u00e9rdida de agua en la piel.\" \/>\n<meta property=\"og:url\" content=\"https:\/\/farmaciabetlemgracia.com\/ca\/product\/be-med-pomada-reparadora-efecto-barrera\/\" \/>\n<meta property=\"og:site_name\" content=\"Farmacia Betlem Gracia\" \/>\n<meta property=\"article:modified_time\" content=\"2025-11-17T17:15:13+00:00\" \/>\n<meta property=\"og:image\" content=\"https:\/\/farmaciabetlemgracia.com\/wp-content\/uploads\/2025\/10\/be-med-pomada-reparadora-40-ml-.jpg\" \/>\n\t<meta property=\"og:image:width\" content=\"1100\" \/>\n\t<meta property=\"og:image:height\" content=\"1422\" \/>\n\t<meta property=\"og:image:type\" content=\"image\/jpeg\" \/>\n<meta name=\"twitter:card\" content=\"summary_large_image\" \/>\n<meta name=\"twitter:label1\" content=\"Temps estimat de lectura\" \/>\n\t<meta name=\"twitter:data1\" content=\"1 minut\" \/>\n<script type=\"application\/ld+json\" class=\"yoast-schema-graph\">{\"@context\":\"https:\\\/\\\/schema.org\",\"@graph\":[{\"@type\":\"WebPage\",\"@id\":\"https:\\\/\\\/farmaciabetlemgracia.com\\\/product\\\/be-med-pomada-reparadora-efecto-barrera\\\/\",\"url\":\"https:\\\/\\\/farmaciabetlemgracia.com\\\/product\\\/be-med-pomada-reparadora-efecto-barrera\\\/\",\"name\":\"Be+ Med Pomada Reparadora Efecto Barrera (CN: 187007) - Farmacia Betlem Gracia\",\"isPartOf\":{\"@id\":\"https:\\\/\\\/farmaciabetlemgracia.com\\\/#website\"},\"primaryImageOfPage\":{\"@id\":\"https:\\\/\\\/farmaciabetlemgracia.com\\\/product\\\/be-med-pomada-reparadora-efecto-barrera\\\/#primaryimage\"},\"image\":{\"@id\":\"https:\\\/\\\/farmaciabetlemgracia.com\\\/product\\\/be-med-pomada-reparadora-efecto-barrera\\\/#primaryimage\"},\"thumbnailUrl\":\"https:\\\/\\\/farmaciabetlemgracia.com\\\/wp-content\\\/uploads\\\/2025\\\/10\\\/be-med-pomada-reparadora-40-ml-.jpg\",\"datePublished\":\"2025-10-08T17:58:36+00:00\",\"dateModified\":\"2025-11-17T17:15:13+00:00\",\"breadcrumb\":{\"@id\":\"https:\\\/\\\/farmaciabetlemgracia.com\\\/product\\\/be-med-pomada-reparadora-efecto-barrera\\\/#breadcrumb\"},\"inLanguage\":\"ca\",\"potentialAction\":[{\"@type\":\"ReadAction\",\"target\":[\"https:\\\/\\\/farmaciabetlemgracia.com\\\/product\\\/be-med-pomada-reparadora-efecto-barrera\\\/\"]}]},{\"@type\":\"ImageObject\",\"inLanguage\":\"ca\",\"@id\":\"https:\\\/\\\/farmaciabetlemgracia.com\\\/product\\\/be-med-pomada-reparadora-efecto-barrera\\\/#primaryimage\",\"url\":\"https:\\\/\\\/farmaciabetlemgracia.com\\\/wp-content\\\/uploads\\\/2025\\\/10\\\/be-med-pomada-reparadora-40-ml-.jpg\",\"contentUrl\":\"https:\\\/\\\/farmaciabetlemgracia.com\\\/wp-content\\\/uploads\\\/2025\\\/10\\\/be-med-pomada-reparadora-40-ml-.jpg\",\"width\":1100,\"height\":1422},{\"@type\":\"BreadcrumbList\",\"@id\":\"https:\\\/\\\/farmaciabetlemgracia.com\\\/product\\\/be-med-pomada-reparadora-efecto-barrera\\\/#breadcrumb\",\"itemListElement\":[{\"@type\":\"ListItem\",\"position\":1,\"name\":\"Portada\",\"item\":\"https:\\\/\\\/farmaciabetlemgracia.com\\\/\"},{\"@type\":\"ListItem\",\"position\":2,\"name\":\"Shop\",\"item\":\"https:\\\/\\\/farmaciabetlemgracia.com\\\/?page_id=5\"},{\"@type\":\"ListItem\",\"position\":3,\"name\":\"Be+ Med Pomada Reparadora Efecto Barrera (CN: 187007)\"}]},{\"@type\":\"WebSite\",\"@id\":\"https:\\\/\\\/farmaciabetlemgracia.com\\\/#website\",\"url\":\"https:\\\/\\\/farmaciabetlemgracia.com\\\/\",\"name\":\"Farmacia Betlem Gracia\",\"description\":\"\",\"publisher\":{\"@id\":\"https:\\\/\\\/farmaciabetlemgracia.com\\\/#organization\"},\"potentialAction\":[{\"@type\":\"SearchAction\",\"target\":{\"@type\":\"EntryPoint\",\"urlTemplate\":\"https:\\\/\\\/farmaciabetlemgracia.com\\\/?s={search_term_string}\"},\"query-input\":{\"@type\":\"PropertyValueSpecification\",\"valueRequired\":true,\"valueName\":\"search_term_string\"}}],\"inLanguage\":\"ca\"},{\"@type\":\"Organization\",\"@id\":\"https:\\\/\\\/farmaciabetlemgracia.com\\\/#organization\",\"name\":\"Farmacia Betlem Gracia\",\"url\":\"https:\\\/\\\/farmaciabetlemgracia.com\\\/\",\"logo\":{\"@type\":\"ImageObject\",\"inLanguage\":\"ca\",\"@id\":\"https:\\\/\\\/farmaciabetlemgracia.com\\\/#\\\/schema\\\/logo\\\/image\\\/\",\"url\":\"https:\\\/\\\/farmaciabetlemgracia.com\\\/wp-content\\\/uploads\\\/2025\\\/08\\\/cropped-cropped-logotransparent.png\",\"contentUrl\":\"https:\\\/\\\/farmaciabetlemgracia.com\\\/wp-content\\\/uploads\\\/2025\\\/08\\\/cropped-cropped-logotransparent.png\",\"width\":512,\"height\":512,\"caption\":\"Farmacia Betlem Gracia\"},\"image\":{\"@id\":\"https:\\\/\\\/farmaciabetlemgracia.com\\\/#\\\/schema\\\/logo\\\/image\\\/\"}}]}<\/script>\n<!-- \/ Yoast SEO plugin. -->","yoast_head_json":{"title":"Be+ Med Pomada Reparadora Efecto Barrera (CN: 187007) - Farmacia Betlem Gracia","robots":{"index":"index","follow":"follow","max-snippet":"max-snippet:-1","max-image-preview":"max-image-preview:large","max-video-preview":"max-video-preview:-1"},"canonical":"https:\/\/farmaciabetlemgracia.com\/ca\/product\/be-med-pomada-reparadora-efecto-barrera\/","og_locale":"ca_ES","og_type":"article","og_title":"Be+ Med Pomada Reparadora Efecto Barrera (CN: 187007) - Farmacia Betlem Gracia","og_description":"Be+ Med Pomada Reparadora Efecto Barrera es un producto sanitario indicado para favorecer la cicatrizaci\u00f3n de lesiones cut\u00e1neas no exudativas, actuando como barrera protectora frente a agentes externos y evitando la p\u00e9rdida de agua en la piel.","og_url":"https:\/\/farmaciabetlemgracia.com\/ca\/product\/be-med-pomada-reparadora-efecto-barrera\/","og_site_name":"Farmacia Betlem Gracia","article_modified_time":"2025-11-17T17:15:13+00:00","og_image":[{"width":1100,"height":1422,"url":"https:\/\/farmaciabetlemgracia.com\/wp-content\/uploads\/2025\/10\/be-med-pomada-reparadora-40-ml-.jpg","type":"image\/jpeg"}],"twitter_card":"summary_large_image","twitter_misc":{"Temps estimat de lectura":"1 minut"},"schema":{"@context":"https:\/\/schema.org","@graph":[{"@type":"WebPage","@id":"https:\/\/farmaciabetlemgracia.com\/product\/be-med-pomada-reparadora-efecto-barrera\/","url":"https:\/\/farmaciabetlemgracia.com\/product\/be-med-pomada-reparadora-efecto-barrera\/","name":"Be+ Med Pomada Reparadora Efecto Barrera (CN: 187007) - Farmacia Betlem Gracia","isPartOf":{"@id":"https:\/\/farmaciabetlemgracia.com\/#website"},"primaryImageOfPage":{"@id":"https:\/\/farmaciabetlemgracia.com\/product\/be-med-pomada-reparadora-efecto-barrera\/#primaryimage"},"image":{"@id":"https:\/\/farmaciabetlemgracia.com\/product\/be-med-pomada-reparadora-efecto-barrera\/#primaryimage"},"thumbnailUrl":"https:\/\/farmaciabetlemgracia.com\/wp-content\/uploads\/2025\/10\/be-med-pomada-reparadora-40-ml-.jpg","datePublished":"2025-10-08T17:58:36+00:00","dateModified":"2025-11-17T17:15:13+00:00","breadcrumb":{"@id":"https:\/\/farmaciabetlemgracia.com\/product\/be-med-pomada-reparadora-efecto-barrera\/#breadcrumb"},"inLanguage":"ca","potentialAction":[{"@type":"ReadAction","target":["https:\/\/farmaciabetlemgracia.com\/product\/be-med-pomada-reparadora-efecto-barrera\/"]}]},{"@type":"ImageObject","inLanguage":"ca","@id":"https:\/\/farmaciabetlemgracia.com\/product\/be-med-pomada-reparadora-efecto-barrera\/#primaryimage","url":"https:\/\/farmaciabetlemgracia.com\/wp-content\/uploads\/2025\/10\/be-med-pomada-reparadora-40-ml-.jpg","contentUrl":"https:\/\/farmaciabetlemgracia.com\/wp-content\/uploads\/2025\/10\/be-med-pomada-reparadora-40-ml-.jpg","width":1100,"height":1422},{"@type":"BreadcrumbList","@id":"https:\/\/farmaciabetlemgracia.com\/product\/be-med-pomada-reparadora-efecto-barrera\/#breadcrumb","itemListElement":[{"@type":"ListItem","position":1,"name":"Portada","item":"https:\/\/farmaciabetlemgracia.com\/"},{"@type":"ListItem","position":2,"name":"Shop","item":"https:\/\/farmaciabetlemgracia.com\/?page_id=5"},{"@type":"ListItem","position":3,"name":"Be+ Med Pomada Reparadora Efecto Barrera (CN: 187007)"}]},{"@type":"WebSite","@id":"https:\/\/farmaciabetlemgracia.com\/#website","url":"https:\/\/farmaciabetlemgracia.com\/","name":"Farm\u00e0cia Betlem Gr\u00e0cia","description":"","publisher":{"@id":"https:\/\/farmaciabetlemgracia.com\/#organization"},"potentialAction":[{"@type":"SearchAction","target":{"@type":"EntryPoint","urlTemplate":"https:\/\/farmaciabetlemgracia.com\/?s={search_term_string}"},"query-input":{"@type":"PropertyValueSpecification","valueRequired":true,"valueName":"search_term_string"}}],"inLanguage":"ca"},{"@type":"Organization","@id":"https:\/\/farmaciabetlemgracia.com\/#organization","name":"Farm\u00e0cia Betlem Gr\u00e0cia","url":"https:\/\/farmaciabetlemgracia.com\/","logo":{"@type":"ImageObject","inLanguage":"ca","@id":"https:\/\/farmaciabetlemgracia.com\/#\/schema\/logo\/image\/","url":"https:\/\/farmaciabetlemgracia.com\/wp-content\/uploads\/2025\/08\/cropped-cropped-logotransparent.png","contentUrl":"https:\/\/farmaciabetlemgracia.com\/wp-content\/uploads\/2025\/08\/cropped-cropped-logotransparent.png","width":512,"height":512,"caption":"Farmacia Betlem Gracia"},"image":{"@id":"https:\/\/farmaciabetlemgracia.com\/#\/schema\/logo\/image\/"}}]}},"_links":{"self":[{"href":"https:\/\/farmaciabetlemgracia.com\/ca\/wp-json\/wp\/v2\/product\/1293","targetHints":{"allow":["GET"]}}],"collection":[{"href":"https:\/\/farmaciabetlemgracia.com\/ca\/wp-json\/wp\/v2\/product"}],"about":[{"href":"https:\/\/farmaciabetlemgracia.com\/ca\/wp-json\/wp\/v2\/types\/product"}],"replies":[{"embeddable":true,"href":"https:\/\/farmaciabetlemgracia.com\/ca\/wp-json\/wp\/v2\/comments?post=1293"}],"version-history":[{"count":0,"href":"https:\/\/farmaciabetlemgracia.com\/ca\/wp-json\/wp\/v2\/product\/1293\/revisions"}],"wp:featuredmedia":[{"embeddable":true,"href":"https:\/\/farmaciabetlemgracia.com\/ca\/wp-json\/wp\/v2\/media\/1294"}],"wp:attachment":[{"href":"https:\/\/farmaciabetlemgracia.com\/ca\/wp-json\/wp\/v2\/media?parent=1293"}],"wp:term":[{"taxonomy":"product_brand","embeddable":true,"href":"https:\/\/farmaciabetlemgracia.com\/ca\/wp-json\/wp\/v2\/product_brand?post=1293"},{"taxonomy":"product_cat","embeddable":true,"href":"https:\/\/farmaciabetlemgracia.com\/ca\/wp-json\/wp\/v2\/product_cat?post=1293"},{"taxonomy":"product_tag","embeddable":true,"href":"https:\/\/farmaciabetlemgracia.com\/ca\/wp-json\/wp\/v2\/product_tag?post=1293"}],"curies":[{"name":"wp","href":"https:\/\/api.w.org\/{rel}","templated":true}]}}