{"id":1267,"date":"2025-10-07T16:55:20","date_gmt":"2025-10-07T16:55:20","guid":{"rendered":"https:\/\/farmaciabetlemgracia.com\/?post_type=product&#038;p=1267"},"modified":"2026-02-02T21:10:01","modified_gmt":"2026-02-02T20:10:01","slug":"nurofen-rapid-400-mg-20-capsulas-blandas","status":"publish","type":"product","link":"https:\/\/farmaciabetlemgracia.com\/ca\/product\/nurofen-rapid-400-mg-20-capsulas-blandas\/","title":{"rendered":"Nurofen Rapid 400\u202fmg \u2014 20 c\u00e1psulas blandas"},"content":{"rendered":"<p data-start=\"747\" data-end=\"802\"><strong data-start=\"747\" data-end=\"800\">Modo de empleo:<\/strong><\/p>\n<ul data-start=\"803\" data-end=\"1189\">\n<li data-start=\"803\" data-end=\"982\">\n<p data-start=\"805\" data-end=\"982\">Tomar <strong data-start=\"811\" data-end=\"831\">1 c\u00e1psula blanda<\/strong> con agua, preferiblemente durante las comidas o inmediatamente despu\u00e9s.<\/p>\n<\/li>\n<li data-start=\"983\" data-end=\"1041\">\n<p data-start=\"985\" data-end=\"1041\">Repetir la dosis cada <strong data-start=\"1007\" data-end=\"1022\">6 a 8 horas<\/strong> si es necesario.<\/p>\n<\/li>\n<li data-start=\"1042\" data-end=\"1097\">\n<p data-start=\"1044\" data-end=\"1097\">No exceder <strong data-start=\"1055\" data-end=\"1076\">3 c\u00e1psulas al d\u00eda<\/strong> (m\u00e1ximo 1.200\u202fmg).<\/p>\n<\/li>\n<li data-start=\"1098\" data-end=\"1189\">\n<p data-start=\"1100\" data-end=\"1189\">Si el dolor o la fiebre persisten m\u00e1s all\u00e1 de 3 d\u00edas o empeoran, consultar con el m\u00e9dico.<\/p>\n<\/li>\n<\/ul>\n<p data-start=\"500\" data-end=\"531\"><strong data-start=\"500\" data-end=\"529\">Indicaciones autorizadas:<\/strong><\/p>\n<ul data-start=\"532\" data-end=\"745\">\n<li data-start=\"532\" data-end=\"585\">\n<p data-start=\"534\" data-end=\"585\">Tratamiento sintom\u00e1tico de dolor leve a moderado.<\/p>\n<\/li>\n<li data-start=\"586\" data-end=\"615\">\n<p data-start=\"588\" data-end=\"615\">Tratamiento de la fiebre.<\/p>\n<\/li>\n<li data-start=\"616\" data-end=\"745\">\n<p data-start=\"618\" data-end=\"745\">Uso en adultos y adolescentes a partir de 12 a\u00f1os.<\/p>\n<\/li>\n<\/ul>\n<p data-start=\"500\" data-end=\"531\"><strong data-start=\"500\" data-end=\"529\">Indicaciones autorizadas:<\/strong><\/p>\n<ul data-start=\"532\" data-end=\"745\">\n<li data-start=\"532\" data-end=\"585\">\n<p data-start=\"534\" data-end=\"585\">Tratamiento sintom\u00e1tico de dolor leve a moderado.<\/p>\n<\/li>\n<li data-start=\"586\" data-end=\"615\">\n<p data-start=\"588\" data-end=\"615\">Tratamiento de la fiebre.<\/p>\n<\/li>\n<li data-start=\"616\" data-end=\"745\">\n<p data-start=\"618\" data-end=\"745\">Uso en adultos y adolescentes a partir de 12 a\u00f1os.<\/p>\n<\/li>\n<\/ul>\n<p data-start=\"1191\" data-end=\"1244\"><strong data-start=\"1191\" data-end=\"1242\">Composici\u00f3n:<\/strong><\/p>\n<ul data-start=\"1245\" data-end=\"1579\">\n<li data-start=\"1245\" data-end=\"1366\">\n<p data-start=\"1247\" data-end=\"1366\">Ibuprofeno (como materia activa) 400\u202fmg.<\/p>\n<\/li>\n<li data-start=\"1367\" data-end=\"1579\">\n<p data-start=\"1369\" data-end=\"1579\">Excipientes incluidos: la f\u00f3rmula contiene l\u00edpidos y otros excipientes que conforman la c\u00e1psula blanda.<\/p>\n<\/li>\n<\/ul>\n<p data-start=\"1581\" data-end=\"1651\"><strong data-start=\"1581\" data-end=\"1649\">Precauciones:<\/strong><\/p>\n<ul data-start=\"1652\" data-end=\"2114\">\n<li data-start=\"1652\" data-end=\"1719\">\n<p data-start=\"1654\" data-end=\"1719\">No usar si hay hipersensibilidad al ibuprofeno o a otros AINEs.<\/p>\n<\/li>\n<li data-start=\"1720\" data-end=\"1822\">\n<p data-start=\"1722\" data-end=\"1822\">No usar en \u00falcera p\u00e9ptica activa, sangrado gastrointestinal, insuficiencia renal o hep\u00e1tica grave.<\/p>\n<\/li>\n<li data-start=\"1823\" data-end=\"1924\">\n<p data-start=\"1825\" data-end=\"1924\">Precauci\u00f3n en pacientes con hipertensi\u00f3n, insuficiencia card\u00edaca, trastornos renales o hep\u00e1ticos.<\/p>\n<\/li>\n<li data-start=\"1925\" data-end=\"1989\">\n<p data-start=\"1927\" data-end=\"1989\">En el embarazo: evitar especialmente en el tercer trimestre.<\/p>\n<\/li>\n<li data-start=\"1990\" data-end=\"2057\">\n<p data-start=\"1992\" data-end=\"2057\">No combinar con otros antiinflamatorios sin supervisi\u00f3n m\u00e9dica.<\/p>\n<\/li>\n<li data-start=\"2058\" data-end=\"2114\">\n<p data-start=\"2060\" data-end=\"2114\">Conservar en lugar fresco y seco, protegido de la luz.\\<\/p>\n<\/li>\n<\/ul>\n<p><strong>Enlace al AEMPS\/CIMA:<\/strong><\/p>\n<ul>\n<li><a href=\"https:\/\/cima.aemps.es\/cima\/dochtml\/p\/68517\/P_68517.html\">https:\/\/cima.aemps.es\/cima\/dochtml\/p\/68517\/P_68517.html<\/a><\/li>\n<\/ul>\n<p><strong>Prospecto:<\/strong><\/p>\n<ul>\n<li><span style=\"color: #0000ff;\"><a style=\"color: #0000ff;\" href=\"https:\/\/cima.aemps.es\/cima\/publico\/detalle.html?nregistro=68517\">https:\/\/cima.aemps.es\/cima\/publico\/detalle.html?nregistro=68517<\/a><\/span><\/li>\n<\/ul>\n<p><a href=\"https:\/\/distafarma.aemps.es\/farmacom\/faces\/inicio.xhtml\"><img fetchpriority=\"high\" decoding=\"async\" class=\"https:\/\/distafarma.aemps.es\/farmacom\/faces\/inicio.xhtml alignnone\" src=\"https:\/\/distafarma.aemps.es\/farmacom\/ServletIcono?farma=82a161cc04d8d8a2fdad669a2fecd84a\" alt=\"\" width=\"308\" height=\"257\" \/><\/a><\/p>\n<p>&nbsp;<\/p>\n<p>&nbsp;<\/p>","protected":false},"excerpt":{"rendered":"<p>Nurofen Rapid 400\u202fmg c\u00e1psulas blandas es un medicamento analg\u00e9sico, antiinflamatorio y antipir\u00e9tico, indicado para el alivio del dolor y la fiebre en adultos y adolescentes mayores de 12 a\u00f1os.<\/p>","protected":false},"featured_media":1268,"comment_status":"open","ping_status":"closed","template":"","meta":[],"product_brand":[637],"product_cat":[534],"product_tag":[639,586,567,640,546,137,541,536,201,559,638,349],"class_list":{"0":"post-1267","1":"product","2":"type-product","3":"status-publish","4":"has-post-thumbnail","6":"product_brand-reckitt-benckiser-healthcare","7":"product_cat-sin-receta","8":"product_tag-400-mg","9":"product_tag-aine","10":"product_tag-analgesico","11":"product_tag-blandas","12":"product_tag-capsulas","13":"product_tag-dolor","14":"product_tag-fiebre","15":"product_tag-ibuprofeno","16":"product_tag-leve","17":"product_tag-medicamento","18":"product_tag-nurofen","19":"product_tag-rapid","21":"first","22":"instock","23":"sale","24":"shipping-taxable","25":"purchasable","26":"product-type-simple"},"yoast_head":"<!-- This site is optimized with the Yoast SEO plugin v27.3 - https:\/\/yoast.com\/product\/yoast-seo-wordpress\/ -->\n<title>Nurofen Rapid 400\u202fmg \u2014 20 c\u00e1psulas blandas - Farmacia Betlem Gracia<\/title>\n<meta name=\"robots\" content=\"index, follow, max-snippet:-1, max-image-preview:large, max-video-preview:-1\" \/>\n<link rel=\"canonical\" href=\"https:\/\/farmaciabetlemgracia.com\/ca\/product\/nurofen-rapid-400-mg-20-capsulas-blandas\/\" \/>\n<meta property=\"og:locale\" content=\"ca_ES\" \/>\n<meta property=\"og:type\" content=\"article\" \/>\n<meta property=\"og:title\" content=\"Nurofen Rapid 400\u202fmg \u2014 20 c\u00e1psulas blandas - Farmacia Betlem Gracia\" \/>\n<meta property=\"og:description\" content=\"Nurofen Rapid 400\u202fmg c\u00e1psulas blandas es un medicamento analg\u00e9sico, antiinflamatorio y antipir\u00e9tico, indicado para el alivio del dolor y la fiebre en adultos y adolescentes mayores de 12 a\u00f1os.\" \/>\n<meta property=\"og:url\" content=\"https:\/\/farmaciabetlemgracia.com\/ca\/product\/nurofen-rapid-400-mg-20-capsulas-blandas\/\" \/>\n<meta property=\"og:site_name\" content=\"Farmacia Betlem Gracia\" \/>\n<meta property=\"article:modified_time\" content=\"2026-02-02T20:10:01+00:00\" \/>\n<meta property=\"og:image\" content=\"https:\/\/farmaciabetlemgracia.com\/wp-content\/uploads\/2025\/10\/nurofen-rapid-400-mg-20-capsulas-blandas.jpg\" \/>\n\t<meta property=\"og:image:width\" content=\"1200\" \/>\n\t<meta property=\"og:image:height\" content=\"1372\" \/>\n\t<meta property=\"og:image:type\" content=\"image\/jpeg\" \/>\n<meta name=\"twitter:card\" content=\"summary_large_image\" \/>\n<meta name=\"twitter:label1\" content=\"Temps estimat de lectura\" \/>\n\t<meta name=\"twitter:data1\" content=\"2 minuts\" \/>\n<script type=\"application\/ld+json\" class=\"yoast-schema-graph\">{\"@context\":\"https:\\\/\\\/schema.org\",\"@graph\":[{\"@type\":\"WebPage\",\"@id\":\"https:\\\/\\\/farmaciabetlemgracia.com\\\/product\\\/nurofen-rapid-400-mg-20-capsulas-blandas\\\/\",\"url\":\"https:\\\/\\\/farmaciabetlemgracia.com\\\/product\\\/nurofen-rapid-400-mg-20-capsulas-blandas\\\/\",\"name\":\"Nurofen Rapid 400\u202fmg \u2014 20 c\u00e1psulas blandas - Farmacia Betlem Gracia\",\"isPartOf\":{\"@id\":\"https:\\\/\\\/farmaciabetlemgracia.com\\\/#website\"},\"primaryImageOfPage\":{\"@id\":\"https:\\\/\\\/farmaciabetlemgracia.com\\\/product\\\/nurofen-rapid-400-mg-20-capsulas-blandas\\\/#primaryimage\"},\"image\":{\"@id\":\"https:\\\/\\\/farmaciabetlemgracia.com\\\/product\\\/nurofen-rapid-400-mg-20-capsulas-blandas\\\/#primaryimage\"},\"thumbnailUrl\":\"https:\\\/\\\/i0.wp.com\\\/farmaciabetlemgracia.com\\\/wp-content\\\/uploads\\\/2025\\\/10\\\/nurofen-rapid-400-mg-20-capsulas-blandas.jpg?fit=1200%2C1372&ssl=1\",\"datePublished\":\"2025-10-07T16:55:20+00:00\",\"dateModified\":\"2026-02-02T20:10:01+00:00\",\"breadcrumb\":{\"@id\":\"https:\\\/\\\/farmaciabetlemgracia.com\\\/product\\\/nurofen-rapid-400-mg-20-capsulas-blandas\\\/#breadcrumb\"},\"inLanguage\":\"ca\",\"potentialAction\":[{\"@type\":\"ReadAction\",\"target\":[\"https:\\\/\\\/farmaciabetlemgracia.com\\\/product\\\/nurofen-rapid-400-mg-20-capsulas-blandas\\\/\"]}]},{\"@type\":\"ImageObject\",\"inLanguage\":\"ca\",\"@id\":\"https:\\\/\\\/farmaciabetlemgracia.com\\\/product\\\/nurofen-rapid-400-mg-20-capsulas-blandas\\\/#primaryimage\",\"url\":\"https:\\\/\\\/i0.wp.com\\\/farmaciabetlemgracia.com\\\/wp-content\\\/uploads\\\/2025\\\/10\\\/nurofen-rapid-400-mg-20-capsulas-blandas.jpg?fit=1200%2C1372&ssl=1\",\"contentUrl\":\"https:\\\/\\\/i0.wp.com\\\/farmaciabetlemgracia.com\\\/wp-content\\\/uploads\\\/2025\\\/10\\\/nurofen-rapid-400-mg-20-capsulas-blandas.jpg?fit=1200%2C1372&ssl=1\",\"width\":1200,\"height\":1372},{\"@type\":\"BreadcrumbList\",\"@id\":\"https:\\\/\\\/farmaciabetlemgracia.com\\\/product\\\/nurofen-rapid-400-mg-20-capsulas-blandas\\\/#breadcrumb\",\"itemListElement\":[{\"@type\":\"ListItem\",\"position\":1,\"name\":\"Portada\",\"item\":\"https:\\\/\\\/farmaciabetlemgracia.com\\\/\"},{\"@type\":\"ListItem\",\"position\":2,\"name\":\"Shop\",\"item\":\"https:\\\/\\\/farmaciabetlemgracia.com\\\/shop\\\/\"},{\"@type\":\"ListItem\",\"position\":3,\"name\":\"Nurofen Rapid 400\u202fmg \u2014 20 c\u00e1psulas blandas\"}]},{\"@type\":\"WebSite\",\"@id\":\"https:\\\/\\\/farmaciabetlemgracia.com\\\/#website\",\"url\":\"https:\\\/\\\/farmaciabetlemgracia.com\\\/\",\"name\":\"Farmacia Betlem Gracia\",\"description\":\"\",\"publisher\":{\"@id\":\"https:\\\/\\\/farmaciabetlemgracia.com\\\/#organization\"},\"potentialAction\":[{\"@type\":\"SearchAction\",\"target\":{\"@type\":\"EntryPoint\",\"urlTemplate\":\"https:\\\/\\\/farmaciabetlemgracia.com\\\/?s={search_term_string}\"},\"query-input\":{\"@type\":\"PropertyValueSpecification\",\"valueRequired\":true,\"valueName\":\"search_term_string\"}}],\"inLanguage\":\"ca\"},{\"@type\":\"Organization\",\"@id\":\"https:\\\/\\\/farmaciabetlemgracia.com\\\/#organization\",\"name\":\"Farmacia Betlem Gracia\",\"url\":\"https:\\\/\\\/farmaciabetlemgracia.com\\\/\",\"logo\":{\"@type\":\"ImageObject\",\"inLanguage\":\"ca\",\"@id\":\"https:\\\/\\\/farmaciabetlemgracia.com\\\/#\\\/schema\\\/logo\\\/image\\\/\",\"url\":\"https:\\\/\\\/i0.wp.com\\\/farmaciabetlemgracia.com\\\/wp-content\\\/uploads\\\/2025\\\/08\\\/f7447ce2-2a06-476d-bc28-50879675ac04-copy.webp?fit=1024%2C1024&ssl=1\",\"contentUrl\":\"https:\\\/\\\/i0.wp.com\\\/farmaciabetlemgracia.com\\\/wp-content\\\/uploads\\\/2025\\\/08\\\/f7447ce2-2a06-476d-bc28-50879675ac04-copy.webp?fit=1024%2C1024&ssl=1\",\"width\":1024,\"height\":1024,\"caption\":\"Farmacia Betlem Gracia\"},\"image\":{\"@id\":\"https:\\\/\\\/farmaciabetlemgracia.com\\\/#\\\/schema\\\/logo\\\/image\\\/\"}}]}<\/script>\n<!-- \/ Yoast SEO plugin. -->","yoast_head_json":{"title":"Nurofen Rapid 400\u202fmg \u2014 20 c\u00e1psulas blandas - Farmacia Betlem Gracia","robots":{"index":"index","follow":"follow","max-snippet":"max-snippet:-1","max-image-preview":"max-image-preview:large","max-video-preview":"max-video-preview:-1"},"canonical":"https:\/\/farmaciabetlemgracia.com\/ca\/product\/nurofen-rapid-400-mg-20-capsulas-blandas\/","og_locale":"ca_ES","og_type":"article","og_title":"Nurofen Rapid 400\u202fmg \u2014 20 c\u00e1psulas blandas - Farmacia Betlem Gracia","og_description":"Nurofen Rapid 400\u202fmg c\u00e1psulas blandas es un medicamento analg\u00e9sico, antiinflamatorio y antipir\u00e9tico, indicado para el alivio del dolor y la fiebre en adultos y adolescentes mayores de 12 a\u00f1os.","og_url":"https:\/\/farmaciabetlemgracia.com\/ca\/product\/nurofen-rapid-400-mg-20-capsulas-blandas\/","og_site_name":"Farmacia Betlem Gracia","article_modified_time":"2026-02-02T20:10:01+00:00","og_image":[{"width":1200,"height":1372,"url":"https:\/\/farmaciabetlemgracia.com\/wp-content\/uploads\/2025\/10\/nurofen-rapid-400-mg-20-capsulas-blandas.jpg","type":"image\/jpeg"}],"twitter_card":"summary_large_image","twitter_misc":{"Temps estimat de lectura":"2 minuts"},"schema":{"@context":"https:\/\/schema.org","@graph":[{"@type":"WebPage","@id":"https:\/\/farmaciabetlemgracia.com\/product\/nurofen-rapid-400-mg-20-capsulas-blandas\/","url":"https:\/\/farmaciabetlemgracia.com\/product\/nurofen-rapid-400-mg-20-capsulas-blandas\/","name":"Nurofen Rapid 400\u202fmg \u2014 20 c\u00e1psulas blandas - Farmacia Betlem Gracia","isPartOf":{"@id":"https:\/\/farmaciabetlemgracia.com\/#website"},"primaryImageOfPage":{"@id":"https:\/\/farmaciabetlemgracia.com\/product\/nurofen-rapid-400-mg-20-capsulas-blandas\/#primaryimage"},"image":{"@id":"https:\/\/farmaciabetlemgracia.com\/product\/nurofen-rapid-400-mg-20-capsulas-blandas\/#primaryimage"},"thumbnailUrl":"https:\/\/i0.wp.com\/farmaciabetlemgracia.com\/wp-content\/uploads\/2025\/10\/nurofen-rapid-400-mg-20-capsulas-blandas.jpg?fit=1200%2C1372&ssl=1","datePublished":"2025-10-07T16:55:20+00:00","dateModified":"2026-02-02T20:10:01+00:00","breadcrumb":{"@id":"https:\/\/farmaciabetlemgracia.com\/product\/nurofen-rapid-400-mg-20-capsulas-blandas\/#breadcrumb"},"inLanguage":"ca","potentialAction":[{"@type":"ReadAction","target":["https:\/\/farmaciabetlemgracia.com\/product\/nurofen-rapid-400-mg-20-capsulas-blandas\/"]}]},{"@type":"ImageObject","inLanguage":"ca","@id":"https:\/\/farmaciabetlemgracia.com\/product\/nurofen-rapid-400-mg-20-capsulas-blandas\/#primaryimage","url":"https:\/\/i0.wp.com\/farmaciabetlemgracia.com\/wp-content\/uploads\/2025\/10\/nurofen-rapid-400-mg-20-capsulas-blandas.jpg?fit=1200%2C1372&ssl=1","contentUrl":"https:\/\/i0.wp.com\/farmaciabetlemgracia.com\/wp-content\/uploads\/2025\/10\/nurofen-rapid-400-mg-20-capsulas-blandas.jpg?fit=1200%2C1372&ssl=1","width":1200,"height":1372},{"@type":"BreadcrumbList","@id":"https:\/\/farmaciabetlemgracia.com\/product\/nurofen-rapid-400-mg-20-capsulas-blandas\/#breadcrumb","itemListElement":[{"@type":"ListItem","position":1,"name":"Portada","item":"https:\/\/farmaciabetlemgracia.com\/"},{"@type":"ListItem","position":2,"name":"Shop","item":"https:\/\/farmaciabetlemgracia.com\/shop\/"},{"@type":"ListItem","position":3,"name":"Nurofen Rapid 400\u202fmg \u2014 20 c\u00e1psulas blandas"}]},{"@type":"WebSite","@id":"https:\/\/farmaciabetlemgracia.com\/#website","url":"https:\/\/farmaciabetlemgracia.com\/","name":"Farm\u00e0cia Betlem Gr\u00e0cia","description":"","publisher":{"@id":"https:\/\/farmaciabetlemgracia.com\/#organization"},"potentialAction":[{"@type":"SearchAction","target":{"@type":"EntryPoint","urlTemplate":"https:\/\/farmaciabetlemgracia.com\/?s={search_term_string}"},"query-input":{"@type":"PropertyValueSpecification","valueRequired":true,"valueName":"search_term_string"}}],"inLanguage":"ca"},{"@type":"Organization","@id":"https:\/\/farmaciabetlemgracia.com\/#organization","name":"Farm\u00e0cia Betlem Gr\u00e0cia","url":"https:\/\/farmaciabetlemgracia.com\/","logo":{"@type":"ImageObject","inLanguage":"ca","@id":"https:\/\/farmaciabetlemgracia.com\/#\/schema\/logo\/image\/","url":"https:\/\/i0.wp.com\/farmaciabetlemgracia.com\/wp-content\/uploads\/2025\/08\/f7447ce2-2a06-476d-bc28-50879675ac04-copy.webp?fit=1024%2C1024&ssl=1","contentUrl":"https:\/\/i0.wp.com\/farmaciabetlemgracia.com\/wp-content\/uploads\/2025\/08\/f7447ce2-2a06-476d-bc28-50879675ac04-copy.webp?fit=1024%2C1024&ssl=1","width":1024,"height":1024,"caption":"Farmacia Betlem Gracia"},"image":{"@id":"https:\/\/farmaciabetlemgracia.com\/#\/schema\/logo\/image\/"}}]}},"jetpack_sharing_enabled":true,"_links":{"self":[{"href":"https:\/\/farmaciabetlemgracia.com\/ca\/wp-json\/wp\/v2\/product\/1267","targetHints":{"allow":["GET"]}}],"collection":[{"href":"https:\/\/farmaciabetlemgracia.com\/ca\/wp-json\/wp\/v2\/product"}],"about":[{"href":"https:\/\/farmaciabetlemgracia.com\/ca\/wp-json\/wp\/v2\/types\/product"}],"replies":[{"embeddable":true,"href":"https:\/\/farmaciabetlemgracia.com\/ca\/wp-json\/wp\/v2\/comments?post=1267"}],"version-history":[{"count":1,"href":"https:\/\/farmaciabetlemgracia.com\/ca\/wp-json\/wp\/v2\/product\/1267\/revisions"}],"predecessor-version":[{"id":3442,"href":"https:\/\/farmaciabetlemgracia.com\/ca\/wp-json\/wp\/v2\/product\/1267\/revisions\/3442"}],"wp:featuredmedia":[{"embeddable":true,"href":"https:\/\/farmaciabetlemgracia.com\/ca\/wp-json\/wp\/v2\/media\/1268"}],"wp:attachment":[{"href":"https:\/\/farmaciabetlemgracia.com\/ca\/wp-json\/wp\/v2\/media?parent=1267"}],"wp:term":[{"taxonomy":"product_brand","embeddable":true,"href":"https:\/\/farmaciabetlemgracia.com\/ca\/wp-json\/wp\/v2\/product_brand?post=1267"},{"taxonomy":"product_cat","embeddable":true,"href":"https:\/\/farmaciabetlemgracia.com\/ca\/wp-json\/wp\/v2\/product_cat?post=1267"},{"taxonomy":"product_tag","embeddable":true,"href":"https:\/\/farmaciabetlemgracia.com\/ca\/wp-json\/wp\/v2\/product_tag?post=1267"}],"curies":[{"name":"wp","href":"https:\/\/api.w.org\/{rel}","templated":true}]}}