{"id":1248,"date":"2025-10-07T13:11:44","date_gmt":"2025-10-07T13:11:44","guid":{"rendered":"https:\/\/farmaciabetlemgracia.com\/?post_type=product&#038;p=1248"},"modified":"2026-02-02T21:15:14","modified_gmt":"2026-02-02T20:15:14","slug":"cinfadol-spray-392-mg-ml","status":"publish","type":"product","link":"https:\/\/farmaciabetlemgracia.com\/ca\/product\/cinfadol-spray-392-mg-ml\/","title":{"rendered":"Cinfadol Spray 39,2\u202fmg\/ml"},"content":{"rendered":"<p data-start=\"851\" data-end=\"906\"><strong data-start=\"851\" data-end=\"904\">Modo de empleo:<\/strong><\/p>\n<ul data-start=\"907\" data-end=\"1360\">\n<li data-start=\"907\" data-end=\"1089\">\n<p data-start=\"909\" data-end=\"1089\">Pulverizar <strong data-start=\"920\" data-end=\"956\">1 dosis de 100\u202f\u00b5l por fosa nasal<\/strong> con 2\u20133 pulverizaciones por fosa nasal, cada 8 horas.<\/p>\n<\/li>\n<li data-start=\"1090\" data-end=\"1157\">\n<p data-start=\"1092\" data-end=\"1157\">No debe usarse por per\u00edodos prolongados sin supervisi\u00f3n m\u00e9dica.<\/p>\n<\/li>\n<li data-start=\"1158\" data-end=\"1360\">\n<p data-start=\"1160\" data-end=\"1360\">Si los s\u00edntomas persisten m\u00e1s de 3 d\u00edas, la fiebre m\u00e1s de 3 d\u00edas o el dolor m\u00e1s de 5 d\u00edas, o empeoran, consultar al m\u00e9dico.<\/p>\n<\/li>\n<\/ul>\n<p data-start=\"594\" data-end=\"625\"><strong data-start=\"594\" data-end=\"623\">Indicaciones autorizadas:<\/strong><\/p>\n<ul data-start=\"626\" data-end=\"849\">\n<li data-start=\"626\" data-end=\"849\">\n<p data-start=\"628\" data-end=\"849\">Tratamiento sintom\u00e1tico de los s\u00edndromes gripales y catarros con fiebre, dolor, congesti\u00f3n nasal y rinorrea en adultos y adolescentes \u2265 12 a\u00f1os.<\/p>\n<\/li>\n<\/ul>\n<p data-start=\"1362\" data-end=\"1422\"><strong data-start=\"1362\" data-end=\"1420\">Composici\u00f3n:<\/strong><\/p>\n<ul data-start=\"1423\" data-end=\"1689\">\n<li data-start=\"1423\" data-end=\"1445\">\n<p data-start=\"1425\" data-end=\"1445\">Ibuprofeno 39,2\u202fmg<\/p>\n<\/li>\n<li data-start=\"1446\" data-end=\"1477\">\n<p data-start=\"1448\" data-end=\"1477\">Clorfenamina maleato 1,6\u202fmg<\/p>\n<\/li>\n<li data-start=\"1478\" data-end=\"1513\">\n<p data-start=\"1480\" data-end=\"1513\">Fenilefrina clorhidrato 5,33\u202fmg<\/p>\n<\/li>\n<li data-start=\"1514\" data-end=\"1689\">\n<p data-start=\"1516\" data-end=\"1689\">Excipientes: propilenglicol, etanol, sacarosa, entre otros para soporte de la formulaci\u00f3n nasal.<\/p>\n<\/li>\n<\/ul>\n<p data-start=\"1691\" data-end=\"1735\"><strong data-start=\"1691\" data-end=\"1733\">Advertencias:<\/strong><\/p>\n<ul data-start=\"1736\" data-end=\"2298\">\n<li data-start=\"1736\" data-end=\"1805\">\n<p data-start=\"1738\" data-end=\"1805\">No usar en caso de hipersensibilidad a alguno de los componentes.<\/p>\n<\/li>\n<li data-start=\"1806\" data-end=\"1891\">\n<p data-start=\"1808\" data-end=\"1891\">No aplicar sobre mucosas da\u00f1adas o en presencia de perforaci\u00f3n del tabique nasal.<\/p>\n<\/li>\n<li data-start=\"1892\" data-end=\"1954\">\n<p data-start=\"1894\" data-end=\"1954\">Evitar inalar el producto: uso exclusivamente nasal local.<\/p>\n<\/li>\n<li data-start=\"1955\" data-end=\"2100\">\n<p data-start=\"1957\" data-end=\"2100\">Precauci\u00f3n en pacientes con hipertensi\u00f3n, enfermedades cardiovasculares, glaucoma, hipertrofia prost\u00e1tica o enfermedades hep\u00e1ticas o renales.<\/p>\n<\/li>\n<li data-start=\"2101\" data-end=\"2137\">\n<p data-start=\"2103\" data-end=\"2137\">No exceder la dosis recomendada.<\/p>\n<\/li>\n<li data-start=\"2138\" data-end=\"2204\">\n<p data-start=\"2140\" data-end=\"2204\">Embarazo \/ lactancia: usar \u00fanicamente bajo supervisi\u00f3n m\u00e9dica.<\/p>\n<\/li>\n<li data-start=\"2205\" data-end=\"2249\">\n<p data-start=\"2207\" data-end=\"2249\">Mantener fuera del alcance de los ni\u00f1os.<\/p>\n<\/li>\n<li data-start=\"2250\" data-end=\"2298\">\n<p data-start=\"2252\" data-end=\"2298\">Conservar en lugar seco y protegido de la luz.<\/p>\n<\/li>\n<\/ul>\n<p><strong>Enlace al AEMPS\/CIMA:<\/strong><\/p>\n<ul>\n<li><a href=\"https:\/\/cima.aemps.es\/cima\/publico\/detalle.html?nregistro=85218\">https:\/\/cima.aemps.es\/cima\/publico\/detalle.html?nregistro=85218<\/a><\/li>\n<\/ul>\n<p><strong>Prospecto:<\/strong><\/p>\n<ul>\n<li><a href=\"https:\/\/cima.aemps.es\/cima\/dochtml\/p\/85218\/P_85218.html\">https:\/\/cima.aemps.es\/cima\/dochtml\/p\/85218\/P_85218.html<\/a><\/li>\n<\/ul>\n<p><a href=\"https:\/\/distafarma.aemps.es\/farmacom\/faces\/inicio.xhtml\"><img fetchpriority=\"high\" decoding=\"async\" class=\"https:\/\/distafarma.aemps.es\/farmacom\/faces\/inicio.xhtml alignnone\" src=\"https:\/\/distafarma.aemps.es\/farmacom\/ServletIcono?farma=82a161cc04d8d8a2fdad669a2fecd84a\" alt=\"\" width=\"308\" height=\"257\" \/><\/a><\/p>","protected":false},"excerpt":{"rendered":"<p>Cinfadol Spray 39,2\u202fmg\/ml es un <strong data-start=\"214\" data-end=\"229\">spray nasal<\/strong> que combina ibuprofeno, clorfenamina y fenilefrina, indicado para el alivio sintom\u00e1tico de los estados gripales y resfriados con congesti\u00f3n nasal, rinorrea, dolor y fiebre en adultos y adolescentes mayores de 12 a\u00f1os.<\/p>","protected":false},"featured_media":1250,"comment_status":"open","ping_status":"closed","template":"","meta":{"site-sidebar-layout":"default","site-content-layout":"","ast-site-content-layout":"default","site-content-style":"default","site-sidebar-style":"default","ast-global-header-display":"","ast-banner-title-visibility":"","ast-main-header-display":"","ast-hfb-above-header-display":"","ast-hfb-below-header-display":"","ast-hfb-mobile-header-display":"","site-post-title":"","ast-breadcrumbs-content":"","ast-featured-img":"","footer-sml-layout":"","ast-disable-related-posts":"","theme-transparent-header-meta":"","adv-header-id-meta":"","stick-header-meta":"","header-above-stick-meta":"","header-main-stick-meta":"","header-below-stick-meta":"","astra-migrate-meta-layouts":"default","ast-page-background-enabled":"default","ast-page-background-meta":{"desktop":{"background-color":"var(--ast-global-color-5)","background-image":"","background-repeat":"repeat","background-position":"center center","background-size":"auto","background-attachment":"scroll","background-type":"","background-media":"","overlay-type":"","overlay-color":"","overlay-opacity":"","overlay-gradient":""},"tablet":{"background-color":"","background-image":"","background-repeat":"repeat","background-position":"center center","background-size":"auto","background-attachment":"scroll","background-type":"","background-media":"","overlay-type":"","overlay-color":"","overlay-opacity":"","overlay-gradient":""},"mobile":{"background-color":"","background-image":"","background-repeat":"repeat","background-position":"center center","background-size":"auto","background-attachment":"scroll","background-type":"","background-media":"","overlay-type":"","overlay-color":"","overlay-opacity":"","overlay-gradient":""}},"ast-content-background-meta":{"desktop":{"background-color":"var(--ast-global-color-4)","background-image":"","background-repeat":"repeat","background-position":"center center","background-size":"auto","background-attachment":"scroll","background-type":"","background-media":"","overlay-type":"","overlay-color":"","overlay-opacity":"","overlay-gradient":""},"tablet":{"background-color":"var(--ast-global-color-4)","background-image":"","background-repeat":"repeat","background-position":"center center","background-size":"auto","background-attachment":"scroll","background-type":"","background-media":"","overlay-type":"","overlay-color":"","overlay-opacity":"","overlay-gradient":""},"mobile":{"background-color":"var(--ast-global-color-4)","background-image":"","background-repeat":"repeat","background-position":"center center","background-size":"auto","background-attachment":"scroll","background-type":"","background-media":"","overlay-type":"","overlay-color":"","overlay-opacity":"","overlay-gradient":""}}},"product_brand":[466],"product_cat":[534],"product_tag":[615,606,342,297,605,548,536,340,616,547,339,362],"class_list":{"0":"post-1248","1":"product","2":"type-product","3":"status-publish","4":"has-post-thumbnail","6":"product_brand-cinfa","7":"product_cat-sin-receta","8":"product_tag-cinfadol","9":"product_tag-clorfenamina","10":"product_tag-congestion","11":"product_tag-descongestionante","12":"product_tag-fenilefrina","13":"product_tag-gripe","14":"product_tag-ibuprofeno","15":"product_tag-nasal","16":"product_tag-pulverizacion","17":"product_tag-resfriado","18":"product_tag-solucion","19":"product_tag-spray","20":"desktop-align-center","21":"tablet-align-left","22":"mobile-align-left","24":"first","25":"instock","26":"sale","27":"shipping-taxable","28":"purchasable","29":"product-type-simple"},"yoast_head":"<!-- This site is optimized with the Yoast SEO plugin v27.4 - https:\/\/yoast.com\/product\/yoast-seo-wordpress\/ -->\n<title>Cinfadol Spray 39,2\u202fmg\/ml - Farmacia Betlem Gracia<\/title>\n<meta name=\"robots\" content=\"index, follow, max-snippet:-1, max-image-preview:large, max-video-preview:-1\" \/>\n<link rel=\"canonical\" href=\"https:\/\/farmaciabetlemgracia.com\/ca\/product\/cinfadol-spray-392-mg-ml\/\" \/>\n<meta property=\"og:locale\" content=\"ca_ES\" \/>\n<meta property=\"og:type\" content=\"article\" \/>\n<meta property=\"og:title\" content=\"Cinfadol Spray 39,2\u202fmg\/ml - Farmacia Betlem Gracia\" \/>\n<meta property=\"og:description\" content=\"Cinfadol Spray 39,2\u202fmg\/ml es un spray nasal que combina ibuprofeno, clorfenamina y fenilefrina, indicado para el alivio sintom\u00e1tico de los estados gripales y resfriados con congesti\u00f3n nasal, rinorrea, dolor y fiebre en adultos y adolescentes mayores de 12 a\u00f1os.\" \/>\n<meta property=\"og:url\" content=\"https:\/\/farmaciabetlemgracia.com\/ca\/product\/cinfadol-spray-392-mg-ml\/\" \/>\n<meta property=\"og:site_name\" content=\"Farmacia Betlem Gracia\" \/>\n<meta property=\"article:modified_time\" content=\"2026-02-02T20:15:14+00:00\" \/>\n<meta property=\"og:image\" content=\"https:\/\/farmaciabetlemgracia.com\/wp-content\/uploads\/2025\/10\/cinfadolspray.jpg\" \/>\n\t<meta property=\"og:image:width\" content=\"1024\" \/>\n\t<meta property=\"og:image:height\" content=\"576\" \/>\n\t<meta property=\"og:image:type\" content=\"image\/jpeg\" \/>\n<meta name=\"twitter:card\" content=\"summary_large_image\" \/>\n<meta name=\"twitter:label1\" content=\"Temps estimat de lectura\" \/>\n\t<meta name=\"twitter:data1\" content=\"2 minuts\" \/>\n<script type=\"application\/ld+json\" class=\"yoast-schema-graph\">{\"@context\":\"https:\\\/\\\/schema.org\",\"@graph\":[{\"@type\":\"WebPage\",\"@id\":\"https:\\\/\\\/farmaciabetlemgracia.com\\\/product\\\/cinfadol-spray-392-mg-ml\\\/\",\"url\":\"https:\\\/\\\/farmaciabetlemgracia.com\\\/product\\\/cinfadol-spray-392-mg-ml\\\/\",\"name\":\"Cinfadol Spray 39,2\u202fmg\\\/ml - Farmacia Betlem Gracia\",\"isPartOf\":{\"@id\":\"https:\\\/\\\/farmaciabetlemgracia.com\\\/#website\"},\"primaryImageOfPage\":{\"@id\":\"https:\\\/\\\/farmaciabetlemgracia.com\\\/product\\\/cinfadol-spray-392-mg-ml\\\/#primaryimage\"},\"image\":{\"@id\":\"https:\\\/\\\/farmaciabetlemgracia.com\\\/product\\\/cinfadol-spray-392-mg-ml\\\/#primaryimage\"},\"thumbnailUrl\":\"https:\\\/\\\/farmaciabetlemgracia.com\\\/wp-content\\\/uploads\\\/2025\\\/10\\\/cinfadolspray.jpg\",\"datePublished\":\"2025-10-07T13:11:44+00:00\",\"dateModified\":\"2026-02-02T20:15:14+00:00\",\"breadcrumb\":{\"@id\":\"https:\\\/\\\/farmaciabetlemgracia.com\\\/product\\\/cinfadol-spray-392-mg-ml\\\/#breadcrumb\"},\"inLanguage\":\"ca\",\"potentialAction\":[{\"@type\":\"ReadAction\",\"target\":[\"https:\\\/\\\/farmaciabetlemgracia.com\\\/product\\\/cinfadol-spray-392-mg-ml\\\/\"]}]},{\"@type\":\"ImageObject\",\"inLanguage\":\"ca\",\"@id\":\"https:\\\/\\\/farmaciabetlemgracia.com\\\/product\\\/cinfadol-spray-392-mg-ml\\\/#primaryimage\",\"url\":\"https:\\\/\\\/farmaciabetlemgracia.com\\\/wp-content\\\/uploads\\\/2025\\\/10\\\/cinfadolspray.jpg\",\"contentUrl\":\"https:\\\/\\\/farmaciabetlemgracia.com\\\/wp-content\\\/uploads\\\/2025\\\/10\\\/cinfadolspray.jpg\",\"width\":1024,\"height\":576},{\"@type\":\"BreadcrumbList\",\"@id\":\"https:\\\/\\\/farmaciabetlemgracia.com\\\/product\\\/cinfadol-spray-392-mg-ml\\\/#breadcrumb\",\"itemListElement\":[{\"@type\":\"ListItem\",\"position\":1,\"name\":\"Portada\",\"item\":\"https:\\\/\\\/farmaciabetlemgracia.com\\\/\"},{\"@type\":\"ListItem\",\"position\":2,\"name\":\"Shop\",\"item\":\"https:\\\/\\\/farmaciabetlemgracia.com\\\/?page_id=5\"},{\"@type\":\"ListItem\",\"position\":3,\"name\":\"Cinfadol Spray 39,2\u202fmg\\\/ml\"}]},{\"@type\":\"WebSite\",\"@id\":\"https:\\\/\\\/farmaciabetlemgracia.com\\\/#website\",\"url\":\"https:\\\/\\\/farmaciabetlemgracia.com\\\/\",\"name\":\"Farmacia Betlem Gracia\",\"description\":\"\",\"publisher\":{\"@id\":\"https:\\\/\\\/farmaciabetlemgracia.com\\\/#organization\"},\"potentialAction\":[{\"@type\":\"SearchAction\",\"target\":{\"@type\":\"EntryPoint\",\"urlTemplate\":\"https:\\\/\\\/farmaciabetlemgracia.com\\\/?s={search_term_string}\"},\"query-input\":{\"@type\":\"PropertyValueSpecification\",\"valueRequired\":true,\"valueName\":\"search_term_string\"}}],\"inLanguage\":\"ca\"},{\"@type\":\"Organization\",\"@id\":\"https:\\\/\\\/farmaciabetlemgracia.com\\\/#organization\",\"name\":\"Farmacia Betlem Gracia\",\"url\":\"https:\\\/\\\/farmaciabetlemgracia.com\\\/\",\"logo\":{\"@type\":\"ImageObject\",\"inLanguage\":\"ca\",\"@id\":\"https:\\\/\\\/farmaciabetlemgracia.com\\\/#\\\/schema\\\/logo\\\/image\\\/\",\"url\":\"https:\\\/\\\/farmaciabetlemgracia.com\\\/wp-content\\\/uploads\\\/2025\\\/08\\\/cropped-cropped-logotransparent.png\",\"contentUrl\":\"https:\\\/\\\/farmaciabetlemgracia.com\\\/wp-content\\\/uploads\\\/2025\\\/08\\\/cropped-cropped-logotransparent.png\",\"width\":512,\"height\":512,\"caption\":\"Farmacia Betlem Gracia\"},\"image\":{\"@id\":\"https:\\\/\\\/farmaciabetlemgracia.com\\\/#\\\/schema\\\/logo\\\/image\\\/\"}}]}<\/script>\n<!-- \/ Yoast SEO plugin. -->","yoast_head_json":{"title":"Cinfadol Spray 39,2\u202fmg\/ml - Farmacia Betlem Gracia","robots":{"index":"index","follow":"follow","max-snippet":"max-snippet:-1","max-image-preview":"max-image-preview:large","max-video-preview":"max-video-preview:-1"},"canonical":"https:\/\/farmaciabetlemgracia.com\/ca\/product\/cinfadol-spray-392-mg-ml\/","og_locale":"ca_ES","og_type":"article","og_title":"Cinfadol Spray 39,2\u202fmg\/ml - Farmacia Betlem Gracia","og_description":"Cinfadol Spray 39,2\u202fmg\/ml es un spray nasal que combina ibuprofeno, clorfenamina y fenilefrina, indicado para el alivio sintom\u00e1tico de los estados gripales y resfriados con congesti\u00f3n nasal, rinorrea, dolor y fiebre en adultos y adolescentes mayores de 12 a\u00f1os.","og_url":"https:\/\/farmaciabetlemgracia.com\/ca\/product\/cinfadol-spray-392-mg-ml\/","og_site_name":"Farmacia Betlem Gracia","article_modified_time":"2026-02-02T20:15:14+00:00","og_image":[{"width":1024,"height":576,"url":"https:\/\/farmaciabetlemgracia.com\/wp-content\/uploads\/2025\/10\/cinfadolspray.jpg","type":"image\/jpeg"}],"twitter_card":"summary_large_image","twitter_misc":{"Temps estimat de lectura":"2 minuts"},"schema":{"@context":"https:\/\/schema.org","@graph":[{"@type":"WebPage","@id":"https:\/\/farmaciabetlemgracia.com\/product\/cinfadol-spray-392-mg-ml\/","url":"https:\/\/farmaciabetlemgracia.com\/product\/cinfadol-spray-392-mg-ml\/","name":"Cinfadol Spray 39,2\u202fmg\/ml - Farmacia Betlem Gracia","isPartOf":{"@id":"https:\/\/farmaciabetlemgracia.com\/#website"},"primaryImageOfPage":{"@id":"https:\/\/farmaciabetlemgracia.com\/product\/cinfadol-spray-392-mg-ml\/#primaryimage"},"image":{"@id":"https:\/\/farmaciabetlemgracia.com\/product\/cinfadol-spray-392-mg-ml\/#primaryimage"},"thumbnailUrl":"https:\/\/farmaciabetlemgracia.com\/wp-content\/uploads\/2025\/10\/cinfadolspray.jpg","datePublished":"2025-10-07T13:11:44+00:00","dateModified":"2026-02-02T20:15:14+00:00","breadcrumb":{"@id":"https:\/\/farmaciabetlemgracia.com\/product\/cinfadol-spray-392-mg-ml\/#breadcrumb"},"inLanguage":"ca","potentialAction":[{"@type":"ReadAction","target":["https:\/\/farmaciabetlemgracia.com\/product\/cinfadol-spray-392-mg-ml\/"]}]},{"@type":"ImageObject","inLanguage":"ca","@id":"https:\/\/farmaciabetlemgracia.com\/product\/cinfadol-spray-392-mg-ml\/#primaryimage","url":"https:\/\/farmaciabetlemgracia.com\/wp-content\/uploads\/2025\/10\/cinfadolspray.jpg","contentUrl":"https:\/\/farmaciabetlemgracia.com\/wp-content\/uploads\/2025\/10\/cinfadolspray.jpg","width":1024,"height":576},{"@type":"BreadcrumbList","@id":"https:\/\/farmaciabetlemgracia.com\/product\/cinfadol-spray-392-mg-ml\/#breadcrumb","itemListElement":[{"@type":"ListItem","position":1,"name":"Portada","item":"https:\/\/farmaciabetlemgracia.com\/"},{"@type":"ListItem","position":2,"name":"Shop","item":"https:\/\/farmaciabetlemgracia.com\/?page_id=5"},{"@type":"ListItem","position":3,"name":"Cinfadol Spray 39,2\u202fmg\/ml"}]},{"@type":"WebSite","@id":"https:\/\/farmaciabetlemgracia.com\/#website","url":"https:\/\/farmaciabetlemgracia.com\/","name":"Farm\u00e0cia Betlem Gr\u00e0cia","description":"","publisher":{"@id":"https:\/\/farmaciabetlemgracia.com\/#organization"},"potentialAction":[{"@type":"SearchAction","target":{"@type":"EntryPoint","urlTemplate":"https:\/\/farmaciabetlemgracia.com\/?s={search_term_string}"},"query-input":{"@type":"PropertyValueSpecification","valueRequired":true,"valueName":"search_term_string"}}],"inLanguage":"ca"},{"@type":"Organization","@id":"https:\/\/farmaciabetlemgracia.com\/#organization","name":"Farm\u00e0cia Betlem Gr\u00e0cia","url":"https:\/\/farmaciabetlemgracia.com\/","logo":{"@type":"ImageObject","inLanguage":"ca","@id":"https:\/\/farmaciabetlemgracia.com\/#\/schema\/logo\/image\/","url":"https:\/\/farmaciabetlemgracia.com\/wp-content\/uploads\/2025\/08\/cropped-cropped-logotransparent.png","contentUrl":"https:\/\/farmaciabetlemgracia.com\/wp-content\/uploads\/2025\/08\/cropped-cropped-logotransparent.png","width":512,"height":512,"caption":"Farmacia Betlem Gracia"},"image":{"@id":"https:\/\/farmaciabetlemgracia.com\/#\/schema\/logo\/image\/"}}]}},"_links":{"self":[{"href":"https:\/\/farmaciabetlemgracia.com\/ca\/wp-json\/wp\/v2\/product\/1248","targetHints":{"allow":["GET"]}}],"collection":[{"href":"https:\/\/farmaciabetlemgracia.com\/ca\/wp-json\/wp\/v2\/product"}],"about":[{"href":"https:\/\/farmaciabetlemgracia.com\/ca\/wp-json\/wp\/v2\/types\/product"}],"replies":[{"embeddable":true,"href":"https:\/\/farmaciabetlemgracia.com\/ca\/wp-json\/wp\/v2\/comments?post=1248"}],"version-history":[{"count":1,"href":"https:\/\/farmaciabetlemgracia.com\/ca\/wp-json\/wp\/v2\/product\/1248\/revisions"}],"predecessor-version":[{"id":1251,"href":"https:\/\/farmaciabetlemgracia.com\/ca\/wp-json\/wp\/v2\/product\/1248\/revisions\/1251"}],"wp:featuredmedia":[{"embeddable":true,"href":"https:\/\/farmaciabetlemgracia.com\/ca\/wp-json\/wp\/v2\/media\/1250"}],"wp:attachment":[{"href":"https:\/\/farmaciabetlemgracia.com\/ca\/wp-json\/wp\/v2\/media?parent=1248"}],"wp:term":[{"taxonomy":"product_brand","embeddable":true,"href":"https:\/\/farmaciabetlemgracia.com\/ca\/wp-json\/wp\/v2\/product_brand?post=1248"},{"taxonomy":"product_cat","embeddable":true,"href":"https:\/\/farmaciabetlemgracia.com\/ca\/wp-json\/wp\/v2\/product_cat?post=1248"},{"taxonomy":"product_tag","embeddable":true,"href":"https:\/\/farmaciabetlemgracia.com\/ca\/wp-json\/wp\/v2\/product_tag?post=1248"}],"curies":[{"name":"wp","href":"https:\/\/api.w.org\/{rel}","templated":true}]}}