{"id":1163,"date":"2025-10-03T17:21:29","date_gmt":"2025-10-03T17:21:29","guid":{"rendered":"https:\/\/farmaciabetlemgracia.com\/?post_type=product&#038;p=1163"},"modified":"2025-11-21T20:10:39","modified_gmt":"2025-11-21T19:10:39","slug":"iraltone-aga-plus-capsulas-pack-2-x-60-capsulas","status":"publish","type":"product","link":"https:\/\/farmaciabetlemgracia.com\/ca\/product\/iraltone-aga-plus-capsulas-pack-2-x-60-capsulas\/","title":{"rendered":"Iraltone AGA Plus c\u00e1psulas (pack 2 \u00d7 60 c\u00e1psulas) <span class=\"cn-hide\">(CN: 002270)<\/span>"},"content":{"rendered":"<p data-start=\"620\" data-end=\"661\"><strong data-start=\"620\" data-end=\"659\">Modo de uso:<\/strong><\/p>\n<ul data-start=\"662\" data-end=\"845\">\n<li data-start=\"662\" data-end=\"763\">\n<p data-start=\"664\" data-end=\"763\">Tomar <strong data-start=\"670\" data-end=\"690\">1 c\u00e1psula al d\u00eda<\/strong>, preferiblemente con una comida.<\/p>\n<\/li>\n<li data-start=\"764\" data-end=\"845\">\n<p data-start=\"766\" data-end=\"845\">No superar la dosis diaria recomendada.<\/p>\n<\/li>\n<\/ul>\n<p data-start=\"852\" data-end=\"908\"><strong data-start=\"852\" data-end=\"906\">Componentes:<\/strong><\/p>\n<ul data-start=\"909\" data-end=\"1378\">\n<li data-start=\"909\" data-end=\"1003\">\n<p data-start=\"911\" data-end=\"1003\"><strong data-start=\"911\" data-end=\"944\">Aceite de semilla de calabaza<\/strong> (<em data-start=\"946\" data-end=\"962\">Cucurbita pepo<\/em>)<\/p>\n<\/li>\n<li data-start=\"1004\" data-end=\"1084\">\n<p data-start=\"1006\" data-end=\"1084\"><strong data-start=\"1006\" data-end=\"1024\">Serenoa repens<\/strong> (extracto de fruto)<\/p>\n<\/li>\n<li data-start=\"1085\" data-end=\"1140\">\n<p data-start=\"1087\" data-end=\"1140\"><strong data-start=\"1087\" data-end=\"1100\">L\u2011Cistina<\/strong><\/p>\n<\/li>\n<li data-start=\"1141\" data-end=\"1230\">\n<p data-start=\"1143\" data-end=\"1230\">Vitaminas del grupo B (B1, B3, B5, B6, B8, B12)<\/p>\n<\/li>\n<li data-start=\"1231\" data-end=\"1288\">\n<p data-start=\"1233\" data-end=\"1288\">Vitaminas C y E<\/p>\n<\/li>\n<li data-start=\"1289\" data-end=\"1378\">\n<p data-start=\"1291\" data-end=\"1378\">Minerales como <strong data-start=\"1306\" data-end=\"1314\">zinc<\/strong>, <strong data-start=\"1316\" data-end=\"1327\">selenio<\/strong>, <strong data-start=\"1329\" data-end=\"1338\">cobre<\/strong><\/p>\n<\/li>\n<\/ul>\n<p data-start=\"1380\" data-end=\"1413\"><strong data-start=\"1380\" data-end=\"1411\">Caracter\u00edsticas:<\/strong><\/p>\n<ul data-start=\"1414\" data-end=\"1522\">\n<li data-start=\"1414\" data-end=\"1466\">\n<p data-start=\"1416\" data-end=\"1466\">Sin gluten<\/p>\n<\/li>\n<li data-start=\"1467\" data-end=\"1522\">\n<p data-start=\"1469\" data-end=\"1522\">Sin lactosa<\/p>\n<\/li>\n<\/ul>\n<h3 data-start=\"1529\" data-end=\"1565\"><\/h3>","protected":false},"excerpt":{"rendered":"<p>Iraltone AGA Plus es un complemento alimenticio formulado para ayudar en casos de ca\u00edda capilar cr\u00f3nica severa con componente hormonal, promoviendo la fortaleza y la densidad del cabello desde el interior. El pack <em data-start=\"434\" data-end=\"451\">2 \u00d7 60 c\u00e1psulas<\/em> ofrece un suministro doble para un tratamiento prolongado<\/p>","protected":false},"featured_media":1164,"comment_status":"open","ping_status":"closed","template":"","meta":[],"product_brand":[509],"product_cat":[1657,652],"product_tag":[512,510,516,513,514,18,519,518,511,517,515,270],"class_list":{"0":"post-1163","1":"product","2":"type-product","3":"status-publish","4":"has-post-thumbnail","6":"product_brand-cantabria-labs","7":"product_cat-cabello-unas-piel","8":"product_cat-hidratacion-y-nutricion-de-la-piel","9":"product_tag-aga-plus","10":"product_tag-anticaida","11":"product_tag-cabello","12":"product_tag-caida","13":"product_tag-capilar","14":"product_tag-complemento","15":"product_tag-densidad","16":"product_tag-duplo","17":"product_tag-iraltone","18":"product_tag-pack","19":"product_tag-severa","20":"product_tag-vitaminas","22":"first","23":"instock","24":"sale","25":"shipping-taxable","26":"purchasable","27":"product-type-simple"},"yoast_head":"<!-- This site is optimized with the Yoast SEO plugin v27.3 - https:\/\/yoast.com\/product\/yoast-seo-wordpress\/ -->\n<title>Iraltone AGA Plus c\u00e1psulas (pack 2 \u00d7 60 c\u00e1psulas) (CN: 002270) - Farmacia Betlem Gracia<\/title>\n<meta name=\"robots\" content=\"index, follow, max-snippet:-1, max-image-preview:large, max-video-preview:-1\" \/>\n<link rel=\"canonical\" href=\"https:\/\/farmaciabetlemgracia.com\/ca\/product\/iraltone-aga-plus-capsulas-pack-2-x-60-capsulas\/\" \/>\n<meta property=\"og:locale\" content=\"ca_ES\" \/>\n<meta property=\"og:type\" content=\"article\" \/>\n<meta property=\"og:title\" content=\"Iraltone AGA Plus c\u00e1psulas (pack 2 \u00d7 60 c\u00e1psulas) (CN: 002270) - Farmacia Betlem Gracia\" \/>\n<meta property=\"og:description\" content=\"Iraltone AGA Plus es un complemento alimenticio formulado para ayudar en casos de ca\u00edda capilar cr\u00f3nica severa con componente hormonal, promoviendo la fortaleza y la densidad del cabello desde el interior. El pack 2 \u00d7 60 c\u00e1psulas ofrece un suministro doble para un tratamiento prolongado\" \/>\n<meta property=\"og:url\" content=\"https:\/\/farmaciabetlemgracia.com\/ca\/product\/iraltone-aga-plus-capsulas-pack-2-x-60-capsulas\/\" \/>\n<meta property=\"og:site_name\" content=\"Farmacia Betlem Gracia\" \/>\n<meta property=\"article:modified_time\" content=\"2025-11-21T19:10:39+00:00\" \/>\n<meta property=\"og:image\" content=\"https:\/\/farmaciabetlemgracia.com\/wp-content\/uploads\/2025\/10\/iraltone-aga-plus-60-mas-30-capsulas_1.jpg\" \/>\n\t<meta property=\"og:image:width\" content=\"1200\" \/>\n\t<meta property=\"og:image:height\" content=\"1200\" \/>\n\t<meta property=\"og:image:type\" content=\"image\/jpeg\" \/>\n<meta name=\"twitter:card\" content=\"summary_large_image\" \/>\n<script type=\"application\/ld+json\" class=\"yoast-schema-graph\">{\"@context\":\"https:\\\/\\\/schema.org\",\"@graph\":[{\"@type\":\"WebPage\",\"@id\":\"https:\\\/\\\/farmaciabetlemgracia.com\\\/product\\\/iraltone-aga-plus-capsulas-pack-2-x-60-capsulas\\\/\",\"url\":\"https:\\\/\\\/farmaciabetlemgracia.com\\\/product\\\/iraltone-aga-plus-capsulas-pack-2-x-60-capsulas\\\/\",\"name\":\"Iraltone AGA Plus c\u00e1psulas (pack 2 \u00d7 60 c\u00e1psulas) (CN: 002270) - Farmacia Betlem Gracia\",\"isPartOf\":{\"@id\":\"https:\\\/\\\/farmaciabetlemgracia.com\\\/#website\"},\"primaryImageOfPage\":{\"@id\":\"https:\\\/\\\/farmaciabetlemgracia.com\\\/product\\\/iraltone-aga-plus-capsulas-pack-2-x-60-capsulas\\\/#primaryimage\"},\"image\":{\"@id\":\"https:\\\/\\\/farmaciabetlemgracia.com\\\/product\\\/iraltone-aga-plus-capsulas-pack-2-x-60-capsulas\\\/#primaryimage\"},\"thumbnailUrl\":\"https:\\\/\\\/i0.wp.com\\\/farmaciabetlemgracia.com\\\/wp-content\\\/uploads\\\/2025\\\/10\\\/iraltone-aga-plus-60-mas-30-capsulas_1.jpg?fit=1200%2C1200&ssl=1\",\"datePublished\":\"2025-10-03T17:21:29+00:00\",\"dateModified\":\"2025-11-21T19:10:39+00:00\",\"breadcrumb\":{\"@id\":\"https:\\\/\\\/farmaciabetlemgracia.com\\\/product\\\/iraltone-aga-plus-capsulas-pack-2-x-60-capsulas\\\/#breadcrumb\"},\"inLanguage\":\"ca\",\"potentialAction\":[{\"@type\":\"ReadAction\",\"target\":[\"https:\\\/\\\/farmaciabetlemgracia.com\\\/product\\\/iraltone-aga-plus-capsulas-pack-2-x-60-capsulas\\\/\"]}]},{\"@type\":\"ImageObject\",\"inLanguage\":\"ca\",\"@id\":\"https:\\\/\\\/farmaciabetlemgracia.com\\\/product\\\/iraltone-aga-plus-capsulas-pack-2-x-60-capsulas\\\/#primaryimage\",\"url\":\"https:\\\/\\\/i0.wp.com\\\/farmaciabetlemgracia.com\\\/wp-content\\\/uploads\\\/2025\\\/10\\\/iraltone-aga-plus-60-mas-30-capsulas_1.jpg?fit=1200%2C1200&ssl=1\",\"contentUrl\":\"https:\\\/\\\/i0.wp.com\\\/farmaciabetlemgracia.com\\\/wp-content\\\/uploads\\\/2025\\\/10\\\/iraltone-aga-plus-60-mas-30-capsulas_1.jpg?fit=1200%2C1200&ssl=1\",\"width\":1200,\"height\":1200},{\"@type\":\"BreadcrumbList\",\"@id\":\"https:\\\/\\\/farmaciabetlemgracia.com\\\/product\\\/iraltone-aga-plus-capsulas-pack-2-x-60-capsulas\\\/#breadcrumb\",\"itemListElement\":[{\"@type\":\"ListItem\",\"position\":1,\"name\":\"Portada\",\"item\":\"https:\\\/\\\/farmaciabetlemgracia.com\\\/\"},{\"@type\":\"ListItem\",\"position\":2,\"name\":\"Shop\",\"item\":\"https:\\\/\\\/farmaciabetlemgracia.com\\\/shop\\\/\"},{\"@type\":\"ListItem\",\"position\":3,\"name\":\"Iraltone AGA Plus c\u00e1psulas (pack 2 \u00d7 60 c\u00e1psulas) (CN: 002270)\"}]},{\"@type\":\"WebSite\",\"@id\":\"https:\\\/\\\/farmaciabetlemgracia.com\\\/#website\",\"url\":\"https:\\\/\\\/farmaciabetlemgracia.com\\\/\",\"name\":\"Farmacia Betlem Gracia\",\"description\":\"\",\"publisher\":{\"@id\":\"https:\\\/\\\/farmaciabetlemgracia.com\\\/#organization\"},\"potentialAction\":[{\"@type\":\"SearchAction\",\"target\":{\"@type\":\"EntryPoint\",\"urlTemplate\":\"https:\\\/\\\/farmaciabetlemgracia.com\\\/?s={search_term_string}\"},\"query-input\":{\"@type\":\"PropertyValueSpecification\",\"valueRequired\":true,\"valueName\":\"search_term_string\"}}],\"inLanguage\":\"ca\"},{\"@type\":\"Organization\",\"@id\":\"https:\\\/\\\/farmaciabetlemgracia.com\\\/#organization\",\"name\":\"Farmacia Betlem Gracia\",\"url\":\"https:\\\/\\\/farmaciabetlemgracia.com\\\/\",\"logo\":{\"@type\":\"ImageObject\",\"inLanguage\":\"ca\",\"@id\":\"https:\\\/\\\/farmaciabetlemgracia.com\\\/#\\\/schema\\\/logo\\\/image\\\/\",\"url\":\"https:\\\/\\\/i0.wp.com\\\/farmaciabetlemgracia.com\\\/wp-content\\\/uploads\\\/2025\\\/08\\\/f7447ce2-2a06-476d-bc28-50879675ac04-copy.webp?fit=1024%2C1024&ssl=1\",\"contentUrl\":\"https:\\\/\\\/i0.wp.com\\\/farmaciabetlemgracia.com\\\/wp-content\\\/uploads\\\/2025\\\/08\\\/f7447ce2-2a06-476d-bc28-50879675ac04-copy.webp?fit=1024%2C1024&ssl=1\",\"width\":1024,\"height\":1024,\"caption\":\"Farmacia Betlem Gracia\"},\"image\":{\"@id\":\"https:\\\/\\\/farmaciabetlemgracia.com\\\/#\\\/schema\\\/logo\\\/image\\\/\"}}]}<\/script>\n<!-- \/ Yoast SEO plugin. -->","yoast_head_json":{"title":"Iraltone AGA Plus c\u00e1psulas (pack 2 \u00d7 60 c\u00e1psulas) (CN: 002270) - Farmacia Betlem Gracia","robots":{"index":"index","follow":"follow","max-snippet":"max-snippet:-1","max-image-preview":"max-image-preview:large","max-video-preview":"max-video-preview:-1"},"canonical":"https:\/\/farmaciabetlemgracia.com\/ca\/product\/iraltone-aga-plus-capsulas-pack-2-x-60-capsulas\/","og_locale":"ca_ES","og_type":"article","og_title":"Iraltone AGA Plus c\u00e1psulas (pack 2 \u00d7 60 c\u00e1psulas) (CN: 002270) - Farmacia Betlem Gracia","og_description":"Iraltone AGA Plus es un complemento alimenticio formulado para ayudar en casos de ca\u00edda capilar cr\u00f3nica severa con componente hormonal, promoviendo la fortaleza y la densidad del cabello desde el interior. El pack 2 \u00d7 60 c\u00e1psulas ofrece un suministro doble para un tratamiento prolongado","og_url":"https:\/\/farmaciabetlemgracia.com\/ca\/product\/iraltone-aga-plus-capsulas-pack-2-x-60-capsulas\/","og_site_name":"Farmacia Betlem Gracia","article_modified_time":"2025-11-21T19:10:39+00:00","og_image":[{"width":1200,"height":1200,"url":"https:\/\/farmaciabetlemgracia.com\/wp-content\/uploads\/2025\/10\/iraltone-aga-plus-60-mas-30-capsulas_1.jpg","type":"image\/jpeg"}],"twitter_card":"summary_large_image","schema":{"@context":"https:\/\/schema.org","@graph":[{"@type":"WebPage","@id":"https:\/\/farmaciabetlemgracia.com\/product\/iraltone-aga-plus-capsulas-pack-2-x-60-capsulas\/","url":"https:\/\/farmaciabetlemgracia.com\/product\/iraltone-aga-plus-capsulas-pack-2-x-60-capsulas\/","name":"Iraltone AGA Plus c\u00e1psulas (pack 2 \u00d7 60 c\u00e1psulas) (CN: 002270) - Farmacia Betlem Gracia","isPartOf":{"@id":"https:\/\/farmaciabetlemgracia.com\/#website"},"primaryImageOfPage":{"@id":"https:\/\/farmaciabetlemgracia.com\/product\/iraltone-aga-plus-capsulas-pack-2-x-60-capsulas\/#primaryimage"},"image":{"@id":"https:\/\/farmaciabetlemgracia.com\/product\/iraltone-aga-plus-capsulas-pack-2-x-60-capsulas\/#primaryimage"},"thumbnailUrl":"https:\/\/i0.wp.com\/farmaciabetlemgracia.com\/wp-content\/uploads\/2025\/10\/iraltone-aga-plus-60-mas-30-capsulas_1.jpg?fit=1200%2C1200&ssl=1","datePublished":"2025-10-03T17:21:29+00:00","dateModified":"2025-11-21T19:10:39+00:00","breadcrumb":{"@id":"https:\/\/farmaciabetlemgracia.com\/product\/iraltone-aga-plus-capsulas-pack-2-x-60-capsulas\/#breadcrumb"},"inLanguage":"ca","potentialAction":[{"@type":"ReadAction","target":["https:\/\/farmaciabetlemgracia.com\/product\/iraltone-aga-plus-capsulas-pack-2-x-60-capsulas\/"]}]},{"@type":"ImageObject","inLanguage":"ca","@id":"https:\/\/farmaciabetlemgracia.com\/product\/iraltone-aga-plus-capsulas-pack-2-x-60-capsulas\/#primaryimage","url":"https:\/\/i0.wp.com\/farmaciabetlemgracia.com\/wp-content\/uploads\/2025\/10\/iraltone-aga-plus-60-mas-30-capsulas_1.jpg?fit=1200%2C1200&ssl=1","contentUrl":"https:\/\/i0.wp.com\/farmaciabetlemgracia.com\/wp-content\/uploads\/2025\/10\/iraltone-aga-plus-60-mas-30-capsulas_1.jpg?fit=1200%2C1200&ssl=1","width":1200,"height":1200},{"@type":"BreadcrumbList","@id":"https:\/\/farmaciabetlemgracia.com\/product\/iraltone-aga-plus-capsulas-pack-2-x-60-capsulas\/#breadcrumb","itemListElement":[{"@type":"ListItem","position":1,"name":"Portada","item":"https:\/\/farmaciabetlemgracia.com\/"},{"@type":"ListItem","position":2,"name":"Shop","item":"https:\/\/farmaciabetlemgracia.com\/shop\/"},{"@type":"ListItem","position":3,"name":"Iraltone AGA Plus c\u00e1psulas (pack 2 \u00d7 60 c\u00e1psulas) (CN: 002270)"}]},{"@type":"WebSite","@id":"https:\/\/farmaciabetlemgracia.com\/#website","url":"https:\/\/farmaciabetlemgracia.com\/","name":"Farm\u00e0cia Betlem Gr\u00e0cia","description":"","publisher":{"@id":"https:\/\/farmaciabetlemgracia.com\/#organization"},"potentialAction":[{"@type":"SearchAction","target":{"@type":"EntryPoint","urlTemplate":"https:\/\/farmaciabetlemgracia.com\/?s={search_term_string}"},"query-input":{"@type":"PropertyValueSpecification","valueRequired":true,"valueName":"search_term_string"}}],"inLanguage":"ca"},{"@type":"Organization","@id":"https:\/\/farmaciabetlemgracia.com\/#organization","name":"Farm\u00e0cia Betlem Gr\u00e0cia","url":"https:\/\/farmaciabetlemgracia.com\/","logo":{"@type":"ImageObject","inLanguage":"ca","@id":"https:\/\/farmaciabetlemgracia.com\/#\/schema\/logo\/image\/","url":"https:\/\/i0.wp.com\/farmaciabetlemgracia.com\/wp-content\/uploads\/2025\/08\/f7447ce2-2a06-476d-bc28-50879675ac04-copy.webp?fit=1024%2C1024&ssl=1","contentUrl":"https:\/\/i0.wp.com\/farmaciabetlemgracia.com\/wp-content\/uploads\/2025\/08\/f7447ce2-2a06-476d-bc28-50879675ac04-copy.webp?fit=1024%2C1024&ssl=1","width":1024,"height":1024,"caption":"Farmacia Betlem Gracia"},"image":{"@id":"https:\/\/farmaciabetlemgracia.com\/#\/schema\/logo\/image\/"}}]}},"jetpack_sharing_enabled":true,"_links":{"self":[{"href":"https:\/\/farmaciabetlemgracia.com\/ca\/wp-json\/wp\/v2\/product\/1163","targetHints":{"allow":["GET"]}}],"collection":[{"href":"https:\/\/farmaciabetlemgracia.com\/ca\/wp-json\/wp\/v2\/product"}],"about":[{"href":"https:\/\/farmaciabetlemgracia.com\/ca\/wp-json\/wp\/v2\/types\/product"}],"replies":[{"embeddable":true,"href":"https:\/\/farmaciabetlemgracia.com\/ca\/wp-json\/wp\/v2\/comments?post=1163"}],"version-history":[{"count":1,"href":"https:\/\/farmaciabetlemgracia.com\/ca\/wp-json\/wp\/v2\/product\/1163\/revisions"}],"predecessor-version":[{"id":1165,"href":"https:\/\/farmaciabetlemgracia.com\/ca\/wp-json\/wp\/v2\/product\/1163\/revisions\/1165"}],"wp:featuredmedia":[{"embeddable":true,"href":"https:\/\/farmaciabetlemgracia.com\/ca\/wp-json\/wp\/v2\/media\/1164"}],"wp:attachment":[{"href":"https:\/\/farmaciabetlemgracia.com\/ca\/wp-json\/wp\/v2\/media?parent=1163"}],"wp:term":[{"taxonomy":"product_brand","embeddable":true,"href":"https:\/\/farmaciabetlemgracia.com\/ca\/wp-json\/wp\/v2\/product_brand?post=1163"},{"taxonomy":"product_cat","embeddable":true,"href":"https:\/\/farmaciabetlemgracia.com\/ca\/wp-json\/wp\/v2\/product_cat?post=1163"},{"taxonomy":"product_tag","embeddable":true,"href":"https:\/\/farmaciabetlemgracia.com\/ca\/wp-json\/wp\/v2\/product_tag?post=1163"}],"curies":[{"name":"wp","href":"https:\/\/api.w.org\/{rel}","templated":true}]}}